{"id":26096,"date":"2025-04-25T12:54:15","date_gmt":"2025-04-25T12:54:15","guid":{"rendered":"https:\/\/derrudelshop.de\/?page_id=26096"},"modified":"2025-04-28T23:56:17","modified_gmt":"2025-04-28T23:56:17","slug":"modell-uebersicht","status":"publish","type":"page","link":"https:\/\/derrudelshop.de\/en\/modell-uebersicht\/","title":{"rendered":"Modell \u00dcbersicht"},"content":{"rendered":"<div data-elementor-type=\"wp-page\" data-elementor-id=\"26096\" class=\"elementor elementor-26096\" data-elementor-post-type=\"page\">\n\t\t\t\t<div class=\"elementor-element elementor-element-9708410 e-flex e-con-boxed e-con e-parent\" data-id=\"9708410\" data-element_type=\"container\" data-e-type=\"container\">\n\t\t\t\t\t<div class=\"e-con-inner\">\n\t\t\t\t<div class=\"elementor-element elementor-element-621ed0a elementor-widget elementor-widget-woocommerce-breadcrumb\" data-id=\"621ed0a\" data-element_type=\"widget\" data-e-type=\"widget\" data-widget_type=\"woocommerce-breadcrumb.default\">\n\t\t\t\t\t<nav class=\"woocommerce-breadcrumb\" aria-label=\"Breadcrumb\" data-no-translation=\"\" data-trp-gettext=\"\">Home<\/nav>\t\t\t\t<\/div>\n\t\t\t\t\t<\/div>\n\t\t\t\t<\/div>\n\t\t<div class=\"elementor-element elementor-element-8c68e0e e-flex e-con-boxed e-con e-parent\" data-id=\"8c68e0e\" data-element_type=\"container\" data-e-type=\"container\">\n\t\t\t\t\t<div class=\"e-con-inner\">\n\t\t<div class=\"elementor-element elementor-element-d91a76f e-con-full e-flex e-con e-child\" data-id=\"d91a76f\" data-element_type=\"container\" data-e-type=\"container\">\n\t\t\t\t<div class=\"elementor-element elementor-element-57ae331 elementor-widget elementor-widget-heading\" data-id=\"57ae331\" data-element_type=\"widget\" data-e-type=\"widget\" data-widget_type=\"heading.default\">\n\t\t\t\t\t<h1 class=\"elementor-heading-title elementor-size-default\">\u00dcbersicht Modelle<\/h1>\t\t\t\t<\/div>\n\t\t\t\t<\/div>\n\t\t\t\t\t<\/div>\n\t\t\t\t<\/div>\n\t\t<div class=\"elementor-element elementor-element-53247d5 e-flex e-con-boxed e-con e-parent\" data-id=\"53247d5\" data-element_type=\"container\" data-e-type=\"container\">\n\t\t\t\t\t<div class=\"e-con-inner\">\n\t\t\t\t<div class=\"elementor-element elementor-element-f55f980 elementor-widget elementor-widget-text-editor\" data-id=\"f55f980\" data-element_type=\"widget\" data-e-type=\"widget\" data-widget_type=\"text-editor.default\">\n\t\t\t\t\t\t\t\t\t<p>Um Euch die Auswahl leichter zu machen, seht Ihr hier eine \u00dcbersicht der im Shop verf\u00fcgbaren T-Shirt und Hoodie- bzw Sweater Modelle.\u00a0<\/p><p>So k\u00f6nnt Ihr ganz einfach eines Eurer Lieblingsshirts ausmessen, und hier schauen welches Modell dem am n\u00e4chsten kommt.\u00a0<\/p><p>Ihr seht, wie viele Motivoptionen verf\u00fcgbar sind. Sollte Eure nicht dabei sein, kontaktiert mich einfach, dann erg\u00e4nze ich das umgehend.<br \/><br \/>Ich habe das ganze Wochenende versucht, einen Filter zu bauen um es noch einfacher zu machen, aber aufgrund der komplexen Struktur dahinter (Repeaterfelder mit Textformat in einer Metabox in einer Custom-Taxonomy) bin ich leider bislang noch nicht erfolgreich gewesen&#8230;.<\/p>\t\t\t\t\t\t\t\t<\/div>\n\t\t\t\t\t<\/div>\n\t\t\t\t<\/div>\n\t\t<div class=\"elementor-element elementor-element-4562850 e-flex e-con-boxed e-con e-parent\" data-id=\"4562850\" data-element_type=\"container\" data-e-type=\"container\">\n\t\t\t\t\t<div class=\"e-con-inner\">\n\t\t\t\t<div class=\"elementor-element elementor-element-2573ccc eael_liquid_glass-effect1 eael_liquid_glass_shadow-effect1 elementor-widget elementor-widget-jet-listing-grid\" data-id=\"2573ccc\" data-element_type=\"widget\" data-e-type=\"widget\" data-settings=\"{&quot;columns&quot;:&quot;1&quot;}\" data-widget_type=\"jet-listing-grid.default\">\n\t\t\t\t\t<div class=\"jet-listing-grid jet-listing-grid--lazy-load jet-listing jet-listing-grid-loading\" data-lazy-load=\"{&quot;offset&quot;:&quot;0px&quot;,&quot;post_id&quot;:26096,&quot;queried_id&quot;:&quot;26096|WP_Post&quot;}\"><div class=\"jet-listing-grid__loader\"><div class=\"jet-listing-grid__loader-spinner\"><\/div><\/div><\/div>\t\t\t\t<\/div>\n\t\t\t\t\t<\/div>\n\t\t\t\t<\/div>\n\t\t\t\t<\/div>","protected":false},"excerpt":{"rendered":"<p>\u00dcbersicht Modelle Um Euch die Auswahl leichter zu machen, seht Ihr hier eine \u00dcbersicht der im Shop verf\u00fcgbaren T-Shirt und Hoodie- bzw Sweater Modelle.\u00a0 So k\u00f6nnt Ihr ganz einfach eines Eurer Lieblingsshirts ausmessen, und hier schauen welches Modell dem am n\u00e4chsten kommt.\u00a0 Ihr seht, wie viele Motivoptionen verf\u00fcgbar sind. Sollte Eure nicht dabei sein, kontaktiert [&hellip;]<\/p>","protected":false},"author":1,"featured_media":0,"parent":0,"menu_order":0,"comment_status":"closed","ping_status":"closed","template":"","meta":{"give_campaign_id":0,"footnotes":""},"wf_page_folders":[871],"class_list":["post-26096","page","type-page","status-publish","hentry"],"campaignId":"","jetpack_sharing_enabled":true,"jetpack_likes_enabled":true,"_links":{"self":[{"href":"https:\/\/derrudelshop.de\/en\/wp-json\/wp\/v2\/pages\/26096","targetHints":{"allow":["GET"]}}],"collection":[{"href":"https:\/\/derrudelshop.de\/en\/wp-json\/wp\/v2\/pages"}],"about":[{"href":"https:\/\/derrudelshop.de\/en\/wp-json\/wp\/v2\/types\/page"}],"author":[{"embeddable":true,"href":"https:\/\/derrudelshop.de\/en\/wp-json\/wp\/v2\/users\/1"}],"replies":[{"embeddable":true,"href":"https:\/\/derrudelshop.de\/en\/wp-json\/wp\/v2\/comments?post=26096"}],"version-history":[{"count":0,"href":"https:\/\/derrudelshop.de\/en\/wp-json\/wp\/v2\/pages\/26096\/revisions"}],"wp:attachment":[{"href":"https:\/\/derrudelshop.de\/en\/wp-json\/wp\/v2\/media?parent=26096"}],"wp:term":[{"taxonomy":"wf_page_folders","embeddable":true,"href":"https:\/\/derrudelshop.de\/en\/wp-json\/wp\/v2\/wf_page_folders?post=26096"}],"curies":[{"name":"wp","href":"https:\/\/api.w.org\/{rel}","templated":true}]}}