{"id":10206,"date":"2025-04-18T10:43:00","date_gmt":"2025-04-18T10:43:00","guid":{"rendered":"https:\/\/derrudelshop.de\/product\/gestickte-aufnaher-quadrat-twitterrudel-wappen-2\/"},"modified":"2025-04-22T12:14:44","modified_gmt":"2025-04-22T12:14:44","slug":"gestickte-aufnaher-quadrat-twitterrudel-wappen-2","status":"publish","type":"product","link":"https:\/\/derrudelshop.de\/en\/product\/gestickte-aufnaher-quadrat-twitterrudel-wappen-2\/","title":{"rendered":"Gestickte Aufn\u00e4her Quadrat Twitterrudel Wappen 2"},"content":{"rendered":"<p>Verpasse deinem Outfit mit einem auff\u00e4lligen gestickten Aufn\u00e4her ein bisschen Pepp. Der Aufn\u00e4her ist aus strapazierf\u00e4higem Cordstoff gefertigt und h\u00e4lt Hitze und Waschg\u00e4ngen stand. Bestelle ihn noch heute und verziere deine Kleidungsst\u00fccke!<\/p>\n<p> \u2022\u00a026\u00a0%\u00a0Baumwolle, 74\u00a0% Polyester<br \/>\n \u2022\u00a0Durchmesser von 7,6\u00a0cm (3\u00a0Zoll)<br \/>\n \u2022\u00a0Befestigungsm\u00f6glichkeiten: Aufb\u00fcgeln, Aufn\u00e4hen oder Sicherheitsnadel<br \/>\n \u2022\u00a0Rohprodukt wird aus China bezogen<\/p>\n<p>Age restrictions: F\u00fcr Erwachsene<br \/>\nEU Warranty: 2 Jahre<br \/>\nOther compliance information: Erf\u00fcllt die Anforderungen bez\u00fcglich Blei.<\/p>\n<p>In \u00dcbereinstimmung mit der Allgemeinen Produktsicherheitsverordnung (GPSR) <b>Oak<\/b>und <b>SINDEN VENTURES LIMITED<\/b>um sicherzustellen, dass alle angebotenen Verbraucherprodukte sicher sind und den EU-Standards entsprechen. Bei Fragen oder Bedenken bez\u00fcglich der Produktsicherheit wende dich bitte an unseren EU-Vertreter unter <b>gpsr@sindenventures.com<\/b>. Du erreichst uns auch schriftlich unter <b>123 Main Street, Anytown, Country<\/b>oder<b>Markou Evgenikou 11, Mesa Geitonia, 4002, Limassol, Cyprus.<b \/><\/p>","protected":false},"excerpt":{"rendered":"<p>Verpasse deinem Outfit mit einem auff\u00e4lligen gestickten Aufn\u00e4her ein bisschen Pepp. Der Aufn\u00e4her ist aus strapazierf\u00e4higem Cordstoff gefertigt und h\u00e4lt Hitze und Waschg\u00e4ngen stand. Bestelle ihn noch heute und verziere deine Kleidungsst\u00fccke! \u2022\u00a026\u00a0%\u00a0Baumwolle, 74\u00a0% Polyester \u2022\u00a0Durchmesser von 7,6\u00a0cm (3\u00a0Zoll) \u2022\u00a0Befestigungsm\u00f6glichkeiten: Aufb\u00fcgeln, Aufn\u00e4hen oder Sicherheitsnadel \u2022\u00a0Rohprodukt wird aus China bezogen Age restrictions: F\u00fcr Erwachsene EU Warranty: [&hellip;]<\/p>","protected":false},"featured_media":10207,"comment_status":"open","ping_status":"closed","template":"","meta":{"give_campaign_id":0,"product_produkt-link-pod-manuell":"","product_produktname-pod-manuell":""},"product_meine-kategorie":[549,550],"product_mypod":[633],"product_meinemotivart":[717],"product_meinepersonalisierung":[],"product_mydesign":[640],"product_mymodelle_hunde":[],"product_mymodelle_schuhe":[],"product_myslogan":[],"product_mytodo":[693,698,702,704],"product_brand":[],"product_cat":[38],"product_tag":[],"shop_modelle":[],"wf_product_folders":[470,469],"class_list":{"0":"post-10206","1":"product","2":"type-product","3":"status-publish","4":"has-post-thumbnail","6":"product_meine-kategorie-accessoires","7":"product_meine-kategorie-aufnaher","8":"product_mypod-printful","9":"product_meinemotivart-stick","10":"product_mydesign-twitterrudel-wappen","11":"product_mytodo-_feddisch","12":"product_mytodo-kategorien_done","13":"product_mytodo-personalisierung_done","14":"product_mytodo-translation_done","15":"product_cat-accessoires","17":"first","18":"instock","19":"taxable","20":"shipping-taxable","21":"purchasable","22":"product-type-simple"},"jetpack_sharing_enabled":true,"jetpack_likes_enabled":true,"_links":{"self":[{"href":"https:\/\/derrudelshop.de\/en\/wp-json\/wp\/v2\/product\/10206","targetHints":{"allow":["GET"]}}],"collection":[{"href":"https:\/\/derrudelshop.de\/en\/wp-json\/wp\/v2\/product"}],"about":[{"href":"https:\/\/derrudelshop.de\/en\/wp-json\/wp\/v2\/types\/product"}],"replies":[{"embeddable":true,"href":"https:\/\/derrudelshop.de\/en\/wp-json\/wp\/v2\/comments?post=10206"}],"version-history":[{"count":0,"href":"https:\/\/derrudelshop.de\/en\/wp-json\/wp\/v2\/product\/10206\/revisions"}],"wp:featuredmedia":[{"embeddable":true,"href":"https:\/\/derrudelshop.de\/en\/wp-json\/wp\/v2\/media\/10207"}],"wp:attachment":[{"href":"https:\/\/derrudelshop.de\/en\/wp-json\/wp\/v2\/media?parent=10206"}],"wp:term":[{"taxonomy":"product_meine-kategorie","embeddable":true,"href":"https:\/\/derrudelshop.de\/en\/wp-json\/wp\/v2\/product_meine-kategorie?post=10206"},{"taxonomy":"product_mypod","embeddable":true,"href":"https:\/\/derrudelshop.de\/en\/wp-json\/wp\/v2\/product_mypod?post=10206"},{"taxonomy":"product_meinemotivart","embeddable":true,"href":"https:\/\/derrudelshop.de\/en\/wp-json\/wp\/v2\/product_meinemotivart?post=10206"},{"taxonomy":"product_meinepersonalisierung","embeddable":true,"href":"https:\/\/derrudelshop.de\/en\/wp-json\/wp\/v2\/product_meinepersonalisierung?post=10206"},{"taxonomy":"product_mydesign","embeddable":true,"href":"https:\/\/derrudelshop.de\/en\/wp-json\/wp\/v2\/product_mydesign?post=10206"},{"taxonomy":"product_mymodelle_hunde","embeddable":true,"href":"https:\/\/derrudelshop.de\/en\/wp-json\/wp\/v2\/product_mymodelle_hunde?post=10206"},{"taxonomy":"product_mymodelle_schuhe","embeddable":true,"href":"https:\/\/derrudelshop.de\/en\/wp-json\/wp\/v2\/product_mymodelle_schuhe?post=10206"},{"taxonomy":"product_myslogan","embeddable":true,"href":"https:\/\/derrudelshop.de\/en\/wp-json\/wp\/v2\/product_myslogan?post=10206"},{"taxonomy":"product_mytodo","embeddable":true,"href":"https:\/\/derrudelshop.de\/en\/wp-json\/wp\/v2\/product_mytodo?post=10206"},{"taxonomy":"product_brand","embeddable":true,"href":"https:\/\/derrudelshop.de\/en\/wp-json\/wp\/v2\/product_brand?post=10206"},{"taxonomy":"product_cat","embeddable":true,"href":"https:\/\/derrudelshop.de\/en\/wp-json\/wp\/v2\/product_cat?post=10206"},{"taxonomy":"product_tag","embeddable":true,"href":"https:\/\/derrudelshop.de\/en\/wp-json\/wp\/v2\/product_tag?post=10206"},{"taxonomy":"shop_modelle","embeddable":true,"href":"https:\/\/derrudelshop.de\/en\/wp-json\/wp\/v2\/shop_modelle?post=10206"},{"taxonomy":"wf_product_folders","embeddable":true,"href":"https:\/\/derrudelshop.de\/en\/wp-json\/wp\/v2\/wf_product_folders?post=10206"}],"curies":[{"name":"wp","href":"https:\/\/api.w.org\/{rel}","templated":true}]}}