{"id":10580,"date":"2025-04-18T23:07:00","date_gmt":"2025-04-18T23:07:00","guid":{"rendered":"https:\/\/derrudelshop.de\/?post_type=product&#038;p=10580"},"modified":"2025-04-21T15:36:46","modified_gmt":"2025-04-21T15:36:46","slug":"wooden-jigsaw-puzzles-1000-pcs-horizontal-14","status":"publish","type":"product","link":"https:\/\/derrudelshop.de\/en\/product\/wooden-jigsaw-puzzles-1000-pcs-horizontal-14\/","title":{"rendered":"Holzpuzzle 1000 Teile 75x50cm Katzennase"},"content":{"rendered":"<p>\ud83c\udf33\ud83e\udde9 Entdecke unser hochwertiges 1000-teiliges Holzpuzzle aus Eiche!<\/p>\n<p>Mit den Ma\u00dfen 75 x 50 cm und UV-gedruckten Designs auf der Vorderseite wird jeder Puzzler begeistert sein.<\/p>\n<p>Ideal f\u00fcr entspannte Stunden \u2013 es f\u00f6rdert die Konzentration und die kognitiven F\u00e4higkeiten, perfekt f\u00fcr erwachsene Hobby-Puzzler! Und wenn du fertig bist, kannst du es als Deko-Rahmen nutzen oder deinen Freunden und der Familie schenken.<\/p>\n<p>Dieser Puzzle-Spa\u00df ist nicht nur robust und langlebig, sondern auch ein echter Hingucker in jedem Raum. \ud83c\udfa8\u2728<\/p>\n<p>Tipp: Sanft mit einem leicht feuchten Tuch reinigen \u2013 so bleibt dein Meisterwerk lange sch\u00f6n!<\/p>\n<p>Greif zu und mach dein Wochenende zum Puzzle-Highlight! \ud83d\udd75\ufe0f\u200d\u2642\ufe0f\ud83e\udde1<\/p>","protected":false},"excerpt":{"rendered":"<ul>\n<li><strong>Tips: The packaging box of this product can be customized with a logo for free for a limited time. The customization area size is 5.3&#8243;x2.2&#8243;. If you need customization or need a larger logo, please contact us.<\/strong><\/li>\n<li><strong>Material Description:<\/strong>\u00a0Oak Wood.<\/li>\n<li><strong>Product Size:<\/strong> 29.5&#8243;x19.7&#8243;.<\/li>\n<li><strong>Design Area:<\/strong>\u00a0The product is printed and designed on the front side only.<\/li>\n<li><strong>Printing Technique:<\/strong>\u00a0UV Printing.<\/li>\n<li><strong>Product Performance:<\/strong>\u00a0Selected high-quality wood, durable and not easy to deform. Advanced cutting technology, smooth edges, tight splicing, bringing a smooth experience. Bright colors and not easy to fade, long-term use still remain bright. The 1000-piece jigsaw puzzle is suitable for experienced jigsaw enthusiasts, with a higher challenge and sense of accomplishment, exercising patience and thinking ability.<\/li>\n<li><strong>Applicable Scenario:<\/strong>\u00a0This custom puzzle is perfect for family entertainment and parent-child interaction, enhancing focus and cognitive skills. It\u2019s an ideal choice for relaxation and stress relief, especially for adults in their leisure time. Once completed, the puzzle can be framed as decor, adding a personal touch to home or office spaces, and also makes a perfect gift for friends and family.<\/li>\n<li><strong>Washing Instructions:<\/strong>\u00a0Wipe gently with a dry or slightly damp cloth, avoid using chemical cleaners, and allow to dry naturally after cleaning. Avoid soaking.<\/li>\n<li><strong>Warm Reminder:<\/strong>\u00a0Due to objective factors such as production batches, machinery and equipment, it is difficult to avoid or there will be small color difference, position and size errors, such as the above problems are normal phenomena, will not be included in the scope of after-sales treatment, please understand.<\/li>\n<li><strong>Package Includes:<\/strong> 1000 pieces broken up (with letter signs on the back divided into A-h sections), with a reference drawing.<\/li>\n<\/ul>","protected":false},"featured_media":10570,"comment_status":"open","ping_status":"closed","template":"","meta":{"give_campaign_id":0,"product_produkt-link-pod-manuell":"","product_produktname-pod-manuell":""},"product_meine-kategorie":[571,570],"product_mypod":[626],"product_meinemotivart":[],"product_meinepersonalisierung":[],"product_mydesign":[],"product_mymodelle_hunde":[],"product_mymodelle_schuhe":[],"product_myslogan":[],"product_mytodo":[693,698,702,704],"product_brand":[],"product_cat":[463],"product_tag":[],"shop_modelle":[],"wf_product_folders":[472,471],"class_list":{"0":"post-10580","1":"product","2":"type-product","3":"status-publish","4":"has-post-thumbnail","6":"product_meine-kategorie-puzzles","7":"product_meine-kategorie-spielkreativ","8":"product_mypod-printkk","9":"product_mytodo-_feddisch","10":"product_mytodo-kategorien_done","11":"product_mytodo-personalisierung_done","12":"product_mytodo-translation_done","13":"product_cat-puzzlespaint","15":"first","16":"instock","17":"taxable","18":"shipping-taxable","19":"purchasable","20":"product-type-variable"},"jetpack_sharing_enabled":true,"jetpack_likes_enabled":true,"_links":{"self":[{"href":"https:\/\/derrudelshop.de\/en\/wp-json\/wp\/v2\/product\/10580","targetHints":{"allow":["GET"]}}],"collection":[{"href":"https:\/\/derrudelshop.de\/en\/wp-json\/wp\/v2\/product"}],"about":[{"href":"https:\/\/derrudelshop.de\/en\/wp-json\/wp\/v2\/types\/product"}],"replies":[{"embeddable":true,"href":"https:\/\/derrudelshop.de\/en\/wp-json\/wp\/v2\/comments?post=10580"}],"version-history":[{"count":0,"href":"https:\/\/derrudelshop.de\/en\/wp-json\/wp\/v2\/product\/10580\/revisions"}],"wp:featuredmedia":[{"embeddable":true,"href":"https:\/\/derrudelshop.de\/en\/wp-json\/wp\/v2\/media\/10570"}],"wp:attachment":[{"href":"https:\/\/derrudelshop.de\/en\/wp-json\/wp\/v2\/media?parent=10580"}],"wp:term":[{"taxonomy":"product_meine-kategorie","embeddable":true,"href":"https:\/\/derrudelshop.de\/en\/wp-json\/wp\/v2\/product_meine-kategorie?post=10580"},{"taxonomy":"product_mypod","embeddable":true,"href":"https:\/\/derrudelshop.de\/en\/wp-json\/wp\/v2\/product_mypod?post=10580"},{"taxonomy":"product_meinemotivart","embeddable":true,"href":"https:\/\/derrudelshop.de\/en\/wp-json\/wp\/v2\/product_meinemotivart?post=10580"},{"taxonomy":"product_meinepersonalisierung","embeddable":true,"href":"https:\/\/derrudelshop.de\/en\/wp-json\/wp\/v2\/product_meinepersonalisierung?post=10580"},{"taxonomy":"product_mydesign","embeddable":true,"href":"https:\/\/derrudelshop.de\/en\/wp-json\/wp\/v2\/product_mydesign?post=10580"},{"taxonomy":"product_mymodelle_hunde","embeddable":true,"href":"https:\/\/derrudelshop.de\/en\/wp-json\/wp\/v2\/product_mymodelle_hunde?post=10580"},{"taxonomy":"product_mymodelle_schuhe","embeddable":true,"href":"https:\/\/derrudelshop.de\/en\/wp-json\/wp\/v2\/product_mymodelle_schuhe?post=10580"},{"taxonomy":"product_myslogan","embeddable":true,"href":"https:\/\/derrudelshop.de\/en\/wp-json\/wp\/v2\/product_myslogan?post=10580"},{"taxonomy":"product_mytodo","embeddable":true,"href":"https:\/\/derrudelshop.de\/en\/wp-json\/wp\/v2\/product_mytodo?post=10580"},{"taxonomy":"product_brand","embeddable":true,"href":"https:\/\/derrudelshop.de\/en\/wp-json\/wp\/v2\/product_brand?post=10580"},{"taxonomy":"product_cat","embeddable":true,"href":"https:\/\/derrudelshop.de\/en\/wp-json\/wp\/v2\/product_cat?post=10580"},{"taxonomy":"product_tag","embeddable":true,"href":"https:\/\/derrudelshop.de\/en\/wp-json\/wp\/v2\/product_tag?post=10580"},{"taxonomy":"shop_modelle","embeddable":true,"href":"https:\/\/derrudelshop.de\/en\/wp-json\/wp\/v2\/shop_modelle?post=10580"},{"taxonomy":"wf_product_folders","embeddable":true,"href":"https:\/\/derrudelshop.de\/en\/wp-json\/wp\/v2\/wf_product_folders?post=10580"}],"curies":[{"name":"wp","href":"https:\/\/api.w.org\/{rel}","templated":true}]}}