{"id":11607,"date":"2025-04-19T17:33:00","date_gmt":"2025-04-19T17:33:00","guid":{"rendered":"https:\/\/derrudelshop.de\/product\/love-titanium-steel-heart-shaped-urn-casting-ring-that-can-be-opened-for-womens-pet-rings-in-gold\/"},"modified":"2025-04-22T12:23:26","modified_gmt":"2025-04-22T12:23:26","slug":"love-titanium-steel-heart-shaped-urn-casting-ring-that-can-be-opened-for-womens-pet-rings-in-gold","status":"publish","type":"product","link":"https:\/\/derrudelshop.de\/en\/product\/love-titanium-steel-heart-shaped-urn-casting-ring-that-can-be-opened-for-womens-pet-rings-in-gold\/","title":{"rendered":"Herzring mit Geheimfach \u2013 Urnenring aus Titanstahl | In Gold, Silber oder Schwarz"},"content":{"rendered":"<h3 class=\"\" data-start=\"116\" data-end=\"220\">\ud83d\udc96 Herzring mit Geheimfach \u2013 Urnenring aus Titanstahl | In Gold, Silber oder Schwarz | US-Gr\u00f6\u00dfen 6\u20139<\/h3>\n<p class=\"\" data-start=\"222\" data-end=\"563\">Du suchst ein Schmuckst\u00fcck mit Bedeutung? Dieser wundersch\u00f6ne Herzring aus hochglanzpoliertem Titanstahl ist nicht nur ein stilvolles Accessoire, sondern auch ein kleines, diskretes Erinnerungsst\u00fcck. Das Herz l\u00e4sst sich aufschrauben und im Inneren findet sich Platz f\u00fcr eine winzige Menge Asche, Haarstr\u00e4hnen oder andere liebevolle Andenken.<\/p>\n<p class=\"\" data-start=\"565\" data-end=\"851\">\u2728 <strong data-start=\"567\" data-end=\"579\">Details:<\/strong><br data-start=\"579\" data-end=\"582\" \/>\u2022 Material: Titanstahl \u2013 langlebig, hautfreundlich &amp; rostfrei<br data-start=\"643\" data-end=\"646\" \/>\u2022 Farben: Gold, Silber oder Schwarz<br data-start=\"681\" data-end=\"684\" \/>\u2022 Form: Herz \u2013 zum Aufschrauben<br data-start=\"715\" data-end=\"718\" \/>\u2022 Gewicht: ca. 5,6\u202fg<br data-start=\"738\" data-end=\"741\" data-is-only-node=\"\" \/>\u2022 Ringbreite: ca. 1,5\u202fmm | Herzgr\u00f6\u00dfe: ca. 11,5\u202fmm<br data-start=\"790\" data-end=\"793\" \/>\u2022 Gr\u00f6\u00dfen: US 6 \/ 7 \/ 8 \/ 9<br data-start=\"819\" data-end=\"822\" \/>\u2022 Finish: Hochglanz poliert<\/p>\n<p class=\"\" data-start=\"853\" data-end=\"1039\">\ud83d\udcac Ob als Erinnerung an einen geliebten Menschen oder als ganz pers\u00f6nlicher Gl\u00fccksbringer \u2013 dieser Ring ist eine wundersch\u00f6ne M\u00f6glichkeit, etwas Bedeutungsvolles stets bei dir zu tragen.<\/p>\n<p><img decoding=\"async\" title=\"2775CDF6F85CC269FDCA9C5396C35EC4.jpg\" src=\"https:\/\/shopifyfile.oss-accelerate.aliyuncs.com\/attached\/image\/202408\/2775CDF6F85CC269FDCA9C5396C35EC4.jpg\" alt=\"13.jpg\" \/><\/p>\n<p style=\"text-align: left;\">\n<p style=\"text-align: left;\">\n<img fetchpriority=\"high\" decoding=\"async\" src=\"https:\/\/shopifyfile.oss-accelerate.aliyuncs.com\/attached\/pingtai\/202408\/0BCA106A2DAE44E63C4781EBBA22F2E7.jpg\" alt=\"RC-416S_2 4I6A3998\u4eae\" width=\"790\" height=\"790\" \/><\/p>\n<p style=\"text-align: left;\"><img decoding=\"async\" src=\"https:\/\/shopifyfile.oss-accelerate.aliyuncs.com\/attached\/pingtai\/202408\/F3FB7ABB8ADD12E2DF61F0E57F51CBC5.jpg\" alt=\"undefined\" width=\"790\" height=\"790\" \/><\/p>\n<p style=\"text-align: left;\"><img decoding=\"async\" src=\"https:\/\/shopifyfile.oss-accelerate.aliyuncs.com\/attached\/pingtai\/202408\/A38A89986D396E81F042E0299609839B.jpg\" alt=\"undefined\" width=\"790\" height=\"790\" \/><\/p>\n<p><img loading=\"lazy\" decoding=\"async\" src=\"https:\/\/shopifyfile.oss-accelerate.aliyuncs.com\/attached\/pingtai\/202408\/EEE02896DFAD3C54B0A3AB1B86212C44.jpg\" alt=\"undefined\" width=\"790\" height=\"790\" \/><\/p>\n<p><img loading=\"lazy\" decoding=\"async\" src=\"https:\/\/shopifyfile.oss-accelerate.aliyuncs.com\/attached\/pingtai\/202408\/75006BC5A04EAF70256374F8A7815963.jpg\" alt=\"undefined\" width=\"790\" height=\"790\" \/><\/p>\n<p><img loading=\"lazy\" decoding=\"async\" src=\"https:\/\/shopifyfile.oss-accelerate.aliyuncs.com\/attached\/pingtai\/202408\/A7E3607BA3A220D03B28BFC3E8FEE63A.jpg\" alt=\"undefined\" width=\"790\" height=\"790\" \/><\/p>\n<p><img loading=\"lazy\" decoding=\"async\" src=\"https:\/\/shopifyfile.oss-accelerate.aliyuncs.com\/attached\/pingtai\/202408\/5535543B07E71C77CFECDE137F162F41.jpg\" alt=\"undefined\" width=\"790\" height=\"790\" \/><\/p>\n<p><img loading=\"lazy\" decoding=\"async\" src=\"https:\/\/shopifyfile.oss-accelerate.aliyuncs.com\/attached\/pingtai\/202408\/E2958C96ABF143A2AFED9E90AF6F18C1.jpg\" alt=\"undefined\" width=\"790\" height=\"790\" \/><\/p>\n<p style=\"text-align: left;\">\n<p style=\"text-align: left;\"><img loading=\"lazy\" decoding=\"async\" src=\"https:\/\/shopifyfile.oss-accelerate.aliyuncs.com\/attached\/pingtai\/202408\/9DDFB463141A653C2A39730006BBEC9E.jpg\" alt=\"RC-416S_4 4I6A4046_800\" width=\"790\" height=\"790\" \/><\/p>\n<p><img loading=\"lazy\" decoding=\"async\" src=\"https:\/\/shopifyfile.oss-accelerate.aliyuncs.com\/attached\/pingtai\/202408\/ABF75B461B850278CD860AFA714A0BDA.jpg\" alt=\"RC-416S_6 4I6A4048_800\" width=\"790\" height=\"790\" \/><\/p>\n<p><img decoding=\"async\" src=\"https:\/\/shopifyfile.oss-accelerate.aliyuncs.com\/attached\/pingtai\/202408\/99BEF2FC4FF83BF93752E6DCC8716D80.jpg\" alt=\"undefined\" width=\"790\" height=\"526.271567891973\" \/><\/p>\n<p><img loading=\"lazy\" decoding=\"async\" src=\"https:\/\/shopifyfile.oss-accelerate.aliyuncs.com\/attached\/pingtai\/202408\/E9C4627D68D71D4F32CA12E8106B77D0.jpg\" alt=\"RC-416S_10 4I6A4163_800\" width=\"790\" height=\"790\" \/><\/p>\n<p style=\"text-align: left;\">\n<p style=\"text-align: left;\"><img loading=\"lazy\" decoding=\"async\" src=\"https:\/\/shopifyfile.oss-accelerate.aliyuncs.com\/attached\/pingtai\/202408\/5C476233E44C3B272868C87C27651020.jpg\" alt=\"undefined\" width=\"790\" height=\"790\" \/><\/p>\n<p><img loading=\"lazy\" decoding=\"async\" src=\"https:\/\/shopifyfile.oss-accelerate.aliyuncs.com\/attached\/pingtai\/202408\/6644C339E69DE578AA8CD44CC568ED3F.jpg\" alt=\"undefined\" width=\"790\" height=\"790\" \/><\/p>","protected":false},"excerpt":{"rendered":"<p>\ud83d\udc96 Herzring mit Geheimfach \u2013 Urnenring aus Titanstahl | In Gold, Silber oder Schwarz | US-Gr\u00f6\u00dfen 6\u20139 Du suchst ein Schmuckst\u00fcck mit Bedeutung? Dieser wundersch\u00f6ne Herzring aus hochglanzpoliertem Titanstahl ist nicht nur ein stilvolles Accessoire, sondern auch ein kleines, diskretes Erinnerungsst\u00fcck. Das Herz l\u00e4sst sich aufschrauben und im Inneren findet sich Platz f\u00fcr eine winzige [&hellip;]<\/p>","protected":false},"featured_media":11599,"comment_status":"open","ping_status":"closed","template":"","meta":{"give_campaign_id":0,"product_produkt-link-pod-manuell":"","product_produktname-pod-manuell":""},"product_meine-kategorie":[559,560,814,557,551],"product_mypod":[623],"product_meinemotivart":[],"product_meinepersonalisierung":[],"product_mydesign":[],"product_mymodelle_hunde":[],"product_mymodelle_schuhe":[],"product_myslogan":[],"product_mytodo":[693,698,702,704],"product_brand":[],"product_cat":[38,369,368,39],"product_tag":[],"shop_modelle":[],"wf_product_folders":[366,367,352,372,37],"class_list":{"0":"post-11607","1":"product","2":"type-product","3":"status-publish","4":"has-post-thumbnail","6":"product_meine-kategorie-erinnerungsstucke","7":"product_meine-kategorie-geschenkideen","8":"product_meine-kategorie-modeschmuck","9":"product_meine-kategorie-ringe","10":"product_meine-kategorie-schmuck","11":"product_mypod-eprolo","12":"product_mytodo-_feddisch","13":"product_mytodo-kategorien_done","14":"product_mytodo-personalisierung_done","15":"product_mytodo-translation_done","16":"product_cat-accessoires","17":"product_cat-erinnerungsstucke","18":"product_cat-geschenkideen","19":"product_cat-schmuck","21":"first","22":"instock","23":"taxable","24":"shipping-taxable","25":"purchasable","26":"product-type-variable"},"jetpack_sharing_enabled":true,"jetpack_likes_enabled":true,"_links":{"self":[{"href":"https:\/\/derrudelshop.de\/en\/wp-json\/wp\/v2\/product\/11607","targetHints":{"allow":["GET"]}}],"collection":[{"href":"https:\/\/derrudelshop.de\/en\/wp-json\/wp\/v2\/product"}],"about":[{"href":"https:\/\/derrudelshop.de\/en\/wp-json\/wp\/v2\/types\/product"}],"replies":[{"embeddable":true,"href":"https:\/\/derrudelshop.de\/en\/wp-json\/wp\/v2\/comments?post=11607"}],"version-history":[{"count":0,"href":"https:\/\/derrudelshop.de\/en\/wp-json\/wp\/v2\/product\/11607\/revisions"}],"wp:featuredmedia":[{"embeddable":true,"href":"https:\/\/derrudelshop.de\/en\/wp-json\/wp\/v2\/media\/11599"}],"wp:attachment":[{"href":"https:\/\/derrudelshop.de\/en\/wp-json\/wp\/v2\/media?parent=11607"}],"wp:term":[{"taxonomy":"product_meine-kategorie","embeddable":true,"href":"https:\/\/derrudelshop.de\/en\/wp-json\/wp\/v2\/product_meine-kategorie?post=11607"},{"taxonomy":"product_mypod","embeddable":true,"href":"https:\/\/derrudelshop.de\/en\/wp-json\/wp\/v2\/product_mypod?post=11607"},{"taxonomy":"product_meinemotivart","embeddable":true,"href":"https:\/\/derrudelshop.de\/en\/wp-json\/wp\/v2\/product_meinemotivart?post=11607"},{"taxonomy":"product_meinepersonalisierung","embeddable":true,"href":"https:\/\/derrudelshop.de\/en\/wp-json\/wp\/v2\/product_meinepersonalisierung?post=11607"},{"taxonomy":"product_mydesign","embeddable":true,"href":"https:\/\/derrudelshop.de\/en\/wp-json\/wp\/v2\/product_mydesign?post=11607"},{"taxonomy":"product_mymodelle_hunde","embeddable":true,"href":"https:\/\/derrudelshop.de\/en\/wp-json\/wp\/v2\/product_mymodelle_hunde?post=11607"},{"taxonomy":"product_mymodelle_schuhe","embeddable":true,"href":"https:\/\/derrudelshop.de\/en\/wp-json\/wp\/v2\/product_mymodelle_schuhe?post=11607"},{"taxonomy":"product_myslogan","embeddable":true,"href":"https:\/\/derrudelshop.de\/en\/wp-json\/wp\/v2\/product_myslogan?post=11607"},{"taxonomy":"product_mytodo","embeddable":true,"href":"https:\/\/derrudelshop.de\/en\/wp-json\/wp\/v2\/product_mytodo?post=11607"},{"taxonomy":"product_brand","embeddable":true,"href":"https:\/\/derrudelshop.de\/en\/wp-json\/wp\/v2\/product_brand?post=11607"},{"taxonomy":"product_cat","embeddable":true,"href":"https:\/\/derrudelshop.de\/en\/wp-json\/wp\/v2\/product_cat?post=11607"},{"taxonomy":"product_tag","embeddable":true,"href":"https:\/\/derrudelshop.de\/en\/wp-json\/wp\/v2\/product_tag?post=11607"},{"taxonomy":"shop_modelle","embeddable":true,"href":"https:\/\/derrudelshop.de\/en\/wp-json\/wp\/v2\/shop_modelle?post=11607"},{"taxonomy":"wf_product_folders","embeddable":true,"href":"https:\/\/derrudelshop.de\/en\/wp-json\/wp\/v2\/wf_product_folders?post=11607"}],"curies":[{"name":"wp","href":"https:\/\/api.w.org\/{rel}","templated":true}]}}