{"id":11693,"date":"2025-04-20T16:33:00","date_gmt":"2025-04-20T16:33:00","guid":{"rendered":"https:\/\/derrudelshop.de\/?post_type=product&#038;p=11693"},"modified":"2025-04-22T12:14:47","modified_gmt":"2025-04-22T12:14:47","slug":"isolierter-weinbecher-bitte-einen-cafe-schoko-wodka-valium-latte-to-go","status":"publish","type":"product","link":"https:\/\/derrudelshop.de\/en\/product\/isolierter-weinbecher-bitte-einen-cafe-schoko-wodka-valium-latte-to-go\/","title":{"rendered":"Isolierter Weinbecher Bitte Einen Cafe Schoko Wodka Valium Latte to Go"},"content":{"rendered":"<h2 class=\"\" data-start=\"164\" data-end=\"229\">\ud83e\udd64 <strong data-start=\"170\" data-end=\"227\">&#8222;Bitte Einen Caf\u00e9-Schoko-Wodka-Valium-Latte \u2013 To Go!&#8220;<\/strong><\/h2>\n<p class=\"\" data-start=\"230\" data-end=\"292\"><strong data-start=\"230\" data-end=\"292\">Der ultimative Becher f\u00fcr deine <em data-start=\"264\" data-end=\"282\">Alles-auf-einmal<\/em>-Momente<\/strong><\/p>\n<p class=\"\" data-start=\"294\" data-end=\"656\">Du brauchst morgens mehr als nur einen Kaffee? Kein Problem! Mit unserem isolierten Edelstahlbecher bekommst du die perfekte Portion Ironie \u2013 und dein Lieblingsgetr\u00e4nk bleibt dabei stundenlang hei\u00df oder eiskalt. Egal ob du unterwegs bist, im B\u00fcro sitzt oder dich einfach durch den Tag k\u00e4mpfst \u2013 dieser Becher ist dein treuer Begleiter mit Stil und Augenzwinkern.<\/p>\n<h3 class=\"\" data-start=\"658\" data-end=\"682\">\ud83d\udcac Front-Aufdruck:<\/h3>\n<p class=\"\" data-start=\"683\" data-end=\"823\"><strong data-start=\"683\" data-end=\"746\">&#8222;BITTE EINEN: CAF\u00c9 \u2013 SCHOKO \u2013 WODKA \u2013 VALIUM \u2013 LATTE TO GO&#8220;<\/strong><br data-start=\"746\" data-end=\"749\" \/>(Ja, das ist genau die Reihenfolge, in der viele von uns funktionieren \ud83d\ude04)<\/p>\n<hr class=\"\" data-start=\"825\" data-end=\"828\" \/>\n<h3 class=\"\" data-start=\"830\" data-end=\"856\">\u2728 <strong data-start=\"836\" data-end=\"854\">Produktdetails<\/strong><\/h3>\n<ul data-start=\"857\" data-end=\"1355\">\n<li class=\"\" data-start=\"857\" data-end=\"927\">\n<p class=\"\" data-start=\"859\" data-end=\"927\"><strong data-start=\"859\" data-end=\"872\">Material:<\/strong> Hochwertiger Edelstahl, doppelwandig vakuum-isoliert<\/p>\n<\/li>\n<li class=\"\" data-start=\"928\" data-end=\"1023\">\n<p class=\"\" data-start=\"930\" data-end=\"1023\"><strong data-start=\"930\" data-end=\"951\">Fassungsverm\u00f6gen:<\/strong> ca. <strong data-start=\"956\" data-end=\"966\">355 ml<\/strong> (12 oz) \u2013 perfekt f\u00fcr Kaffee, Wein, Cocktails oder Tee<\/p>\n<\/li>\n<li class=\"\" data-start=\"1024\" data-end=\"1124\">\n<p class=\"\" data-start=\"1026\" data-end=\"1124\"><strong data-start=\"1026\" data-end=\"1037\">Deckel:<\/strong> Schiebedeckel zum Einpressen, transparent, BPA-frei, aus isolierendem ABS-Kunststoff<\/p>\n<\/li>\n<li class=\"\" data-start=\"1125\" data-end=\"1203\">\n<p class=\"\" data-start=\"1127\" data-end=\"1203\"><strong data-start=\"1127\" data-end=\"1144\">Besonderheit:<\/strong> Ei-f\u00f6rmige, ergonomische Kurve f\u00fcr extra angenehmen Halt<\/p>\n<\/li>\n<li class=\"\" data-start=\"1204\" data-end=\"1273\">\n<p class=\"\" data-start=\"1206\" data-end=\"1273\"><strong data-start=\"1206\" data-end=\"1217\">Farben:<\/strong> Erh\u00e4ltlich in Schwarz, Wei\u00df, Rot, Ros\u00e9gold und T\u00fcrkis<\/p>\n<\/li>\n<li class=\"\" data-start=\"1274\" data-end=\"1355\">\n<p class=\"\" data-start=\"1276\" data-end=\"1355\"><strong data-start=\"1276\" data-end=\"1285\">Ma\u00dfe:<\/strong> ca. <strong data-start=\"1290\" data-end=\"1304\">11 cm hoch<\/strong>, <strong data-start=\"1306\" data-end=\"1329\">8,5 cm breit (oben)<\/strong>, <strong data-start=\"1331\" data-end=\"1353\">6 cm breit (unten)<\/strong><\/p>\n<\/li>\n<\/ul>\n<hr class=\"\" data-start=\"1357\" data-end=\"1360\" \/>\n<h3 class=\"\" data-start=\"1362\" data-end=\"1404\">\u2705 <strong data-start=\"1368\" data-end=\"1402\">Deine Vorteile auf einen Blick<\/strong><\/h3>\n<ul data-start=\"1405\" data-end=\"1700\">\n<li class=\"\" data-start=\"1405\" data-end=\"1453\">\n<p class=\"\" data-start=\"1407\" data-end=\"1453\">H\u00e4lt Getr\u00e4nke <strong data-start=\"1421\" data-end=\"1451\">stundenlang hei\u00df oder kalt<\/strong><\/p>\n<\/li>\n<li class=\"\" data-start=\"1454\" data-end=\"1501\">\n<p class=\"\" data-start=\"1456\" data-end=\"1501\">Superleicht, bruchsicher &amp; wiederverwendbar<\/p>\n<\/li>\n<li class=\"\" data-start=\"1502\" data-end=\"1557\">\n<p class=\"\" data-start=\"1504\" data-end=\"1557\">Passt in (fast) jede Tasche \u2013 perfekt f\u00fcr unterwegs<\/p>\n<\/li>\n<li class=\"\" data-start=\"1558\" data-end=\"1612\">\n<p class=\"\" data-start=\"1560\" data-end=\"1612\">UV-best\u00e4ndiger High-Res-Druck \u2013 bleibt lange sch\u00f6n<\/p>\n<\/li>\n<li class=\"\" data-start=\"1613\" data-end=\"1700\">\n<p class=\"\" data-start=\"1615\" data-end=\"1700\">Ideal auch als <strong data-start=\"1630\" data-end=\"1652\">Geschenk mit Humor<\/strong> f\u00fcr Freund:innen, Kolleg:innen oder dich selbst<\/p>\n<\/li>\n<\/ul>\n<hr class=\"\" data-start=\"1702\" data-end=\"1705\" \/>\n<p class=\"\" data-start=\"1707\" data-end=\"1857\">\ud83d\udca1 <strong data-start=\"1710\" data-end=\"1719\">Tipp:<\/strong> Ein Must-have f\u00fcr alle, die ihre To-Go-Getr\u00e4nke mit einem Augenzwinkern genie\u00dfen wollen \u2013 und den Wahnsinn des Alltags mit Stil nehmen.<\/p>","protected":false},"excerpt":{"rendered":"<p>\ud83e\udd64 &#8222;Bitte Einen Caf\u00e9-Schoko-Wodka-Valium-Latte \u2013 To Go!&#8220; Der ultimative Becher f\u00fcr deine Alles-auf-einmal-Momente Du brauchst morgens mehr als nur einen Kaffee? Kein Problem! Mit unserem isolierten Edelstahlbecher bekommst du die perfekte Portion Ironie \u2013 und dein Lieblingsgetr\u00e4nk bleibt dabei stundenlang hei\u00df oder eiskalt. Egal ob du unterwegs bist, im B\u00fcro sitzt oder dich einfach durch [&hellip;]<\/p>","protected":false},"featured_media":11703,"comment_status":"open","ping_status":"closed","template":"","meta":{"give_campaign_id":0,"product_produkt-link-pod-manuell":"","product_produktname-pod-manuell":"428. 12oz Egg Shaped Insulated Wine Tumbler"},"product_meine-kategorie":[731,800,799,602],"product_mypod":[625],"product_meinemotivart":[714],"product_meinepersonalisierung":[],"product_mydesign":[644],"product_mymodelle_hunde":[],"product_mymodelle_schuhe":[],"product_myslogan":[],"product_mytodo":[693,696,698,702,704],"product_brand":[],"product_cat":[357],"product_tag":[],"shop_modelle":[],"wf_product_folders":[733,732,806,805,355],"class_list":{"0":"post-11693","1":"product","2":"type-product","3":"status-publish","4":"has-post-thumbnail","6":"product_meine-kategorie-getranke","7":"product_meine-kategorie-to-go-becher","8":"product_meine-kategorie-unterwegs-2","9":"product_meine-kategorie-wohnen","10":"product_mypod-jetprint-app","11":"product_meinemotivart-druck","12":"product_mydesign-cafe-schoko-valium-latte","13":"product_mytodo-_feddisch","14":"product_mytodo-designs_done","15":"product_mytodo-kategorien_done","16":"product_mytodo-personalisierung_done","17":"product_mytodo-translation_done","18":"product_cat-wohnen","19":"pa_farbe-dunkellila","20":"pa_farbe-mokka","21":"pa_farbe-navy","22":"pa_farbe-pastellturkis","23":"pa_farbe-pink","24":"pa_farbe-rot","25":"pa_farbe-schwarz","26":"pa_farbe-weis","27":"pa_fassungsvermogen-12oz-oder-350ml","29":"first","30":"instock","31":"taxable","32":"shipping-taxable","33":"purchasable","34":"product-type-variable"},"jetpack_sharing_enabled":true,"jetpack_likes_enabled":true,"_links":{"self":[{"href":"https:\/\/derrudelshop.de\/en\/wp-json\/wp\/v2\/product\/11693","targetHints":{"allow":["GET"]}}],"collection":[{"href":"https:\/\/derrudelshop.de\/en\/wp-json\/wp\/v2\/product"}],"about":[{"href":"https:\/\/derrudelshop.de\/en\/wp-json\/wp\/v2\/types\/product"}],"replies":[{"embeddable":true,"href":"https:\/\/derrudelshop.de\/en\/wp-json\/wp\/v2\/comments?post=11693"}],"version-history":[{"count":0,"href":"https:\/\/derrudelshop.de\/en\/wp-json\/wp\/v2\/product\/11693\/revisions"}],"wp:featuredmedia":[{"embeddable":true,"href":"https:\/\/derrudelshop.de\/en\/wp-json\/wp\/v2\/media\/11703"}],"wp:attachment":[{"href":"https:\/\/derrudelshop.de\/en\/wp-json\/wp\/v2\/media?parent=11693"}],"wp:term":[{"taxonomy":"product_meine-kategorie","embeddable":true,"href":"https:\/\/derrudelshop.de\/en\/wp-json\/wp\/v2\/product_meine-kategorie?post=11693"},{"taxonomy":"product_mypod","embeddable":true,"href":"https:\/\/derrudelshop.de\/en\/wp-json\/wp\/v2\/product_mypod?post=11693"},{"taxonomy":"product_meinemotivart","embeddable":true,"href":"https:\/\/derrudelshop.de\/en\/wp-json\/wp\/v2\/product_meinemotivart?post=11693"},{"taxonomy":"product_meinepersonalisierung","embeddable":true,"href":"https:\/\/derrudelshop.de\/en\/wp-json\/wp\/v2\/product_meinepersonalisierung?post=11693"},{"taxonomy":"product_mydesign","embeddable":true,"href":"https:\/\/derrudelshop.de\/en\/wp-json\/wp\/v2\/product_mydesign?post=11693"},{"taxonomy":"product_mymodelle_hunde","embeddable":true,"href":"https:\/\/derrudelshop.de\/en\/wp-json\/wp\/v2\/product_mymodelle_hunde?post=11693"},{"taxonomy":"product_mymodelle_schuhe","embeddable":true,"href":"https:\/\/derrudelshop.de\/en\/wp-json\/wp\/v2\/product_mymodelle_schuhe?post=11693"},{"taxonomy":"product_myslogan","embeddable":true,"href":"https:\/\/derrudelshop.de\/en\/wp-json\/wp\/v2\/product_myslogan?post=11693"},{"taxonomy":"product_mytodo","embeddable":true,"href":"https:\/\/derrudelshop.de\/en\/wp-json\/wp\/v2\/product_mytodo?post=11693"},{"taxonomy":"product_brand","embeddable":true,"href":"https:\/\/derrudelshop.de\/en\/wp-json\/wp\/v2\/product_brand?post=11693"},{"taxonomy":"product_cat","embeddable":true,"href":"https:\/\/derrudelshop.de\/en\/wp-json\/wp\/v2\/product_cat?post=11693"},{"taxonomy":"product_tag","embeddable":true,"href":"https:\/\/derrudelshop.de\/en\/wp-json\/wp\/v2\/product_tag?post=11693"},{"taxonomy":"shop_modelle","embeddable":true,"href":"https:\/\/derrudelshop.de\/en\/wp-json\/wp\/v2\/shop_modelle?post=11693"},{"taxonomy":"wf_product_folders","embeddable":true,"href":"https:\/\/derrudelshop.de\/en\/wp-json\/wp\/v2\/wf_product_folders?post=11693"}],"curies":[{"name":"wp","href":"https:\/\/api.w.org\/{rel}","templated":true}]}}