{"id":11847,"date":"2025-04-21T14:08:00","date_gmt":"2025-04-21T14:08:00","guid":{"rendered":"https:\/\/derrudelshop.de\/?post_type=product&#038;p=11847"},"modified":"2025-04-22T12:14:48","modified_gmt":"2025-04-22T12:14:48","slug":"isolierter-weinbecher-fck-nzs-silbern-cutout","status":"publish","type":"product","link":"https:\/\/derrudelshop.de\/en\/product\/isolierter-weinbecher-fck-nzs-silbern-cutout\/","title":{"rendered":"Isolierter Weinbecher FCK NZS Cutout silbern"},"content":{"rendered":"<h2 class=\"\" data-start=\"230\" data-end=\"308\">\u270a\u2615 <strong data-start=\"236\" data-end=\"306\">&#8222;Klare Kante. Kalter Drink.&#8220; \u2013 Isolierter Statement-Becher FCK NZS<\/strong><\/h2>\n<p class=\"\" data-start=\"309\" data-end=\"361\"><strong data-start=\"309\" data-end=\"361\">F\u00fcr alle, die Haltung zeigen \u2013 auch beim Kaffee.<\/strong><\/p>\n<p class=\"\" data-start=\"363\" data-end=\"646\">Ob im B\u00fcro, unterwegs oder auf der Couch \u2013 dieser isolierte Becher ist mehr als nur ein praktisches Accessoire. Er ist ein klares Statement gegen Hass und Hetze. Mit seinem minimalistischen Look und dem <strong data-start=\"566\" data-end=\"577\">FCK NZS<\/strong>-Print in Silber auf mattem Schwarz sagt er alles \u2013 ohne viele Worte.<\/p>\n<hr class=\"\" data-start=\"648\" data-end=\"651\" \/>\n<h3 class=\"\" data-start=\"653\" data-end=\"668\">\ud83d\udcac Motiv:<\/h3>\n<p class=\"\" data-start=\"669\" data-end=\"776\"><strong data-start=\"669\" data-end=\"680\">FCK NZS<\/strong> \u2013 Wei\u00df auf Schwarz, klar &amp; un\u00fcbersehbar.<br data-start=\"721\" data-end=\"724\" \/>Gedruckt in langlebigem UV-Print mit hohem Kontrast.<\/p>\n<hr class=\"\" data-start=\"778\" data-end=\"781\" \/>\n<h3 class=\"\" data-start=\"783\" data-end=\"809\">\u2728 <strong data-start=\"789\" data-end=\"807\">Produktdetails<\/strong><\/h3>\n<ul data-start=\"810\" data-end=\"1265\">\n<li class=\"\" data-start=\"810\" data-end=\"881\">\n<p class=\"\" data-start=\"812\" data-end=\"881\"><strong data-start=\"812\" data-end=\"825\">Material:<\/strong> Hochwertiger Edelstahl (304), doppelt vakuum-isoliert<\/p>\n<\/li>\n<li class=\"\" data-start=\"882\" data-end=\"977\">\n<p class=\"\" data-start=\"884\" data-end=\"977\"><strong data-start=\"884\" data-end=\"905\">Fassungsverm\u00f6gen:<\/strong> ca. <strong data-start=\"910\" data-end=\"928\">355 ml (12 oz)<\/strong> \u2013 perfekt f\u00fcr Kaffee, Wein, Tee oder Cocktails<\/p>\n<\/li>\n<li class=\"\" data-start=\"978\" data-end=\"1058\">\n<p class=\"\" data-start=\"980\" data-end=\"1058\"><strong data-start=\"980\" data-end=\"991\">Deckel:<\/strong> Durchsichtiger BPA-freier Schiebedeckel \u2013 sicher &amp; auslaufsicher<\/p>\n<\/li>\n<li class=\"\" data-start=\"1059\" data-end=\"1133\">\n<p class=\"\" data-start=\"1061\" data-end=\"1133\"><strong data-start=\"1061\" data-end=\"1072\">Design:<\/strong> Ergonomische Eiform \u2013 liegt super in der Hand, kippt nicht<\/p>\n<\/li>\n<li class=\"\" data-start=\"1134\" data-end=\"1199\">\n<p class=\"\" data-start=\"1136\" data-end=\"1199\"><strong data-start=\"1136\" data-end=\"1145\">Ma\u00dfe:<\/strong> ca. <strong data-start=\"1150\" data-end=\"1164\">11 cm hoch<\/strong>, <strong data-start=\"1166\" data-end=\"1181\">8,5 cm oben<\/strong>, <strong data-start=\"1183\" data-end=\"1197\">6 cm unten<\/strong><\/p>\n<\/li>\n<li class=\"\" data-start=\"1200\" data-end=\"1265\">\n<p class=\"\" data-start=\"1202\" data-end=\"1265\"><strong data-start=\"1202\" data-end=\"1212\">Farbe:<\/strong> Mattschwarz mit silbernem Print \u2013 stylisch &amp; stark<\/p>\n<\/li>\n<\/ul>\n<hr class=\"\" data-start=\"1267\" data-end=\"1270\" \/>\n<h3 class=\"\" data-start=\"1272\" data-end=\"1314\">\u2705 <strong data-start=\"1278\" data-end=\"1312\">Deine Vorteile auf einen Blick<\/strong><\/h3>\n<ul data-start=\"1315\" data-end=\"1582\">\n<li class=\"\" data-start=\"1315\" data-end=\"1365\">\n<p class=\"\" data-start=\"1317\" data-end=\"1365\"><strong data-start=\"1317\" data-end=\"1349\">H\u00e4lt Getr\u00e4nke hei\u00df oder kalt<\/strong> \u2013 stundenlang<\/p>\n<\/li>\n<li class=\"\" data-start=\"1366\" data-end=\"1412\">\n<p class=\"\" data-start=\"1368\" data-end=\"1412\"><strong data-start=\"1368\" data-end=\"1410\">Bruchsicher, leicht &amp; wiederverwendbar<\/strong><\/p>\n<\/li>\n<li class=\"\" data-start=\"1413\" data-end=\"1462\">\n<p class=\"\" data-start=\"1415\" data-end=\"1462\"><strong data-start=\"1415\" data-end=\"1437\">Statement mit Stil<\/strong> \u2013 f\u00fcr bewussten Konsum<\/p>\n<\/li>\n<li class=\"\" data-start=\"1463\" data-end=\"1518\">\n<p class=\"\" data-start=\"1465\" data-end=\"1518\"><strong data-start=\"1465\" data-end=\"1487\">Ideal als Geschenk<\/strong> f\u00fcr Freund:innen mit Haltung<\/p>\n<\/li>\n<li class=\"\" data-start=\"1519\" data-end=\"1582\">\n<p class=\"\" data-start=\"1521\" data-end=\"1582\"><strong data-start=\"1521\" data-end=\"1545\">Langlebiger UV-Druck<\/strong> \u2013 kein Verblassen, kein Auswaschen<\/p>\n<\/li>\n<\/ul>\n<hr class=\"\" data-start=\"1584\" data-end=\"1587\" \/>\n<h3 class=\"\" data-start=\"1589\" data-end=\"1607\">\ud83d\udca1 <strong data-start=\"1596\" data-end=\"1605\">Tipp:<\/strong><\/h3>\n<p class=\"\" data-start=\"1608\" data-end=\"1709\">Perfekt f\u00fcr\u2019s B\u00fcro, Uni, Reisen oder chillige Abende \u2013 dieser Becher bringt Haltung in deinen Alltag.<\/p>\n<hr class=\"\" data-start=\"1711\" data-end=\"1714\" \/>\n<h3 class=\"\" data-start=\"1716\" data-end=\"1737\">\ud83d\udce6 <strong data-start=\"1723\" data-end=\"1735\">Wichtig:<\/strong><\/h3>\n<p class=\"\" data-start=\"1738\" data-end=\"1836\">Kein Platz f\u00fcr Nazis \u2013 weder im Schrank, noch im Kopf.<br data-start=\"1792\" data-end=\"1795\" \/>Ein Becher f\u00fcr alle, die nicht schweigen.<\/p>","protected":false},"excerpt":{"rendered":"<p>\u270a\u2615 &#8222;Klare Kante. Kalter Drink.&#8220; \u2013 Isolierter Statement-Becher FCK NZS F\u00fcr alle, die Haltung zeigen \u2013 auch beim Kaffee. Ob im B\u00fcro, unterwegs oder auf der Couch \u2013 dieser isolierte Becher ist mehr als nur ein praktisches Accessoire. Er ist ein klares Statement gegen Hass und Hetze. Mit seinem minimalistischen Look und dem FCK NZS-Print [&hellip;]<\/p>","protected":false},"featured_media":11867,"comment_status":"open","ping_status":"closed","template":"","meta":{"give_campaign_id":0,"product_produkt-link-pod-manuell":"","product_produktname-pod-manuell":"428. 12oz Egg Shaped Insulated Wine Tumbler"},"product_meine-kategorie":[731,800,799,602],"product_mypod":[625],"product_meinemotivart":[714],"product_meinepersonalisierung":[],"product_mydesign":[673],"product_mymodelle_hunde":[],"product_mymodelle_schuhe":[],"product_myslogan":[],"product_mytodo":[693,696,698,702,704],"product_brand":[],"product_cat":[357],"product_tag":[],"shop_modelle":[],"wf_product_folders":[733,732,806,805,355],"class_list":{"0":"post-11847","1":"product","2":"type-product","3":"status-publish","4":"has-post-thumbnail","6":"product_meine-kategorie-getranke","7":"product_meine-kategorie-to-go-becher","8":"product_meine-kategorie-unterwegs-2","9":"product_meine-kategorie-wohnen","10":"product_mypod-jetprint-app","11":"product_meinemotivart-druck","12":"product_mydesign-fck-nzs","13":"product_mytodo-_feddisch","14":"product_mytodo-designs_done","15":"product_mytodo-kategorien_done","16":"product_mytodo-personalisierung_done","17":"product_mytodo-translation_done","18":"product_cat-wohnen","19":"pa_farbe-dunkellila","20":"pa_farbe-mokka","21":"pa_farbe-navy","22":"pa_farbe-pastellturkis","23":"pa_farbe-pink","24":"pa_farbe-rot","25":"pa_farbe-schwarz","26":"pa_farbe-weis","27":"pa_fassungsvermogen-12oz-oder-350ml","29":"first","30":"instock","31":"taxable","32":"shipping-taxable","33":"purchasable","34":"product-type-variable"},"jetpack_sharing_enabled":true,"jetpack_likes_enabled":true,"_links":{"self":[{"href":"https:\/\/derrudelshop.de\/en\/wp-json\/wp\/v2\/product\/11847","targetHints":{"allow":["GET"]}}],"collection":[{"href":"https:\/\/derrudelshop.de\/en\/wp-json\/wp\/v2\/product"}],"about":[{"href":"https:\/\/derrudelshop.de\/en\/wp-json\/wp\/v2\/types\/product"}],"replies":[{"embeddable":true,"href":"https:\/\/derrudelshop.de\/en\/wp-json\/wp\/v2\/comments?post=11847"}],"version-history":[{"count":0,"href":"https:\/\/derrudelshop.de\/en\/wp-json\/wp\/v2\/product\/11847\/revisions"}],"wp:featuredmedia":[{"embeddable":true,"href":"https:\/\/derrudelshop.de\/en\/wp-json\/wp\/v2\/media\/11867"}],"wp:attachment":[{"href":"https:\/\/derrudelshop.de\/en\/wp-json\/wp\/v2\/media?parent=11847"}],"wp:term":[{"taxonomy":"product_meine-kategorie","embeddable":true,"href":"https:\/\/derrudelshop.de\/en\/wp-json\/wp\/v2\/product_meine-kategorie?post=11847"},{"taxonomy":"product_mypod","embeddable":true,"href":"https:\/\/derrudelshop.de\/en\/wp-json\/wp\/v2\/product_mypod?post=11847"},{"taxonomy":"product_meinemotivart","embeddable":true,"href":"https:\/\/derrudelshop.de\/en\/wp-json\/wp\/v2\/product_meinemotivart?post=11847"},{"taxonomy":"product_meinepersonalisierung","embeddable":true,"href":"https:\/\/derrudelshop.de\/en\/wp-json\/wp\/v2\/product_meinepersonalisierung?post=11847"},{"taxonomy":"product_mydesign","embeddable":true,"href":"https:\/\/derrudelshop.de\/en\/wp-json\/wp\/v2\/product_mydesign?post=11847"},{"taxonomy":"product_mymodelle_hunde","embeddable":true,"href":"https:\/\/derrudelshop.de\/en\/wp-json\/wp\/v2\/product_mymodelle_hunde?post=11847"},{"taxonomy":"product_mymodelle_schuhe","embeddable":true,"href":"https:\/\/derrudelshop.de\/en\/wp-json\/wp\/v2\/product_mymodelle_schuhe?post=11847"},{"taxonomy":"product_myslogan","embeddable":true,"href":"https:\/\/derrudelshop.de\/en\/wp-json\/wp\/v2\/product_myslogan?post=11847"},{"taxonomy":"product_mytodo","embeddable":true,"href":"https:\/\/derrudelshop.de\/en\/wp-json\/wp\/v2\/product_mytodo?post=11847"},{"taxonomy":"product_brand","embeddable":true,"href":"https:\/\/derrudelshop.de\/en\/wp-json\/wp\/v2\/product_brand?post=11847"},{"taxonomy":"product_cat","embeddable":true,"href":"https:\/\/derrudelshop.de\/en\/wp-json\/wp\/v2\/product_cat?post=11847"},{"taxonomy":"product_tag","embeddable":true,"href":"https:\/\/derrudelshop.de\/en\/wp-json\/wp\/v2\/product_tag?post=11847"},{"taxonomy":"shop_modelle","embeddable":true,"href":"https:\/\/derrudelshop.de\/en\/wp-json\/wp\/v2\/shop_modelle?post=11847"},{"taxonomy":"wf_product_folders","embeddable":true,"href":"https:\/\/derrudelshop.de\/en\/wp-json\/wp\/v2\/wf_product_folders?post=11847"}],"curies":[{"name":"wp","href":"https:\/\/api.w.org\/{rel}","templated":true}]}}