{"id":11952,"date":"2025-04-21T19:46:00","date_gmt":"2025-04-21T19:46:00","guid":{"rendered":"https:\/\/derrudelshop.de\/?post_type=product&#038;p=11952"},"modified":"2025-04-22T12:14:47","modified_gmt":"2025-04-22T12:14:47","slug":"isolierter-weinbecher-dogwoodstock-schrift-e-blausilber","status":"publish","type":"product","link":"https:\/\/derrudelshop.de\/en\/product\/isolierter-weinbecher-dogwoodstock-schrift-e-blausilber\/","title":{"rendered":"Isolierter Weinbecher DogWoodstock Schrift E blausilber"},"content":{"rendered":"<h2 class=\"\" data-start=\"204\" data-end=\"284\">\ud83d\udc36\ud83c\udf3c <strong data-start=\"212\" data-end=\"282\">DogWoodstock 2024 Becher \u2013 F\u00fcr alle, die mit der Pfote vorn tanzen<\/strong><\/h2>\n<p class=\"\" data-start=\"285\" data-end=\"357\"><strong data-start=\"285\" data-end=\"357\">Der perfekte Begleiter f\u00fcr Festivalfreunde auf vier und zwei Beinen.<\/strong><\/p>\n<p class=\"\" data-start=\"359\" data-end=\"557\">Ob du live dabei warst oder einfach Teil dieser wunderbaren Community bist \u2013 dieser Becher ist eine Hommage an das erste gro\u00dfe <strong data-start=\"486\" data-end=\"516\">DogWoodstock-Festival 2024<\/strong>. Liebe, Fell und Festival-Feeling to go!<\/p>\n<hr class=\"\" data-start=\"559\" data-end=\"562\" \/>\n<h3 class=\"\" data-start=\"564\" data-end=\"579\">\ud83d\udcac Motiv:<\/h3>\n<p class=\"\" data-start=\"580\" data-end=\"732\"><strong data-start=\"580\" data-end=\"603\">DOG WOOD STOCK 2024<\/strong><br data-start=\"603\" data-end=\"606\" \/>Im verspielten Retro-Festivalstil \u2013 in hochwertigem UV-Druck auf schwarzem mattem Edelstahl. H\u00e4lt ewig. Wie gute Erinnerungen.<\/p>\n<hr class=\"\" data-start=\"734\" data-end=\"737\" \/>\n<h3 class=\"\" data-start=\"739\" data-end=\"765\">\u2728 <strong data-start=\"745\" data-end=\"763\">Produktdetails<\/strong><\/h3>\n<ul data-start=\"766\" data-end=\"1258\">\n<li class=\"\" data-start=\"766\" data-end=\"833\">\n<p class=\"\" data-start=\"768\" data-end=\"833\"><strong data-start=\"768\" data-end=\"781\">Material:<\/strong> Edelstahl (304) \u2013 robust, rostfrei und nachhaltig<\/p>\n<\/li>\n<li class=\"\" data-start=\"834\" data-end=\"918\">\n<p class=\"\" data-start=\"836\" data-end=\"918\"><strong data-start=\"836\" data-end=\"851\">Isolierung:<\/strong> Doppelwandig &amp; vakuumisoliert \u2013 h\u00e4lt Hei\u00dfes hei\u00df und Kaltes kalt<\/p>\n<\/li>\n<li class=\"\" data-start=\"919\" data-end=\"1001\">\n<p class=\"\" data-start=\"921\" data-end=\"1001\"><strong data-start=\"921\" data-end=\"932\">Deckel:<\/strong> Sicherer, BPA-freier Schiebeverschluss \u2013 transparent und praktisch<\/p>\n<\/li>\n<li class=\"\" data-start=\"1002\" data-end=\"1050\">\n<p class=\"\" data-start=\"1004\" data-end=\"1050\"><strong data-start=\"1004\" data-end=\"1025\">Fassungsverm\u00f6gen:<\/strong> ca. <strong data-start=\"1030\" data-end=\"1048\">355 ml (12 oz)<\/strong><\/p>\n<\/li>\n<li class=\"\" data-start=\"1051\" data-end=\"1136\">\n<p class=\"\" data-start=\"1053\" data-end=\"1136\"><strong data-start=\"1053\" data-end=\"1062\">Form:<\/strong> Ergonomisch geformt \u2013 rutscht nicht aus der Hand, wackelt nicht im Gras<\/p>\n<\/li>\n<li class=\"\" data-start=\"1137\" data-end=\"1202\">\n<p class=\"\" data-start=\"1139\" data-end=\"1202\"><strong data-start=\"1139\" data-end=\"1148\">Ma\u00dfe:<\/strong> ca. <strong data-start=\"1153\" data-end=\"1167\">11 cm hoch<\/strong>, oben <strong data-start=\"1174\" data-end=\"1184\">8,5 cm<\/strong>, unten <strong data-start=\"1192\" data-end=\"1200\">6 cm<\/strong><\/p>\n<\/li>\n<li class=\"\" data-start=\"1203\" data-end=\"1258\">\n<p class=\"\" data-start=\"1205\" data-end=\"1258\"><strong data-start=\"1205\" data-end=\"1215\">Farbe:<\/strong> Mattschwarz mit silbernem Festival-Print<\/p>\n<\/li>\n<\/ul>\n<hr class=\"\" data-start=\"1260\" data-end=\"1263\" \/>\n<h3 class=\"\" data-start=\"1265\" data-end=\"1308\">\u2705 <strong data-start=\"1271\" data-end=\"1306\">Warum du diesen Becher brauchst<\/strong><\/h3>\n<ul data-start=\"1309\" data-end=\"1669\">\n<li class=\"\" data-start=\"1309\" data-end=\"1375\">\n<p class=\"\" data-start=\"1311\" data-end=\"1375\">\ud83d\udc15 <strong data-start=\"1314\" data-end=\"1340\">Idealer Festival-Buddy<\/strong> \u2013 leicht, bruchsicher &amp; stylisch<\/p>\n<\/li>\n<li class=\"\" data-start=\"1376\" data-end=\"1458\">\n<p class=\"\" data-start=\"1378\" data-end=\"1458\">\ud83e\udd64 <strong data-start=\"1381\" data-end=\"1405\">Multitasking-Meister<\/strong> \u2013 ob Eiskaffee, Ros\u00e9 oder Wasser f\u00fcr Zwischendurch<\/p>\n<\/li>\n<li class=\"\" data-start=\"1459\" data-end=\"1520\">\n<p class=\"\" data-start=\"1461\" data-end=\"1520\">\u267b\ufe0f <strong data-start=\"1464\" data-end=\"1488\">Nachhaltig unterwegs<\/strong> \u2013 f\u00fcr Umweltbewusste mit Stil<\/p>\n<\/li>\n<li class=\"\" data-start=\"1521\" data-end=\"1605\">\n<p class=\"\" data-start=\"1523\" data-end=\"1605\">\ud83c\udf81 <strong data-start=\"1526\" data-end=\"1553\">Tolles Erinnerungsst\u00fcck<\/strong> f\u00fcr Festivalteilnehmer:innen oder zum Verschenken<\/p>\n<\/li>\n<li class=\"\" data-start=\"1606\" data-end=\"1669\">\n<p class=\"\" data-start=\"1608\" data-end=\"1669\">\ud83c\udf08 <strong data-start=\"1611\" data-end=\"1632\">Langlebiger Druck<\/strong> \u2013 kein Verblassen, kein Abbl\u00e4ttern<\/p>\n<\/li>\n<\/ul>\n<hr class=\"\" data-start=\"1671\" data-end=\"1674\" \/>\n<h3 class=\"\" data-start=\"1676\" data-end=\"1694\">\ud83d\udca1 Fun Fact:<\/h3>\n<p class=\"\" data-start=\"1695\" data-end=\"1889\">Beim DogWoodstock 2024 traf sich eine riesige Tierliebhaber-Community \u2013 mit ganz vielen Hunden, Musik, Liebe &amp; tollen Menschen. Dieser Becher bringt dir ein St\u00fcck Festival-Feeling in den Alltag.<\/p>","protected":false},"excerpt":{"rendered":"<p>\ud83d\udc36\ud83c\udf3c DogWoodstock 2024 Becher \u2013 F\u00fcr alle, die mit der Pfote vorn tanzen Der perfekte Begleiter f\u00fcr Festivalfreunde auf vier und zwei Beinen. Ob du live dabei warst oder einfach Teil dieser wunderbaren Community bist \u2013 dieser Becher ist eine Hommage an das erste gro\u00dfe DogWoodstock-Festival 2024. Liebe, Fell und Festival-Feeling to go! \ud83d\udcac Motiv: [&hellip;]<\/p>","protected":false},"featured_media":11973,"comment_status":"open","ping_status":"closed","template":"","meta":{"give_campaign_id":0,"product_produkt-link-pod-manuell":"","product_produktname-pod-manuell":"428. 12oz Egg Shaped Insulated Wine Tumbler"},"product_meine-kategorie":[731,800,799,602],"product_mypod":[625],"product_meinemotivart":[714],"product_meinepersonalisierung":[],"product_mydesign":[645,653],"product_mymodelle_hunde":[],"product_mymodelle_schuhe":[],"product_myslogan":[],"product_mytodo":[693,696,698,702,704],"product_brand":[],"product_cat":[357],"product_tag":[],"shop_modelle":[],"wf_product_folders":[733,732,806,805,355],"class_list":{"0":"post-11952","1":"product","2":"type-product","3":"status-publish","4":"has-post-thumbnail","6":"product_meine-kategorie-getranke","7":"product_meine-kategorie-to-go-becher","8":"product_meine-kategorie-unterwegs-2","9":"product_meine-kategorie-wohnen","10":"product_mypod-jetprint-app","11":"product_meinemotivart-druck","12":"product_mydesign-dogwoodstock","13":"product_mydesign-dogwoodstock-schrift-e","14":"product_mytodo-_feddisch","15":"product_mytodo-designs_done","16":"product_mytodo-kategorien_done","17":"product_mytodo-personalisierung_done","18":"product_mytodo-translation_done","19":"product_cat-wohnen","20":"pa_farbe-dunkellila","21":"pa_farbe-mokka","22":"pa_farbe-navy","23":"pa_farbe-pastellturkis","24":"pa_farbe-pink","25":"pa_farbe-rot","26":"pa_farbe-schwarz","27":"pa_farbe-weis","28":"pa_fassungsvermogen-12oz-oder-350ml","30":"first","31":"instock","32":"taxable","33":"shipping-taxable","34":"purchasable","35":"product-type-variable"},"jetpack_sharing_enabled":true,"jetpack_likes_enabled":true,"_links":{"self":[{"href":"https:\/\/derrudelshop.de\/en\/wp-json\/wp\/v2\/product\/11952","targetHints":{"allow":["GET"]}}],"collection":[{"href":"https:\/\/derrudelshop.de\/en\/wp-json\/wp\/v2\/product"}],"about":[{"href":"https:\/\/derrudelshop.de\/en\/wp-json\/wp\/v2\/types\/product"}],"replies":[{"embeddable":true,"href":"https:\/\/derrudelshop.de\/en\/wp-json\/wp\/v2\/comments?post=11952"}],"version-history":[{"count":0,"href":"https:\/\/derrudelshop.de\/en\/wp-json\/wp\/v2\/product\/11952\/revisions"}],"wp:featuredmedia":[{"embeddable":true,"href":"https:\/\/derrudelshop.de\/en\/wp-json\/wp\/v2\/media\/11973"}],"wp:attachment":[{"href":"https:\/\/derrudelshop.de\/en\/wp-json\/wp\/v2\/media?parent=11952"}],"wp:term":[{"taxonomy":"product_meine-kategorie","embeddable":true,"href":"https:\/\/derrudelshop.de\/en\/wp-json\/wp\/v2\/product_meine-kategorie?post=11952"},{"taxonomy":"product_mypod","embeddable":true,"href":"https:\/\/derrudelshop.de\/en\/wp-json\/wp\/v2\/product_mypod?post=11952"},{"taxonomy":"product_meinemotivart","embeddable":true,"href":"https:\/\/derrudelshop.de\/en\/wp-json\/wp\/v2\/product_meinemotivart?post=11952"},{"taxonomy":"product_meinepersonalisierung","embeddable":true,"href":"https:\/\/derrudelshop.de\/en\/wp-json\/wp\/v2\/product_meinepersonalisierung?post=11952"},{"taxonomy":"product_mydesign","embeddable":true,"href":"https:\/\/derrudelshop.de\/en\/wp-json\/wp\/v2\/product_mydesign?post=11952"},{"taxonomy":"product_mymodelle_hunde","embeddable":true,"href":"https:\/\/derrudelshop.de\/en\/wp-json\/wp\/v2\/product_mymodelle_hunde?post=11952"},{"taxonomy":"product_mymodelle_schuhe","embeddable":true,"href":"https:\/\/derrudelshop.de\/en\/wp-json\/wp\/v2\/product_mymodelle_schuhe?post=11952"},{"taxonomy":"product_myslogan","embeddable":true,"href":"https:\/\/derrudelshop.de\/en\/wp-json\/wp\/v2\/product_myslogan?post=11952"},{"taxonomy":"product_mytodo","embeddable":true,"href":"https:\/\/derrudelshop.de\/en\/wp-json\/wp\/v2\/product_mytodo?post=11952"},{"taxonomy":"product_brand","embeddable":true,"href":"https:\/\/derrudelshop.de\/en\/wp-json\/wp\/v2\/product_brand?post=11952"},{"taxonomy":"product_cat","embeddable":true,"href":"https:\/\/derrudelshop.de\/en\/wp-json\/wp\/v2\/product_cat?post=11952"},{"taxonomy":"product_tag","embeddable":true,"href":"https:\/\/derrudelshop.de\/en\/wp-json\/wp\/v2\/product_tag?post=11952"},{"taxonomy":"shop_modelle","embeddable":true,"href":"https:\/\/derrudelshop.de\/en\/wp-json\/wp\/v2\/shop_modelle?post=11952"},{"taxonomy":"wf_product_folders","embeddable":true,"href":"https:\/\/derrudelshop.de\/en\/wp-json\/wp\/v2\/wf_product_folders?post=11952"}],"curies":[{"name":"wp","href":"https:\/\/api.w.org\/{rel}","templated":true}]}}