{"id":12157,"date":"2025-04-22T12:59:00","date_gmt":"2025-04-22T12:59:00","guid":{"rendered":"https:\/\/derrudelshop.de\/?post_type=product&#038;p=12157"},"modified":"2025-04-27T16:38:12","modified_gmt":"2025-04-27T16:38:12","slug":"das-twitterrudel-backbuch","status":"publish","type":"product","link":"https:\/\/derrudelshop.de\/en\/product\/das-twitterrudel-backbuch\/","title":{"rendered":"Das Twitterrudel Backbuch"},"content":{"rendered":"<p class=\"p1\"><b>Moin liepe Pfreunde im #Twitterrudel \u2026<\/b><\/p>\n<p class=\"p2\">\u2026 so beginnt jeder Morgen f\u00fcr Linus, Cooper und mich im Twitterrudel. Dieser einzigartige<\/p>\n<p class=\"p2\">Ort in den Weiten des Internets. Hier wird zusammen gelacht, geweint, man trauert<\/p>\n<p class=\"p2\">gemeinsam und man begr\u00fc\u00dft jedes neue Rudelmitglied mit einer enorm gro\u00dfen Portion<\/p>\n<p class=\"p2\">an Keksen!<\/p>\n<p class=\"p3\"><b>Warum diese nicht selber backen fragte ich mich?<\/b><\/p>\n<p class=\"p2\">Man br\u00e4uchte eine Rezeptsammlung, aber wir fragen doch lieber erst mal das Twitter-<\/p>\n<p class=\"p2\">rudel, ob hierf\u00fcr \u00fcberhaupt Bedarf besteht. Also startete ich am 29.03.2025 eine Umfrage<\/p>\n<p class=\"p2\">im Twitterrudel. \u00dcber 92 % von den mehr als 70 Teilnehmern finden die Idee cool &#8230;. Na dann&#8230;<\/p>","protected":false},"excerpt":{"rendered":"<p>Moin liepe Pfreunde im #Twitterrudel \u2026 \u2026 so beginnt jeder Morgen f\u00fcr Linus, Cooper und mich im Twitterrudel. Dieser einzigartige Ort in den Weiten des Internets. Hier wird zusammen gelacht, geweint, man trauert gemeinsam und man begr\u00fc\u00dft jedes neue Rudelmitglied mit einer enorm gro\u00dfen Portion an Keksen! Warum diese nicht selber backen fragte ich mich? [&hellip;]<\/p>","protected":false},"featured_media":12158,"comment_status":"open","ping_status":"closed","template":"","meta":{"give_campaign_id":0,"product_produkt-link-pod-manuell":"","product_produktname-pod-manuell":""},"product_meine-kategorie":[830],"product_mypod":[],"product_meinemotivart":[],"product_meinepersonalisierung":[],"product_mydesign":[],"product_mymodelle_hunde":[],"product_mymodelle_schuhe":[],"product_myslogan":[],"product_mytodo":[693],"product_brand":[],"product_cat":[829],"product_tag":[],"shop_modelle":[],"wf_product_folders":[831],"class_list":{"0":"post-12157","1":"product","2":"type-product","3":"status-publish","4":"has-post-thumbnail","6":"product_meine-kategorie-downloadables","7":"product_mytodo-_feddisch","8":"product_cat-downloadables","10":"first","11":"instock","12":"featured","13":"downloadable","14":"virtual","15":"taxable","16":"purchasable","17":"product-type-simple"},"jetpack_sharing_enabled":true,"jetpack_likes_enabled":true,"_links":{"self":[{"href":"https:\/\/derrudelshop.de\/en\/wp-json\/wp\/v2\/product\/12157","targetHints":{"allow":["GET"]}}],"collection":[{"href":"https:\/\/derrudelshop.de\/en\/wp-json\/wp\/v2\/product"}],"about":[{"href":"https:\/\/derrudelshop.de\/en\/wp-json\/wp\/v2\/types\/product"}],"replies":[{"embeddable":true,"href":"https:\/\/derrudelshop.de\/en\/wp-json\/wp\/v2\/comments?post=12157"}],"version-history":[{"count":0,"href":"https:\/\/derrudelshop.de\/en\/wp-json\/wp\/v2\/product\/12157\/revisions"}],"wp:featuredmedia":[{"embeddable":true,"href":"https:\/\/derrudelshop.de\/en\/wp-json\/wp\/v2\/media\/12158"}],"wp:attachment":[{"href":"https:\/\/derrudelshop.de\/en\/wp-json\/wp\/v2\/media?parent=12157"}],"wp:term":[{"taxonomy":"product_meine-kategorie","embeddable":true,"href":"https:\/\/derrudelshop.de\/en\/wp-json\/wp\/v2\/product_meine-kategorie?post=12157"},{"taxonomy":"product_mypod","embeddable":true,"href":"https:\/\/derrudelshop.de\/en\/wp-json\/wp\/v2\/product_mypod?post=12157"},{"taxonomy":"product_meinemotivart","embeddable":true,"href":"https:\/\/derrudelshop.de\/en\/wp-json\/wp\/v2\/product_meinemotivart?post=12157"},{"taxonomy":"product_meinepersonalisierung","embeddable":true,"href":"https:\/\/derrudelshop.de\/en\/wp-json\/wp\/v2\/product_meinepersonalisierung?post=12157"},{"taxonomy":"product_mydesign","embeddable":true,"href":"https:\/\/derrudelshop.de\/en\/wp-json\/wp\/v2\/product_mydesign?post=12157"},{"taxonomy":"product_mymodelle_hunde","embeddable":true,"href":"https:\/\/derrudelshop.de\/en\/wp-json\/wp\/v2\/product_mymodelle_hunde?post=12157"},{"taxonomy":"product_mymodelle_schuhe","embeddable":true,"href":"https:\/\/derrudelshop.de\/en\/wp-json\/wp\/v2\/product_mymodelle_schuhe?post=12157"},{"taxonomy":"product_myslogan","embeddable":true,"href":"https:\/\/derrudelshop.de\/en\/wp-json\/wp\/v2\/product_myslogan?post=12157"},{"taxonomy":"product_mytodo","embeddable":true,"href":"https:\/\/derrudelshop.de\/en\/wp-json\/wp\/v2\/product_mytodo?post=12157"},{"taxonomy":"product_brand","embeddable":true,"href":"https:\/\/derrudelshop.de\/en\/wp-json\/wp\/v2\/product_brand?post=12157"},{"taxonomy":"product_cat","embeddable":true,"href":"https:\/\/derrudelshop.de\/en\/wp-json\/wp\/v2\/product_cat?post=12157"},{"taxonomy":"product_tag","embeddable":true,"href":"https:\/\/derrudelshop.de\/en\/wp-json\/wp\/v2\/product_tag?post=12157"},{"taxonomy":"shop_modelle","embeddable":true,"href":"https:\/\/derrudelshop.de\/en\/wp-json\/wp\/v2\/shop_modelle?post=12157"},{"taxonomy":"wf_product_folders","embeddable":true,"href":"https:\/\/derrudelshop.de\/en\/wp-json\/wp\/v2\/wf_product_folders?post=12157"}],"curies":[{"name":"wp","href":"https:\/\/api.w.org\/{rel}","templated":true}]}}