{"id":1301,"date":"2025-02-21T00:27:00","date_gmt":"2025-02-21T00:27:00","guid":{"rendered":"https:\/\/derrudelshop.de\/product\/autumn-and-winter-pet-supplies-cat-litter-dog-pad-high-quality-linen-proof-plush-quilted-liner-comfortable-pet-sofa-bed-car-mat\/"},"modified":"2025-04-22T12:16:46","modified_gmt":"2025-04-22T12:16:46","slug":"autumn-and-winter-pet-supplies-cat-litter-dog-pad-high-quality-linen-proof-plush-quilted-liner-comfortable-pet-sofa-bed-car-mat","status":"publish","type":"product","link":"https:\/\/derrudelshop.de\/en\/product\/autumn-and-winter-pet-supplies-cat-litter-dog-pad-high-quality-linen-proof-plush-quilted-liner-comfortable-pet-sofa-bed-car-mat\/","title":{"rendered":"Kuschel-Oase f\u00fcr Fellnasen \u2013 Dein neues Lieblings-Sofa"},"content":{"rendered":"<p>Verwandle dein Zuhause in eine Wohlf\u00fchl-Oase f\u00fcr deine Fellnasen mit unserem Sofa-Kuschelbett! Dieses superweiche und gem\u00fctliche Bettchen bietet Hunden und Katzen den perfekten R\u00fcckzugsort. Hergestellt aus hochwertigen Materialien, sorgt es daf\u00fcr, dass sich dein Tier rundum wohlf\u00fchlt. Das elegante Design, das an ein gem\u00fctliches Sofa erinnert, l\u00e4dt zum Ausstrecken und Entspannen ein. Mit leicht erh\u00f6hten R\u00e4ndern bietet es Geborgenheit und Sicherheit. Au\u00dferdem ist das Bett pflegeleicht und in stilvollen Farben erh\u00e4ltlich \u2013 passend zu deiner Einrichtung. Lass deinen Liebling in den Genuss von kuscheligem Komfort kommen!<\/p>","protected":false},"excerpt":{"rendered":"<p>Verwandle dein Zuhause in eine Wohlf\u00fchl-Oase f\u00fcr deine Fellnasen mit unserem Sofa-Kuschelbett! Dieses superweiche und gem\u00fctliche Bettchen bietet Hunden und Katzen den perfekten R\u00fcckzugsort. Hergestellt aus hochwertigen Materialien, sorgt es daf\u00fcr, dass sich dein Tier rundum wohlf\u00fchlt. Das elegante Design, das an ein gem\u00fctliches Sofa erinnert, l\u00e4dt zum Ausstrecken und Entspannen ein. Mit leicht erh\u00f6hten [&hellip;]<\/p>","protected":false},"featured_media":1295,"comment_status":"open","ping_status":"closed","template":"","meta":{"give_campaign_id":0,"product_produkt-link-pod-manuell":"","product_produktname-pod-manuell":""},"product_meine-kategorie":[577,576,575],"product_mypod":[623],"product_meinemotivart":[],"product_meinepersonalisierung":[],"product_mydesign":[],"product_mymodelle_hunde":[],"product_mymodelle_schuhe":[],"product_myslogan":[],"product_mytodo":[693,698,702,704],"product_brand":[],"product_cat":[349],"product_tag":[],"shop_modelle":[],"wf_product_folders":[365,360,359],"class_list":{"0":"post-1301","1":"product","2":"type-product","3":"status-publish","4":"has-post-thumbnail","6":"product_meine-kategorie-betten","7":"product_meine-kategorie-betten-decken","8":"product_meine-kategorie-vierbeiner","9":"product_mypod-eprolo","10":"product_mytodo-_feddisch","11":"product_mytodo-kategorien_done","12":"product_mytodo-personalisierung_done","13":"product_mytodo-translation_done","14":"product_cat-vierbeiner","16":"first","17":"instock","18":"taxable","19":"shipping-taxable","20":"purchasable","21":"product-type-variable"},"jetpack_sharing_enabled":true,"jetpack_likes_enabled":true,"_links":{"self":[{"href":"https:\/\/derrudelshop.de\/en\/wp-json\/wp\/v2\/product\/1301","targetHints":{"allow":["GET"]}}],"collection":[{"href":"https:\/\/derrudelshop.de\/en\/wp-json\/wp\/v2\/product"}],"about":[{"href":"https:\/\/derrudelshop.de\/en\/wp-json\/wp\/v2\/types\/product"}],"replies":[{"embeddable":true,"href":"https:\/\/derrudelshop.de\/en\/wp-json\/wp\/v2\/comments?post=1301"}],"version-history":[{"count":0,"href":"https:\/\/derrudelshop.de\/en\/wp-json\/wp\/v2\/product\/1301\/revisions"}],"wp:featuredmedia":[{"embeddable":true,"href":"https:\/\/derrudelshop.de\/en\/wp-json\/wp\/v2\/media\/1295"}],"wp:attachment":[{"href":"https:\/\/derrudelshop.de\/en\/wp-json\/wp\/v2\/media?parent=1301"}],"wp:term":[{"taxonomy":"product_meine-kategorie","embeddable":true,"href":"https:\/\/derrudelshop.de\/en\/wp-json\/wp\/v2\/product_meine-kategorie?post=1301"},{"taxonomy":"product_mypod","embeddable":true,"href":"https:\/\/derrudelshop.de\/en\/wp-json\/wp\/v2\/product_mypod?post=1301"},{"taxonomy":"product_meinemotivart","embeddable":true,"href":"https:\/\/derrudelshop.de\/en\/wp-json\/wp\/v2\/product_meinemotivart?post=1301"},{"taxonomy":"product_meinepersonalisierung","embeddable":true,"href":"https:\/\/derrudelshop.de\/en\/wp-json\/wp\/v2\/product_meinepersonalisierung?post=1301"},{"taxonomy":"product_mydesign","embeddable":true,"href":"https:\/\/derrudelshop.de\/en\/wp-json\/wp\/v2\/product_mydesign?post=1301"},{"taxonomy":"product_mymodelle_hunde","embeddable":true,"href":"https:\/\/derrudelshop.de\/en\/wp-json\/wp\/v2\/product_mymodelle_hunde?post=1301"},{"taxonomy":"product_mymodelle_schuhe","embeddable":true,"href":"https:\/\/derrudelshop.de\/en\/wp-json\/wp\/v2\/product_mymodelle_schuhe?post=1301"},{"taxonomy":"product_myslogan","embeddable":true,"href":"https:\/\/derrudelshop.de\/en\/wp-json\/wp\/v2\/product_myslogan?post=1301"},{"taxonomy":"product_mytodo","embeddable":true,"href":"https:\/\/derrudelshop.de\/en\/wp-json\/wp\/v2\/product_mytodo?post=1301"},{"taxonomy":"product_brand","embeddable":true,"href":"https:\/\/derrudelshop.de\/en\/wp-json\/wp\/v2\/product_brand?post=1301"},{"taxonomy":"product_cat","embeddable":true,"href":"https:\/\/derrudelshop.de\/en\/wp-json\/wp\/v2\/product_cat?post=1301"},{"taxonomy":"product_tag","embeddable":true,"href":"https:\/\/derrudelshop.de\/en\/wp-json\/wp\/v2\/product_tag?post=1301"},{"taxonomy":"shop_modelle","embeddable":true,"href":"https:\/\/derrudelshop.de\/en\/wp-json\/wp\/v2\/shop_modelle?post=1301"},{"taxonomy":"wf_product_folders","embeddable":true,"href":"https:\/\/derrudelshop.de\/en\/wp-json\/wp\/v2\/wf_product_folders?post=1301"}],"curies":[{"name":"wp","href":"https:\/\/api.w.org\/{rel}","templated":true}]}}