{"id":1399,"date":"2025-03-23T16:56:00","date_gmt":"2025-03-23T16:56:00","guid":{"rendered":"https:\/\/derrudelshop.de\/product\/pfotchenzauber-fur-deine-finger-%e2%9c%a8\/"},"modified":"2025-04-26T10:34:36","modified_gmt":"2025-04-26T10:34:36","slug":"pfotchenzauber-fur-deine-finger-%e2%9c%a8","status":"publish","type":"product","link":"https:\/\/derrudelshop.de\/en\/product\/pfotchenzauber-fur-deine-finger-%e2%9c%a8\/","title":{"rendered":"Pf\u00f6tchenzauber f\u00fcr deine Finger! \u2728"},"content":{"rendered":"<p>M\u00f6chtest du ein Schmuckst\u00fcck, das deine Liebe zu deinem Hund oder deiner Katze zeigt? Dann ist dieser Pf\u00f6tchen-Ring genau das Richtige f\u00fcr dich! Er ist nicht nur super s\u00fc\u00df, sondern auch ein tolles Accessoire f\u00fcr jeden Tag.<\/p>\n<p><strong>Was macht diesen Ring so besonders?<\/strong><\/p>\n<ul>\n<li><strong>Niedliches Design:<\/strong> W\u00e4hle zwischen Katzenohren oder Pfotenabdr\u00fccken \u2013 ein echter Hingucker!<\/li>\n<li><strong>Gr\u00f6\u00dfenverstellbar:<\/strong> Passt sich jedem Finger an \u2013 super praktisch!<\/li>\n<li><strong>Modischer Hingucker:<\/strong> Ein tolles Accessoire f\u00fcr jeden Tag. \u2728<\/li>\n<li><strong>Perfektes Geschenk:<\/strong> \u00dcberrasche deine tierliebe Freundin, Schwester oder Mama mit diesem s\u00fc\u00dfen Ring!<\/li>\n<\/ul>\n<p><strong>Produktdetails:<\/strong><\/p>\n<ul>\n<li><strong>Material:<\/strong> Modeschmuck (Zink- oder Kupferlegierung)<\/li>\n<li><strong>Design:<\/strong> Katzenohren oder Pfotenabdr\u00fccke<\/li>\n<li><strong>Gr\u00f6\u00dfe:<\/strong> Gr\u00f6\u00dfenverstellbar<\/li>\n<li><strong>Gewicht:<\/strong> 1,6 Gramm<\/li>\n<li><strong>Breite:<\/strong> 6 mm (Katzenohren), 3 mm (Pfotenabdr\u00fccke)<\/li>\n<\/ul>\n<p><strong>Pflegehinweise:<\/strong><\/p>\n<p>Damit dein Ring lange sch\u00f6n bleibt, empfehlen wir, ihn vor dem Duschen, Schwimmen oder Sport abzunehmen. Bewahre ihn am besten in einem Schmuckk\u00e4stchen oder einem weichen Beutel auf, um Kratzer zu vermeiden.<\/p>\n<p><strong>Hol dir jetzt diesen s\u00fc\u00dfen Pf\u00f6tchen-Ring und zeige deine Tierliebe!<\/strong><\/p>\n<p style=\"text-align: center;\"><img decoding=\"async\" title=\"8CAEDC32CA4F4809CB182254E8B8E9D0.jpg\" src=\"https:\/\/shopifyfile.oss-us-west-1.aliyuncs.com\/attached\/image\/201808\/8CAEDC32CA4F4809CB182254E8B8E9D0.jpg\" alt=\"QQ\u622a\u56fe20180815155033.jpg\" \/><\/p>","protected":false},"excerpt":{"rendered":"<p>M\u00f6chtest du ein Schmuckst\u00fcck, das deine Liebe zu deinem Hund oder deiner Katze zeigt? Dann ist dieser Pf\u00f6tchen-Ring genau das Richtige f\u00fcr dich! Er ist nicht nur super s\u00fc\u00df, sondern auch ein tolles Accessoire f\u00fcr jeden Tag. Was macht diesen Ring so besonders? Niedliches Design: W\u00e4hle zwischen Katzenohren oder Pfotenabdr\u00fccken \u2013 ein echter Hingucker! Gr\u00f6\u00dfenverstellbar: [&hellip;]<\/p>","protected":false},"featured_media":1395,"comment_status":"open","ping_status":"closed","template":"","meta":{"give_campaign_id":0,"product_produkt-link-pod-manuell":"","product_produktname-pod-manuell":""},"product_meine-kategorie":[558,814,557,551],"product_mypod":[623],"product_meinemotivart":[],"product_meinepersonalisierung":[],"product_mydesign":[],"product_mymodelle_hunde":[],"product_mymodelle_schuhe":[],"product_myslogan":[],"product_mytodo":[693,698,702,704],"product_brand":[],"product_cat":[38,39],"product_tag":[383,384],"shop_modelle":[],"wf_product_folders":[352,373,372],"class_list":{"0":"post-1399","1":"product","2":"type-product","3":"status-publish","4":"has-post-thumbnail","6":"product_meine-kategorie-grosenverstellbar","7":"product_meine-kategorie-modeschmuck","8":"product_meine-kategorie-ringe","9":"product_meine-kategorie-schmuck","10":"product_mypod-eprolo","11":"product_mytodo-_feddisch","12":"product_mytodo-kategorien_done","13":"product_mytodo-personalisierung_done","14":"product_mytodo-translation_done","15":"product_cat-accessoires","16":"product_cat-schmuck","17":"product_tag-hunde","18":"product_tag-katzen","20":"first","21":"instock","22":"taxable","23":"shipping-taxable","24":"purchasable","25":"product-type-variable"},"jetpack_sharing_enabled":true,"jetpack_likes_enabled":true,"_links":{"self":[{"href":"https:\/\/derrudelshop.de\/en\/wp-json\/wp\/v2\/product\/1399","targetHints":{"allow":["GET"]}}],"collection":[{"href":"https:\/\/derrudelshop.de\/en\/wp-json\/wp\/v2\/product"}],"about":[{"href":"https:\/\/derrudelshop.de\/en\/wp-json\/wp\/v2\/types\/product"}],"replies":[{"embeddable":true,"href":"https:\/\/derrudelshop.de\/en\/wp-json\/wp\/v2\/comments?post=1399"}],"version-history":[{"count":0,"href":"https:\/\/derrudelshop.de\/en\/wp-json\/wp\/v2\/product\/1399\/revisions"}],"wp:featuredmedia":[{"embeddable":true,"href":"https:\/\/derrudelshop.de\/en\/wp-json\/wp\/v2\/media\/1395"}],"wp:attachment":[{"href":"https:\/\/derrudelshop.de\/en\/wp-json\/wp\/v2\/media?parent=1399"}],"wp:term":[{"taxonomy":"product_meine-kategorie","embeddable":true,"href":"https:\/\/derrudelshop.de\/en\/wp-json\/wp\/v2\/product_meine-kategorie?post=1399"},{"taxonomy":"product_mypod","embeddable":true,"href":"https:\/\/derrudelshop.de\/en\/wp-json\/wp\/v2\/product_mypod?post=1399"},{"taxonomy":"product_meinemotivart","embeddable":true,"href":"https:\/\/derrudelshop.de\/en\/wp-json\/wp\/v2\/product_meinemotivart?post=1399"},{"taxonomy":"product_meinepersonalisierung","embeddable":true,"href":"https:\/\/derrudelshop.de\/en\/wp-json\/wp\/v2\/product_meinepersonalisierung?post=1399"},{"taxonomy":"product_mydesign","embeddable":true,"href":"https:\/\/derrudelshop.de\/en\/wp-json\/wp\/v2\/product_mydesign?post=1399"},{"taxonomy":"product_mymodelle_hunde","embeddable":true,"href":"https:\/\/derrudelshop.de\/en\/wp-json\/wp\/v2\/product_mymodelle_hunde?post=1399"},{"taxonomy":"product_mymodelle_schuhe","embeddable":true,"href":"https:\/\/derrudelshop.de\/en\/wp-json\/wp\/v2\/product_mymodelle_schuhe?post=1399"},{"taxonomy":"product_myslogan","embeddable":true,"href":"https:\/\/derrudelshop.de\/en\/wp-json\/wp\/v2\/product_myslogan?post=1399"},{"taxonomy":"product_mytodo","embeddable":true,"href":"https:\/\/derrudelshop.de\/en\/wp-json\/wp\/v2\/product_mytodo?post=1399"},{"taxonomy":"product_brand","embeddable":true,"href":"https:\/\/derrudelshop.de\/en\/wp-json\/wp\/v2\/product_brand?post=1399"},{"taxonomy":"product_cat","embeddable":true,"href":"https:\/\/derrudelshop.de\/en\/wp-json\/wp\/v2\/product_cat?post=1399"},{"taxonomy":"product_tag","embeddable":true,"href":"https:\/\/derrudelshop.de\/en\/wp-json\/wp\/v2\/product_tag?post=1399"},{"taxonomy":"shop_modelle","embeddable":true,"href":"https:\/\/derrudelshop.de\/en\/wp-json\/wp\/v2\/shop_modelle?post=1399"},{"taxonomy":"wf_product_folders","embeddable":true,"href":"https:\/\/derrudelshop.de\/en\/wp-json\/wp\/v2\/wf_product_folders?post=1399"}],"curies":[{"name":"wp","href":"https:\/\/api.w.org\/{rel}","templated":true}]}}