{"id":1419,"date":"2025-03-23T17:15:00","date_gmt":"2025-03-23T17:15:00","guid":{"rendered":"https:\/\/derrudelshop.de\/product\/pfotchengluck-zum-umhangen-%e2%9c%a8\/"},"modified":"2025-04-22T12:23:29","modified_gmt":"2025-04-22T12:23:29","slug":"pfotchengluck-zum-umhangen-%e2%9c%a8","status":"publish","type":"product","link":"https:\/\/derrudelshop.de\/en\/product\/pfotchengluck-zum-umhangen-%e2%9c%a8\/","title":{"rendered":"Pf\u00f6tchengl\u00fcck zum Umh\u00e4ngen! \u2728"},"content":{"rendered":"<p data-sourcepos=\"13:1-13:227\">M\u00f6chtest du ein Schmuckst\u00fcck, das deine Liebe zu deinem Hund oder deiner Katze zeigt? Dann ist diese Pf\u00f6tchen-Halskette genau das Richtige f\u00fcr dich! Sie ist nicht nur super s\u00fc\u00df, sondern auch ein tolles Accessoire f\u00fcr jeden Tag.<\/p>\n<p data-sourcepos=\"15:1-15:43\"><strong>Was macht diese Halskette so besonders?<\/strong><\/p>\n<ul data-sourcepos=\"17:1-20:0\">\n<li data-sourcepos=\"17:1-17:75\"><strong>Niedliches Design:<\/strong> Der kleine Pfotenabdruck ist ein echter Hingucker!<\/li>\n<li data-sourcepos=\"18:1-18:65\"><strong>Modischer Hingucker:<\/strong> Ein tolles Accessoire f\u00fcr jeden Tag. \u2728<\/li>\n<li data-sourcepos=\"19:1-20:0\"><strong>Perfektes Geschenk:<\/strong> \u00dcberrasche deine tierliebe Freundin, Schwester oder Mama mit dieser s\u00fc\u00dfen Halskette!<\/li>\n<\/ul>\n<p data-sourcepos=\"21:1-21:19\"><strong>Produktdetails:<\/strong><\/p>\n<ul data-sourcepos=\"23:1-27:0\">\n<li data-sourcepos=\"23:1-23:43\"><strong>Material:<\/strong> Modeschmuck (Zinklegierung)<\/li>\n<li data-sourcepos=\"24:1-24:27\"><strong>Design:<\/strong> Pfotenabdruck<\/li>\n<li data-sourcepos=\"25:1-25:37\"><strong>Verschluss:<\/strong> Karabinerverschluss<\/li>\n<\/ul>\n<p data-sourcepos=\"28:1-28:19\"><strong>Pflegehinweise:<\/strong><\/p>\n<p data-sourcepos=\"30:1-30:213\">Damit deine Halskette lange sch\u00f6n bleibt, empfehlen wir, sie vor dem Duschen, Schwimmen oder Sport abzunehmen. Bewahre sie am besten in einem Schmuckk\u00e4stchen oder einem weichen Beutel auf, um Kratzer zu vermeiden.<\/p>\n<p data-sourcepos=\"32:1-32:79\"><strong>Hol dir jetzt diese s\u00fc\u00dfe Pf\u00f6tchen-Halskette und zeige deine Tierliebe!<\/strong> \ud83d\udc3e\ud83d\udc96<\/p>\n<p data-sourcepos=\"32:1-32:79\">","protected":false},"excerpt":{"rendered":"<p>M\u00f6chtest du ein Schmuckst\u00fcck, das deine Liebe zu deinem Hund oder deiner Katze zeigt? Dann ist diese Pf\u00f6tchen-Halskette genau das Richtige f\u00fcr dich! Sie ist nicht nur super s\u00fc\u00df, sondern auch ein tolles Accessoire f\u00fcr jeden Tag. Was macht diese Halskette so besonders? Niedliches Design: Der kleine Pfotenabdruck ist ein echter Hingucker! Modischer Hingucker: Ein [&hellip;]<\/p>","protected":false},"featured_media":1412,"comment_status":"open","ping_status":"closed","template":"","meta":{"give_campaign_id":0,"product_produkt-link-pod-manuell":"","product_produktname-pod-manuell":""},"product_meine-kategorie":[555,814,551],"product_mypod":[623],"product_meinemotivart":[],"product_meinepersonalisierung":[],"product_mydesign":[],"product_mymodelle_hunde":[],"product_mymodelle_schuhe":[],"product_myslogan":[],"product_mytodo":[693,698,702,704],"product_brand":[],"product_cat":[38,39],"product_tag":[383,384],"shop_modelle":[],"wf_product_folders":[370,352,37],"class_list":{"0":"post-1419","1":"product","2":"type-product","3":"status-publish","4":"has-post-thumbnail","6":"product_meine-kategorie-kette","7":"product_meine-kategorie-modeschmuck","8":"product_meine-kategorie-schmuck","9":"product_mypod-eprolo","10":"product_mytodo-_feddisch","11":"product_mytodo-kategorien_done","12":"product_mytodo-personalisierung_done","13":"product_mytodo-translation_done","14":"product_cat-accessoires","15":"product_cat-schmuck","16":"product_tag-hunde","17":"product_tag-katzen","19":"first","20":"instock","21":"taxable","22":"shipping-taxable","23":"purchasable","24":"product-type-variable"},"jetpack_sharing_enabled":true,"jetpack_likes_enabled":true,"_links":{"self":[{"href":"https:\/\/derrudelshop.de\/en\/wp-json\/wp\/v2\/product\/1419","targetHints":{"allow":["GET"]}}],"collection":[{"href":"https:\/\/derrudelshop.de\/en\/wp-json\/wp\/v2\/product"}],"about":[{"href":"https:\/\/derrudelshop.de\/en\/wp-json\/wp\/v2\/types\/product"}],"replies":[{"embeddable":true,"href":"https:\/\/derrudelshop.de\/en\/wp-json\/wp\/v2\/comments?post=1419"}],"version-history":[{"count":0,"href":"https:\/\/derrudelshop.de\/en\/wp-json\/wp\/v2\/product\/1419\/revisions"}],"wp:featuredmedia":[{"embeddable":true,"href":"https:\/\/derrudelshop.de\/en\/wp-json\/wp\/v2\/media\/1412"}],"wp:attachment":[{"href":"https:\/\/derrudelshop.de\/en\/wp-json\/wp\/v2\/media?parent=1419"}],"wp:term":[{"taxonomy":"product_meine-kategorie","embeddable":true,"href":"https:\/\/derrudelshop.de\/en\/wp-json\/wp\/v2\/product_meine-kategorie?post=1419"},{"taxonomy":"product_mypod","embeddable":true,"href":"https:\/\/derrudelshop.de\/en\/wp-json\/wp\/v2\/product_mypod?post=1419"},{"taxonomy":"product_meinemotivart","embeddable":true,"href":"https:\/\/derrudelshop.de\/en\/wp-json\/wp\/v2\/product_meinemotivart?post=1419"},{"taxonomy":"product_meinepersonalisierung","embeddable":true,"href":"https:\/\/derrudelshop.de\/en\/wp-json\/wp\/v2\/product_meinepersonalisierung?post=1419"},{"taxonomy":"product_mydesign","embeddable":true,"href":"https:\/\/derrudelshop.de\/en\/wp-json\/wp\/v2\/product_mydesign?post=1419"},{"taxonomy":"product_mymodelle_hunde","embeddable":true,"href":"https:\/\/derrudelshop.de\/en\/wp-json\/wp\/v2\/product_mymodelle_hunde?post=1419"},{"taxonomy":"product_mymodelle_schuhe","embeddable":true,"href":"https:\/\/derrudelshop.de\/en\/wp-json\/wp\/v2\/product_mymodelle_schuhe?post=1419"},{"taxonomy":"product_myslogan","embeddable":true,"href":"https:\/\/derrudelshop.de\/en\/wp-json\/wp\/v2\/product_myslogan?post=1419"},{"taxonomy":"product_mytodo","embeddable":true,"href":"https:\/\/derrudelshop.de\/en\/wp-json\/wp\/v2\/product_mytodo?post=1419"},{"taxonomy":"product_brand","embeddable":true,"href":"https:\/\/derrudelshop.de\/en\/wp-json\/wp\/v2\/product_brand?post=1419"},{"taxonomy":"product_cat","embeddable":true,"href":"https:\/\/derrudelshop.de\/en\/wp-json\/wp\/v2\/product_cat?post=1419"},{"taxonomy":"product_tag","embeddable":true,"href":"https:\/\/derrudelshop.de\/en\/wp-json\/wp\/v2\/product_tag?post=1419"},{"taxonomy":"shop_modelle","embeddable":true,"href":"https:\/\/derrudelshop.de\/en\/wp-json\/wp\/v2\/shop_modelle?post=1419"},{"taxonomy":"wf_product_folders","embeddable":true,"href":"https:\/\/derrudelshop.de\/en\/wp-json\/wp\/v2\/wf_product_folders?post=1419"}],"curies":[{"name":"wp","href":"https:\/\/api.w.org\/{rel}","templated":true}]}}