{"id":14841,"date":"2025-04-24T14:30:00","date_gmt":"2025-04-24T14:30:00","guid":{"rendered":"https:\/\/derrudelshop.de\/?post_type=product&#038;p=14841"},"modified":"2025-05-04T14:37:47","modified_gmt":"2025-05-04T14:37:47","slug":"frauen-t-shirt-g2000-dogwoodstock-buhne-2-fpr","status":"publish","type":"product","link":"https:\/\/derrudelshop.de\/en\/product\/frauen-t-shirt-g2000-dogwoodstock-buhne-2-fpr\/","title":{"rendered":"Frauen T-Shirt G65000L DogWoodstock B\u00fchne 2 FPR"},"content":{"rendered":"<p>Achtung, T-Shirt f\u00e4llt klein aus<\/p>\n<p> Kompromisslos klassisch: Unser aller Lieblingskleidungsst\u00fcck in seiner femininsten Erscheinungsform. Ein absolutes Basisteil f\u00fcr jede Lebenslage.<\/p>\n<ul class=\"listMCE\">\n<li>hochwertige Verarbeitung: doppelte N\u00e4hte an den S\u00e4umen<\/li>\n<li>Rundhalsausschnitt und verk\u00fcrzte \u00c4rmel<\/li>\n<li>robuste, blickdichte Stoffqualit\u00e4t: 185g\/m\u00b2<\/li>\n<li>Material: 100% Baumwolle (Grau meliert: 85% Baumwolle, 15% Viskose)<\/li>\n<\/ul>\n<div class=\"size-table\">\n<div class=\"size-image-wrapper\"><img decoding=\"async\" src=\"https:\/\/image.spreadshirtmedia.net\/image-server\/v1\/productTypes\/631\/variants\/size?width=200&amp;height=200\" width=\"200\" height=\"200\" alt=\"Frauen T-Shirt\" \/><\/p>\n<div class=\"size-hint\">f\u00e4llt klein aus<\/div>\n<\/div>\n<div class=\"size-table-wrapper\">\n<table>\n<thead>\n<tr>\n<th><\/th>\n<th class=\"measure-name\">A<\/th>\n<th class=\"measure-name\">B<\/th>\n<th class=\"measure-name\">C<\/th>\n<\/tr>\n<\/thead>\n<tbody>\n<tr class=\"size size-2\">\n<td class=\"size-cell\">S<\/td>\n<td class=\"measure-cell measure-cell-0\">640 mm<\/td>\n<td class=\"measure-cell measure-cell-1\">410 mm<\/td>\n<td class=\"measure-cell measure-cell-2\">150 mm<\/td>\n<\/tr>\n<tr class=\"size size-3\">\n<td class=\"size-cell\">M<\/td>\n<td class=\"measure-cell measure-cell-0\">670 mm<\/td>\n<td class=\"measure-cell measure-cell-1\">430 mm<\/td>\n<td class=\"measure-cell measure-cell-2\">160 mm<\/td>\n<\/tr>\n<tr class=\"size size-4\">\n<td class=\"size-cell\">L<\/td>\n<td class=\"measure-cell measure-cell-0\">690 mm<\/td>\n<td class=\"measure-cell measure-cell-1\">470 mm<\/td>\n<td class=\"measure-cell measure-cell-2\">165 mm<\/td>\n<\/tr>\n<tr class=\"size size-5\">\n<td class=\"size-cell\">XL<\/td>\n<td class=\"measure-cell measure-cell-0\">710 mm<\/td>\n<td class=\"measure-cell measure-cell-1\">500 mm<\/td>\n<td class=\"measure-cell measure-cell-2\">170 mm<\/td>\n<\/tr>\n<tr class=\"size size-6\">\n<td class=\"size-cell\">XXL<\/td>\n<td class=\"measure-cell measure-cell-0\">720 mm<\/td>\n<td class=\"measure-cell measure-cell-1\">560 mm<\/td>\n<td class=\"measure-cell measure-cell-2\">175 mm<\/td>\n<\/tr>\n<\/tbody>\n<\/table>\n<\/div>\n<\/div>","protected":false},"excerpt":{"rendered":"<p>Achtung, T-Shirt f\u00e4llt klein aus Kompromisslos klassisch: Unser aller Lieblingskleidungsst\u00fcck in seiner femininsten Erscheinungsform. Ein absolutes Basisteil f\u00fcr jede Lebenslage. hochwertige Verarbeitung: doppelte N\u00e4hte an den S\u00e4umen Rundhalsausschnitt und verk\u00fcrzte \u00c4rmel robuste, blickdichte Stoffqualit\u00e4t: 185g\/m\u00b2 Material: 100% Baumwolle (Grau meliert: 85% Baumwolle, 15% Viskose) f\u00e4llt klein aus A B C S 640 mm 410 mm [&hellip;]<\/p>","protected":false},"featured_media":14825,"comment_status":"open","ping_status":"closed","template":"","meta":{"give_campaign_id":0,"product_produkt-link-pod-manuell":"","product_produktname-pod-manuell":""},"product_meine-kategorie":[561,563],"product_mypod":[638],"product_meinemotivart":[714],"product_meinepersonalisierung":[],"product_mydesign":[645,841,642],"product_mymodelle_hunde":[],"product_mymodelle_schuhe":[],"product_myslogan":[],"product_mytodo":[693,696,698,700,708,702,704,961],"product_brand":[],"product_cat":[334],"product_tag":[],"shop_modelle":[124],"wf_product_folders":[431,432],"class_list":{"0":"post-14841","1":"product","2":"type-product","3":"status-publish","4":"has-post-thumbnail","6":"product_meine-kategorie-kleidung","7":"product_meine-kategorie-t-shirts","8":"product_mypod-spod","9":"product_meinemotivart-druck","10":"product_mydesign-dogwoodstock","11":"product_mydesign-dogwoodstock-buhne-1-schrift-1-fpr","12":"product_mydesign-rudeltreffen","13":"product_mytodo-_feddisch","14":"product_mytodo-designs_done","15":"product_mytodo-kategorien_done","16":"product_mytodo-modelle_done","17":"product_mytodo-motivart_done","18":"product_mytodo-personalisierung_done","19":"product_mytodo-translation_done","20":"product_mytodo-zchild-parent-modell-","21":"product_cat-kleidung","22":"pa_farbe-anthrazit","23":"pa_farbe-antikblaues-saphir-meliert","24":"pa_farbe-azalea","25":"pa_farbe-beige","26":"pa_farbe-bordeaux","27":"pa_farbe-dunkellila","28":"pa_farbe-flaschengrun","29":"pa_farbe-gold","30":"pa_farbe-grau-meliert","31":"pa_farbe-graugrun","32":"pa_farbe-hellgrau-meliert","33":"pa_farbe-kelly-green","34":"pa_farbe-lavendel","35":"pa_farbe-mittelgrau","36":"pa_farbe-mokka","37":"pa_farbe-naturweis","38":"pa_farbe-navy","39":"pa_farbe-nebelblau","40":"pa_farbe-pastellturkis","41":"pa_farbe-pfirsich","42":"pa_farbe-pink","43":"pa_farbe-rosegold","44":"pa_farbe-rot","45":"pa_farbe-royalblau","46":"pa_farbe-sahara","47":"pa_farbe-schwarz","48":"pa_farbe-silber","49":"pa_farbe-tiefseeblau","50":"pa_farbe-vanille-milchshake","51":"pa_farbe-weis","52":"pa_farbe-weis-meliert","53":"pa_farbe-zitronengelb","54":"pa_groesse-07_3xl","55":"pa_groesse-08_4xl","56":"pa_groesse-04l","57":"pa_groesse-03m","58":"pa_groesse-02s","59":"pa_groesse-05xl","60":"pa_groesse-01xs","61":"pa_groesse-06xxl","62":"shop_modelle-gildan-65000l-womens-softstyle-tshirt","64":"first","65":"instock","66":"taxable","67":"shipping-taxable","68":"purchasable","69":"product-type-variable"},"jetpack_sharing_enabled":true,"jetpack_likes_enabled":true,"_links":{"self":[{"href":"https:\/\/derrudelshop.de\/en\/wp-json\/wp\/v2\/product\/14841","targetHints":{"allow":["GET"]}}],"collection":[{"href":"https:\/\/derrudelshop.de\/en\/wp-json\/wp\/v2\/product"}],"about":[{"href":"https:\/\/derrudelshop.de\/en\/wp-json\/wp\/v2\/types\/product"}],"replies":[{"embeddable":true,"href":"https:\/\/derrudelshop.de\/en\/wp-json\/wp\/v2\/comments?post=14841"}],"version-history":[{"count":0,"href":"https:\/\/derrudelshop.de\/en\/wp-json\/wp\/v2\/product\/14841\/revisions"}],"wp:featuredmedia":[{"embeddable":true,"href":"https:\/\/derrudelshop.de\/en\/wp-json\/wp\/v2\/media\/14825"}],"wp:attachment":[{"href":"https:\/\/derrudelshop.de\/en\/wp-json\/wp\/v2\/media?parent=14841"}],"wp:term":[{"taxonomy":"product_meine-kategorie","embeddable":true,"href":"https:\/\/derrudelshop.de\/en\/wp-json\/wp\/v2\/product_meine-kategorie?post=14841"},{"taxonomy":"product_mypod","embeddable":true,"href":"https:\/\/derrudelshop.de\/en\/wp-json\/wp\/v2\/product_mypod?post=14841"},{"taxonomy":"product_meinemotivart","embeddable":true,"href":"https:\/\/derrudelshop.de\/en\/wp-json\/wp\/v2\/product_meinemotivart?post=14841"},{"taxonomy":"product_meinepersonalisierung","embeddable":true,"href":"https:\/\/derrudelshop.de\/en\/wp-json\/wp\/v2\/product_meinepersonalisierung?post=14841"},{"taxonomy":"product_mydesign","embeddable":true,"href":"https:\/\/derrudelshop.de\/en\/wp-json\/wp\/v2\/product_mydesign?post=14841"},{"taxonomy":"product_mymodelle_hunde","embeddable":true,"href":"https:\/\/derrudelshop.de\/en\/wp-json\/wp\/v2\/product_mymodelle_hunde?post=14841"},{"taxonomy":"product_mymodelle_schuhe","embeddable":true,"href":"https:\/\/derrudelshop.de\/en\/wp-json\/wp\/v2\/product_mymodelle_schuhe?post=14841"},{"taxonomy":"product_myslogan","embeddable":true,"href":"https:\/\/derrudelshop.de\/en\/wp-json\/wp\/v2\/product_myslogan?post=14841"},{"taxonomy":"product_mytodo","embeddable":true,"href":"https:\/\/derrudelshop.de\/en\/wp-json\/wp\/v2\/product_mytodo?post=14841"},{"taxonomy":"product_brand","embeddable":true,"href":"https:\/\/derrudelshop.de\/en\/wp-json\/wp\/v2\/product_brand?post=14841"},{"taxonomy":"product_cat","embeddable":true,"href":"https:\/\/derrudelshop.de\/en\/wp-json\/wp\/v2\/product_cat?post=14841"},{"taxonomy":"product_tag","embeddable":true,"href":"https:\/\/derrudelshop.de\/en\/wp-json\/wp\/v2\/product_tag?post=14841"},{"taxonomy":"shop_modelle","embeddable":true,"href":"https:\/\/derrudelshop.de\/en\/wp-json\/wp\/v2\/shop_modelle?post=14841"},{"taxonomy":"wf_product_folders","embeddable":true,"href":"https:\/\/derrudelshop.de\/en\/wp-json\/wp\/v2\/wf_product_folders?post=14841"}],"curies":[{"name":"wp","href":"https:\/\/api.w.org\/{rel}","templated":true}]}}