{"id":1649,"date":"2025-03-23T18:28:00","date_gmt":"2025-03-23T18:28:00","guid":{"rendered":"https:\/\/derrudelshop.de\/product\/minimalistisches-armbandchen-fur-hunde-und-katzenfreunde-pfotchengluck-zum-wunschen-%e2%9c%a8\/"},"modified":"2025-04-22T12:23:27","modified_gmt":"2025-04-22T12:23:27","slug":"minimalistisches-armbandchen-fur-hunde-und-katzenfreunde-pfotchengluck-zum-wunschen-%e2%9c%a8","status":"publish","type":"product","link":"https:\/\/derrudelshop.de\/en\/product\/minimalistisches-armbandchen-fur-hunde-und-katzenfreunde-pfotchengluck-zum-wunschen-%e2%9c%a8\/","title":{"rendered":"Minimalistisches Armb\u00e4ndchen f\u00fcr Hunde- und Katzenfreunde Pf\u00f6tchengl\u00fcck zum W\u00fcnschen! \u2728"},"content":{"rendered":"<p data-sourcepos=\"13:1-13:252\">Dann ist dieses Pf\u00f6tchen-Armband mit Wunschkarte genau das Richtige f\u00fcr dich! Es ist ein tolles Geschenk f\u00fcr dich selbst oder deine tierlieben Freunde.<\/p>\n<p data-sourcepos=\"15:1-15:42\"><strong>Was macht dieses Armband so besonders?<\/strong><\/p>\n<ul data-sourcepos=\"17:1-22:0\">\n<li data-sourcepos=\"17:1-17:91\"><strong>S\u00fc\u00dfer Pfotenabdruck:<\/strong> Der kleine Pfotenabdruck zeigt deine Liebe zu Hunden und Katzen.<\/li>\n<li data-sourcepos=\"18:1-18:92\"><strong>Wunschkarte:<\/strong> Auf der Karte stehen liebevolle Spr\u00fcche und du kannst dir etwas w\u00fcnschen!<\/li>\n<li data-sourcepos=\"19:1-19:52\"><strong>Verstellbare Gr\u00f6\u00dfe:<\/strong> Passt an jedes Handgelenk.<\/li>\n<li data-sourcepos=\"20:1-20:54\"><strong>Verschiedene Farben:<\/strong> W\u00e4hle deine Lieblingsfarbe!<\/li>\n<li data-sourcepos=\"21:1-22:0\"><strong>Perfektes Freundschaftsgeschenk:<\/strong> Zeige deinen Freunden, wie viel sie dir bedeuten.<\/li>\n<\/ul>\n<p data-sourcepos=\"23:1-23:19\"><strong>Produktdetails:<\/strong><\/p>\n<ul data-sourcepos=\"25:1-29:0\">\n<li data-sourcepos=\"25:1-25:25\"><strong>Material:<\/strong> Legierung<\/li>\n<li data-sourcepos=\"26:1-26:39\"><strong>Farben:<\/strong> Schwarz, Wei\u00df, Gelb, Gr\u00fcn<\/li>\n<li data-sourcepos=\"27:1-27:27\"><strong>Design:<\/strong> Pfotenabdruck<\/li>\n<li data-sourcepos=\"28:1-29:0\"><strong>Verschluss:<\/strong> Verstellbarer Knotenverschluss<\/li>\n<\/ul>\n<p data-sourcepos=\"30:1-30:19\"><strong>Pflegehinweise:<\/strong><\/p>\n<p data-sourcepos=\"32:1-32:208\">Damit dein Armband lange sch\u00f6n bleibt, empfehlen wir, es vor dem Duschen, Schwimmen oder Sport abzunehmen. Bewahre es am besten in einem Schmuckk\u00e4stchen oder einem weichen Beutel auf, um Kratzer zu vermeiden.<\/p>\n<p data-sourcepos=\"34:1-34:17\"><strong>Lieferumfang:<\/strong><\/p>\n<ul data-sourcepos=\"36:1-38:0\">\n<li data-sourcepos=\"36:1-36:21\">1x Pf\u00f6tchen-Armband<\/li>\n<li data-sourcepos=\"37:1-38:0\">1x Wunschkarte<\/li>\n<\/ul>\n<p data-sourcepos=\"39:1-39:87\"><strong>Hol dir jetzt dieses s\u00fc\u00dfe Pf\u00f6tchen-Armband und lass deine W\u00fcnsche wahr werden!<\/strong> \ud83d\udc3e\ud83d\udc96<\/p>\n<p>&nbsp;<\/p>\n<p>&nbsp;<\/p>\n<p>&nbsp;<\/p>\n<p><span style=\"font-size: 18.0px;\"><img decoding=\"async\" src=\"https:\/\/ae01.alicdn.com\/kf\/HTB1yxIFalsmBKNjSZFFq6AT9VXa3.jpg\" alt=\"QQ20180206115642\" \/><img decoding=\"async\" src=\"https:\/\/ae01.alicdn.com\/kf\/HTB1R5yMcAKWBuNjy1zjq6AOypXaR.jpg\" alt=\"QQ20180206115652\" \/><img decoding=\"async\" src=\"https:\/\/ae01.alicdn.com\/kf\/HTB1D1ASafuSBuNkHFqDq6xfhVXau.jpg\" alt=\"QQ20180206115703\" \/><img decoding=\"async\" src=\"https:\/\/ae01.alicdn.com\/kf\/HTB1EzkEamcqBKNjSZFgq6x_kXXaU.jpg\" alt=\"QQ20180206115714\" \/><\/span><\/p>","protected":false},"excerpt":{"rendered":"<p>Dann ist dieses Pf\u00f6tchen-Armband mit Wunschkarte genau das Richtige f\u00fcr dich! Es ist ein tolles Geschenk f\u00fcr dich selbst oder deine tierlieben Freunde. Was macht dieses Armband so besonders? S\u00fc\u00dfer Pfotenabdruck: Der kleine Pfotenabdruck zeigt deine Liebe zu Hunden und Katzen. Wunschkarte: Auf der Karte stehen liebevolle Spr\u00fcche und du kannst dir etwas w\u00fcnschen! Verstellbare [&hellip;]<\/p>","protected":false},"featured_media":1654,"comment_status":"open","ping_status":"closed","template":"","meta":{"give_campaign_id":0,"product_produkt-link-pod-manuell":"","product_produktname-pod-manuell":""},"product_meine-kategorie":[553,560,814,551],"product_mypod":[623],"product_meinemotivart":[],"product_meinepersonalisierung":[],"product_mydesign":[],"product_mymodelle_hunde":[],"product_mymodelle_schuhe":[],"product_myslogan":[],"product_mytodo":[693,698,702,704],"product_brand":[],"product_cat":[38,368,39],"product_tag":[383,384],"shop_modelle":[],"wf_product_folders":[374,367,352],"class_list":{"0":"post-1649","1":"product","2":"type-product","3":"status-publish","4":"has-post-thumbnail","6":"product_meine-kategorie-armband","7":"product_meine-kategorie-geschenkideen","8":"product_meine-kategorie-modeschmuck","9":"product_meine-kategorie-schmuck","10":"product_mypod-eprolo","11":"product_mytodo-_feddisch","12":"product_mytodo-kategorien_done","13":"product_mytodo-personalisierung_done","14":"product_mytodo-translation_done","15":"product_cat-accessoires","16":"product_cat-geschenkideen","17":"product_cat-schmuck","18":"product_tag-hunde","19":"product_tag-katzen","21":"first","22":"instock","23":"taxable","24":"shipping-taxable","25":"purchasable","26":"product-type-variable"},"jetpack_sharing_enabled":true,"jetpack_likes_enabled":true,"_links":{"self":[{"href":"https:\/\/derrudelshop.de\/en\/wp-json\/wp\/v2\/product\/1649","targetHints":{"allow":["GET"]}}],"collection":[{"href":"https:\/\/derrudelshop.de\/en\/wp-json\/wp\/v2\/product"}],"about":[{"href":"https:\/\/derrudelshop.de\/en\/wp-json\/wp\/v2\/types\/product"}],"replies":[{"embeddable":true,"href":"https:\/\/derrudelshop.de\/en\/wp-json\/wp\/v2\/comments?post=1649"}],"version-history":[{"count":0,"href":"https:\/\/derrudelshop.de\/en\/wp-json\/wp\/v2\/product\/1649\/revisions"}],"wp:featuredmedia":[{"embeddable":true,"href":"https:\/\/derrudelshop.de\/en\/wp-json\/wp\/v2\/media\/1654"}],"wp:attachment":[{"href":"https:\/\/derrudelshop.de\/en\/wp-json\/wp\/v2\/media?parent=1649"}],"wp:term":[{"taxonomy":"product_meine-kategorie","embeddable":true,"href":"https:\/\/derrudelshop.de\/en\/wp-json\/wp\/v2\/product_meine-kategorie?post=1649"},{"taxonomy":"product_mypod","embeddable":true,"href":"https:\/\/derrudelshop.de\/en\/wp-json\/wp\/v2\/product_mypod?post=1649"},{"taxonomy":"product_meinemotivart","embeddable":true,"href":"https:\/\/derrudelshop.de\/en\/wp-json\/wp\/v2\/product_meinemotivart?post=1649"},{"taxonomy":"product_meinepersonalisierung","embeddable":true,"href":"https:\/\/derrudelshop.de\/en\/wp-json\/wp\/v2\/product_meinepersonalisierung?post=1649"},{"taxonomy":"product_mydesign","embeddable":true,"href":"https:\/\/derrudelshop.de\/en\/wp-json\/wp\/v2\/product_mydesign?post=1649"},{"taxonomy":"product_mymodelle_hunde","embeddable":true,"href":"https:\/\/derrudelshop.de\/en\/wp-json\/wp\/v2\/product_mymodelle_hunde?post=1649"},{"taxonomy":"product_mymodelle_schuhe","embeddable":true,"href":"https:\/\/derrudelshop.de\/en\/wp-json\/wp\/v2\/product_mymodelle_schuhe?post=1649"},{"taxonomy":"product_myslogan","embeddable":true,"href":"https:\/\/derrudelshop.de\/en\/wp-json\/wp\/v2\/product_myslogan?post=1649"},{"taxonomy":"product_mytodo","embeddable":true,"href":"https:\/\/derrudelshop.de\/en\/wp-json\/wp\/v2\/product_mytodo?post=1649"},{"taxonomy":"product_brand","embeddable":true,"href":"https:\/\/derrudelshop.de\/en\/wp-json\/wp\/v2\/product_brand?post=1649"},{"taxonomy":"product_cat","embeddable":true,"href":"https:\/\/derrudelshop.de\/en\/wp-json\/wp\/v2\/product_cat?post=1649"},{"taxonomy":"product_tag","embeddable":true,"href":"https:\/\/derrudelshop.de\/en\/wp-json\/wp\/v2\/product_tag?post=1649"},{"taxonomy":"shop_modelle","embeddable":true,"href":"https:\/\/derrudelshop.de\/en\/wp-json\/wp\/v2\/shop_modelle?post=1649"},{"taxonomy":"wf_product_folders","embeddable":true,"href":"https:\/\/derrudelshop.de\/en\/wp-json\/wp\/v2\/wf_product_folders?post=1649"}],"curies":[{"name":"wp","href":"https:\/\/api.w.org\/{rel}","templated":true}]}}