{"id":17123,"date":"2025-04-28T00:05:00","date_gmt":"2025-04-28T00:05:00","guid":{"rendered":"https:\/\/derrudelshop.de\/?post_type=product&#038;p=17123"},"modified":"2025-05-04T04:36:52","modified_gmt":"2025-05-04T04:36:52","slug":"classic-womens-v-neck-dogwoodstock-pfote-mit-gitarren-cutout-klein","status":"publish","type":"product","link":"https:\/\/derrudelshop.de\/en\/product\/classic-womens-v-neck-dogwoodstock-pfote-mit-gitarren-cutout-klein\/","title":{"rendered":"Classic Women\u2019s V-Neck DogWoodstock Pfote mit Gitarren-Cutout klein"},"content":{"rendered":"<p>Fit: schmal<\/p>\n<p> Unser anschmiegsamer Klassiker mit femininem V-Ausschnitt bleibt Dir garantiert lange erhalten. Dank einer besonders hohen Stoffqualit\u00e4t und einer aufwendigen Vorveredlung trotzt das stylishe Shirt nicht nur Wind und Wetter, sondern bleibt auch nach jedem Waschgang in Top-Form.<\/p>\n<ul class=\"listMCE\">\n<li>\nStoffqualit\u00e4t: 180 g\/m\u00b2\n<\/li>\n<li>\n100% Ringgarn-Baumwolle (In \u201eSport-Grau\u201c:  90% Ringgarn-Baumwolle, 10% Polyester)\n<\/li>\n<li>\nSanforisierter Stoff: Bleibt auch nach dem Waschen in Form\n<\/li>\n<li>\nAuch f\u00fcr M\u00e4nner erh\u00e4ltlich \u2013 perfekt f\u00fcr Gruppenoutfits\n<\/li>\n<li>\nMarke: Gildan\n<\/li>\n<\/ul>\n<div class=\"size-table\">\n<div class=\"size-image-wrapper\"><img decoding=\"async\" src=\"https:\/\/image.spreadshirtmedia.net\/image-server\/v1\/productTypes\/1329\/variants\/size?width=200&amp;height=200\" width=\"200\" height=\"200\" alt=\"Klassisches Frauen-T-Shirt mit V-Ausschnitt\" \/><\/p>\n<div class=\"size-hint\">normal<\/div>\n<\/div>\n<div class=\"size-table-wrapper\">\n<table>\n<thead>\n<tr>\n<th><\/th>\n<th class=\"measure-name\">A<\/th>\n<th class=\"measure-name\">B<\/th>\n<th class=\"measure-name\">C<\/th>\n<\/tr>\n<\/thead>\n<tbody>\n<tr class=\"size size-2\">\n<td class=\"size-cell\">S<\/td>\n<td class=\"measure-cell measure-cell-0\">650 mm<\/td>\n<td class=\"measure-cell measure-cell-1\">440 mm<\/td>\n<td class=\"measure-cell measure-cell-2\">150 mm<\/td>\n<\/tr>\n<tr class=\"size size-3\">\n<td class=\"size-cell\">M<\/td>\n<td class=\"measure-cell measure-cell-0\">660 mm<\/td>\n<td class=\"measure-cell measure-cell-1\">490 mm<\/td>\n<td class=\"measure-cell measure-cell-2\">160 mm<\/td>\n<\/tr>\n<tr class=\"size size-4\">\n<td class=\"size-cell\">L<\/td>\n<td class=\"measure-cell measure-cell-0\">690 mm<\/td>\n<td class=\"measure-cell measure-cell-1\">540 mm<\/td>\n<td class=\"measure-cell measure-cell-2\">170 mm<\/td>\n<\/tr>\n<tr class=\"size size-5\">\n<td class=\"size-cell\">XL<\/td>\n<td class=\"measure-cell measure-cell-0\">710 mm<\/td>\n<td class=\"measure-cell measure-cell-1\">590 mm<\/td>\n<td class=\"measure-cell measure-cell-2\">175 mm<\/td>\n<\/tr>\n<tr class=\"size size-6\">\n<td class=\"size-cell\">XXL<\/td>\n<td class=\"measure-cell measure-cell-0\">730 mm<\/td>\n<td class=\"measure-cell measure-cell-1\">640 mm<\/td>\n<td class=\"measure-cell measure-cell-2\">180 mm<\/td>\n<\/tr>\n<\/tbody>\n<\/table>\n<\/div>\n<\/div>","protected":false},"excerpt":{"rendered":"<p>Fit: schmal Unser anschmiegsamer Klassiker mit femininem V-Ausschnitt bleibt Dir garantiert lange erhalten. Dank einer besonders hohen Stoffqualit\u00e4t und einer aufwendigen Vorveredlung trotzt das stylishe Shirt nicht nur Wind und Wetter, sondern bleibt auch nach jedem Waschgang in Top-Form. Stoffqualit\u00e4t: 180 g\/m\u00b2 100% Ringgarn-Baumwolle (In \u201eSport-Grau\u201c: 90% Ringgarn-Baumwolle, 10% Polyester) Sanforisierter Stoff: Bleibt auch nach [&hellip;]<\/p>","protected":false},"featured_media":17121,"comment_status":"open","ping_status":"closed","template":"","meta":{"give_campaign_id":0,"product_produkt-link-pod-manuell":"","product_produktname-pod-manuell":""},"product_meine-kategorie":[561,563],"product_mypod":[638],"product_meinemotivart":[714],"product_meinepersonalisierung":[],"product_mydesign":[645,654,642],"product_mymodelle_hunde":[],"product_mymodelle_schuhe":[],"product_myslogan":[],"product_mytodo":[693,696,698,700,702,704,961],"product_brand":[],"product_cat":[334],"product_tag":[],"shop_modelle":[126],"wf_product_folders":[431,432],"class_list":{"0":"post-17123","1":"product","2":"type-product","3":"status-publish","4":"has-post-thumbnail","6":"product_meine-kategorie-kleidung","7":"product_meine-kategorie-t-shirts","8":"product_mypod-spod","9":"product_meinemotivart-druck","10":"product_mydesign-dogwoodstock","11":"product_mydesign-pfote-mit-gitarren-cutout","12":"product_mydesign-rudeltreffen","13":"product_mytodo-_feddisch","14":"product_mytodo-designs_done","15":"product_mytodo-kategorien_done","16":"product_mytodo-modelle_done","17":"product_mytodo-personalisierung_done","18":"product_mytodo-translation_done","19":"product_mytodo-zchild-parent-modell-","20":"product_cat-kleidung","21":"pa_farbe-anthrazit","22":"pa_farbe-antikblaues-saphir-meliert","23":"pa_farbe-azalea","24":"pa_farbe-beige","25":"pa_farbe-bordeaux","26":"pa_farbe-dunkellila","27":"pa_farbe-flaschengrun","28":"pa_farbe-grau-meliert","29":"pa_farbe-graugrun","30":"pa_farbe-hellgrau-meliert","31":"pa_farbe-kelly-green","32":"pa_farbe-lavendel","33":"pa_farbe-mittelgrau","34":"pa_farbe-mokka","35":"pa_farbe-naturweis","36":"pa_farbe-navy","37":"pa_farbe-nebelblau","38":"pa_farbe-pastellturkis","39":"pa_farbe-pfirsich","40":"pa_farbe-pink","41":"pa_farbe-rot","42":"pa_farbe-royalblau","43":"pa_farbe-sahara","44":"pa_farbe-schwarz","45":"pa_farbe-tiefseeblau","46":"pa_farbe-vanille-milchshake","47":"pa_farbe-weis","48":"pa_farbe-weis-meliert","49":"pa_farbe-zitronengelb","50":"pa_farbe-gold","51":"pa_farbe-rosegold","52":"pa_farbe-silber","53":"pa_groesse-01xs","54":"pa_groesse-02s","55":"pa_groesse-03m","56":"pa_groesse-04l","57":"pa_groesse-05xl","58":"pa_groesse-06xxl","59":"pa_groesse-07_3xl","60":"pa_groesse-08_4xl","61":"shop_modelle-gildan-64000l-womens-t-shirt","63":"first","64":"instock","65":"taxable","66":"shipping-taxable","67":"purchasable","68":"product-type-variable"},"jetpack_sharing_enabled":true,"jetpack_likes_enabled":true,"_links":{"self":[{"href":"https:\/\/derrudelshop.de\/en\/wp-json\/wp\/v2\/product\/17123","targetHints":{"allow":["GET"]}}],"collection":[{"href":"https:\/\/derrudelshop.de\/en\/wp-json\/wp\/v2\/product"}],"about":[{"href":"https:\/\/derrudelshop.de\/en\/wp-json\/wp\/v2\/types\/product"}],"replies":[{"embeddable":true,"href":"https:\/\/derrudelshop.de\/en\/wp-json\/wp\/v2\/comments?post=17123"}],"version-history":[{"count":0,"href":"https:\/\/derrudelshop.de\/en\/wp-json\/wp\/v2\/product\/17123\/revisions"}],"wp:featuredmedia":[{"embeddable":true,"href":"https:\/\/derrudelshop.de\/en\/wp-json\/wp\/v2\/media\/17121"}],"wp:attachment":[{"href":"https:\/\/derrudelshop.de\/en\/wp-json\/wp\/v2\/media?parent=17123"}],"wp:term":[{"taxonomy":"product_meine-kategorie","embeddable":true,"href":"https:\/\/derrudelshop.de\/en\/wp-json\/wp\/v2\/product_meine-kategorie?post=17123"},{"taxonomy":"product_mypod","embeddable":true,"href":"https:\/\/derrudelshop.de\/en\/wp-json\/wp\/v2\/product_mypod?post=17123"},{"taxonomy":"product_meinemotivart","embeddable":true,"href":"https:\/\/derrudelshop.de\/en\/wp-json\/wp\/v2\/product_meinemotivart?post=17123"},{"taxonomy":"product_meinepersonalisierung","embeddable":true,"href":"https:\/\/derrudelshop.de\/en\/wp-json\/wp\/v2\/product_meinepersonalisierung?post=17123"},{"taxonomy":"product_mydesign","embeddable":true,"href":"https:\/\/derrudelshop.de\/en\/wp-json\/wp\/v2\/product_mydesign?post=17123"},{"taxonomy":"product_mymodelle_hunde","embeddable":true,"href":"https:\/\/derrudelshop.de\/en\/wp-json\/wp\/v2\/product_mymodelle_hunde?post=17123"},{"taxonomy":"product_mymodelle_schuhe","embeddable":true,"href":"https:\/\/derrudelshop.de\/en\/wp-json\/wp\/v2\/product_mymodelle_schuhe?post=17123"},{"taxonomy":"product_myslogan","embeddable":true,"href":"https:\/\/derrudelshop.de\/en\/wp-json\/wp\/v2\/product_myslogan?post=17123"},{"taxonomy":"product_mytodo","embeddable":true,"href":"https:\/\/derrudelshop.de\/en\/wp-json\/wp\/v2\/product_mytodo?post=17123"},{"taxonomy":"product_brand","embeddable":true,"href":"https:\/\/derrudelshop.de\/en\/wp-json\/wp\/v2\/product_brand?post=17123"},{"taxonomy":"product_cat","embeddable":true,"href":"https:\/\/derrudelshop.de\/en\/wp-json\/wp\/v2\/product_cat?post=17123"},{"taxonomy":"product_tag","embeddable":true,"href":"https:\/\/derrudelshop.de\/en\/wp-json\/wp\/v2\/product_tag?post=17123"},{"taxonomy":"shop_modelle","embeddable":true,"href":"https:\/\/derrudelshop.de\/en\/wp-json\/wp\/v2\/shop_modelle?post=17123"},{"taxonomy":"wf_product_folders","embeddable":true,"href":"https:\/\/derrudelshop.de\/en\/wp-json\/wp\/v2\/wf_product_folders?post=17123"}],"curies":[{"name":"wp","href":"https:\/\/api.w.org\/{rel}","templated":true}]}}