{"id":1964,"date":"2025-03-24T00:11:00","date_gmt":"2025-03-24T00:11:00","guid":{"rendered":"https:\/\/derrudelshop.de\/product\/ring-mit-katzenohren\/"},"modified":"2025-04-22T12:23:32","modified_gmt":"2025-04-22T12:23:32","slug":"ring-mit-katzenohren","status":"publish","type":"product","link":"https:\/\/derrudelshop.de\/en\/product\/ring-mit-katzenohren\/","title":{"rendered":"Ring mit Katzenohren"},"content":{"rendered":"<p>M\u00f6chtest du einen Ring, der deine Liebe zu Katzen zeigt? Dann ist dieser s\u00fc\u00dfe Katzen-Ring genau das Richtige f\u00fcr dich! Er hat ein liebevolles Design.<\/p>\n<p><strong>Was macht diesen Ring so besonders?<\/strong><\/p>\n<ul>\n<li><strong>Niedliches Design:<\/strong> Kleine Katzenohren \u2013 zeigt deine Liebe zu Katzen.<\/li>\n<li><strong>Drei Farben:<\/strong> W\u00e4hle deine Lieblingsfarbe oder kombiniere verschiedene Ringe!<\/li>\n<li><strong>Perfekt f\u00fcr Katzenfans:<\/strong> Ein tolles Accessoire f\u00fcr jeden Tag.<\/li>\n<li><strong>Tolles Geschenk:<\/strong> \u00dcberrasse deine katzenliebende Freundin mit diesem Ring!<\/li>\n<\/ul>\n<p><strong>Produktdetails:<\/strong><\/p>\n<ul>\n<li><strong>Material:<\/strong> Modeschmuck<\/li>\n<li><strong>Design:<\/strong> Katzenohren<\/li>\n<li><strong>Farben:<\/strong> Gold, Silber, Schwarz<\/li>\n<\/ul>\n<p><strong>Pflegehinweise:<\/strong><\/p>\n<p>Damit dein Ring lange sch\u00f6n bleibt, empfehlen wir, ihn vor dem Duschen, Schwimmen oder Sport abzunehmen. Bewahre ihn am besten in einem Schmuckk\u00e4stchen oder einem weichen Beutel auf, um Kratzer zu vermeiden.<\/p>\n<p><strong>Hol dir jetzt diesen s\u00fc\u00dfen Katzen-Ring und zeige deine Liebe zu Katzen!<\/strong><\/p>\n<p style=\"text-align: center;\">\n<p style=\"text-align: center;\"><img decoding=\"async\" title=\"21E1550F6537C5E9A039D5465591A5AA.jpg\" src=\"https:\/\/shopifyfile.oss-us-west-1.aliyuncs.com\/attached\/image\/201810\/21E1550F6537C5E9A039D5465591A5AA.jpg\" alt=\"QQ\u622a\u56fe20181027102609.jpg\" \/><\/p>\n<p style=\"text-align: center;\">\n<p style=\"text-align: center;\">\n<p><img decoding=\"async\" src=\"https:\/\/ae01.alicdn.com\/kf\/HTB18qPvDL9TBuNjy1zbq6xpepXa7.jpg\" width=\"800\" \/><\/p>\n<p><img decoding=\"async\" src=\"https:\/\/ae01.alicdn.com\/kf\/HTB18IrEDHSYBuNjSspiq6xNzpXan.jpg\" width=\"800\" \/><\/p>\n<p><img decoding=\"async\" src=\"https:\/\/ae01.alicdn.com\/kf\/HTB1yCnYDH1YBuNjSszeq6yblFXaL.jpg\" width=\"800\" \/><\/p>\n<p><img decoding=\"async\" src=\"https:\/\/ae01.alicdn.com\/kf\/HTB1v.f8kFooBKNjSZFPq6xa2XXat.jpg\" width=\"800\" \/><\/p>\n<p><img decoding=\"async\" src=\"https:\/\/ae01.alicdn.com\/kf\/HTB1rJ9HvyOYBuNjSsD4q6zSkFXa6.jpg\" width=\"800\" \/><\/p>\n<p><img decoding=\"async\" src=\"https:\/\/ae01.alicdn.com\/kf\/HTB1Hk5XD_JYBeNjy1zeq6yhzVXac.jpg\" width=\"800\" \/><\/p>\n<p><img decoding=\"async\" src=\"https:\/\/ae01.alicdn.com\/kf\/HTB1bjTOkOAnBKNjSZFvq6yTKXXaB.jpg\" width=\"800\" \/><\/p>\n<p>&nbsp;<\/p>","protected":false},"excerpt":{"rendered":"<p>M\u00f6chtest du einen Ring, der deine Liebe zu Katzen zeigt? Dann ist dieser s\u00fc\u00dfe Katzen-Ring genau das Richtige f\u00fcr dich! Er hat ein liebevolles Design. Was macht diesen Ring so besonders? Niedliches Design: Kleine Katzenohren \u2013 zeigt deine Liebe zu Katzen. Drei Farben: W\u00e4hle deine Lieblingsfarbe oder kombiniere verschiedene Ringe! Perfekt f\u00fcr Katzenfans: Ein tolles [&hellip;]<\/p>","protected":false},"featured_media":1960,"comment_status":"open","ping_status":"closed","template":"","meta":{"give_campaign_id":0,"product_produkt-link-pod-manuell":"","product_produktname-pod-manuell":""},"product_meine-kategorie":[814,557,551],"product_mypod":[623],"product_meinemotivart":[],"product_meinepersonalisierung":[],"product_mydesign":[],"product_mymodelle_hunde":[],"product_mymodelle_schuhe":[],"product_myslogan":[],"product_mytodo":[693,698,702,704],"product_brand":[],"product_cat":[38,39],"product_tag":[384],"shop_modelle":[],"wf_product_folders":[352,372,37],"class_list":{"0":"post-1964","1":"product","2":"type-product","3":"status-publish","4":"has-post-thumbnail","6":"product_meine-kategorie-modeschmuck","7":"product_meine-kategorie-ringe","8":"product_meine-kategorie-schmuck","9":"product_mypod-eprolo","10":"product_mytodo-_feddisch","11":"product_mytodo-kategorien_done","12":"product_mytodo-personalisierung_done","13":"product_mytodo-translation_done","14":"product_cat-accessoires","15":"product_cat-schmuck","16":"product_tag-katzen","18":"first","19":"instock","20":"taxable","21":"shipping-taxable","22":"purchasable","23":"product-type-variable"},"jetpack_sharing_enabled":true,"jetpack_likes_enabled":true,"_links":{"self":[{"href":"https:\/\/derrudelshop.de\/en\/wp-json\/wp\/v2\/product\/1964","targetHints":{"allow":["GET"]}}],"collection":[{"href":"https:\/\/derrudelshop.de\/en\/wp-json\/wp\/v2\/product"}],"about":[{"href":"https:\/\/derrudelshop.de\/en\/wp-json\/wp\/v2\/types\/product"}],"replies":[{"embeddable":true,"href":"https:\/\/derrudelshop.de\/en\/wp-json\/wp\/v2\/comments?post=1964"}],"version-history":[{"count":0,"href":"https:\/\/derrudelshop.de\/en\/wp-json\/wp\/v2\/product\/1964\/revisions"}],"wp:featuredmedia":[{"embeddable":true,"href":"https:\/\/derrudelshop.de\/en\/wp-json\/wp\/v2\/media\/1960"}],"wp:attachment":[{"href":"https:\/\/derrudelshop.de\/en\/wp-json\/wp\/v2\/media?parent=1964"}],"wp:term":[{"taxonomy":"product_meine-kategorie","embeddable":true,"href":"https:\/\/derrudelshop.de\/en\/wp-json\/wp\/v2\/product_meine-kategorie?post=1964"},{"taxonomy":"product_mypod","embeddable":true,"href":"https:\/\/derrudelshop.de\/en\/wp-json\/wp\/v2\/product_mypod?post=1964"},{"taxonomy":"product_meinemotivart","embeddable":true,"href":"https:\/\/derrudelshop.de\/en\/wp-json\/wp\/v2\/product_meinemotivart?post=1964"},{"taxonomy":"product_meinepersonalisierung","embeddable":true,"href":"https:\/\/derrudelshop.de\/en\/wp-json\/wp\/v2\/product_meinepersonalisierung?post=1964"},{"taxonomy":"product_mydesign","embeddable":true,"href":"https:\/\/derrudelshop.de\/en\/wp-json\/wp\/v2\/product_mydesign?post=1964"},{"taxonomy":"product_mymodelle_hunde","embeddable":true,"href":"https:\/\/derrudelshop.de\/en\/wp-json\/wp\/v2\/product_mymodelle_hunde?post=1964"},{"taxonomy":"product_mymodelle_schuhe","embeddable":true,"href":"https:\/\/derrudelshop.de\/en\/wp-json\/wp\/v2\/product_mymodelle_schuhe?post=1964"},{"taxonomy":"product_myslogan","embeddable":true,"href":"https:\/\/derrudelshop.de\/en\/wp-json\/wp\/v2\/product_myslogan?post=1964"},{"taxonomy":"product_mytodo","embeddable":true,"href":"https:\/\/derrudelshop.de\/en\/wp-json\/wp\/v2\/product_mytodo?post=1964"},{"taxonomy":"product_brand","embeddable":true,"href":"https:\/\/derrudelshop.de\/en\/wp-json\/wp\/v2\/product_brand?post=1964"},{"taxonomy":"product_cat","embeddable":true,"href":"https:\/\/derrudelshop.de\/en\/wp-json\/wp\/v2\/product_cat?post=1964"},{"taxonomy":"product_tag","embeddable":true,"href":"https:\/\/derrudelshop.de\/en\/wp-json\/wp\/v2\/product_tag?post=1964"},{"taxonomy":"shop_modelle","embeddable":true,"href":"https:\/\/derrudelshop.de\/en\/wp-json\/wp\/v2\/shop_modelle?post=1964"},{"taxonomy":"wf_product_folders","embeddable":true,"href":"https:\/\/derrudelshop.de\/en\/wp-json\/wp\/v2\/wf_product_folders?post=1964"}],"curies":[{"name":"wp","href":"https:\/\/api.w.org\/{rel}","templated":true}]}}