{"id":19894,"date":"2025-04-24T17:36:00","date_gmt":"2025-04-24T17:36:00","guid":{"rendered":"https:\/\/derrudelshop.de\/?post_type=product&#038;p=19894"},"modified":"2025-05-04T16:37:24","modified_gmt":"2025-05-04T16:37:24","slug":"gildan-unisex-softstyle-midweight-hoodie-dogwoodstock-pfote-mit-gitarren-cutout-schwarz","status":"publish","type":"product","link":"https:\/\/derrudelshop.de\/en\/product\/gildan-unisex-softstyle-midweight-hoodie-dogwoodstock-pfote-mit-gitarren-cutout-schwarz\/","title":{"rendered":"Gildan Unisex Softstyle\u00ae Midweight Hoodie DogWoodstock Pfote mit Gitarren-Cutout schwarz"},"content":{"rendered":"<p>Cozy ist das neue Cool. Der softe Unisex Hoodie f\u00fcr alle \u00fcberzeugt durch sein kuscheliges Inneres. Passt perfekt zu: Frischen Fr\u00fchlingsn\u00e4chten, langen Herbstspazierg\u00e4ngen und gem\u00fctlichen Winterabenden zu Hause.<\/p>\n<ul class=\"listMCE\">\n<li>\nKlassisch geschnittener Unisex Hoodie ohne Seitenn\u00e4hte mit abfallender Schulterpartie\n<\/li>\n<li>\nMit zweiteiliger Kapuze inkl. farblich abgestimmtem Jerseyfutter und K\u00e4ngurutasche\n<\/li>\n<li>\n1&#215;1-Ripp mit Elasthan an B\u00fcndchen und Saum\n<\/li>\n<li>\nMit schwarzem Abrei\u00dfetikett\n<\/li>\n<li>\nSofte Stoffdichte: 285 g\/m\u00b2 (Wei\u00df: 278 g\/m\u00b2)\n<\/li>\n<li>\nMaterial: 80% Baumwolle, 20% Polyester\n<\/li>\n<li>\nMarke: Gildan\n<\/li>\n<\/ul>\n<div class=\"size-table\">\n<div class=\"size-image-wrapper\"><img decoding=\"async\" src=\"https:\/\/image.spreadshirtmedia.net\/image-server\/v1\/productTypes\/2489\/variants\/size?width=200&amp;height=200\" width=\"200\" height=\"200\" alt=\"Gildan Unisex Softstyle\u00ae Midweight Hoodie\" \/><\/p>\n<div class=\"size-hint\">normal<\/div>\n<\/div>\n<div class=\"size-table-wrapper\">\n<table>\n<thead>\n<tr>\n<th><\/th>\n<th class=\"measure-name\">A<\/th>\n<th class=\"measure-name\">B<\/th>\n<th class=\"measure-name\">C<\/th>\n<\/tr>\n<\/thead>\n<tbody>\n<tr class=\"size size-2\">\n<td class=\"size-cell\">S<\/td>\n<td class=\"measure-cell measure-cell-0\">711 mm<\/td>\n<td class=\"measure-cell measure-cell-1\">508 mm<\/td>\n<td class=\"measure-cell measure-cell-2\">864 mm<\/td>\n<\/tr>\n<tr class=\"size size-3\">\n<td class=\"size-cell\">M<\/td>\n<td class=\"measure-cell measure-cell-0\">737 mm<\/td>\n<td class=\"measure-cell measure-cell-1\">559 mm<\/td>\n<td class=\"measure-cell measure-cell-2\">889 mm<\/td>\n<\/tr>\n<tr class=\"size size-4\">\n<td class=\"size-cell\">L<\/td>\n<td class=\"measure-cell measure-cell-0\">762 mm<\/td>\n<td class=\"measure-cell measure-cell-1\">610 mm<\/td>\n<td class=\"measure-cell measure-cell-2\">914 mm<\/td>\n<\/tr>\n<tr class=\"size size-5\">\n<td class=\"size-cell\">XL<\/td>\n<td class=\"measure-cell measure-cell-0\">787 mm<\/td>\n<td class=\"measure-cell measure-cell-1\">660 mm<\/td>\n<td class=\"measure-cell measure-cell-2\">940 mm<\/td>\n<\/tr>\n<tr class=\"size size-6\">\n<td class=\"size-cell\">XXL<\/td>\n<td class=\"measure-cell measure-cell-0\">812 mm<\/td>\n<td class=\"measure-cell measure-cell-1\">711 mm<\/td>\n<td class=\"measure-cell measure-cell-2\">965 mm<\/td>\n<\/tr>\n<tr class=\"size size-38\">\n<td class=\"size-cell\">3XL<\/td>\n<td class=\"measure-cell measure-cell-0\">838 mm<\/td>\n<td class=\"measure-cell measure-cell-1\">762 mm<\/td>\n<td class=\"measure-cell measure-cell-2\">991 mm<\/td>\n<\/tr>\n<tr class=\"size size-94\">\n<td class=\"size-cell\">4XL<\/td>\n<td class=\"measure-cell measure-cell-0\">863 mm<\/td>\n<td class=\"measure-cell measure-cell-1\">813 mm<\/td>\n<td class=\"measure-cell measure-cell-2\">1.016 mm<\/td>\n<\/tr>\n<\/tbody>\n<\/table>\n<\/div>\n<\/div>","protected":false},"excerpt":{"rendered":"<p>Cozy ist das neue Cool. Der softe Unisex Hoodie f\u00fcr alle \u00fcberzeugt durch sein kuscheliges Inneres. Passt perfekt zu: Frischen Fr\u00fchlingsn\u00e4chten, langen Herbstspazierg\u00e4ngen und gem\u00fctlichen Winterabenden zu Hause. Klassisch geschnittener Unisex Hoodie ohne Seitenn\u00e4hte mit abfallender Schulterpartie Mit zweiteiliger Kapuze inkl. farblich abgestimmtem Jerseyfutter und K\u00e4ngurutasche 1&#215;1-Ripp mit Elasthan an B\u00fcndchen und Saum Mit schwarzem [&hellip;]<\/p>","protected":false},"featured_media":19892,"comment_status":"open","ping_status":"closed","template":"","meta":{"give_campaign_id":0,"product_produkt-link-pod-manuell":"","product_produktname-pod-manuell":""},"product_meine-kategorie":[562,561],"product_mypod":[638],"product_meinemotivart":[714],"product_meinepersonalisierung":[],"product_mydesign":[645,654,642],"product_mymodelle_hunde":[],"product_mymodelle_schuhe":[],"product_myslogan":[],"product_mytodo":[693,696,698,700,708,702,704,961],"product_brand":[],"product_cat":[334],"product_tag":[],"shop_modelle":[128],"wf_product_folders":[434,431],"class_list":{"0":"post-19894","1":"product","2":"type-product","3":"status-publish","4":"has-post-thumbnail","6":"product_meine-kategorie-hoodies-sweater","7":"product_meine-kategorie-kleidung","8":"product_mypod-spod","9":"product_meinemotivart-druck","10":"product_mydesign-dogwoodstock","11":"product_mydesign-pfote-mit-gitarren-cutout","12":"product_mydesign-rudeltreffen","13":"product_mytodo-_feddisch","14":"product_mytodo-designs_done","15":"product_mytodo-kategorien_done","16":"product_mytodo-modelle_done","17":"product_mytodo-motivart_done","18":"product_mytodo-personalisierung_done","19":"product_mytodo-translation_done","20":"product_mytodo-zchild-parent-modell-","21":"product_cat-kleidung","22":"pa_farbe-anthrazit","23":"pa_farbe-antikblaues-saphir-meliert","24":"pa_farbe-azalea","25":"pa_farbe-beige","26":"pa_farbe-blau","27":"pa_farbe-bordeaux","28":"pa_farbe-dunkelgrau","29":"pa_farbe-dunkelgrau-meliert","30":"pa_farbe-dunkellila","31":"pa_farbe-flaschengrun","32":"pa_farbe-gold","33":"pa_farbe-grau-meliert","34":"pa_farbe-graugrun","35":"pa_farbe-hellgrau-meliert","36":"pa_farbe-hellrosa","37":"pa_farbe-kelly-green","38":"pa_farbe-lavendel","39":"pa_farbe-maroon","40":"pa_farbe-militargrun","41":"pa_farbe-mittelgrau","42":"pa_farbe-mokka","43":"pa_farbe-naturweis","44":"pa_farbe-navy","45":"pa_farbe-nebelblau","46":"pa_farbe-pastellturkis","47":"pa_farbe-pfirsich","48":"pa_farbe-pink","49":"pa_farbe-rosegold","50":"pa_farbe-rot","51":"pa_farbe-royalblau","52":"pa_farbe-sahara","53":"pa_farbe-sand","54":"pa_farbe-schwarz","55":"pa_farbe-silber","56":"pa_farbe-tiefseeblau","57":"pa_farbe-vanille-milchshake","58":"pa_farbe-weis","59":"pa_farbe-weis-meliert","60":"pa_farbe-zitronengelb","61":"pa_groesse-07_3xl","62":"pa_groesse-08_4xl","63":"pa_groesse-04l","64":"pa_groesse-03m","65":"pa_groesse-02s","66":"pa_groesse-05xl","67":"pa_groesse-01xs","68":"pa_groesse-06xxl","69":"shop_modelle-gildan-softstyle-medium-weight-hoodie-sf500","71":"first","72":"instock","73":"taxable","74":"shipping-taxable","75":"purchasable","76":"product-type-variable"},"jetpack_sharing_enabled":true,"jetpack_likes_enabled":true,"_links":{"self":[{"href":"https:\/\/derrudelshop.de\/en\/wp-json\/wp\/v2\/product\/19894","targetHints":{"allow":["GET"]}}],"collection":[{"href":"https:\/\/derrudelshop.de\/en\/wp-json\/wp\/v2\/product"}],"about":[{"href":"https:\/\/derrudelshop.de\/en\/wp-json\/wp\/v2\/types\/product"}],"replies":[{"embeddable":true,"href":"https:\/\/derrudelshop.de\/en\/wp-json\/wp\/v2\/comments?post=19894"}],"version-history":[{"count":0,"href":"https:\/\/derrudelshop.de\/en\/wp-json\/wp\/v2\/product\/19894\/revisions"}],"wp:featuredmedia":[{"embeddable":true,"href":"https:\/\/derrudelshop.de\/en\/wp-json\/wp\/v2\/media\/19892"}],"wp:attachment":[{"href":"https:\/\/derrudelshop.de\/en\/wp-json\/wp\/v2\/media?parent=19894"}],"wp:term":[{"taxonomy":"product_meine-kategorie","embeddable":true,"href":"https:\/\/derrudelshop.de\/en\/wp-json\/wp\/v2\/product_meine-kategorie?post=19894"},{"taxonomy":"product_mypod","embeddable":true,"href":"https:\/\/derrudelshop.de\/en\/wp-json\/wp\/v2\/product_mypod?post=19894"},{"taxonomy":"product_meinemotivart","embeddable":true,"href":"https:\/\/derrudelshop.de\/en\/wp-json\/wp\/v2\/product_meinemotivart?post=19894"},{"taxonomy":"product_meinepersonalisierung","embeddable":true,"href":"https:\/\/derrudelshop.de\/en\/wp-json\/wp\/v2\/product_meinepersonalisierung?post=19894"},{"taxonomy":"product_mydesign","embeddable":true,"href":"https:\/\/derrudelshop.de\/en\/wp-json\/wp\/v2\/product_mydesign?post=19894"},{"taxonomy":"product_mymodelle_hunde","embeddable":true,"href":"https:\/\/derrudelshop.de\/en\/wp-json\/wp\/v2\/product_mymodelle_hunde?post=19894"},{"taxonomy":"product_mymodelle_schuhe","embeddable":true,"href":"https:\/\/derrudelshop.de\/en\/wp-json\/wp\/v2\/product_mymodelle_schuhe?post=19894"},{"taxonomy":"product_myslogan","embeddable":true,"href":"https:\/\/derrudelshop.de\/en\/wp-json\/wp\/v2\/product_myslogan?post=19894"},{"taxonomy":"product_mytodo","embeddable":true,"href":"https:\/\/derrudelshop.de\/en\/wp-json\/wp\/v2\/product_mytodo?post=19894"},{"taxonomy":"product_brand","embeddable":true,"href":"https:\/\/derrudelshop.de\/en\/wp-json\/wp\/v2\/product_brand?post=19894"},{"taxonomy":"product_cat","embeddable":true,"href":"https:\/\/derrudelshop.de\/en\/wp-json\/wp\/v2\/product_cat?post=19894"},{"taxonomy":"product_tag","embeddable":true,"href":"https:\/\/derrudelshop.de\/en\/wp-json\/wp\/v2\/product_tag?post=19894"},{"taxonomy":"shop_modelle","embeddable":true,"href":"https:\/\/derrudelshop.de\/en\/wp-json\/wp\/v2\/shop_modelle?post=19894"},{"taxonomy":"wf_product_folders","embeddable":true,"href":"https:\/\/derrudelshop.de\/en\/wp-json\/wp\/v2\/wf_product_folders?post=19894"}],"curies":[{"name":"wp","href":"https:\/\/api.w.org\/{rel}","templated":true}]}}