{"id":2071,"date":"2025-03-24T00:39:00","date_gmt":"2025-03-24T00:39:00","guid":{"rendered":"https:\/\/derrudelshop.de\/product\/pfotchenliebe-fur-deine-finger-%e2%9c%a8-2\/"},"modified":"2025-04-26T10:34:34","modified_gmt":"2025-04-26T10:34:34","slug":"pfotchenliebe-fur-deine-finger-%e2%9c%a8-2","status":"publish","type":"product","link":"https:\/\/derrudelshop.de\/en\/product\/pfotchenliebe-fur-deine-finger-%e2%9c%a8-2\/","title":{"rendered":"Pf\u00f6tchenliebe f\u00fcr deine Finger! \u2728"},"content":{"rendered":"<p>M\u00f6chtest du einen Ring, der deine Liebe zu Tieren zeigt? Dann ist dieser s\u00fc\u00dfe Pf\u00f6tchen-Ring genau das Richtige f\u00fcr dich! Er hat ein liebevolles Design.<\/p>\n<p><strong>Was macht diesen Ring so besonders?<\/strong><\/p>\n<ul>\n<li><strong>Niedliches Design:<\/strong> Eine Pfote \u2013 zeigt deine Liebe zu Hunden und Katzen.<\/li>\n<li><strong>Gr\u00f6\u00dfenverstellbar:<\/strong> Passt an jeden Finger.<\/li>\n<li><strong>Perfekt f\u00fcr Tierliebhaber:<\/strong> Ein tolles Accessoire f\u00fcr jeden Tag.<\/li>\n<li><strong>Tolles Geschenk:<\/strong> \u00dcberrasche deine tierliebende Freundin mit diesem Ring!<\/li>\n<\/ul>\n<p><strong>Produktdetails:<\/strong><\/p>\n<ul>\n<li><strong>Material:<\/strong> Modeschmuck<\/li>\n<li><strong>Design:<\/strong> Pfote<\/li>\n<li><strong>Gr\u00f6\u00dfe:<\/strong> Gr\u00f6\u00dfenverstellbar<\/li>\n<\/ul>\n<p><strong>Pflegehinweise:<\/strong><\/p>\n<p>Damit dein Ring lange sch\u00f6n bleibt, empfehlen wir, ihn vor dem Duschen, Schwimmen oder Sport abzunehmen. Bewahre ihn am besten in einem Schmuckk\u00e4stchen oder einem weichen Beutel auf, um Kratzer zu vermeiden.<\/p>\n<p><strong>Hol dir jetzt diesen s\u00fc\u00dfen Pf\u00f6tchen-Ring und zeige deine Tierliebe!<\/strong><\/p>","protected":false},"excerpt":{"rendered":"<p>M\u00f6chtest du einen Ring, der deine Liebe zu Tieren zeigt? Dann ist dieser s\u00fc\u00dfe Pf\u00f6tchen-Ring genau das Richtige f\u00fcr dich! Er hat ein liebevolles Design. Was macht diesen Ring so besonders? Niedliches Design: Eine Pfote \u2013 zeigt deine Liebe zu Hunden und Katzen. Gr\u00f6\u00dfenverstellbar: Passt an jeden Finger. Perfekt f\u00fcr Tierliebhaber: Ein tolles Accessoire f\u00fcr [&hellip;]<\/p>","protected":false},"featured_media":2066,"comment_status":"open","ping_status":"closed","template":"","meta":{"give_campaign_id":0,"product_produkt-link-pod-manuell":"","product_produktname-pod-manuell":""},"product_meine-kategorie":[558,814,557,551],"product_mypod":[623],"product_meinemotivart":[],"product_meinepersonalisierung":[],"product_mydesign":[],"product_mymodelle_hunde":[],"product_mymodelle_schuhe":[],"product_myslogan":[],"product_mytodo":[693,698,702,704],"product_brand":[],"product_cat":[38,39],"product_tag":[383,384],"shop_modelle":[],"wf_product_folders":[352,373,372,37],"class_list":{"0":"post-2071","1":"product","2":"type-product","3":"status-publish","4":"has-post-thumbnail","6":"product_meine-kategorie-grosenverstellbar","7":"product_meine-kategorie-modeschmuck","8":"product_meine-kategorie-ringe","9":"product_meine-kategorie-schmuck","10":"product_mypod-eprolo","11":"product_mytodo-_feddisch","12":"product_mytodo-kategorien_done","13":"product_mytodo-personalisierung_done","14":"product_mytodo-translation_done","15":"product_cat-accessoires","16":"product_cat-schmuck","17":"product_tag-hunde","18":"product_tag-katzen","20":"first","21":"instock","22":"taxable","23":"shipping-taxable","24":"purchasable","25":"product-type-variable"},"jetpack_sharing_enabled":true,"jetpack_likes_enabled":true,"_links":{"self":[{"href":"https:\/\/derrudelshop.de\/en\/wp-json\/wp\/v2\/product\/2071","targetHints":{"allow":["GET"]}}],"collection":[{"href":"https:\/\/derrudelshop.de\/en\/wp-json\/wp\/v2\/product"}],"about":[{"href":"https:\/\/derrudelshop.de\/en\/wp-json\/wp\/v2\/types\/product"}],"replies":[{"embeddable":true,"href":"https:\/\/derrudelshop.de\/en\/wp-json\/wp\/v2\/comments?post=2071"}],"version-history":[{"count":0,"href":"https:\/\/derrudelshop.de\/en\/wp-json\/wp\/v2\/product\/2071\/revisions"}],"wp:featuredmedia":[{"embeddable":true,"href":"https:\/\/derrudelshop.de\/en\/wp-json\/wp\/v2\/media\/2066"}],"wp:attachment":[{"href":"https:\/\/derrudelshop.de\/en\/wp-json\/wp\/v2\/media?parent=2071"}],"wp:term":[{"taxonomy":"product_meine-kategorie","embeddable":true,"href":"https:\/\/derrudelshop.de\/en\/wp-json\/wp\/v2\/product_meine-kategorie?post=2071"},{"taxonomy":"product_mypod","embeddable":true,"href":"https:\/\/derrudelshop.de\/en\/wp-json\/wp\/v2\/product_mypod?post=2071"},{"taxonomy":"product_meinemotivart","embeddable":true,"href":"https:\/\/derrudelshop.de\/en\/wp-json\/wp\/v2\/product_meinemotivart?post=2071"},{"taxonomy":"product_meinepersonalisierung","embeddable":true,"href":"https:\/\/derrudelshop.de\/en\/wp-json\/wp\/v2\/product_meinepersonalisierung?post=2071"},{"taxonomy":"product_mydesign","embeddable":true,"href":"https:\/\/derrudelshop.de\/en\/wp-json\/wp\/v2\/product_mydesign?post=2071"},{"taxonomy":"product_mymodelle_hunde","embeddable":true,"href":"https:\/\/derrudelshop.de\/en\/wp-json\/wp\/v2\/product_mymodelle_hunde?post=2071"},{"taxonomy":"product_mymodelle_schuhe","embeddable":true,"href":"https:\/\/derrudelshop.de\/en\/wp-json\/wp\/v2\/product_mymodelle_schuhe?post=2071"},{"taxonomy":"product_myslogan","embeddable":true,"href":"https:\/\/derrudelshop.de\/en\/wp-json\/wp\/v2\/product_myslogan?post=2071"},{"taxonomy":"product_mytodo","embeddable":true,"href":"https:\/\/derrudelshop.de\/en\/wp-json\/wp\/v2\/product_mytodo?post=2071"},{"taxonomy":"product_brand","embeddable":true,"href":"https:\/\/derrudelshop.de\/en\/wp-json\/wp\/v2\/product_brand?post=2071"},{"taxonomy":"product_cat","embeddable":true,"href":"https:\/\/derrudelshop.de\/en\/wp-json\/wp\/v2\/product_cat?post=2071"},{"taxonomy":"product_tag","embeddable":true,"href":"https:\/\/derrudelshop.de\/en\/wp-json\/wp\/v2\/product_tag?post=2071"},{"taxonomy":"shop_modelle","embeddable":true,"href":"https:\/\/derrudelshop.de\/en\/wp-json\/wp\/v2\/shop_modelle?post=2071"},{"taxonomy":"wf_product_folders","embeddable":true,"href":"https:\/\/derrudelshop.de\/en\/wp-json\/wp\/v2\/wf_product_folders?post=2071"}],"curies":[{"name":"wp","href":"https:\/\/api.w.org\/{rel}","templated":true}]}}