{"id":2087,"date":"2025-03-24T00:50:00","date_gmt":"2025-03-24T00:50:00","guid":{"rendered":"https:\/\/derrudelshop.de\/product\/krabben-spas-fur-deine-ohren-%e2%9c%a8\/"},"modified":"2025-04-22T12:23:27","modified_gmt":"2025-04-22T12:23:27","slug":"krabben-spas-fur-deine-ohren-%e2%9c%a8","status":"publish","type":"product","link":"https:\/\/derrudelshop.de\/en\/product\/krabben-spas-fur-deine-ohren-%e2%9c%a8\/","title":{"rendered":"Krabben-Spa\u00df f\u00fcr deine Ohren! \u2728"},"content":{"rendered":"<p data-sourcepos=\"13:1-13:164\">M\u00f6chtest du ein Paar Ohrringe, das deine Liebe zum Meer zeigt? Dann sind diese s\u00fc\u00dfen Krabben-Ohrringe genau das Richtige f\u00fcr dich! Sie haben ein liebevolles Design.<\/p>\n<p data-sourcepos=\"15:1-15:42\"><strong>Was macht diese Ohrringe so besonders?<\/strong><\/p>\n<ul data-sourcepos=\"17:1-21:0\">\n<li data-sourcepos=\"17:1-17:69\"><strong>Niedliches Design:<\/strong> Kleine Krabben \u2013 zeigt deine Liebe zum Meer.<\/li>\n<li data-sourcepos=\"18:1-18:76\"><strong>Zwei Farben:<\/strong> W\u00e4hle zwischen Gold oder Silber \u2013 passend zu deinem Stil!<\/li>\n<li data-sourcepos=\"19:1-19:71\"><strong>Perfekt f\u00fcr Meeresliebhaber:<\/strong> Ein tolles Accessoire f\u00fcr jeden Tag.<\/li>\n<li data-sourcepos=\"20:1-21:0\"><strong>Tolles Geschenk:<\/strong> \u00dcberrasche deine meeresliebende Freundin mit diesen Ohrringen!<\/li>\n<\/ul>\n<p data-sourcepos=\"22:1-22:19\"><strong>Produktdetails:<\/strong><\/p>\n<ul data-sourcepos=\"24:1-27:0\">\n<li data-sourcepos=\"24:1-24:29\"><strong>Material:<\/strong> Zinklegierung<\/li>\n<li data-sourcepos=\"25:1-25:21\"><strong>Design:<\/strong> Krabben<\/li>\n<li data-sourcepos=\"26:1-27:0\"><strong>Farben:<\/strong> Gold, Silber<\/li>\n<\/ul>\n<p data-sourcepos=\"28:1-28:19\"><strong>Pflegehinweise:<\/strong><\/p>\n<p data-sourcepos=\"30:1-30:213\">Damit deine Ohrringe lange sch\u00f6n bleiben, empfehlen wir, sie vor dem Duschen, Schwimmen oder Sport abzunehmen. Bewahre sie am besten in einem Schmuckk\u00e4stchen oder einem weichen Beutel auf, um Kratzer zu vermeiden.<\/p>\n<p data-sourcepos=\"32:1-32:85\"><strong>Hol dir jetzt diese s\u00fc\u00dfen Krabben-Ohrringe und zeige deine Liebe zum Meer!<\/strong> \ud83c\udf0a\ud83d\udc96\ud83e\udd80<\/p>\n<p style=\"text-align: left;\">\n<p style=\"text-align: center;\"><img decoding=\"async\" title=\"5A2EC4805ACACBBFE356535327F692D8.jpg\" src=\"https:\/\/shopifyfile.oss-us-west-1.aliyuncs.com\/attached\/image\/201810\/5A2EC4805ACACBBFE356535327F692D8.jpg\" \/><\/p>\n<p style=\"text-align: center;\"><img decoding=\"async\" title=\"04C61487261655B92DAB0A258822F757.jpg\" src=\"https:\/\/shopifyfile.oss-us-west-1.aliyuncs.com\/attached\/image\/201810\/04C61487261655B92DAB0A258822F757.jpg\" \/><\/p>\n<p style=\"text-align: center;\"><img decoding=\"async\" title=\"26D0435FC800681BA1287C4556B16110.jpg\" src=\"https:\/\/shopifyfile.oss-us-west-1.aliyuncs.com\/attached\/image\/201810\/26D0435FC800681BA1287C4556B16110.jpg\" \/><\/p>\n<p style=\"text-align: center;\"><strong><br \/>\n<\/strong><\/p>","protected":false},"excerpt":{"rendered":"<p>M\u00f6chtest du ein Paar Ohrringe, das deine Liebe zum Meer zeigt? Dann sind diese s\u00fc\u00dfen Krabben-Ohrringe genau das Richtige f\u00fcr dich! Sie haben ein liebevolles Design. Was macht diese Ohrringe so besonders? Niedliches Design: Kleine Krabben \u2013 zeigt deine Liebe zum Meer. Zwei Farben: W\u00e4hle zwischen Gold oder Silber \u2013 passend zu deinem Stil! Perfekt [&hellip;]<\/p>","protected":false},"featured_media":2083,"comment_status":"open","ping_status":"closed","template":"","meta":{"give_campaign_id":0,"product_produkt-link-pod-manuell":"","product_produktname-pod-manuell":""},"product_meine-kategorie":[555,814,556,557,551],"product_mypod":[623],"product_meinemotivart":[],"product_meinepersonalisierung":[],"product_mydesign":[],"product_mymodelle_hunde":[],"product_mymodelle_schuhe":[],"product_myslogan":[],"product_mytodo":[693,698,702,704],"product_brand":[],"product_cat":[38,39],"product_tag":[390,391],"shop_modelle":[],"wf_product_folders":[370,352,375,372,37],"class_list":{"0":"post-2087","1":"product","2":"type-product","3":"status-publish","4":"has-post-thumbnail","6":"product_meine-kategorie-kette","7":"product_meine-kategorie-modeschmuck","8":"product_meine-kategorie-ohrringe","9":"product_meine-kategorie-ringe","10":"product_meine-kategorie-schmuck","11":"product_mypod-eprolo","12":"product_mytodo-_feddisch","13":"product_mytodo-kategorien_done","14":"product_mytodo-personalisierung_done","15":"product_mytodo-translation_done","16":"product_cat-accessoires","17":"product_cat-schmuck","18":"product_tag-krabbe","19":"product_tag-krebs","21":"first","22":"instock","23":"taxable","24":"shipping-taxable","25":"purchasable","26":"product-type-variable"},"jetpack_sharing_enabled":true,"jetpack_likes_enabled":true,"_links":{"self":[{"href":"https:\/\/derrudelshop.de\/en\/wp-json\/wp\/v2\/product\/2087","targetHints":{"allow":["GET"]}}],"collection":[{"href":"https:\/\/derrudelshop.de\/en\/wp-json\/wp\/v2\/product"}],"about":[{"href":"https:\/\/derrudelshop.de\/en\/wp-json\/wp\/v2\/types\/product"}],"replies":[{"embeddable":true,"href":"https:\/\/derrudelshop.de\/en\/wp-json\/wp\/v2\/comments?post=2087"}],"version-history":[{"count":0,"href":"https:\/\/derrudelshop.de\/en\/wp-json\/wp\/v2\/product\/2087\/revisions"}],"wp:featuredmedia":[{"embeddable":true,"href":"https:\/\/derrudelshop.de\/en\/wp-json\/wp\/v2\/media\/2083"}],"wp:attachment":[{"href":"https:\/\/derrudelshop.de\/en\/wp-json\/wp\/v2\/media?parent=2087"}],"wp:term":[{"taxonomy":"product_meine-kategorie","embeddable":true,"href":"https:\/\/derrudelshop.de\/en\/wp-json\/wp\/v2\/product_meine-kategorie?post=2087"},{"taxonomy":"product_mypod","embeddable":true,"href":"https:\/\/derrudelshop.de\/en\/wp-json\/wp\/v2\/product_mypod?post=2087"},{"taxonomy":"product_meinemotivart","embeddable":true,"href":"https:\/\/derrudelshop.de\/en\/wp-json\/wp\/v2\/product_meinemotivart?post=2087"},{"taxonomy":"product_meinepersonalisierung","embeddable":true,"href":"https:\/\/derrudelshop.de\/en\/wp-json\/wp\/v2\/product_meinepersonalisierung?post=2087"},{"taxonomy":"product_mydesign","embeddable":true,"href":"https:\/\/derrudelshop.de\/en\/wp-json\/wp\/v2\/product_mydesign?post=2087"},{"taxonomy":"product_mymodelle_hunde","embeddable":true,"href":"https:\/\/derrudelshop.de\/en\/wp-json\/wp\/v2\/product_mymodelle_hunde?post=2087"},{"taxonomy":"product_mymodelle_schuhe","embeddable":true,"href":"https:\/\/derrudelshop.de\/en\/wp-json\/wp\/v2\/product_mymodelle_schuhe?post=2087"},{"taxonomy":"product_myslogan","embeddable":true,"href":"https:\/\/derrudelshop.de\/en\/wp-json\/wp\/v2\/product_myslogan?post=2087"},{"taxonomy":"product_mytodo","embeddable":true,"href":"https:\/\/derrudelshop.de\/en\/wp-json\/wp\/v2\/product_mytodo?post=2087"},{"taxonomy":"product_brand","embeddable":true,"href":"https:\/\/derrudelshop.de\/en\/wp-json\/wp\/v2\/product_brand?post=2087"},{"taxonomy":"product_cat","embeddable":true,"href":"https:\/\/derrudelshop.de\/en\/wp-json\/wp\/v2\/product_cat?post=2087"},{"taxonomy":"product_tag","embeddable":true,"href":"https:\/\/derrudelshop.de\/en\/wp-json\/wp\/v2\/product_tag?post=2087"},{"taxonomy":"shop_modelle","embeddable":true,"href":"https:\/\/derrudelshop.de\/en\/wp-json\/wp\/v2\/shop_modelle?post=2087"},{"taxonomy":"wf_product_folders","embeddable":true,"href":"https:\/\/derrudelshop.de\/en\/wp-json\/wp\/v2\/wf_product_folders?post=2087"}],"curies":[{"name":"wp","href":"https:\/\/api.w.org\/{rel}","templated":true}]}}