{"id":21032,"date":"2025-04-28T00:09:00","date_gmt":"2025-04-28T00:09:00","guid":{"rendered":"https:\/\/derrudelshop.de\/?post_type=product&#038;p=21032"},"modified":"2025-05-04T16:44:05","modified_gmt":"2025-05-04T16:44:05","slug":"sticker-dogwoodstock-2025-schrift-e-lsbt","status":"publish","type":"product","link":"https:\/\/derrudelshop.de\/en\/product\/sticker-dogwoodstock-2025-schrift-e-lsbt\/","title":{"rendered":"Sticker DogWoodstock 2025 Schrift E LSBT"},"content":{"rendered":"<p>Dekoriere Deine Welt, wie sie Dir gef\u00e4llt! Mit dem Sticker aus langlebigem Vinyl beklebst Du glatte Oberfl\u00e4chen wie Deinen Laptop, Dein Auto, M\u00f6bel und vieles mehr. Der Aufkleber ist wasserfest und l\u00e4sst sich von den meisten Oberfl\u00e4chen ohne Klebe-R\u00fcckst\u00e4nde entfernen.<\/p>\n<ul class=\"listMCE\">\n<li>Vinyl-Aufkleber mit Konturschnitt, leicht abl\u00f6sbar<\/li>\n<li>Langlebig und wasserfest<\/li>\n<li>Innerhalb von drei Jahren von den meisten Oberfl\u00e4chen r\u00fcckstandslos entfernbar<\/li>\n<li>Hergestellt in der Europ\u00e4ischen Union<\/li>\n<li>Material: 100 \u00b5m PVC-Folie<\/li>\n<\/ul>\n<div class=\"size-table\">\n<div class=\"size-image-wrapper\"><img decoding=\"async\" src=\"https:\/\/image.spreadshirtmedia.net\/image-server\/v1\/productTypes\/1459\/variants\/size?width=200&amp;height=200\" width=\"200\" height=\"200\" alt=\"Sticker\" \/><\/p>\n<div class=\"size-hint\">normal<\/div>\n<\/div>\n<div class=\"size-table-wrapper\">\n<table>\n<thead>\n<tr>\n<th><\/th>\n<th class=\"measure-name\">A<\/th>\n<th class=\"measure-name\">B<\/th>\n<\/tr>\n<\/thead>\n<tbody>\n<tr class=\"size size-251\">\n<td class=\"size-cell\">10 x 10 cm<\/td>\n<td class=\"measure-cell measure-cell-0\">100 mm<\/td>\n<td class=\"measure-cell measure-cell-1\">100 mm<\/td>\n<\/tr>\n<\/tbody>\n<\/table>\n<\/div>\n<\/div>","protected":false},"excerpt":{"rendered":"<p>Dekoriere Deine Welt, wie sie Dir gef\u00e4llt! Mit dem Sticker aus langlebigem Vinyl beklebst Du glatte Oberfl\u00e4chen wie Deinen Laptop, Dein Auto, M\u00f6bel und vieles mehr. Der Aufkleber ist wasserfest und l\u00e4sst sich von den meisten Oberfl\u00e4chen ohne Klebe-R\u00fcckst\u00e4nde entfernen. Vinyl-Aufkleber mit Konturschnitt, leicht abl\u00f6sbar Langlebig und wasserfest Innerhalb von drei Jahren von den meisten [&hellip;]<\/p>","protected":false},"featured_media":21028,"comment_status":"open","ping_status":"closed","template":"","meta":{"give_campaign_id":0,"product_produkt-link-pod-manuell":"","product_produktname-pod-manuell":""},"product_meine-kategorie":[549,859],"product_mypod":[638],"product_meinemotivart":[714],"product_meinepersonalisierung":[],"product_mydesign":[645,653,642],"product_mymodelle_hunde":[],"product_mymodelle_schuhe":[],"product_myslogan":[],"product_mytodo":[693,696,698,708,702,704],"product_brand":[],"product_cat":[858],"product_tag":[],"shop_modelle":[],"wf_product_folders":[860,469],"class_list":{"0":"post-21032","1":"product","2":"type-product","3":"status-publish","4":"has-post-thumbnail","6":"product_meine-kategorie-accessoires","7":"product_meine-kategorie-sticker","8":"product_mypod-spod","9":"product_meinemotivart-druck","10":"product_mydesign-dogwoodstock","11":"product_mydesign-dogwoodstock-schrift-e","12":"product_mydesign-rudeltreffen","13":"product_mytodo-_feddisch","14":"product_mytodo-designs_done","15":"product_mytodo-kategorien_done","16":"product_mytodo-motivart_done","17":"product_mytodo-personalisierung_done","18":"product_mytodo-translation_done","19":"product_cat-sticker","21":"first","22":"instock","23":"taxable","24":"shipping-taxable","25":"purchasable","26":"product-type-simple"},"jetpack_sharing_enabled":true,"jetpack_likes_enabled":true,"_links":{"self":[{"href":"https:\/\/derrudelshop.de\/en\/wp-json\/wp\/v2\/product\/21032","targetHints":{"allow":["GET"]}}],"collection":[{"href":"https:\/\/derrudelshop.de\/en\/wp-json\/wp\/v2\/product"}],"about":[{"href":"https:\/\/derrudelshop.de\/en\/wp-json\/wp\/v2\/types\/product"}],"replies":[{"embeddable":true,"href":"https:\/\/derrudelshop.de\/en\/wp-json\/wp\/v2\/comments?post=21032"}],"version-history":[{"count":0,"href":"https:\/\/derrudelshop.de\/en\/wp-json\/wp\/v2\/product\/21032\/revisions"}],"wp:featuredmedia":[{"embeddable":true,"href":"https:\/\/derrudelshop.de\/en\/wp-json\/wp\/v2\/media\/21028"}],"wp:attachment":[{"href":"https:\/\/derrudelshop.de\/en\/wp-json\/wp\/v2\/media?parent=21032"}],"wp:term":[{"taxonomy":"product_meine-kategorie","embeddable":true,"href":"https:\/\/derrudelshop.de\/en\/wp-json\/wp\/v2\/product_meine-kategorie?post=21032"},{"taxonomy":"product_mypod","embeddable":true,"href":"https:\/\/derrudelshop.de\/en\/wp-json\/wp\/v2\/product_mypod?post=21032"},{"taxonomy":"product_meinemotivart","embeddable":true,"href":"https:\/\/derrudelshop.de\/en\/wp-json\/wp\/v2\/product_meinemotivart?post=21032"},{"taxonomy":"product_meinepersonalisierung","embeddable":true,"href":"https:\/\/derrudelshop.de\/en\/wp-json\/wp\/v2\/product_meinepersonalisierung?post=21032"},{"taxonomy":"product_mydesign","embeddable":true,"href":"https:\/\/derrudelshop.de\/en\/wp-json\/wp\/v2\/product_mydesign?post=21032"},{"taxonomy":"product_mymodelle_hunde","embeddable":true,"href":"https:\/\/derrudelshop.de\/en\/wp-json\/wp\/v2\/product_mymodelle_hunde?post=21032"},{"taxonomy":"product_mymodelle_schuhe","embeddable":true,"href":"https:\/\/derrudelshop.de\/en\/wp-json\/wp\/v2\/product_mymodelle_schuhe?post=21032"},{"taxonomy":"product_myslogan","embeddable":true,"href":"https:\/\/derrudelshop.de\/en\/wp-json\/wp\/v2\/product_myslogan?post=21032"},{"taxonomy":"product_mytodo","embeddable":true,"href":"https:\/\/derrudelshop.de\/en\/wp-json\/wp\/v2\/product_mytodo?post=21032"},{"taxonomy":"product_brand","embeddable":true,"href":"https:\/\/derrudelshop.de\/en\/wp-json\/wp\/v2\/product_brand?post=21032"},{"taxonomy":"product_cat","embeddable":true,"href":"https:\/\/derrudelshop.de\/en\/wp-json\/wp\/v2\/product_cat?post=21032"},{"taxonomy":"product_tag","embeddable":true,"href":"https:\/\/derrudelshop.de\/en\/wp-json\/wp\/v2\/product_tag?post=21032"},{"taxonomy":"shop_modelle","embeddable":true,"href":"https:\/\/derrudelshop.de\/en\/wp-json\/wp\/v2\/shop_modelle?post=21032"},{"taxonomy":"wf_product_folders","embeddable":true,"href":"https:\/\/derrudelshop.de\/en\/wp-json\/wp\/v2\/wf_product_folders?post=21032"}],"curies":[{"name":"wp","href":"https:\/\/api.w.org\/{rel}","templated":true}]}}