{"id":21147,"date":"2025-04-28T00:11:30","date_gmt":"2025-04-28T00:11:30","guid":{"rendered":"https:\/\/derrudelshop.de\/?post_type=product&#038;p=21147"},"modified":"2025-05-04T02:31:49","modified_gmt":"2025-05-04T02:31:49","slug":"hunde-bandana-woodsdog-buhne-1-schrift-fsg-silbern-wunschname","status":"publish","type":"product","link":"https:\/\/derrudelshop.de\/en\/product\/hunde-bandana-woodsdog-buhne-1-schrift-fsg-silbern-wunschname\/","title":{"rendered":"Hunde-Bandana WoodsDog B\u00fchne 2 Schrift FSG silbern *Wunschname"},"content":{"rendered":"<p>Auch Hunde m\u00f6gen&#8217;s modisch. Das dreieckige Bandana-Tuch setzt Akzente auf dem Fell Deines Lieblings-Vierbeiners. <\/p>\n<ul class=\"listMCE\">\n<li>Aus geschmeidigem Jersey f\u00fcr beste Druckergebnisse<\/li>\n<li>Strapazierf\u00e4hige Stoffqualit\u00e4t: 150 g\/m\u00b2<\/li>\n<li>Ma\u00dfe: 86 x 40,5 cm<\/li>\n<li>Material: 100% Baumwolle<\/li>\n<\/ul>\n<div class=\"size-table\">\n<div class=\"size-image-wrapper\"><img decoding=\"async\" src=\"https:\/\/image.spreadshirtmedia.net\/image-server\/v1\/productTypes\/1407\/variants\/size?width=200&amp;height=200\" width=\"200\" height=\"200\" alt=\"Hunde-Bandana\" \/><\/p>\n<div class=\"size-hint\">normal<\/div>\n<\/div>\n<div class=\"size-table-wrapper\">\n<table>\n<thead>\n<tr>\n<th><\/th>\n<th class=\"measure-name\">A<\/th>\n<th class=\"measure-name\">B<\/th>\n<\/tr>\n<\/thead>\n<tbody>\n<tr class=\"size size-29\">\n<td class=\"size-cell\">One size<\/td>\n<td class=\"measure-cell measure-cell-0\">405 mm<\/td>\n<td class=\"measure-cell measure-cell-1\">860 mm<\/td>\n<\/tr>\n<\/tbody>\n<\/table>\n<\/div>\n<\/div>","protected":false},"excerpt":{"rendered":"<p>Auch Hunde m\u00f6gen&#8217;s modisch. Das dreieckige Bandana-Tuch setzt Akzente auf dem Fell Deines Lieblings-Vierbeiners. Aus geschmeidigem Jersey f\u00fcr beste Druckergebnisse Strapazierf\u00e4hige Stoffqualit\u00e4t: 150 g\/m\u00b2 Ma\u00dfe: 86 x 40,5 cm Material: 100% Baumwolle normal A B One size 405 mm 860 mm<\/p>","protected":false},"featured_media":21146,"comment_status":"open","ping_status":"closed","template":"","meta":{"give_campaign_id":0,"product_produkt-link-pod-manuell":"","product_produktname-pod-manuell":""},"product_meine-kategorie":[861,769,575],"product_mypod":[638],"product_meinemotivart":[714],"product_meinepersonalisierung":[680],"product_mydesign":[645,642,836],"product_mymodelle_hunde":[],"product_mymodelle_schuhe":[],"product_myslogan":[],"product_mytodo":[693,696,698,708,702,704],"product_brand":[],"product_cat":[314,349],"product_tag":[],"shop_modelle":[],"wf_product_folders":[862,362,359],"class_list":{"0":"post-21147","1":"product","2":"type-product","3":"status-publish","4":"has-post-thumbnail","6":"product_meine-kategorie-bandana","7":"product_meine-kategorie-kleidung-vierbeiner","8":"product_meine-kategorie-vierbeiner","9":"product_mypod-spod","10":"product_meinemotivart-druck","11":"product_meinepersonalisierung-wunschname","12":"product_mydesign-dogwoodstock","13":"product_mydesign-rudeltreffen","14":"product_mydesign-woodsdog-buhne-2-schrift-2-fsg","15":"product_mytodo-_feddisch","16":"product_mytodo-designs_done","17":"product_mytodo-kategorien_done","18":"product_mytodo-motivart_done","19":"product_mytodo-personalisierung_done","20":"product_mytodo-translation_done","21":"product_cat-_wunschname","22":"product_cat-vierbeiner","23":"pa_farbe-anthrazit","24":"pa_farbe-antikblaues-saphir-meliert","25":"pa_farbe-azalea","26":"pa_farbe-beige","27":"pa_farbe-blau","28":"pa_farbe-bordeaux","29":"pa_farbe-dunkelgrau","30":"pa_farbe-dunkelgrau-meliert","31":"pa_farbe-dunkellila","32":"pa_farbe-flaschengrun","33":"pa_farbe-gold","34":"pa_farbe-grau-meliert","35":"pa_farbe-graugrun","36":"pa_farbe-hellgrau-meliert","37":"pa_farbe-hellrosa","38":"pa_farbe-kelly-green","39":"pa_farbe-lavendel","40":"pa_farbe-maroon","41":"pa_farbe-mattweis","42":"pa_farbe-militargrun","43":"pa_farbe-mittelgrau","44":"pa_farbe-mokka","45":"pa_farbe-naturweis","46":"pa_farbe-navy","47":"pa_farbe-nebelblau","48":"pa_farbe-pastellturkis","49":"pa_farbe-pfirsich","50":"pa_farbe-pink","51":"pa_farbe-rosegold","52":"pa_farbe-rot","53":"pa_farbe-royalblau","54":"pa_farbe-sahara","55":"pa_farbe-sand","56":"pa_farbe-schwarz","57":"pa_farbe-silber","58":"pa_farbe-tiefseeblau","59":"pa_farbe-transparent-glanzend","60":"pa_farbe-vanille-milchshake","61":"pa_farbe-weis","62":"pa_farbe-weis-glanzend","63":"pa_farbe-weis-meliert","64":"pa_farbe-zitronengelb","65":"pa_groesse-10-x-10-cm","66":"pa_groesse-07_3xl","67":"pa_groesse-08_4xl","68":"pa_groesse-04l","69":"pa_groesse-03m","70":"pa_groesse-99one-size","71":"pa_groesse-02s","72":"pa_groesse-05xl","73":"pa_groesse-01xs","74":"pa_groesse-06xxl","76":"first","77":"instock","78":"taxable","79":"shipping-taxable","80":"purchasable","81":"product-type-variable"},"jetpack_sharing_enabled":true,"jetpack_likes_enabled":true,"_links":{"self":[{"href":"https:\/\/derrudelshop.de\/en\/wp-json\/wp\/v2\/product\/21147","targetHints":{"allow":["GET"]}}],"collection":[{"href":"https:\/\/derrudelshop.de\/en\/wp-json\/wp\/v2\/product"}],"about":[{"href":"https:\/\/derrudelshop.de\/en\/wp-json\/wp\/v2\/types\/product"}],"replies":[{"embeddable":true,"href":"https:\/\/derrudelshop.de\/en\/wp-json\/wp\/v2\/comments?post=21147"}],"version-history":[{"count":0,"href":"https:\/\/derrudelshop.de\/en\/wp-json\/wp\/v2\/product\/21147\/revisions"}],"wp:featuredmedia":[{"embeddable":true,"href":"https:\/\/derrudelshop.de\/en\/wp-json\/wp\/v2\/media\/21146"}],"wp:attachment":[{"href":"https:\/\/derrudelshop.de\/en\/wp-json\/wp\/v2\/media?parent=21147"}],"wp:term":[{"taxonomy":"product_meine-kategorie","embeddable":true,"href":"https:\/\/derrudelshop.de\/en\/wp-json\/wp\/v2\/product_meine-kategorie?post=21147"},{"taxonomy":"product_mypod","embeddable":true,"href":"https:\/\/derrudelshop.de\/en\/wp-json\/wp\/v2\/product_mypod?post=21147"},{"taxonomy":"product_meinemotivart","embeddable":true,"href":"https:\/\/derrudelshop.de\/en\/wp-json\/wp\/v2\/product_meinemotivart?post=21147"},{"taxonomy":"product_meinepersonalisierung","embeddable":true,"href":"https:\/\/derrudelshop.de\/en\/wp-json\/wp\/v2\/product_meinepersonalisierung?post=21147"},{"taxonomy":"product_mydesign","embeddable":true,"href":"https:\/\/derrudelshop.de\/en\/wp-json\/wp\/v2\/product_mydesign?post=21147"},{"taxonomy":"product_mymodelle_hunde","embeddable":true,"href":"https:\/\/derrudelshop.de\/en\/wp-json\/wp\/v2\/product_mymodelle_hunde?post=21147"},{"taxonomy":"product_mymodelle_schuhe","embeddable":true,"href":"https:\/\/derrudelshop.de\/en\/wp-json\/wp\/v2\/product_mymodelle_schuhe?post=21147"},{"taxonomy":"product_myslogan","embeddable":true,"href":"https:\/\/derrudelshop.de\/en\/wp-json\/wp\/v2\/product_myslogan?post=21147"},{"taxonomy":"product_mytodo","embeddable":true,"href":"https:\/\/derrudelshop.de\/en\/wp-json\/wp\/v2\/product_mytodo?post=21147"},{"taxonomy":"product_brand","embeddable":true,"href":"https:\/\/derrudelshop.de\/en\/wp-json\/wp\/v2\/product_brand?post=21147"},{"taxonomy":"product_cat","embeddable":true,"href":"https:\/\/derrudelshop.de\/en\/wp-json\/wp\/v2\/product_cat?post=21147"},{"taxonomy":"product_tag","embeddable":true,"href":"https:\/\/derrudelshop.de\/en\/wp-json\/wp\/v2\/product_tag?post=21147"},{"taxonomy":"shop_modelle","embeddable":true,"href":"https:\/\/derrudelshop.de\/en\/wp-json\/wp\/v2\/shop_modelle?post=21147"},{"taxonomy":"wf_product_folders","embeddable":true,"href":"https:\/\/derrudelshop.de\/en\/wp-json\/wp\/v2\/wf_product_folders?post=21147"}],"curies":[{"name":"wp","href":"https:\/\/api.w.org\/{rel}","templated":true}]}}