{"id":2249,"date":"2025-03-24T02:02:00","date_gmt":"2025-03-24T02:02:00","guid":{"rendered":"https:\/\/derrudelshop.de\/product\/apfel-schnuffelmatte-fur-hunde-suchspiel-training-spas\/"},"modified":"2025-04-22T12:08:45","modified_gmt":"2025-04-22T12:08:45","slug":"apfel-schnuffelmatte-fur-hunde-suchspiel-training-spas","status":"publish","type":"product","link":"https:\/\/derrudelshop.de\/en\/product\/apfel-schnuffelmatte-fur-hunde-suchspiel-training-spas\/","title":{"rendered":"Apfel-Schn\u00fcffelmatte f\u00fcr Hunde &#8211; Suchspiel, Training &amp; Spa\u00df!"},"content":{"rendered":"<p>Product properties:<\/p>\n<p>Product category: chew toys<\/p>\n<p>Material: felt cloth<\/p>\n<p><\/p>\n<p><\/p>\n<p><img decoding=\"async\" src=\"https:\/\/shopifyfile.oss-accelerate.aliyuncs.com\/attached\/image\/202303\/47CBEE371310A9FE6908A62B12E50B94.jpg\" title=\"47CBEE371310A9FE6908A62B12E50B94.jpg\" alt=\"xqy_01.jpg\"><img decoding=\"async\" src=\"https:\/\/shopifyfile.oss-accelerate.aliyuncs.com\/attached\/image\/202303\/6BE7A396F89875DCDD39B494950584E0.jpg\" title=\"6BE7A396F89875DCDD39B494950584E0.jpg\" alt=\"xqy_02.jpg\"><img decoding=\"async\" src=\"https:\/\/shopifyfile.oss-accelerate.aliyuncs.com\/attached\/image\/202303\/853C1EA413F991560750F832835DB72E.jpg\" title=\"853C1EA413F991560750F832835DB72E.jpg\" alt=\"xqy_03.jpg\"><img decoding=\"async\" src=\"https:\/\/shopifyfile.oss-accelerate.aliyuncs.com\/attached\/image\/202303\/B6E26E805040A8822123AEE724F15705.jpg\" title=\"B6E26E805040A8822123AEE724F15705.jpg\" alt=\"xqy_04.jpg\"><img decoding=\"async\" src=\"https:\/\/shopifyfile.oss-accelerate.aliyuncs.com\/attached\/image\/202303\/8D5DA0B2EECCE4A870D240C4326F74F7.jpg\" title=\"8D5DA0B2EECCE4A870D240C4326F74F7.jpg\" alt=\"xqy_05.jpg\"><img decoding=\"async\" src=\"https:\/\/shopifyfile.oss-accelerate.aliyuncs.com\/attached\/image\/202303\/E478C0FBDECED86F68E451FF627AC991.jpg\" title=\"E478C0FBDECED86F68E451FF627AC991.jpg\" alt=\"xqy_06.jpg\"><img decoding=\"async\" src=\"https:\/\/shopifyfile.oss-accelerate.aliyuncs.com\/attached\/image\/202303\/B3D179D620B32E94A72FEFA55F625164.jpg\" title=\"B3D179D620B32E94A72FEFA55F625164.jpg\" alt=\"xqy_07.jpg\"><img decoding=\"async\" src=\"https:\/\/shopifyfile.oss-accelerate.aliyuncs.com\/attached\/image\/202303\/B7DC7B0B3DC675BEFBAFA6062375A92D.jpg\" title=\"B7DC7B0B3DC675BEFBAFA6062375A92D.jpg\" alt=\"xqy_08.jpg\"><img decoding=\"async\" src=\"https:\/\/shopifyfile.oss-accelerate.aliyuncs.com\/attached\/image\/202303\/FC6B88EF4A25AB1F848A48B72B7FC825.jpg\" title=\"FC6B88EF4A25AB1F848A48B72B7FC825.jpg\" alt=\"xqy_09.jpg\"><img decoding=\"async\" src=\"https:\/\/shopifyfile.oss-accelerate.aliyuncs.com\/attached\/image\/202303\/15F878B3AF3F1D7B9114819F6B79E424.jpg\" title=\"15F878B3AF3F1D7B9114819F6B79E424.jpg\" alt=\"xqy_10.jpg\"><img decoding=\"async\" src=\"https:\/\/shopifyfile.oss-accelerate.aliyuncs.com\/attached\/image\/202303\/E968BB9F09D01A3CEB128C529E776991.jpg\" title=\"E968BB9F09D01A3CEB128C529E776991.jpg\" alt=\"xqy_11.jpg\"><img decoding=\"async\" src=\"https:\/\/shopifyfile.oss-accelerate.aliyuncs.com\/attached\/image\/202303\/BD65F708BF750E8A2AB3A6ADD1A11C69.jpg\" title=\"BD65F708BF750E8A2AB3A6ADD1A11C69.jpg\" alt=\"xqy_12.jpg\"><img decoding=\"async\" src=\"https:\/\/shopifyfile.oss-accelerate.aliyuncs.com\/attached\/image\/202303\/A7F8B40DB311FB9CEDE31F943650885A.jpg\" title=\"A7F8B40DB311FB9CEDE31F943650885A.jpg\" alt=\"xqy_13.jpg\"><\/p>","protected":false},"excerpt":{"rendered":"<p>Product properties: Product category: chew toys Material: felt cloth<\/p>","protected":false},"featured_media":2244,"comment_status":"open","ping_status":"closed","template":"","meta":{"give_campaign_id":0,"product_produkt-link-pod-manuell":"","product_produktname-pod-manuell":""},"product_meine-kategorie":[590,584,575],"product_mypod":[623],"product_meinemotivart":[],"product_meinepersonalisierung":[],"product_mydesign":[],"product_mymodelle_hunde":[],"product_mymodelle_schuhe":[],"product_myslogan":[],"product_mytodo":[693,698,702,703],"product_brand":[],"product_cat":[395,489,349],"product_tag":[383,384],"shop_modelle":[],"wf_product_folders":[498,483,361,359],"class_list":{"0":"post-2249","1":"product","2":"type-product","3":"status-publish","4":"has-post-thumbnail","6":"product_meine-kategorie-schnuffelspielzeug","7":"product_meine-kategorie-spielzeug","8":"product_meine-kategorie-vierbeiner","9":"product_mypod-eprolo","10":"product_mytodo-_feddisch","11":"product_mytodo-kategorien_done","12":"product_mytodo-personalisierung_done","13":"product_mytodo-translation_todo","14":"product_cat-schnueffelspielzeug","15":"product_cat-spielzeug","16":"product_cat-vierbeiner","17":"product_tag-hunde","18":"product_tag-katzen","20":"first","21":"instock","22":"taxable","23":"shipping-taxable","24":"purchasable","25":"product-type-variable"},"jetpack_sharing_enabled":true,"jetpack_likes_enabled":true,"_links":{"self":[{"href":"https:\/\/derrudelshop.de\/en\/wp-json\/wp\/v2\/product\/2249","targetHints":{"allow":["GET"]}}],"collection":[{"href":"https:\/\/derrudelshop.de\/en\/wp-json\/wp\/v2\/product"}],"about":[{"href":"https:\/\/derrudelshop.de\/en\/wp-json\/wp\/v2\/types\/product"}],"replies":[{"embeddable":true,"href":"https:\/\/derrudelshop.de\/en\/wp-json\/wp\/v2\/comments?post=2249"}],"version-history":[{"count":0,"href":"https:\/\/derrudelshop.de\/en\/wp-json\/wp\/v2\/product\/2249\/revisions"}],"wp:featuredmedia":[{"embeddable":true,"href":"https:\/\/derrudelshop.de\/en\/wp-json\/wp\/v2\/media\/2244"}],"wp:attachment":[{"href":"https:\/\/derrudelshop.de\/en\/wp-json\/wp\/v2\/media?parent=2249"}],"wp:term":[{"taxonomy":"product_meine-kategorie","embeddable":true,"href":"https:\/\/derrudelshop.de\/en\/wp-json\/wp\/v2\/product_meine-kategorie?post=2249"},{"taxonomy":"product_mypod","embeddable":true,"href":"https:\/\/derrudelshop.de\/en\/wp-json\/wp\/v2\/product_mypod?post=2249"},{"taxonomy":"product_meinemotivart","embeddable":true,"href":"https:\/\/derrudelshop.de\/en\/wp-json\/wp\/v2\/product_meinemotivart?post=2249"},{"taxonomy":"product_meinepersonalisierung","embeddable":true,"href":"https:\/\/derrudelshop.de\/en\/wp-json\/wp\/v2\/product_meinepersonalisierung?post=2249"},{"taxonomy":"product_mydesign","embeddable":true,"href":"https:\/\/derrudelshop.de\/en\/wp-json\/wp\/v2\/product_mydesign?post=2249"},{"taxonomy":"product_mymodelle_hunde","embeddable":true,"href":"https:\/\/derrudelshop.de\/en\/wp-json\/wp\/v2\/product_mymodelle_hunde?post=2249"},{"taxonomy":"product_mymodelle_schuhe","embeddable":true,"href":"https:\/\/derrudelshop.de\/en\/wp-json\/wp\/v2\/product_mymodelle_schuhe?post=2249"},{"taxonomy":"product_myslogan","embeddable":true,"href":"https:\/\/derrudelshop.de\/en\/wp-json\/wp\/v2\/product_myslogan?post=2249"},{"taxonomy":"product_mytodo","embeddable":true,"href":"https:\/\/derrudelshop.de\/en\/wp-json\/wp\/v2\/product_mytodo?post=2249"},{"taxonomy":"product_brand","embeddable":true,"href":"https:\/\/derrudelshop.de\/en\/wp-json\/wp\/v2\/product_brand?post=2249"},{"taxonomy":"product_cat","embeddable":true,"href":"https:\/\/derrudelshop.de\/en\/wp-json\/wp\/v2\/product_cat?post=2249"},{"taxonomy":"product_tag","embeddable":true,"href":"https:\/\/derrudelshop.de\/en\/wp-json\/wp\/v2\/product_tag?post=2249"},{"taxonomy":"shop_modelle","embeddable":true,"href":"https:\/\/derrudelshop.de\/en\/wp-json\/wp\/v2\/shop_modelle?post=2249"},{"taxonomy":"wf_product_folders","embeddable":true,"href":"https:\/\/derrudelshop.de\/en\/wp-json\/wp\/v2\/wf_product_folders?post=2249"}],"curies":[{"name":"wp","href":"https:\/\/api.w.org\/{rel}","templated":true}]}}