{"id":2281,"date":"2025-03-24T02:11:00","date_gmt":"2025-03-24T02:11:00","guid":{"rendered":"https:\/\/derrudelshop.de\/product\/schnuffelspas-fur-hunde-langsam-fresser-puzzle-matte\/"},"modified":"2025-04-22T12:15:40","modified_gmt":"2025-04-22T12:15:40","slug":"schnuffelspas-fur-hunde-langsam-fresser-puzzle-matte","status":"publish","type":"product","link":"https:\/\/derrudelshop.de\/en\/product\/schnuffelspas-fur-hunde-langsam-fresser-puzzle-matte\/","title":{"rendered":"Schn\u00fcffelspa\u00df f\u00fcr Hunde &#8211; Langsam-Fresser &amp; Puzzle-Matte!"},"content":{"rendered":"<p>Product properties:<\/p>\n<p>Product category: chew toys<\/p>\n<p>Material: plush<\/p>\n<p><\/p>\n<p><\/p>\n<p><img decoding=\"async\" src=\"https:\/\/shopifyfile.oss-accelerate.aliyuncs.com\/attached\/image\/202303\/0928DB427C538D1581A211AF25FD8527.jpg\" title=\"0928DB427C538D1581A211AF25FD8527.jpg\" alt=\"xqy_02.jpg\"><img decoding=\"async\" src=\"https:\/\/shopifyfile.oss-accelerate.aliyuncs.com\/attached\/image\/202303\/3582DB278B8E123632C224DD6135585A.jpg\" title=\"3582DB278B8E123632C224DD6135585A.jpg\" alt=\"xqy_03.jpg\"><img decoding=\"async\" src=\"https:\/\/shopifyfile.oss-accelerate.aliyuncs.com\/attached\/image\/202303\/220D9486F197B84D230B46DEDF882507.jpg\" title=\"220D9486F197B84D230B46DEDF882507.jpg\" alt=\"xqy_04.jpg\"><img decoding=\"async\" src=\"https:\/\/shopifyfile.oss-accelerate.aliyuncs.com\/attached\/image\/202303\/95D14D4A40DBA81207C7B149AC0AF436.jpg\" title=\"95D14D4A40DBA81207C7B149AC0AF436.jpg\" alt=\"xqy_05.jpg\"><img decoding=\"async\" src=\"https:\/\/shopifyfile.oss-accelerate.aliyuncs.com\/attached\/image\/202303\/EB50EFB68E76EF37229B4098A154661F.jpg\" title=\"EB50EFB68E76EF37229B4098A154661F.jpg\" alt=\"xqy_06.jpg\"><\/p>","protected":false},"excerpt":{"rendered":"<p>Product properties: Product category: chew toys Material: plush<\/p>","protected":false},"featured_media":2276,"comment_status":"open","ping_status":"closed","template":"","meta":{"give_campaign_id":0,"product_produkt-link-pod-manuell":"","product_produktname-pod-manuell":""},"product_meine-kategorie":[590,584,575],"product_mypod":[623],"product_meinemotivart":[],"product_meinepersonalisierung":[],"product_mydesign":[],"product_mymodelle_hunde":[],"product_mymodelle_schuhe":[],"product_myslogan":[],"product_mytodo":[693,698,702,703],"product_brand":[],"product_cat":[395,489,349],"product_tag":[383,384],"shop_modelle":[],"wf_product_folders":[498,483,361,359],"class_list":{"0":"post-2281","1":"product","2":"type-product","3":"status-publish","4":"has-post-thumbnail","6":"product_meine-kategorie-schnuffelspielzeug","7":"product_meine-kategorie-spielzeug","8":"product_meine-kategorie-vierbeiner","9":"product_mypod-eprolo","10":"product_mytodo-_feddisch","11":"product_mytodo-kategorien_done","12":"product_mytodo-personalisierung_done","13":"product_mytodo-translation_todo","14":"product_cat-schnueffelspielzeug","15":"product_cat-spielzeug","16":"product_cat-vierbeiner","17":"product_tag-hunde","18":"product_tag-katzen","20":"first","21":"instock","22":"purchasable","23":"product-type-simple"},"jetpack_sharing_enabled":true,"jetpack_likes_enabled":true,"_links":{"self":[{"href":"https:\/\/derrudelshop.de\/en\/wp-json\/wp\/v2\/product\/2281","targetHints":{"allow":["GET"]}}],"collection":[{"href":"https:\/\/derrudelshop.de\/en\/wp-json\/wp\/v2\/product"}],"about":[{"href":"https:\/\/derrudelshop.de\/en\/wp-json\/wp\/v2\/types\/product"}],"replies":[{"embeddable":true,"href":"https:\/\/derrudelshop.de\/en\/wp-json\/wp\/v2\/comments?post=2281"}],"version-history":[{"count":0,"href":"https:\/\/derrudelshop.de\/en\/wp-json\/wp\/v2\/product\/2281\/revisions"}],"wp:featuredmedia":[{"embeddable":true,"href":"https:\/\/derrudelshop.de\/en\/wp-json\/wp\/v2\/media\/2276"}],"wp:attachment":[{"href":"https:\/\/derrudelshop.de\/en\/wp-json\/wp\/v2\/media?parent=2281"}],"wp:term":[{"taxonomy":"product_meine-kategorie","embeddable":true,"href":"https:\/\/derrudelshop.de\/en\/wp-json\/wp\/v2\/product_meine-kategorie?post=2281"},{"taxonomy":"product_mypod","embeddable":true,"href":"https:\/\/derrudelshop.de\/en\/wp-json\/wp\/v2\/product_mypod?post=2281"},{"taxonomy":"product_meinemotivart","embeddable":true,"href":"https:\/\/derrudelshop.de\/en\/wp-json\/wp\/v2\/product_meinemotivart?post=2281"},{"taxonomy":"product_meinepersonalisierung","embeddable":true,"href":"https:\/\/derrudelshop.de\/en\/wp-json\/wp\/v2\/product_meinepersonalisierung?post=2281"},{"taxonomy":"product_mydesign","embeddable":true,"href":"https:\/\/derrudelshop.de\/en\/wp-json\/wp\/v2\/product_mydesign?post=2281"},{"taxonomy":"product_mymodelle_hunde","embeddable":true,"href":"https:\/\/derrudelshop.de\/en\/wp-json\/wp\/v2\/product_mymodelle_hunde?post=2281"},{"taxonomy":"product_mymodelle_schuhe","embeddable":true,"href":"https:\/\/derrudelshop.de\/en\/wp-json\/wp\/v2\/product_mymodelle_schuhe?post=2281"},{"taxonomy":"product_myslogan","embeddable":true,"href":"https:\/\/derrudelshop.de\/en\/wp-json\/wp\/v2\/product_myslogan?post=2281"},{"taxonomy":"product_mytodo","embeddable":true,"href":"https:\/\/derrudelshop.de\/en\/wp-json\/wp\/v2\/product_mytodo?post=2281"},{"taxonomy":"product_brand","embeddable":true,"href":"https:\/\/derrudelshop.de\/en\/wp-json\/wp\/v2\/product_brand?post=2281"},{"taxonomy":"product_cat","embeddable":true,"href":"https:\/\/derrudelshop.de\/en\/wp-json\/wp\/v2\/product_cat?post=2281"},{"taxonomy":"product_tag","embeddable":true,"href":"https:\/\/derrudelshop.de\/en\/wp-json\/wp\/v2\/product_tag?post=2281"},{"taxonomy":"shop_modelle","embeddable":true,"href":"https:\/\/derrudelshop.de\/en\/wp-json\/wp\/v2\/shop_modelle?post=2281"},{"taxonomy":"wf_product_folders","embeddable":true,"href":"https:\/\/derrudelshop.de\/en\/wp-json\/wp\/v2\/wf_product_folders?post=2281"}],"curies":[{"name":"wp","href":"https:\/\/api.w.org\/{rel}","templated":true}]}}