{"id":2364,"date":"2025-03-24T02:26:00","date_gmt":"2025-03-24T02:26:00","guid":{"rendered":"https:\/\/derrudelshop.de\/product\/lowe-krokodil-schnuffelmatte-spiel-spas-fur-hunde\/"},"modified":"2025-04-22T12:10:54","modified_gmt":"2025-04-22T12:10:54","slug":"lowe-krokodil-schnuffelmatte-spiel-spas-fur-hunde","status":"publish","type":"product","link":"https:\/\/derrudelshop.de\/en\/product\/lowe-krokodil-schnuffelmatte-spiel-spas-fur-hunde\/","title":{"rendered":"L\u00f6we &amp; Krokodil Schn\u00fcffelmatte &#8211; Spiel &amp; Spa\u00df f\u00fcr Hunde!"},"content":{"rendered":"<p>Product properties:<\/p>\n<p>Product category: olfactory pad<\/p>\n<p>Material: fleece<\/p>\n<p><\/p>\n<p><\/p>\n<p><img decoding=\"async\" src=\"https:\/\/shopifyfile.oss-accelerate.aliyuncs.com\/attached\/image\/202303\/FA83E53292AA57C1ADF45A14301BADB9.jpg\" title=\"FA83E53292AA57C1ADF45A14301BADB9.jpg\" alt=\"xqy_01.jpg\"><img decoding=\"async\" src=\"https:\/\/shopifyfile.oss-accelerate.aliyuncs.com\/attached\/image\/202303\/D523FA2E2A874E045842E4DDA1B3C193.jpg\" title=\"D523FA2E2A874E045842E4DDA1B3C193.jpg\" alt=\"xqy_02.jpg\"><img decoding=\"async\" src=\"https:\/\/shopifyfile.oss-accelerate.aliyuncs.com\/attached\/image\/202303\/8ABC442540086DD82BE68258576C0850.jpg\" title=\"8ABC442540086DD82BE68258576C0850.jpg\" alt=\"xqy_03.jpg\"><img decoding=\"async\" src=\"https:\/\/shopifyfile.oss-accelerate.aliyuncs.com\/attached\/image\/202303\/D95D951FFEB0AA64938713B8F68EC193.jpg\" title=\"D95D951FFEB0AA64938713B8F68EC193.jpg\" alt=\"xqy_04.jpg\"><img decoding=\"async\" src=\"https:\/\/shopifyfile.oss-accelerate.aliyuncs.com\/attached\/image\/202303\/84E7B96A122ABD18002DE62A29F3F96F.jpg\" title=\"84E7B96A122ABD18002DE62A29F3F96F.jpg\" alt=\"xqy_05.jpg\"><img decoding=\"async\" src=\"https:\/\/shopifyfile.oss-accelerate.aliyuncs.com\/attached\/image\/202303\/498D4D80F7C099A3F576852A06E14BFA.jpg\" title=\"498D4D80F7C099A3F576852A06E14BFA.jpg\" alt=\"xqy_06.jpg\"><img decoding=\"async\" src=\"https:\/\/shopifyfile.oss-accelerate.aliyuncs.com\/attached\/image\/202303\/5DD6D690802AB333B9FF2732C331D7D1.jpg\" title=\"5DD6D690802AB333B9FF2732C331D7D1.jpg\" alt=\"xqy_07.jpg\"><img decoding=\"async\" src=\"https:\/\/shopifyfile.oss-accelerate.aliyuncs.com\/attached\/image\/202303\/F96058A2732DCA3F4E2D6A88DBA695FB.jpg\" title=\"F96058A2732DCA3F4E2D6A88DBA695FB.jpg\" alt=\"xqy_08.jpg\"><img decoding=\"async\" src=\"https:\/\/shopifyfile.oss-accelerate.aliyuncs.com\/attached\/image\/202303\/3E41FD44BF952EE79A734E17CD58C699.jpg\" title=\"3E41FD44BF952EE79A734E17CD58C699.jpg\" alt=\"xqy_09.jpg\"><img decoding=\"async\" src=\"https:\/\/shopifyfile.oss-accelerate.aliyuncs.com\/attached\/image\/202303\/E5C6D08785600DD3F9B5234F39278DE6.jpg\" title=\"E5C6D08785600DD3F9B5234F39278DE6.jpg\" alt=\"xqy_10.jpg\"><img decoding=\"async\" src=\"https:\/\/shopifyfile.oss-accelerate.aliyuncs.com\/attached\/image\/202303\/153B237A2C84B8D50A3E0381BA53BB2A.jpg\" title=\"153B237A2C84B8D50A3E0381BA53BB2A.jpg\" alt=\"xqy_11.jpg\"><\/p>","protected":false},"excerpt":{"rendered":"<p>Product properties: Product category: olfactory pad Material: fleece<\/p>","protected":false},"featured_media":2357,"comment_status":"open","ping_status":"closed","template":"","meta":{"give_campaign_id":0,"product_produkt-link-pod-manuell":"","product_produktname-pod-manuell":""},"product_meine-kategorie":[590,584,575],"product_mypod":[623],"product_meinemotivart":[],"product_meinepersonalisierung":[],"product_mydesign":[],"product_mymodelle_hunde":[],"product_mymodelle_schuhe":[],"product_myslogan":[],"product_mytodo":[693,698,702,703],"product_brand":[],"product_cat":[395,489,349],"product_tag":[383,384],"shop_modelle":[],"wf_product_folders":[498,483,361,359],"class_list":{"0":"post-2364","1":"product","2":"type-product","3":"status-publish","4":"has-post-thumbnail","6":"product_meine-kategorie-schnuffelspielzeug","7":"product_meine-kategorie-spielzeug","8":"product_meine-kategorie-vierbeiner","9":"product_mypod-eprolo","10":"product_mytodo-_feddisch","11":"product_mytodo-kategorien_done","12":"product_mytodo-personalisierung_done","13":"product_mytodo-translation_todo","14":"product_cat-schnueffelspielzeug","15":"product_cat-spielzeug","16":"product_cat-vierbeiner","17":"product_tag-hunde","18":"product_tag-katzen","20":"first","21":"instock","22":"taxable","23":"shipping-taxable","24":"purchasable","25":"product-type-variable"},"jetpack_sharing_enabled":true,"jetpack_likes_enabled":true,"_links":{"self":[{"href":"https:\/\/derrudelshop.de\/en\/wp-json\/wp\/v2\/product\/2364","targetHints":{"allow":["GET"]}}],"collection":[{"href":"https:\/\/derrudelshop.de\/en\/wp-json\/wp\/v2\/product"}],"about":[{"href":"https:\/\/derrudelshop.de\/en\/wp-json\/wp\/v2\/types\/product"}],"replies":[{"embeddable":true,"href":"https:\/\/derrudelshop.de\/en\/wp-json\/wp\/v2\/comments?post=2364"}],"version-history":[{"count":0,"href":"https:\/\/derrudelshop.de\/en\/wp-json\/wp\/v2\/product\/2364\/revisions"}],"wp:featuredmedia":[{"embeddable":true,"href":"https:\/\/derrudelshop.de\/en\/wp-json\/wp\/v2\/media\/2357"}],"wp:attachment":[{"href":"https:\/\/derrudelshop.de\/en\/wp-json\/wp\/v2\/media?parent=2364"}],"wp:term":[{"taxonomy":"product_meine-kategorie","embeddable":true,"href":"https:\/\/derrudelshop.de\/en\/wp-json\/wp\/v2\/product_meine-kategorie?post=2364"},{"taxonomy":"product_mypod","embeddable":true,"href":"https:\/\/derrudelshop.de\/en\/wp-json\/wp\/v2\/product_mypod?post=2364"},{"taxonomy":"product_meinemotivart","embeddable":true,"href":"https:\/\/derrudelshop.de\/en\/wp-json\/wp\/v2\/product_meinemotivart?post=2364"},{"taxonomy":"product_meinepersonalisierung","embeddable":true,"href":"https:\/\/derrudelshop.de\/en\/wp-json\/wp\/v2\/product_meinepersonalisierung?post=2364"},{"taxonomy":"product_mydesign","embeddable":true,"href":"https:\/\/derrudelshop.de\/en\/wp-json\/wp\/v2\/product_mydesign?post=2364"},{"taxonomy":"product_mymodelle_hunde","embeddable":true,"href":"https:\/\/derrudelshop.de\/en\/wp-json\/wp\/v2\/product_mymodelle_hunde?post=2364"},{"taxonomy":"product_mymodelle_schuhe","embeddable":true,"href":"https:\/\/derrudelshop.de\/en\/wp-json\/wp\/v2\/product_mymodelle_schuhe?post=2364"},{"taxonomy":"product_myslogan","embeddable":true,"href":"https:\/\/derrudelshop.de\/en\/wp-json\/wp\/v2\/product_myslogan?post=2364"},{"taxonomy":"product_mytodo","embeddable":true,"href":"https:\/\/derrudelshop.de\/en\/wp-json\/wp\/v2\/product_mytodo?post=2364"},{"taxonomy":"product_brand","embeddable":true,"href":"https:\/\/derrudelshop.de\/en\/wp-json\/wp\/v2\/product_brand?post=2364"},{"taxonomy":"product_cat","embeddable":true,"href":"https:\/\/derrudelshop.de\/en\/wp-json\/wp\/v2\/product_cat?post=2364"},{"taxonomy":"product_tag","embeddable":true,"href":"https:\/\/derrudelshop.de\/en\/wp-json\/wp\/v2\/product_tag?post=2364"},{"taxonomy":"shop_modelle","embeddable":true,"href":"https:\/\/derrudelshop.de\/en\/wp-json\/wp\/v2\/shop_modelle?post=2364"},{"taxonomy":"wf_product_folders","embeddable":true,"href":"https:\/\/derrudelshop.de\/en\/wp-json\/wp\/v2\/wf_product_folders?post=2364"}],"curies":[{"name":"wp","href":"https:\/\/api.w.org\/{rel}","templated":true}]}}