{"id":2388,"date":"2025-04-09T12:20:00","date_gmt":"2025-04-09T12:20:00","guid":{"rendered":"https:\/\/derrudelshop.de\/?post_type=product&#038;p=2388"},"modified":"2025-04-28T13:00:32","modified_gmt":"2025-04-28T13:00:32","slug":"stanley-stella-frauen-cropped-bio-tank-top-dancer-twitterrudel-logo-silber","status":"publish","type":"product","link":"https:\/\/derrudelshop.de\/en\/product\/stanley-stella-frauen-cropped-bio-tank-top-dancer-twitterrudel-logo-silber\/","title":{"rendered":"Stanley\/Stella Frauen Cropped Bio Tank Top DANCER Twitterrudel Logo silber"},"content":{"rendered":"<p>Beschwingt durch den Sommer? Das locker geschnittene Cropped Tank Top DANCER ist Dein l\u00e4ssiger Begleiter. Passt perfekt zu: Ausfl\u00fcgen an den See, Pommes Schranke und dem Geruch von Sonnencreme.<\/p>\n<ul class=\"listMCE\">\n<li>Kurz geschnittenes, \u00e4rmelloses Frauen Tank Top mit lockerer Passform<\/li>\n<li>Mit 1&#215;1 Rippstrick am Halsausschnitt und an den \u00c4rmelans\u00e4tzen<\/li>\n<li>Inkl. Nackenband aus Jersey und schmaler Doppelabsteppung am unteren Saum<\/li>\n<li>Stoffdichte: 120 g\/m\u00b2<\/li>\n<li>Material: 100% Baumwolle (aus biologischem Anbau)<\/li>\n<li>Marke: Stanley\/Stella<\/li>\n<\/ul>\n<div class=\"size-table\">\n<div class=\"size-image-wrapper\">\n<p><img decoding=\"async\" src=\"https:\/\/image.spreadshirtmedia.net\/image-server\/v1\/productTypes\/2486\/variants\/size?width=200&amp;height=200\" alt=\"Stanley\/Stella Frauen Cropped Bio Tank Top DANCER\" width=\"200\" height=\"200\" \/><\/p>\n<div class=\"size-hint\">normal<\/div>\n<\/div>\n<div class=\"size-table-wrapper\">\n<table>\n<thead>\n<tr>\n<th><\/th>\n<th class=\"measure-name\">A<\/th>\n<th class=\"measure-name\">B<\/th>\n<\/tr>\n<\/thead>\n<tbody>\n<tr class=\"size size-3\">\n<td class=\"size-cell\">M<\/td>\n<td class=\"measure-cell measure-cell-0\">560 mm<\/td>\n<td class=\"measure-cell measure-cell-1\">510 mm<\/td>\n<\/tr>\n<tr class=\"size size-4\">\n<td class=\"size-cell\">L<\/td>\n<td class=\"measure-cell measure-cell-0\">540 mm<\/td>\n<td class=\"measure-cell measure-cell-1\">580 mm<\/td>\n<\/tr>\n<tr class=\"size size-5\">\n<td class=\"size-cell\">XL<\/td>\n<td class=\"measure-cell measure-cell-0\">560 mm<\/td>\n<td class=\"measure-cell measure-cell-1\">590 mm<\/td>\n<\/tr>\n<\/tbody>\n<\/table>\n<\/div>\n<\/div>","protected":false},"excerpt":{"rendered":"<p>Beschwingt durch den Sommer? Das locker geschnittene Cropped Tank Top DANCER ist Dein l\u00e4ssiger Begleiter. Passt perfekt zu: Ausfl\u00fcgen an den See, Pommes Schranke und dem Geruch von Sonnencreme. Kurz geschnittenes, \u00e4rmelloses Frauen Tank Top mit lockerer Passform Mit 1&#215;1 Rippstrick am Halsausschnitt und an den \u00c4rmelans\u00e4tzen Inkl. Nackenband aus Jersey und schmaler Doppelabsteppung am [&hellip;]<\/p>","protected":false},"featured_media":2387,"comment_status":"open","ping_status":"closed","template":"","meta":{"give_campaign_id":0,"product_produkt-link-pod-manuell":"","product_produktname-pod-manuell":""},"product_meine-kategorie":[561,564],"product_mypod":[638],"product_meinemotivart":[714],"product_meinepersonalisierung":[],"product_mydesign":[639],"product_mymodelle_hunde":[],"product_mymodelle_schuhe":[],"product_myslogan":[],"product_mytodo":[693,696,698,700,708,702,704,961],"product_brand":[],"product_cat":[334],"product_tag":[],"shop_modelle":[152],"wf_product_folders":[431,433],"class_list":{"0":"post-2388","1":"product","2":"type-product","3":"status-publish","4":"has-post-thumbnail","6":"product_meine-kategorie-kleidung","7":"product_meine-kategorie-tank-tops","8":"product_mypod-spod","9":"product_meinemotivart-druck","10":"product_mydesign-twitterrudel-logo","11":"product_mytodo-_feddisch","12":"product_mytodo-designs_done","13":"product_mytodo-kategorien_done","14":"product_mytodo-modelle_done","15":"product_mytodo-motivart_done","16":"product_mytodo-personalisierung_done","17":"product_mytodo-translation_done","18":"product_mytodo-zchild-parent-modell-","19":"product_cat-kleidung","20":"pa_farbe-schwarz","21":"pa_farbe-weis","22":"pa_groesse-04l","23":"pa_groesse-03m","24":"pa_groesse-05xl","25":"shop_modelle-stanley-stella-dancer-sttw038","27":"first","28":"instock","29":"taxable","30":"shipping-taxable","31":"purchasable","32":"product-type-variable"},"jetpack_sharing_enabled":true,"jetpack_likes_enabled":true,"_links":{"self":[{"href":"https:\/\/derrudelshop.de\/en\/wp-json\/wp\/v2\/product\/2388","targetHints":{"allow":["GET"]}}],"collection":[{"href":"https:\/\/derrudelshop.de\/en\/wp-json\/wp\/v2\/product"}],"about":[{"href":"https:\/\/derrudelshop.de\/en\/wp-json\/wp\/v2\/types\/product"}],"replies":[{"embeddable":true,"href":"https:\/\/derrudelshop.de\/en\/wp-json\/wp\/v2\/comments?post=2388"}],"version-history":[{"count":0,"href":"https:\/\/derrudelshop.de\/en\/wp-json\/wp\/v2\/product\/2388\/revisions"}],"wp:featuredmedia":[{"embeddable":true,"href":"https:\/\/derrudelshop.de\/en\/wp-json\/wp\/v2\/media\/2387"}],"wp:attachment":[{"href":"https:\/\/derrudelshop.de\/en\/wp-json\/wp\/v2\/media?parent=2388"}],"wp:term":[{"taxonomy":"product_meine-kategorie","embeddable":true,"href":"https:\/\/derrudelshop.de\/en\/wp-json\/wp\/v2\/product_meine-kategorie?post=2388"},{"taxonomy":"product_mypod","embeddable":true,"href":"https:\/\/derrudelshop.de\/en\/wp-json\/wp\/v2\/product_mypod?post=2388"},{"taxonomy":"product_meinemotivart","embeddable":true,"href":"https:\/\/derrudelshop.de\/en\/wp-json\/wp\/v2\/product_meinemotivart?post=2388"},{"taxonomy":"product_meinepersonalisierung","embeddable":true,"href":"https:\/\/derrudelshop.de\/en\/wp-json\/wp\/v2\/product_meinepersonalisierung?post=2388"},{"taxonomy":"product_mydesign","embeddable":true,"href":"https:\/\/derrudelshop.de\/en\/wp-json\/wp\/v2\/product_mydesign?post=2388"},{"taxonomy":"product_mymodelle_hunde","embeddable":true,"href":"https:\/\/derrudelshop.de\/en\/wp-json\/wp\/v2\/product_mymodelle_hunde?post=2388"},{"taxonomy":"product_mymodelle_schuhe","embeddable":true,"href":"https:\/\/derrudelshop.de\/en\/wp-json\/wp\/v2\/product_mymodelle_schuhe?post=2388"},{"taxonomy":"product_myslogan","embeddable":true,"href":"https:\/\/derrudelshop.de\/en\/wp-json\/wp\/v2\/product_myslogan?post=2388"},{"taxonomy":"product_mytodo","embeddable":true,"href":"https:\/\/derrudelshop.de\/en\/wp-json\/wp\/v2\/product_mytodo?post=2388"},{"taxonomy":"product_brand","embeddable":true,"href":"https:\/\/derrudelshop.de\/en\/wp-json\/wp\/v2\/product_brand?post=2388"},{"taxonomy":"product_cat","embeddable":true,"href":"https:\/\/derrudelshop.de\/en\/wp-json\/wp\/v2\/product_cat?post=2388"},{"taxonomy":"product_tag","embeddable":true,"href":"https:\/\/derrudelshop.de\/en\/wp-json\/wp\/v2\/product_tag?post=2388"},{"taxonomy":"shop_modelle","embeddable":true,"href":"https:\/\/derrudelshop.de\/en\/wp-json\/wp\/v2\/shop_modelle?post=2388"},{"taxonomy":"wf_product_folders","embeddable":true,"href":"https:\/\/derrudelshop.de\/en\/wp-json\/wp\/v2\/wf_product_folders?post=2388"}],"curies":[{"name":"wp","href":"https:\/\/api.w.org\/{rel}","templated":true}]}}