{"id":25492,"date":"2025-04-28T00:05:51","date_gmt":"2025-04-28T00:05:51","guid":{"rendered":"https:\/\/derrudelshop.de\/?post_type=product&#038;p=25492"},"modified":"2025-05-04T12:40:47","modified_gmt":"2025-05-04T12:40:47","slug":"stanley-stella-radder-unisex-oversize-organic-sweatshirt-dogwoodstock-2024-schrift-a","status":"publish","type":"product","link":"https:\/\/derrudelshop.de\/en\/product\/stanley-stella-radder-unisex-oversize-organic-sweatshirt-dogwoodstock-2024-schrift-a\/","title":{"rendered":"Stanley\/Stella RADDER Unisex Oversize Organic Sweatshirt DogWoodstock 2024 Schrift A"},"content":{"rendered":"<p>fit: oversize<br \/>organic\/ bio<\/p>\n<p> L\u00e4ssig und bequem: Dieser Unisex-Pullover in Bio-Qualit\u00e4t hat einen weiteren Schnitt und ist wie gemacht zum \u00dcberziehen und Wohlf\u00fchlen.<\/p>\n<ul class=\"listMCE\">\n<li>\nL\u00e4ssige Passform mit Rundhalsausschnitt\n<\/li>\n<li>\n2&#215;2-Rippstrick an Halsausschnitt, \u00c4rmelenden und unterem Saum\n<\/li>\n<li>\nAufgerauter Oberstoff\n<\/li>\n<li>\nWeiche Stoffdichte: 350 g\/m\u00b2\n<\/li>\n<li>\nMaterial: 85% Bio-Baumwolle, 15% recyceltes Polyester\n<\/li>\n<li>\nMarke: Stanley\/Stella\n<\/li>\n<\/ul>\n<div class=\"size-table\">\n<div class=\"size-image-wrapper\"><img decoding=\"async\" src=\"https:\/\/image.spreadshirtmedia.net\/image-server\/v1\/productTypes\/2479\/variants\/size?width=200&amp;height=200\" width=\"200\" height=\"200\" alt=\"Stanley\/Stella Unisex Oversize Bio Pullover RADDER\" \/><\/p>\n<div class=\"size-hint\">normal<\/div>\n<\/div>\n<div class=\"size-table-wrapper\">\n<table>\n<thead>\n<tr>\n<th><\/th>\n<th class=\"measure-name\">A<\/th>\n<th class=\"measure-name\">B<\/th>\n<th class=\"measure-name\">C<\/th>\n<\/tr>\n<\/thead>\n<tbody>\n<tr class=\"size size-1\">\n<td class=\"size-cell\">XS<\/td>\n<td class=\"measure-cell measure-cell-0\">630 mm<\/td>\n<td class=\"measure-cell measure-cell-1\">540 mm<\/td>\n<td class=\"measure-cell measure-cell-2\">585 mm<\/td>\n<\/tr>\n<tr class=\"size size-2\">\n<td class=\"size-cell\">S<\/td>\n<td class=\"measure-cell measure-cell-0\">660 mm<\/td>\n<td class=\"measure-cell measure-cell-1\">565 mm<\/td>\n<td class=\"measure-cell measure-cell-2\">615 mm<\/td>\n<\/tr>\n<tr class=\"size size-3\">\n<td class=\"size-cell\">M<\/td>\n<td class=\"measure-cell measure-cell-0\">700 mm<\/td>\n<td class=\"measure-cell measure-cell-1\">590 mm<\/td>\n<td class=\"measure-cell measure-cell-2\">640 mm<\/td>\n<\/tr>\n<tr class=\"size size-4\">\n<td class=\"size-cell\">L<\/td>\n<td class=\"measure-cell measure-cell-0\">720 mm<\/td>\n<td class=\"measure-cell measure-cell-1\">620 mm<\/td>\n<td class=\"measure-cell measure-cell-2\">655 mm<\/td>\n<\/tr>\n<tr class=\"size size-5\">\n<td class=\"size-cell\">XL<\/td>\n<td class=\"measure-cell measure-cell-0\">740 mm<\/td>\n<td class=\"measure-cell measure-cell-1\">650 mm<\/td>\n<td class=\"measure-cell measure-cell-2\">670 mm<\/td>\n<\/tr>\n<tr class=\"size size-6\">\n<td class=\"size-cell\">XXL<\/td>\n<td class=\"measure-cell measure-cell-0\">760 mm<\/td>\n<td class=\"measure-cell measure-cell-1\">680 mm<\/td>\n<td class=\"measure-cell measure-cell-2\">685 mm<\/td>\n<\/tr>\n<\/tbody>\n<\/table>\n<\/div>\n<\/div>","protected":false},"excerpt":{"rendered":"<p>fit: oversizeorganic\/ bio L\u00e4ssig und bequem: Dieser Unisex-Pullover in Bio-Qualit\u00e4t hat einen weiteren Schnitt und ist wie gemacht zum \u00dcberziehen und Wohlf\u00fchlen. L\u00e4ssige Passform mit Rundhalsausschnitt 2&#215;2-Rippstrick an Halsausschnitt, \u00c4rmelenden und unterem Saum Aufgerauter Oberstoff Weiche Stoffdichte: 350 g\/m\u00b2 Material: 85% Bio-Baumwolle, 15% recyceltes Polyester Marke: Stanley\/Stella normal A B C XS 630 mm 540 [&hellip;]<\/p>","protected":false},"featured_media":25482,"comment_status":"open","ping_status":"closed","template":"","meta":{"give_campaign_id":0,"product_produkt-link-pod-manuell":"","product_produktname-pod-manuell":""},"product_meine-kategorie":[562,561],"product_mypod":[638],"product_meinemotivart":[714],"product_meinepersonalisierung":[],"product_mydesign":[645,651],"product_mymodelle_hunde":[],"product_mymodelle_schuhe":[],"product_myslogan":[],"product_mytodo":[693,696,698,700,708,702,704,961],"product_brand":[],"product_cat":[334],"product_tag":[],"shop_modelle":[172],"wf_product_folders":[431,435],"class_list":{"0":"post-25492","1":"product","2":"type-product","3":"status-publish","4":"has-post-thumbnail","6":"product_meine-kategorie-hoodies-sweater","7":"product_meine-kategorie-kleidung","8":"product_mypod-spod","9":"product_meinemotivart-druck","10":"product_mydesign-dogwoodstock","11":"product_mydesign-dogwoodstock-schrift-a","12":"product_mytodo-_feddisch","13":"product_mytodo-designs_done","14":"product_mytodo-kategorien_done","15":"product_mytodo-modelle_done","16":"product_mytodo-motivart_done","17":"product_mytodo-personalisierung_done","18":"product_mytodo-translation_done","19":"product_mytodo-zchild-parent-modell-","20":"product_cat-kleidung","21":"pa_farbe-anthrazit","22":"pa_farbe-antikblaues-saphir-meliert","23":"pa_farbe-azalea","24":"pa_farbe-beige","25":"pa_farbe-blau","26":"pa_farbe-bordeaux","27":"pa_farbe-creme","28":"pa_farbe-dunkelgrau","29":"pa_farbe-dunkelgrau-meliert","30":"pa_farbe-dunkellila","31":"pa_farbe-flaschengrun","32":"pa_farbe-gold","33":"pa_farbe-grau-meliert","34":"pa_farbe-graugrun","35":"pa_farbe-hellgrau-meliert","36":"pa_farbe-hellrosa","37":"pa_farbe-kelly-green","38":"pa_farbe-khaki","39":"pa_farbe-lavendel","40":"pa_farbe-maroon","41":"pa_farbe-mattweis","42":"pa_farbe-militargrun","43":"pa_farbe-mittelgrau","44":"pa_farbe-mokka","45":"pa_farbe-naturweis","46":"pa_farbe-navy","47":"pa_farbe-nebelblau","48":"pa_farbe-off-white","49":"pa_farbe-pastellturkis","50":"pa_farbe-pfirsich","51":"pa_farbe-pink","52":"pa_farbe-rosegold","53":"pa_farbe-rot","54":"pa_farbe-royalblau","55":"pa_farbe-sahara","56":"pa_farbe-sand","57":"pa_farbe-schwarz","58":"pa_farbe-silber","59":"pa_farbe-steingrau","60":"pa_farbe-tiefseeblau","61":"pa_farbe-transparent-glanzend","62":"pa_farbe-vanille-milchshake","63":"pa_farbe-weis","64":"pa_farbe-weis-glanzend","65":"pa_farbe-weis-meliert","66":"pa_farbe-weisgrau","67":"pa_farbe-zitronengelb","68":"pa_groesse-10-x-10-cm","69":"pa_groesse-07_3xl","70":"pa_groesse-08_4xl","71":"pa_groesse-04l","72":"pa_groesse-03m","73":"pa_groesse-99one-size","74":"pa_groesse-02s","75":"pa_groesse-05xl","76":"pa_groesse-01xs","77":"pa_groesse-06xxl","78":"shop_modelle-stanley-stella-radder-stsu857","80":"first","81":"instock","82":"taxable","83":"shipping-taxable","84":"purchasable","85":"product-type-variable"},"jetpack_sharing_enabled":true,"jetpack_likes_enabled":true,"_links":{"self":[{"href":"https:\/\/derrudelshop.de\/en\/wp-json\/wp\/v2\/product\/25492","targetHints":{"allow":["GET"]}}],"collection":[{"href":"https:\/\/derrudelshop.de\/en\/wp-json\/wp\/v2\/product"}],"about":[{"href":"https:\/\/derrudelshop.de\/en\/wp-json\/wp\/v2\/types\/product"}],"replies":[{"embeddable":true,"href":"https:\/\/derrudelshop.de\/en\/wp-json\/wp\/v2\/comments?post=25492"}],"version-history":[{"count":0,"href":"https:\/\/derrudelshop.de\/en\/wp-json\/wp\/v2\/product\/25492\/revisions"}],"wp:featuredmedia":[{"embeddable":true,"href":"https:\/\/derrudelshop.de\/en\/wp-json\/wp\/v2\/media\/25482"}],"wp:attachment":[{"href":"https:\/\/derrudelshop.de\/en\/wp-json\/wp\/v2\/media?parent=25492"}],"wp:term":[{"taxonomy":"product_meine-kategorie","embeddable":true,"href":"https:\/\/derrudelshop.de\/en\/wp-json\/wp\/v2\/product_meine-kategorie?post=25492"},{"taxonomy":"product_mypod","embeddable":true,"href":"https:\/\/derrudelshop.de\/en\/wp-json\/wp\/v2\/product_mypod?post=25492"},{"taxonomy":"product_meinemotivart","embeddable":true,"href":"https:\/\/derrudelshop.de\/en\/wp-json\/wp\/v2\/product_meinemotivart?post=25492"},{"taxonomy":"product_meinepersonalisierung","embeddable":true,"href":"https:\/\/derrudelshop.de\/en\/wp-json\/wp\/v2\/product_meinepersonalisierung?post=25492"},{"taxonomy":"product_mydesign","embeddable":true,"href":"https:\/\/derrudelshop.de\/en\/wp-json\/wp\/v2\/product_mydesign?post=25492"},{"taxonomy":"product_mymodelle_hunde","embeddable":true,"href":"https:\/\/derrudelshop.de\/en\/wp-json\/wp\/v2\/product_mymodelle_hunde?post=25492"},{"taxonomy":"product_mymodelle_schuhe","embeddable":true,"href":"https:\/\/derrudelshop.de\/en\/wp-json\/wp\/v2\/product_mymodelle_schuhe?post=25492"},{"taxonomy":"product_myslogan","embeddable":true,"href":"https:\/\/derrudelshop.de\/en\/wp-json\/wp\/v2\/product_myslogan?post=25492"},{"taxonomy":"product_mytodo","embeddable":true,"href":"https:\/\/derrudelshop.de\/en\/wp-json\/wp\/v2\/product_mytodo?post=25492"},{"taxonomy":"product_brand","embeddable":true,"href":"https:\/\/derrudelshop.de\/en\/wp-json\/wp\/v2\/product_brand?post=25492"},{"taxonomy":"product_cat","embeddable":true,"href":"https:\/\/derrudelshop.de\/en\/wp-json\/wp\/v2\/product_cat?post=25492"},{"taxonomy":"product_tag","embeddable":true,"href":"https:\/\/derrudelshop.de\/en\/wp-json\/wp\/v2\/product_tag?post=25492"},{"taxonomy":"shop_modelle","embeddable":true,"href":"https:\/\/derrudelshop.de\/en\/wp-json\/wp\/v2\/shop_modelle?post=25492"},{"taxonomy":"wf_product_folders","embeddable":true,"href":"https:\/\/derrudelshop.de\/en\/wp-json\/wp\/v2\/wf_product_folders?post=25492"}],"curies":[{"name":"wp","href":"https:\/\/api.w.org\/{rel}","templated":true}]}}