{"id":26811,"date":"2025-04-26T18:37:00","date_gmt":"2025-04-26T18:37:00","guid":{"rendered":"https:\/\/derrudelshop.de\/?post_type=product&#038;p=26811"},"modified":"2025-05-17T13:21:23","modified_gmt":"2025-05-17T13:21:23","slug":"personalisierter-urnenanhanger-in-tranenform","status":"publish","type":"product","link":"https:\/\/derrudelshop.de\/en\/product\/personalisierter-urnenanhanger-in-tranenform\/","title":{"rendered":"Personalisierter Urnenanh\u00e4nger in Tr\u00e4nenform"},"content":{"rendered":"<p class=\"\" data-start=\"103\" data-end=\"165\"><strong data-start=\"103\" data-end=\"165\">\ud83d\udca7 Forever in My Heart \u2013 Personalisierter Urnenanh\u00e4nger \ud83d\udca7<\/strong><\/p>\n<p class=\"\" data-start=\"167\" data-end=\"307\">Manche Erinnerungen verdienen einen ganz besonderen Platz \u2013 unser <strong data-start=\"233\" data-end=\"265\">Tr\u00e4nenf\u00f6rmiger Urnenanh\u00e4nger<\/strong> bewahrt sie stilvoll und nah am Herzen. \u2728<\/p>\n<p class=\"\" data-start=\"309\" data-end=\"354\">\ud83c\udf1f <strong data-start=\"312\" data-end=\"352\">Dein einzigartiges Erinnerungsst\u00fcck:<\/strong><\/p>\n<ul data-start=\"355\" data-end=\"532\">\n<li class=\"\" data-start=\"355\" data-end=\"451\">\n<p class=\"\" data-start=\"357\" data-end=\"451\">Gefertigt aus hochwertigem, langlebigem <strong data-start=\"397\" data-end=\"410\">Edelstahl<\/strong> \u2013 perfekt f\u00fcr dauerhafte Erinnerungen.<\/p>\n<\/li>\n<li class=\"\" data-start=\"452\" data-end=\"532\">\n<p class=\"\" data-start=\"454\" data-end=\"532\">Erh\u00e4ltlich in edlem <strong data-start=\"474\" data-end=\"484\">Silber<\/strong>, strahlendem <strong data-start=\"498\" data-end=\"506\">Gold<\/strong> oder zartem <strong data-start=\"519\" data-end=\"531\">Ros\u00e9gold<\/strong>.<\/p>\n<\/li>\n<\/ul>\n<p class=\"\" data-start=\"534\" data-end=\"569\">\ud83d\udd8b\ufe0f <strong data-start=\"538\" data-end=\"567\">Deine pers\u00f6nliche Gravur:<\/strong><\/p>\n<ul data-start=\"570\" data-end=\"896\">\n<li class=\"\" data-start=\"570\" data-end=\"649\">\n<p class=\"\" data-start=\"572\" data-end=\"649\">Wir gravieren deinen Wunschtext \u2013 bis zu <strong data-start=\"613\" data-end=\"627\">15 Zeichen<\/strong> \u2013 auf den Anh\u00e4nger.<\/p>\n<\/li>\n<li class=\"\" data-start=\"650\" data-end=\"896\">\n<p class=\"\" data-start=\"652\" data-end=\"896\">Ob Name, Datum oder ein liebevolles Wort \u2013 ideal auch f\u00fcr den Abschied von geliebten Haustieren \ud83d\udc3e, die f\u00fcr immer einen Platz in deinem Herzen haben.<br data-start=\"801\" data-end=\"804\" \/>(Hinweis: F\u00fcr Sonderdesigns ben\u00f6tigen wir eine Vorlage, f\u00fcr einfache Namen gen\u00fcgt der Text.)<\/p>\n<\/li>\n<\/ul>\n<p class=\"\" data-start=\"898\" data-end=\"937\">\ud83d\udc8e <strong data-start=\"901\" data-end=\"935\">Mehr als nur ein Schmuckst\u00fcck:<\/strong><\/p>\n<ul data-start=\"938\" data-end=\"1295\">\n<li class=\"\" data-start=\"938\" data-end=\"1041\">\n<p class=\"\" data-start=\"940\" data-end=\"1041\">Der Anh\u00e4nger ist innen <strong data-start=\"963\" data-end=\"971\">hohl<\/strong> und kann von einem versteckten Verschluss am Boden ge\u00f6ffnet werden.<\/p>\n<\/li>\n<li class=\"\" data-start=\"1042\" data-end=\"1204\">\n<p class=\"\" data-start=\"1044\" data-end=\"1204\">Er bietet Platz f\u00fcr kleine Erinnerungen: eine kleine Menge Asche, getrocknete Blumen, ein Haarstr\u00e4hnchen, Parfum, ein besonderes Sandkorn oder eine Nachricht.<\/p>\n<\/li>\n<li class=\"\" data-start=\"1205\" data-end=\"1295\">\n<p class=\"\" data-start=\"1207\" data-end=\"1295\">So tr\u00e4gst du einen Teil deiner Herzensmenschen oder tierischen Freunde immer bei dir. \ud83d\udc96<\/p>\n<\/li>\n<\/ul>\n<p class=\"\" data-start=\"1297\" data-end=\"1427\">\ud83c\udf81 <strong data-start=\"1300\" data-end=\"1319\">Geschenkbereit:<\/strong><br data-start=\"1319\" data-end=\"1322\" \/>Dein Anh\u00e4nger kommt in einer stilvollen <strong data-start=\"1362\" data-end=\"1377\">Geschenkbox<\/strong> \u2013 perfekt f\u00fcr besondere Momente des Erinnerns. \ud83c\udf80<\/p>\n<p class=\"\" data-start=\"1429\" data-end=\"1595\">\u26a1 <strong data-start=\"1431\" data-end=\"1449\">Pflegehinweis:<\/strong><br data-start=\"1449\" data-end=\"1452\" \/>Bitte beim Baden, Sport oder Schlafen ablegen und den Kontakt mit Parf\u00fcm und Chemikalien vermeiden, um die Gravur und das Material zu sch\u00fctzen.<\/p>\n<p class=\"\" data-start=\"1597\" data-end=\"1749\">\ud83c\udf08 <strong data-start=\"1600\" data-end=\"1613\">Fun Fact:<\/strong><br data-start=\"1613\" data-end=\"1616\" \/>Eine kleine Tr\u00e4ne, die mehr sagt als tausend Worte: Ob Mensch oder Fellfreund \u2013 Erinnerungen leben weiter in deinem Herzschmuck. \ud83d\udca7\ud83d\udc3e<\/p>","protected":false},"excerpt":{"rendered":"<p>\ud83d\udca7 Forever in My Heart \u2013 Personalisierter Urnenanh\u00e4nger \ud83d\udca7 Manche Erinnerungen verdienen einen ganz besonderen Platz \u2013 unser Tr\u00e4nenf\u00f6rmiger Urnenanh\u00e4nger bewahrt sie stilvoll und nah am Herzen. \u2728 \ud83c\udf1f Dein einzigartiges Erinnerungsst\u00fcck: Gefertigt aus hochwertigem, langlebigem Edelstahl \u2013 perfekt f\u00fcr dauerhafte Erinnerungen. Erh\u00e4ltlich in edlem Silber, strahlendem Gold oder zartem Ros\u00e9gold. \ud83d\udd8b\ufe0f Deine pers\u00f6nliche Gravur: [&hellip;]<\/p>","protected":false},"featured_media":26899,"comment_status":"open","ping_status":"closed","template":"","meta":{"give_campaign_id":0,"product_produkt-link-pod-manuell":"","product_produktname-pod-manuell":"1154. Teardrop Urn Necklace"},"product_meine-kategorie":[813,559,560,555,811,551],"product_mypod":[625],"product_meinemotivart":[716],"product_meinepersonalisierung":[680],"product_mydesign":[],"product_mymodelle_hunde":[],"product_mymodelle_schuhe":[],"product_myslogan":[],"product_mytodo":[693,698,708,702,704],"product_brand":[],"product_cat":[874],"product_tag":[],"shop_modelle":[],"wf_product_folders":[366,367,370,371,352,37],"class_list":{"0":"post-26811","1":"product","2":"type-product","3":"status-publish","4":"has-post-thumbnail","6":"product_meine-kategorie-edelstahl","7":"product_meine-kategorie-erinnerungsstucke","8":"product_meine-kategorie-geschenkideen","9":"product_meine-kategorie-kette","10":"product_meine-kategorie-material","11":"product_meine-kategorie-schmuck","12":"product_mypod-jetprint-app","13":"product_meinemotivart-gravur","14":"product_meinepersonalisierung-wunschname","15":"product_mytodo-_feddisch","16":"product_mytodo-kategorien_done","17":"product_mytodo-motivart_done","18":"product_mytodo-personalisierung_done","19":"product_mytodo-translation_done","20":"product_cat-wunschname-15-digits","21":"pa_lineart-amulett-mit-pfoten-cutout","22":"pa_lineart-hand-haelt-pfote","23":"pa_lineart-hand-und-pfote-farbig","24":"pa_lineart-heartbeat-mit-pfote-und-herz","25":"pa_lineart-herz-gekritzelt-mit-pfotencutout","26":"pa_lineart-herz-mit-pfote","27":"pa_lineart-herz-mit-pfoten-cutout-1","28":"pa_lineart-herz-mit-pfoten-cutout-2-schwarz","29":"pa_lineart-herzscribble-mit-pfote","30":"pa_lineart-hundegesicht-mit-pfoten","31":"pa_lineart-katze-lineart-auf-drei-linien-lineart","32":"pa_lineart-katze-lineart-auf-drei-linien-lineart-gefuellt","33":"pa_lineart-katze-lineart-haengend","34":"pa_lineart-katze-lineart-herzen","35":"pa_lineart-katze-lineart-herzen-gefuellt","36":"pa_lineart-katze-lineart-herzen-gefuellt-2","37":"pa_lineart-katze-lineart-stehend","38":"pa_lineart-katze-sitzend-lineart-1","39":"pa_lineart-katze-sitzend-lineart-2","40":"pa_lineart-katze-sitzend-seitlich-nach-hinten-schauend","41":"pa_lineart-kreis-mit-pfoten-cutout-schwarz","42":"pa_lineart-krone-mit-pfoten-cutout-schwarz","43":"pa_lineart-love-mit-pfote-mit-herz-als-o","44":"pa_lineart-meow-cutout","45":"pa_lineart-meow-mit-pfote-als-o","46":"pa_lineart-pfote-katzenkopf-cutout","47":"pa_lineart-pfote-lineart","48":"pa_lineart-pfote-mit-cutout-und-toebean-fuellung","49":"pa_lineart-pfote-mit-herzcutout","50":"pa_lineart-pfote-schwarz","51":"pa_lineart-pfoten-lineart-mit-hundekopf-cutout","52":"pa_lineart-pfoten-lineart-mit-hundekopf-cutout-gefuellt","53":"pa_lineart-pfotenform-gefuellt-mit-kleinen-pfoten","54":"pa_lineart-pfotenumriss-mit-cutouts","55":"pa_lineart-stern-mit-pfoten-cutout-klein-schwarz","56":"pa_lineart-stern-mit-pfotencutout-gross-schwarz","57":"pa_lineart-zwei-pfotenumrisse","58":"pa_metallfarben-gold","59":"pa_metallfarben-rosegold","60":"pa_metallfarben-silber","62":"first","63":"instock","64":"taxable","65":"shipping-taxable","66":"purchasable","67":"product-type-variable","68":"has-default-attributes"},"jetpack_sharing_enabled":true,"jetpack_likes_enabled":true,"_links":{"self":[{"href":"https:\/\/derrudelshop.de\/en\/wp-json\/wp\/v2\/product\/26811","targetHints":{"allow":["GET"]}}],"collection":[{"href":"https:\/\/derrudelshop.de\/en\/wp-json\/wp\/v2\/product"}],"about":[{"href":"https:\/\/derrudelshop.de\/en\/wp-json\/wp\/v2\/types\/product"}],"replies":[{"embeddable":true,"href":"https:\/\/derrudelshop.de\/en\/wp-json\/wp\/v2\/comments?post=26811"}],"version-history":[{"count":1,"href":"https:\/\/derrudelshop.de\/en\/wp-json\/wp\/v2\/product\/26811\/revisions"}],"predecessor-version":[{"id":32072,"href":"https:\/\/derrudelshop.de\/en\/wp-json\/wp\/v2\/product\/26811\/revisions\/32072"}],"wp:featuredmedia":[{"embeddable":true,"href":"https:\/\/derrudelshop.de\/en\/wp-json\/wp\/v2\/media\/26899"}],"wp:attachment":[{"href":"https:\/\/derrudelshop.de\/en\/wp-json\/wp\/v2\/media?parent=26811"}],"wp:term":[{"taxonomy":"product_meine-kategorie","embeddable":true,"href":"https:\/\/derrudelshop.de\/en\/wp-json\/wp\/v2\/product_meine-kategorie?post=26811"},{"taxonomy":"product_mypod","embeddable":true,"href":"https:\/\/derrudelshop.de\/en\/wp-json\/wp\/v2\/product_mypod?post=26811"},{"taxonomy":"product_meinemotivart","embeddable":true,"href":"https:\/\/derrudelshop.de\/en\/wp-json\/wp\/v2\/product_meinemotivart?post=26811"},{"taxonomy":"product_meinepersonalisierung","embeddable":true,"href":"https:\/\/derrudelshop.de\/en\/wp-json\/wp\/v2\/product_meinepersonalisierung?post=26811"},{"taxonomy":"product_mydesign","embeddable":true,"href":"https:\/\/derrudelshop.de\/en\/wp-json\/wp\/v2\/product_mydesign?post=26811"},{"taxonomy":"product_mymodelle_hunde","embeddable":true,"href":"https:\/\/derrudelshop.de\/en\/wp-json\/wp\/v2\/product_mymodelle_hunde?post=26811"},{"taxonomy":"product_mymodelle_schuhe","embeddable":true,"href":"https:\/\/derrudelshop.de\/en\/wp-json\/wp\/v2\/product_mymodelle_schuhe?post=26811"},{"taxonomy":"product_myslogan","embeddable":true,"href":"https:\/\/derrudelshop.de\/en\/wp-json\/wp\/v2\/product_myslogan?post=26811"},{"taxonomy":"product_mytodo","embeddable":true,"href":"https:\/\/derrudelshop.de\/en\/wp-json\/wp\/v2\/product_mytodo?post=26811"},{"taxonomy":"product_brand","embeddable":true,"href":"https:\/\/derrudelshop.de\/en\/wp-json\/wp\/v2\/product_brand?post=26811"},{"taxonomy":"product_cat","embeddable":true,"href":"https:\/\/derrudelshop.de\/en\/wp-json\/wp\/v2\/product_cat?post=26811"},{"taxonomy":"product_tag","embeddable":true,"href":"https:\/\/derrudelshop.de\/en\/wp-json\/wp\/v2\/product_tag?post=26811"},{"taxonomy":"shop_modelle","embeddable":true,"href":"https:\/\/derrudelshop.de\/en\/wp-json\/wp\/v2\/shop_modelle?post=26811"},{"taxonomy":"wf_product_folders","embeddable":true,"href":"https:\/\/derrudelshop.de\/en\/wp-json\/wp\/v2\/wf_product_folders?post=26811"}],"curies":[{"name":"wp","href":"https:\/\/api.w.org\/{rel}","templated":true}]}}