{"id":27001,"date":"2025-04-26T23:11:59","date_gmt":"2025-04-26T23:11:59","guid":{"rendered":"https:\/\/derrudelshop.de\/?post_type=product&#038;p=27001"},"modified":"2025-04-26T23:19:46","modified_gmt":"2025-04-26T23:19:46","slug":"perfect-match-puzzle-partner-ketten-mit-gravur","status":"publish","type":"product","link":"https:\/\/derrudelshop.de\/en\/product\/perfect-match-puzzle-partner-ketten-mit-gravur\/","title":{"rendered":"Perfect Match \u2013 Puzzle Partner Ketten mit Gravur"},"content":{"rendered":"<p class=\"\" data-start=\"84\" data-end=\"142\"><strong data-start=\"84\" data-end=\"142\">\ud83e\udde9 Perfect Match \u2013 Puzzle Partner Ketten mit Gravur \ud83e\udde9<\/strong><\/p>\n<p class=\"\" data-start=\"144\" data-end=\"306\">Manche Verbindungen passen einfach perfekt \u2013 genau wie diese beiden <strong data-start=\"212\" data-end=\"233\">Puzzle-Halsketten<\/strong>. Zwei Teile, ein Ganzes \u2013 und deine pers\u00f6nliche Botschaft mittendrin. \ud83d\udc9e<\/p>\n<p class=\"\" data-start=\"308\" data-end=\"345\">\ud83c\udf1f <strong data-start=\"311\" data-end=\"343\">Dein emotionales Doppelpack:<\/strong><\/p>\n<ul data-start=\"346\" data-end=\"641\">\n<li class=\"\" data-start=\"346\" data-end=\"473\">\n<p class=\"\" data-start=\"348\" data-end=\"473\">Material: Edles <strong data-start=\"364\" data-end=\"387\">925 Sterling Silber<\/strong> oder robuster <strong data-start=\"402\" data-end=\"415\">Edelstahl<\/strong> \u2013 langlebig, hautfreundlich und perfekt f\u00fcr den Alltag.<\/p>\n<\/li>\n<li class=\"\" data-start=\"474\" data-end=\"556\">\n<p class=\"\" data-start=\"476\" data-end=\"556\">Farben: Klassisches <strong data-start=\"496\" data-end=\"506\">Silber<\/strong>, strahlendes <strong data-start=\"520\" data-end=\"528\">Gold<\/strong> oder zartes <strong data-start=\"541\" data-end=\"553\">Ros\u00e9gold<\/strong>.<\/p>\n<\/li>\n<li class=\"\" data-start=\"557\" data-end=\"641\">\n<p class=\"\" data-start=\"559\" data-end=\"641\">Zwei separate Ketten, jeweils mit einem eigenen Puzzlest\u00fcck \u2013 f\u00fcr doppelte Freude!<\/p>\n<\/li>\n<\/ul>\n<p class=\"\" data-start=\"643\" data-end=\"683\">\ud83d\udd8b\ufe0f <strong data-start=\"647\" data-end=\"681\">Deine Gravur \u2013 Dein Statement:<\/strong><\/p>\n<ul data-start=\"684\" data-end=\"985\">\n<li class=\"\" data-start=\"684\" data-end=\"739\">\n<p class=\"\" data-start=\"686\" data-end=\"739\">Jedes Puzzlest\u00fcck bietet Platz f\u00fcr <strong data-start=\"721\" data-end=\"736\">einen Namen<\/strong>.<\/p>\n<\/li>\n<li class=\"\" data-start=\"740\" data-end=\"894\">\n<p class=\"\" data-start=\"742\" data-end=\"894\">Ob der Name deines Lieblingsmenschen, deiner besten Freundin oder deines geliebten Haustiers \ud83d\udc3e \u2013 so wird deine Kette einzigartig wie eure Verbindung.<\/p>\n<\/li>\n<li class=\"\" data-start=\"895\" data-end=\"985\">\n<p class=\"\" data-start=\"897\" data-end=\"985\">Die Gravur erfolgt in der eleganten Schriftart, wie auf den Beispielbildern dargestellt.<\/p>\n<\/li>\n<\/ul>\n<p class=\"\" data-start=\"987\" data-end=\"1140\">\ud83c\udf81 <strong data-start=\"990\" data-end=\"1009\">Geschenkbereit:<\/strong><br data-start=\"1009\" data-end=\"1012\" \/>Nat\u00fcrlich kommen die Ketten liebevoll verpackt in einer sch\u00f6nen <strong data-start=\"1076\" data-end=\"1091\">Geschenkbox<\/strong> \u2013 bereit zum Verschenken oder Selbstbehalten. \ud83c\udf80<\/p>\n<p class=\"\" data-start=\"1142\" data-end=\"1423\">\ud83d\udc8e <strong data-start=\"1145\" data-end=\"1174\">Symbol f\u00fcr Verbundenheit:<\/strong><br data-start=\"1174\" data-end=\"1177\" \/>Die Puzzleform steht f\u00fcr Einheit, Zusammengeh\u00f6rigkeit und das wunderbare Gef\u00fchl, das fehlende St\u00fcck gefunden zu haben. Perfekt als Geschenk f\u00fcr Geburtstage, Jahrestage, Valentinstag, Muttertag oder einfach nur, um &#8222;Ich hab dich lieb&#8220; zu sagen. \ud83e\udd70<\/p>\n<p class=\"\" data-start=\"1425\" data-end=\"1578\">\u26a1 <strong data-start=\"1427\" data-end=\"1445\">Pflegehinweis:<\/strong><br data-start=\"1445\" data-end=\"1448\" \/>Bitte beim Baden, Schlafen oder Sport ablegen und den Kontakt mit Parf\u00fcm oder Chemikalien vermeiden, damit die Kette lange gl\u00e4nzt.<\/p>\n<p class=\"\" data-start=\"1580\" data-end=\"1799\">\ud83c\udf08 <strong data-start=\"1583\" data-end=\"1596\">Fun Fact:<\/strong><br data-start=\"1596\" data-end=\"1599\" \/>Beste Freunde, Partner, Geschwister \u2013 oder auch die unzertrennliche Verbindung zu deinem Fellfreund \ud83d\udc36\ud83d\udc31 \u2013 unsere Puzzleketten halten, was sie versprechen: Zusammengeh\u00f6rigkeit in ihrer sch\u00f6nsten Form.<\/p>","protected":false},"excerpt":{"rendered":"<p>\ud83e\udde9 Perfect Match \u2013 Puzzle Partner Ketten mit Gravur \ud83e\udde9 Manche Verbindungen passen einfach perfekt \u2013 genau wie diese beiden Puzzle-Halsketten. Zwei Teile, ein Ganzes \u2013 und deine pers\u00f6nliche Botschaft mittendrin. \ud83d\udc9e \ud83c\udf1f Dein emotionales Doppelpack: Material: Edles 925 Sterling Silber oder robuster Edelstahl \u2013 langlebig, hautfreundlich und perfekt f\u00fcr den Alltag. Farben: Klassisches Silber, [&hellip;]<\/p>","protected":false},"featured_media":26266,"comment_status":"open","ping_status":"closed","template":"","meta":{"give_campaign_id":0,"product_produkt-link-pod-manuell":"","product_produktname-pod-manuell":"1164. Puzzle Necklace"},"product_meine-kategorie":[559,560],"product_mypod":[625],"product_meinemotivart":[716],"product_meinepersonalisierung":[],"product_mydesign":[],"product_mymodelle_hunde":[],"product_mymodelle_schuhe":[],"product_myslogan":[],"product_mytodo":[693,698,708,702,704],"product_brand":[],"product_cat":[314],"product_tag":[],"shop_modelle":[],"wf_product_folders":[351,366,367,370,371,352,37],"class_list":{"0":"post-27001","1":"product","2":"type-product","3":"status-publish","4":"has-post-thumbnail","6":"product_meine-kategorie-erinnerungsstucke","7":"product_meine-kategorie-geschenkideen","8":"product_mypod-jetprint-app","9":"product_meinemotivart-gravur","10":"product_mytodo-_feddisch","11":"product_mytodo-kategorien_done","12":"product_mytodo-motivart_done","13":"product_mytodo-personalisierung_done","14":"product_mytodo-translation_done","15":"product_cat-_wunschname","16":"pa_metallfarben-gold","17":"pa_metallfarben-rosegold","18":"pa_metallfarben-silber","19":"pa_schmuckmaterial-925-silber","20":"pa_schmuckmaterial-edelstahl","22":"first","23":"instock","24":"taxable","25":"shipping-taxable","26":"purchasable","27":"product-type-variable","28":"has-default-attributes"},"jetpack_sharing_enabled":true,"jetpack_likes_enabled":true,"_links":{"self":[{"href":"https:\/\/derrudelshop.de\/en\/wp-json\/wp\/v2\/product\/27001","targetHints":{"allow":["GET"]}}],"collection":[{"href":"https:\/\/derrudelshop.de\/en\/wp-json\/wp\/v2\/product"}],"about":[{"href":"https:\/\/derrudelshop.de\/en\/wp-json\/wp\/v2\/types\/product"}],"replies":[{"embeddable":true,"href":"https:\/\/derrudelshop.de\/en\/wp-json\/wp\/v2\/comments?post=27001"}],"version-history":[{"count":0,"href":"https:\/\/derrudelshop.de\/en\/wp-json\/wp\/v2\/product\/27001\/revisions"}],"wp:featuredmedia":[{"embeddable":true,"href":"https:\/\/derrudelshop.de\/en\/wp-json\/wp\/v2\/media\/26266"}],"wp:attachment":[{"href":"https:\/\/derrudelshop.de\/en\/wp-json\/wp\/v2\/media?parent=27001"}],"wp:term":[{"taxonomy":"product_meine-kategorie","embeddable":true,"href":"https:\/\/derrudelshop.de\/en\/wp-json\/wp\/v2\/product_meine-kategorie?post=27001"},{"taxonomy":"product_mypod","embeddable":true,"href":"https:\/\/derrudelshop.de\/en\/wp-json\/wp\/v2\/product_mypod?post=27001"},{"taxonomy":"product_meinemotivart","embeddable":true,"href":"https:\/\/derrudelshop.de\/en\/wp-json\/wp\/v2\/product_meinemotivart?post=27001"},{"taxonomy":"product_meinepersonalisierung","embeddable":true,"href":"https:\/\/derrudelshop.de\/en\/wp-json\/wp\/v2\/product_meinepersonalisierung?post=27001"},{"taxonomy":"product_mydesign","embeddable":true,"href":"https:\/\/derrudelshop.de\/en\/wp-json\/wp\/v2\/product_mydesign?post=27001"},{"taxonomy":"product_mymodelle_hunde","embeddable":true,"href":"https:\/\/derrudelshop.de\/en\/wp-json\/wp\/v2\/product_mymodelle_hunde?post=27001"},{"taxonomy":"product_mymodelle_schuhe","embeddable":true,"href":"https:\/\/derrudelshop.de\/en\/wp-json\/wp\/v2\/product_mymodelle_schuhe?post=27001"},{"taxonomy":"product_myslogan","embeddable":true,"href":"https:\/\/derrudelshop.de\/en\/wp-json\/wp\/v2\/product_myslogan?post=27001"},{"taxonomy":"product_mytodo","embeddable":true,"href":"https:\/\/derrudelshop.de\/en\/wp-json\/wp\/v2\/product_mytodo?post=27001"},{"taxonomy":"product_brand","embeddable":true,"href":"https:\/\/derrudelshop.de\/en\/wp-json\/wp\/v2\/product_brand?post=27001"},{"taxonomy":"product_cat","embeddable":true,"href":"https:\/\/derrudelshop.de\/en\/wp-json\/wp\/v2\/product_cat?post=27001"},{"taxonomy":"product_tag","embeddable":true,"href":"https:\/\/derrudelshop.de\/en\/wp-json\/wp\/v2\/product_tag?post=27001"},{"taxonomy":"shop_modelle","embeddable":true,"href":"https:\/\/derrudelshop.de\/en\/wp-json\/wp\/v2\/shop_modelle?post=27001"},{"taxonomy":"wf_product_folders","embeddable":true,"href":"https:\/\/derrudelshop.de\/en\/wp-json\/wp\/v2\/wf_product_folders?post=27001"}],"curies":[{"name":"wp","href":"https:\/\/api.w.org\/{rel}","templated":true}]}}