{"id":28720,"date":"2025-04-27T01:21:00","date_gmt":"2025-04-27T01:21:00","guid":{"rendered":"https:\/\/derrudelshop.de\/product\/organic-e150-t-shirt-woman-bctw02b-woodsdog2025-buhne-2-silber\/"},"modified":"2026-05-02T01:35:51","modified_gmt":"2026-05-02T01:35:51","slug":"organic-e150-t-shirt-woman-bctw02b-woodsdog2025-buhne-2-silber","status":"publish","type":"product","link":"https:\/\/derrudelshop.de\/en\/product\/organic-e150-t-shirt-woman-bctw02b-woodsdog2025-buhne-2-silber\/","title":{"rendered":"#Organic E150 T-Shirt Woman BCTW02B WoodsDog2025 B\u00fchne 2 silber"},"content":{"rendered":"<p>Beschreibung:<\/p>\n<p>Sanforisierte, ringgesponnene, gek\u00e4mmte Bio-Baumwolle | Single-Jersey | Rundhalsausschnitt | Normale Passform | Seitenn\u00e4hte | Schmaler Ripp-Kragen | Einfaches Branding: Kein B&amp;C-Etikett | Widerstandsf\u00e4hige Qualit\u00e4t und ultraweiches Handgef\u00fchl | Abrei\u00dfetikett in der Seitennaht<\/p>\n<p>Pflegehinweise:<\/p>\n<p>30 \u00b0C waschbar|B\u00fcgeln erlaubt<\/p>\n<p>Zusammensetzung:<\/p>\n<p>100% Baumwolle (Heather Grey: 90% Baumwolle \/ 10% Viskose)<\/p>","protected":false},"excerpt":{"rendered":"<p>Beschreibung: Sanforisierte, ringgesponnene, gek\u00e4mmte Bio-Baumwolle | Single-Jersey | Rundhalsausschnitt | Normale Passform | Seitenn\u00e4hte | Schmaler Ripp-Kragen | Einfaches Branding: Kein B&amp;C-Etikett | Widerstandsf\u00e4hige Qualit\u00e4t und ultraweiches Handgef\u00fchl | Abrei\u00dfetikett in der Seitennaht Pflegehinweise: 30 \u00b0C waschbar|B\u00fcgeln erlaubt Zusammensetzung: 100% Baumwolle (Heather Grey: 90% Baumwolle \/ 10% Viskose)<\/p>","protected":false},"featured_media":28722,"comment_status":"open","ping_status":"closed","template":"","meta":{"give_campaign_id":0,"product_produkt-link-pod-manuell":"","product_produktname-pod-manuell":""},"product_meine-kategorie":[561,563],"product_mypod":[632],"product_meinemotivart":[714],"product_meinepersonalisierung":[],"product_mydesign":[645,836],"product_mymodelle_hunde":[],"product_mymodelle_schuhe":[],"product_myslogan":[],"product_mytodo":[693,696,698,700,708,702,704,961],"product_brand":[],"product_cat":[334],"product_tag":[],"shop_modelle":[959],"wf_product_folders":[431,432],"class_list":{"0":"post-28720","1":"product","2":"type-product","3":"status-publish","4":"has-post-thumbnail","6":"product_meine-kategorie-kleidung","7":"product_meine-kategorie-t-shirts","8":"product_mypod-merchcamp","9":"product_meinemotivart-druck","10":"product_mydesign-dogwoodstock","11":"product_mydesign-woodsdog-buhne-2-schrift-2-fsg","12":"product_mytodo-_feddisch","13":"product_mytodo-designs_done","14":"product_mytodo-kategorien_done","15":"product_mytodo-modelle_done","16":"product_mytodo-motivart_done","17":"product_mytodo-personalisierung_done","18":"product_mytodo-translation_done","19":"product_mytodo-zchild-parent-modell-","20":"product_cat-kleidung","21":"shop_modelle-bc-bctw01b-organic-e150-t-shirt-women","23":"first","24":"instock","25":"taxable","26":"shipping-taxable","27":"purchasable","28":"product-type-variable"},"jetpack_sharing_enabled":true,"jetpack_likes_enabled":true,"_links":{"self":[{"href":"https:\/\/derrudelshop.de\/en\/wp-json\/wp\/v2\/product\/28720","targetHints":{"allow":["GET"]}}],"collection":[{"href":"https:\/\/derrudelshop.de\/en\/wp-json\/wp\/v2\/product"}],"about":[{"href":"https:\/\/derrudelshop.de\/en\/wp-json\/wp\/v2\/types\/product"}],"replies":[{"embeddable":true,"href":"https:\/\/derrudelshop.de\/en\/wp-json\/wp\/v2\/comments?post=28720"}],"version-history":[{"count":0,"href":"https:\/\/derrudelshop.de\/en\/wp-json\/wp\/v2\/product\/28720\/revisions"}],"wp:featuredmedia":[{"embeddable":true,"href":"https:\/\/derrudelshop.de\/en\/wp-json\/wp\/v2\/media\/28722"}],"wp:attachment":[{"href":"https:\/\/derrudelshop.de\/en\/wp-json\/wp\/v2\/media?parent=28720"}],"wp:term":[{"taxonomy":"product_meine-kategorie","embeddable":true,"href":"https:\/\/derrudelshop.de\/en\/wp-json\/wp\/v2\/product_meine-kategorie?post=28720"},{"taxonomy":"product_mypod","embeddable":true,"href":"https:\/\/derrudelshop.de\/en\/wp-json\/wp\/v2\/product_mypod?post=28720"},{"taxonomy":"product_meinemotivart","embeddable":true,"href":"https:\/\/derrudelshop.de\/en\/wp-json\/wp\/v2\/product_meinemotivart?post=28720"},{"taxonomy":"product_meinepersonalisierung","embeddable":true,"href":"https:\/\/derrudelshop.de\/en\/wp-json\/wp\/v2\/product_meinepersonalisierung?post=28720"},{"taxonomy":"product_mydesign","embeddable":true,"href":"https:\/\/derrudelshop.de\/en\/wp-json\/wp\/v2\/product_mydesign?post=28720"},{"taxonomy":"product_mymodelle_hunde","embeddable":true,"href":"https:\/\/derrudelshop.de\/en\/wp-json\/wp\/v2\/product_mymodelle_hunde?post=28720"},{"taxonomy":"product_mymodelle_schuhe","embeddable":true,"href":"https:\/\/derrudelshop.de\/en\/wp-json\/wp\/v2\/product_mymodelle_schuhe?post=28720"},{"taxonomy":"product_myslogan","embeddable":true,"href":"https:\/\/derrudelshop.de\/en\/wp-json\/wp\/v2\/product_myslogan?post=28720"},{"taxonomy":"product_mytodo","embeddable":true,"href":"https:\/\/derrudelshop.de\/en\/wp-json\/wp\/v2\/product_mytodo?post=28720"},{"taxonomy":"product_brand","embeddable":true,"href":"https:\/\/derrudelshop.de\/en\/wp-json\/wp\/v2\/product_brand?post=28720"},{"taxonomy":"product_cat","embeddable":true,"href":"https:\/\/derrudelshop.de\/en\/wp-json\/wp\/v2\/product_cat?post=28720"},{"taxonomy":"product_tag","embeddable":true,"href":"https:\/\/derrudelshop.de\/en\/wp-json\/wp\/v2\/product_tag?post=28720"},{"taxonomy":"shop_modelle","embeddable":true,"href":"https:\/\/derrudelshop.de\/en\/wp-json\/wp\/v2\/shop_modelle?post=28720"},{"taxonomy":"wf_product_folders","embeddable":true,"href":"https:\/\/derrudelshop.de\/en\/wp-json\/wp\/v2\/wf_product_folders?post=28720"}],"curies":[{"name":"wp","href":"https:\/\/api.w.org\/{rel}","templated":true}]}}