{"id":29772,"date":"2025-04-28T13:04:59","date_gmt":"2025-04-28T13:04:59","guid":{"rendered":"https:\/\/derrudelshop.de\/?post_type=product&#038;p=29772"},"modified":"2025-05-04T16:31:22","modified_gmt":"2025-05-04T16:31:22","slug":"cropped-t-shirt-by-woodsdog25-buhne-2-fvr","status":"publish","type":"product","link":"https:\/\/derrudelshop.de\/en\/product\/cropped-t-shirt-by-woodsdog25-buhne-2-fvr\/","title":{"rendered":"Cropped T-Shirt BY WoodsDog25 B\u00fchne 2 FVR"},"content":{"rendered":"<p>Die 90er sind zur\u00fcck \u2013 inklusive bauchfreien Shirts und Tops! Das kurz geschnittene Cropped T-Shirt passt zu High Waist Jeans oder langen R\u00f6cken und erg\u00e4nzt auch Deinen sportlichen Style.<\/p>\n<ul class=\"listMCE\">\n<li>Kurz geschnittenes T-Shirt mit Rundhalsausschnitt<\/li>\n<li>Neutrales Gr\u00f6\u00dfenlabel ohne Branding im Nackenbereich<\/li>\n<li>Strapazierf\u00e4hige Stoffdichte: 180 g\/m\u00b2<\/li>\n<li>Material: 95% Baumwolle, 5% Elasthan (Grau meliert: 85% Baumwolle, 10% Viskose, 5% Elasthan)<\/li>\n<li>Marke: Build Your Brand<\/li>\n<\/ul>\n<div class=\"size-table\">\n<div class=\"size-image-wrapper\">\n<p><img decoding=\"async\" src=\"https:\/\/image.spreadshirtmedia.net\/image-server\/v1\/productTypes\/1590\/variants\/size?width=200&amp;height=200\" alt=\"Cropped T-Shirt\" width=\"200\" height=\"200\" \/><\/p>\n<div class=\"size-hint\">normal<\/div>\n<\/div>\n<div class=\"size-table-wrapper\">\n<table>\n<thead>\n<tr>\n<th><\/th>\n<th class=\"measure-name\">A<\/th>\n<th class=\"measure-name\">B<\/th>\n<th class=\"measure-name\">C<\/th>\n<\/tr>\n<\/thead>\n<tbody>\n<tr class=\"size size-1\">\n<td class=\"size-cell\">XS<\/td>\n<td class=\"measure-cell measure-cell-0\">415 mm<\/td>\n<td class=\"measure-cell measure-cell-1\">435 mm<\/td>\n<td class=\"measure-cell measure-cell-2\">180 mm<\/td>\n<\/tr>\n<tr class=\"size size-2\">\n<td class=\"size-cell\">S<\/td>\n<td class=\"measure-cell measure-cell-0\">440 mm<\/td>\n<td class=\"measure-cell measure-cell-1\">450 mm<\/td>\n<td class=\"measure-cell measure-cell-2\">190 mm<\/td>\n<\/tr>\n<tr class=\"size size-3\">\n<td class=\"size-cell\">M<\/td>\n<td class=\"measure-cell measure-cell-0\">465 mm<\/td>\n<td class=\"measure-cell measure-cell-1\">465 mm<\/td>\n<td class=\"measure-cell measure-cell-2\">200 mm<\/td>\n<\/tr>\n<tr class=\"size size-4\">\n<td class=\"size-cell\">L<\/td>\n<td class=\"measure-cell measure-cell-0\">490 mm<\/td>\n<td class=\"measure-cell measure-cell-1\">480 mm<\/td>\n<td class=\"measure-cell measure-cell-2\">210 mm<\/td>\n<\/tr>\n<tr class=\"size size-5\">\n<td class=\"size-cell\">XL<\/td>\n<td class=\"measure-cell measure-cell-0\">515 mm<\/td>\n<td class=\"measure-cell measure-cell-1\">495 mm<\/td>\n<td class=\"measure-cell measure-cell-2\">220 mm<\/td>\n<\/tr>\n<\/tbody>\n<\/table>\n<\/div>\n<\/div>","protected":false},"excerpt":{"rendered":"<p>Die 90er sind zur\u00fcck \u2013 inklusive bauchfreien Shirts und Tops! Das kurz geschnittene Cropped T-Shirt passt zu High Waist Jeans oder langen R\u00f6cken und erg\u00e4nzt auch Deinen sportlichen Style. Kurz geschnittenes T-Shirt mit Rundhalsausschnitt Neutrales Gr\u00f6\u00dfenlabel ohne Branding im Nackenbereich Strapazierf\u00e4hige Stoffdichte: 180 g\/m\u00b2 Material: 95% Baumwolle, 5% Elasthan (Grau meliert: 85% Baumwolle, 10% Viskose, [&hellip;]<\/p>","protected":false},"featured_media":30553,"comment_status":"open","ping_status":"closed","template":"","meta":{"give_campaign_id":0,"product_produkt-link-pod-manuell":"","product_produktname-pod-manuell":""},"product_meine-kategorie":[561,563],"product_mypod":[638],"product_meinemotivart":[714],"product_meinepersonalisierung":[],"product_mydesign":[645,837],"product_mymodelle_hunde":[],"product_mymodelle_schuhe":[],"product_myslogan":[],"product_mytodo":[693,696,698,700,708,702,704,961],"product_brand":[],"product_cat":[334],"product_tag":[],"shop_modelle":[964],"wf_product_folders":[431,432],"class_list":{"0":"post-29772","1":"product","2":"type-product","3":"status-publish","4":"has-post-thumbnail","6":"product_meine-kategorie-kleidung","7":"product_meine-kategorie-t-shirts","8":"product_mypod-spod","9":"product_meinemotivart-druck","10":"product_mydesign-dogwoodstock","11":"product_mydesign-woodsdog-buhne-2-schrift-3-fvr","12":"product_mytodo-_feddisch","13":"product_mytodo-designs_done","14":"product_mytodo-kategorien_done","15":"product_mytodo-modelle_done","16":"product_mytodo-motivart_done","17":"product_mytodo-personalisierung_done","18":"product_mytodo-translation_done","19":"product_mytodo-zchild-parent-modell-","20":"product_cat-kleidung","21":"pa_farbe-anthrazit","22":"pa_farbe-antikblaues-saphir-meliert","23":"pa_farbe-azalea","24":"pa_farbe-beige","25":"pa_farbe-blau","26":"pa_farbe-blau-meliert","27":"pa_farbe-bordeaux","28":"pa_farbe-creme","29":"pa_farbe-dunkelblau","30":"pa_farbe-dunkelgrau","31":"pa_farbe-dunkelgrau-meliert","32":"pa_farbe-dunkellila","33":"pa_farbe-dunkles-petrol","34":"pa_farbe-flaschengrun","35":"pa_farbe-gold","36":"pa_farbe-grau-meliert","37":"pa_farbe-graugrun","38":"pa_farbe-grun-meliert","39":"pa_farbe-hellgrau-meliert","40":"pa_farbe-hellgrun","41":"pa_farbe-hellrosa","42":"pa_farbe-kelly-green","43":"pa_farbe-khaki","44":"pa_farbe-lavendel","45":"pa_farbe-light-navy","46":"pa_farbe-maroon","47":"pa_farbe-mattweis","48":"pa_farbe-militargrun","49":"pa_farbe-mittelgrau","50":"pa_farbe-mokka","51":"pa_farbe-naturweis","52":"pa_farbe-navy","53":"pa_farbe-navy-meliert","54":"pa_farbe-nebelblau","55":"pa_farbe-off-white","56":"pa_farbe-pastellturkis","57":"pa_farbe-pfirsich","58":"pa_farbe-pink","59":"pa_farbe-rosegold","60":"pa_farbe-rot","61":"pa_farbe-rot-meliert","62":"pa_farbe-royalblau","63":"pa_farbe-sahara","64":"pa_farbe-sand","65":"pa_farbe-schwarz","66":"pa_farbe-silber","67":"pa_farbe-steingrau","68":"pa_farbe-tiefseeblau","69":"pa_farbe-transparent-glanzend","70":"pa_farbe-vanille-milchshake","71":"pa_farbe-weis","72":"pa_farbe-weis-glanzend","73":"pa_farbe-weis-meliert","74":"pa_farbe-weisgrau","75":"pa_farbe-zitronengelb","76":"pa_groesse-10-x-10-cm","77":"pa_groesse-07_3xl","78":"pa_groesse-08_4xl","79":"pa_groesse-04l","80":"pa_groesse-03m","81":"pa_groesse-99one-size","82":"pa_groesse-02s","83":"pa_groesse-05xl","84":"pa_groesse-01xs","85":"pa_groesse-06xxl","86":"shop_modelle-byb-cropped-tee-by042","88":"first","89":"instock","90":"taxable","91":"shipping-taxable","92":"purchasable","93":"product-type-variable"},"jetpack_sharing_enabled":true,"jetpack_likes_enabled":true,"_links":{"self":[{"href":"https:\/\/derrudelshop.de\/en\/wp-json\/wp\/v2\/product\/29772","targetHints":{"allow":["GET"]}}],"collection":[{"href":"https:\/\/derrudelshop.de\/en\/wp-json\/wp\/v2\/product"}],"about":[{"href":"https:\/\/derrudelshop.de\/en\/wp-json\/wp\/v2\/types\/product"}],"replies":[{"embeddable":true,"href":"https:\/\/derrudelshop.de\/en\/wp-json\/wp\/v2\/comments?post=29772"}],"version-history":[{"count":0,"href":"https:\/\/derrudelshop.de\/en\/wp-json\/wp\/v2\/product\/29772\/revisions"}],"wp:featuredmedia":[{"embeddable":true,"href":"https:\/\/derrudelshop.de\/en\/wp-json\/wp\/v2\/media\/30553"}],"wp:attachment":[{"href":"https:\/\/derrudelshop.de\/en\/wp-json\/wp\/v2\/media?parent=29772"}],"wp:term":[{"taxonomy":"product_meine-kategorie","embeddable":true,"href":"https:\/\/derrudelshop.de\/en\/wp-json\/wp\/v2\/product_meine-kategorie?post=29772"},{"taxonomy":"product_mypod","embeddable":true,"href":"https:\/\/derrudelshop.de\/en\/wp-json\/wp\/v2\/product_mypod?post=29772"},{"taxonomy":"product_meinemotivart","embeddable":true,"href":"https:\/\/derrudelshop.de\/en\/wp-json\/wp\/v2\/product_meinemotivart?post=29772"},{"taxonomy":"product_meinepersonalisierung","embeddable":true,"href":"https:\/\/derrudelshop.de\/en\/wp-json\/wp\/v2\/product_meinepersonalisierung?post=29772"},{"taxonomy":"product_mydesign","embeddable":true,"href":"https:\/\/derrudelshop.de\/en\/wp-json\/wp\/v2\/product_mydesign?post=29772"},{"taxonomy":"product_mymodelle_hunde","embeddable":true,"href":"https:\/\/derrudelshop.de\/en\/wp-json\/wp\/v2\/product_mymodelle_hunde?post=29772"},{"taxonomy":"product_mymodelle_schuhe","embeddable":true,"href":"https:\/\/derrudelshop.de\/en\/wp-json\/wp\/v2\/product_mymodelle_schuhe?post=29772"},{"taxonomy":"product_myslogan","embeddable":true,"href":"https:\/\/derrudelshop.de\/en\/wp-json\/wp\/v2\/product_myslogan?post=29772"},{"taxonomy":"product_mytodo","embeddable":true,"href":"https:\/\/derrudelshop.de\/en\/wp-json\/wp\/v2\/product_mytodo?post=29772"},{"taxonomy":"product_brand","embeddable":true,"href":"https:\/\/derrudelshop.de\/en\/wp-json\/wp\/v2\/product_brand?post=29772"},{"taxonomy":"product_cat","embeddable":true,"href":"https:\/\/derrudelshop.de\/en\/wp-json\/wp\/v2\/product_cat?post=29772"},{"taxonomy":"product_tag","embeddable":true,"href":"https:\/\/derrudelshop.de\/en\/wp-json\/wp\/v2\/product_tag?post=29772"},{"taxonomy":"shop_modelle","embeddable":true,"href":"https:\/\/derrudelshop.de\/en\/wp-json\/wp\/v2\/shop_modelle?post=29772"},{"taxonomy":"wf_product_folders","embeddable":true,"href":"https:\/\/derrudelshop.de\/en\/wp-json\/wp\/v2\/wf_product_folders?post=29772"}],"curies":[{"name":"wp","href":"https:\/\/api.w.org\/{rel}","templated":true}]}}