{"id":30837,"date":"2025-05-12T13:43:00","date_gmt":"2025-05-12T13:43:00","guid":{"rendered":"https:\/\/derrudelshop.de\/product\/sommerweste-cool-dog-mit-verdunstungseffekt\/"},"modified":"2025-05-12T15:34:44","modified_gmt":"2025-05-12T15:34:44","slug":"sommerweste-cool-dog-mit-verdunstungseffekt","status":"publish","type":"product","link":"https:\/\/derrudelshop.de\/en\/product\/sommerweste-cool-dog-mit-verdunstungseffekt\/","title":{"rendered":"Sommerweste \u201eCool Dog\u201c mit Verdunstungseffekt"},"content":{"rendered":"<p data-end=\"671\" data-start=\"376\" class=\"\"><strong data-end=\"483\" data-start=\"426\">So bleibt dein Hund cool \u2013 auch bei Hitzewellen! \ud83d\udc15\u2744\ufe0f<\/strong><br data-end=\"486\" data-start=\"483\">Diese geniale K\u00fchlweste ist der Sommer-Hit f\u00fcr aktive Vierbeiner! Dank innovativer 3-Schicht-Technologie sorgt sie f\u00fcr angenehme Erfrischung beim Spaziergang, beim Spielen oder Wandern.<\/p>\n<p data-end=\"1002\" data-start=\"673\" class=\"\">\u2728 <strong data-end=\"697\" data-start=\"675\">So funktioniert\u2019s:<\/strong><br data-end=\"700\" data-start=\"697\">Einfach in Wasser tauchen, auswringen und anziehen \u2013 fertig! Die spezielle Baumwollf\u00fcllung speichert Wasser und sorgt per Verdunstung f\u00fcr einen konstant k\u00fchlenden Effekt. Das atmungsaktive Mesh-Gewebe sch\u00fctzt vor Hitze von au\u00dfen, w\u00e4hrend das hautnahe \u201eCool-Fabric\u201c die K\u00f6rpertemperatur sanft reguliert.<\/p>\n<p data-end=\"1281\" data-start=\"1004\" class=\"\">\ud83c\udf1f <strong data-end=\"1033\" data-start=\"1007\">Praktische Highlights:<\/strong><br data-end=\"1036\" data-start=\"1033\">\u2714\ufe0f Reflektoren an Hals &amp; R\u00fccken \u2013 mehr Sicherheit bei Dunkelheit<br data-end=\"1103\" data-start=\"1100\">\u2714\ufe0f Verstellbare Schnallen \u2013 sitzt wie angegossen<br data-end=\"1154\" data-start=\"1151\">\u2714\ufe0f In vielen Gr\u00f6\u00dfen \u2013 f\u00fcr kleine Flitzer bis gro\u00dfe Abenteurer<br data-end=\"1218\" data-start=\"1215\">\u2714\ufe0f Extra-Tipp: Kurz ins Gefrierfach legen f\u00fcr Turbo-K\u00fchleffekt!<\/p>\n<p data-end=\"1417\" data-start=\"1283\" class=\"\"><strong data-end=\"1297\" data-start=\"1283\">Ideal f\u00fcr:<\/strong> Sommerausfl\u00fcge, Stadtspazierg\u00e4nge, Wanderungen oder sportliche Vierbeiner, die auch bei Hitze nicht stillsitzen wollen.<\/p>\n<p style=\"margin: 0px; padding: 0px; font-size: 12px; line-height: 1.4; font-family: 'Hiragino Sans GB', Tahoma, Arial, \u5b8b\u4f53, sans-serif; color: #333333; background-color: #ffffff;\">\n<p><img decoding=\"async\" src=\"https:\/\/s.alicdn.com\/@sc04\/kf\/H868fdbe2afc84ac18b5fef9341c82722O\/228478488\/H868fdbe2afc84ac18b5fef9341c82722O.png?quality=close\" class=\"magic-6\"><\/p>\n<p>&nbsp;<\/p>\n<p style=\"font: inherit; margin: 0px; padding: 0px; border: 0px; vertical-align: baseline;\"><img fetchpriority=\"high\" decoding=\"async\" height=\"750\" width=\"750\" alt=\"Summer Pet Cooling Vest Heatstroke Prevention Pet Dog Harness Cooler Jacket For Outdoor Walks Running Climbing\" src=\"https:\/\/s.alicdn.com\/@sc02\/kf\/H0ad5e9587d4446839eb4afd6753608a11\/239098301\/H0ad5e9587d4446839eb4afd6753608a11.jpg?quality=close\"><img decoding=\"async\" height=\"750\" width=\"750\" alt=\"Summer Pet Cooling Vest Heatstroke Prevention Pet Dog Harness Cooler Jacket For Outdoor Walks Running Climbing\" src=\"https:\/\/s.alicdn.com\/@sc01\/kf\/H3ab2363d29f34d548cb41a9658fa1dac0\/239098301\/H3ab2363d29f34d548cb41a9658fa1dac0.jpg?quality=close\"><img decoding=\"async\" height=\"750\" width=\"750\" alt=\"Summer Pet Cooling Vest Heatstroke Prevention Pet Dog Harness Cooler Jacket For Outdoor Walks Running Climbing\" src=\"https:\/\/s.alicdn.com\/@sc02\/kf\/H45cedc259f954fa6a2a5243c9bbc62e4L\/239098301\/H45cedc259f954fa6a2a5243c9bbc62e4L.jpg?quality=close\"><img loading=\"lazy\" decoding=\"async\" height=\"750\" width=\"750\" alt=\"Summer Pet Cooling Vest Heatstroke Prevention Pet Dog Harness Cooler Jacket For Outdoor Walks Running Climbing\" src=\"https:\/\/s.alicdn.com\/@sc01\/kf\/H6b64a35e11e04a0da3d9d985646b57f7y\/239098301\/H6b64a35e11e04a0da3d9d985646b57f7y.jpg?quality=close\"><img loading=\"lazy\" decoding=\"async\" height=\"750\" width=\"750\" alt=\"Summer Pet Cooling Vest Heatstroke Prevention Pet Dog Harness Cooler Jacket For Outdoor Walks Running Climbing\" src=\"https:\/\/s.alicdn.com\/@sc01\/kf\/H0a0b737ececf485ea394382586aa7fd8G\/239098301\/H0a0b737ececf485ea394382586aa7fd8G.jpg?quality=close\"><img loading=\"lazy\" decoding=\"async\" height=\"750\" width=\"750\" alt=\"Summer Pet Cooling Vest Heatstroke Prevention Pet Dog Harness Cooler Jacket For Outdoor Walks Running Climbing\" src=\"https:\/\/s.alicdn.com\/@sc02\/kf\/H49a3922b801f46c1841e28f7ac46d87cM\/239098301\/H49a3922b801f46c1841e28f7ac46d87cM.jpg?quality=close\"><img loading=\"lazy\" decoding=\"async\" height=\"750\" width=\"750\" alt=\"Summer Pet Cooling Vest Heatstroke Prevention Pet Dog Harness Cooler Jacket For Outdoor Walks Running Climbing\" src=\"https:\/\/s.alicdn.com\/@sc01\/kf\/Hffa4fad63c1f493ba1212f6143185cf56\/239098301\/Hffa4fad63c1f493ba1212f6143185cf56.jpg?quality=close\"><img loading=\"lazy\" decoding=\"async\" height=\"750\" width=\"750\" alt=\"Summer Pet Cooling Vest Heatstroke Prevention Pet Dog Harness Cooler Jacket For Outdoor Walks Running Climbing\" src=\"https:\/\/s.alicdn.com\/@sc02\/kf\/H0860811c512343779c6c23ba92d38034a\/239098301\/H0860811c512343779c6c23ba92d38034a.jpg?quality=close\"><img loading=\"lazy\" decoding=\"async\" height=\"750\" width=\"750\" alt=\"Summer Pet Cooling Vest Heatstroke Prevention Pet Dog Harness Cooler Jacket For Outdoor Walks Running Climbing\" src=\"https:\/\/s.alicdn.com\/@sc02\/kf\/H2c62d05aaf6f4cc7b14b369b155f83a6Z\/239098301\/H2c62d05aaf6f4cc7b14b369b155f83a6Z.jpg?quality=close\"><\/p>\n<p style=\"font: inherit; margin: 0px; padding: 0px; border: 0px; vertical-align: baseline;\">\n<p style=\"font: inherit; margin: 0px; padding: 0px; border: 0px; vertical-align: baseline;\">\n<p style=\"margin: 0px; padding: 0px; font-size: 12px; line-height: 1.4; font-family: 'Hiragino Sans GB', Tahoma, Arial, \u5b8b\u4f53, sans-serif; color: #333333; background-color: #ffffff;\">\n<p><span style=\"margin: 0px; padding: 8px 10px; border: 0px; font-style: inherit; font-variant: inherit; font-weight: bold; font-size: inherit; line-height: 12px; font-family: inherit; vertical-align: baseline; background-color: #dddddd;\">Company Information<\/span><\/p>\n<p>&nbsp;<\/p>\n<p style=\"margin: 0px; padding: 0px; font-size: 12px; line-height: 1.4; font-family: 'Hiragino Sans GB', Tahoma, Arial, \u5b8b\u4f53, sans-serif; color: #333333; background-color: #ffffff;\">\n<p style=\"margin: 0px; padding: 0px; font-size: 12px; line-height: 1.4; font-family: 'Hiragino Sans GB', Tahoma, Arial, \u5b8b\u4f53, sans-serif; color: #333333; background-color: #ffffff;\">\n<p><img decoding=\"async\" src=\"https:\/\/s.alicdn.com\/@sc04\/kf\/H868fdbe2afc84ac18b5fef9341c82722O\/228478488\/H868fdbe2afc84ac18b5fef9341c82722O.png?quality=close\" class=\"magic-6\"><\/p>\n<p>&nbsp;<\/p>","protected":false},"excerpt":{"rendered":"<p>So bleibt dein Hund cool \u2013 auch bei Hitzewellen! \ud83d\udc15\u2744\ufe0fDiese geniale K\u00fchlweste ist der Sommer-Hit f\u00fcr aktive Vierbeiner! Dank innovativer 3-Schicht-Technologie sorgt sie f\u00fcr angenehme Erfrischung beim Spaziergang, beim Spielen oder Wandern. \u2728 So funktioniert\u2019s:Einfach in Wasser tauchen, auswringen und anziehen \u2013 fertig! Die spezielle Baumwollf\u00fcllung speichert Wasser und sorgt per Verdunstung f\u00fcr einen konstant [&hellip;]<\/p>","protected":false},"featured_media":30829,"comment_status":"open","ping_status":"closed","template":"","meta":{"give_campaign_id":0,"product_produkt-link-pod-manuell":"","product_produktname-pod-manuell":""},"product_meine-kategorie":[764,784,816,575],"product_mypod":[623],"product_meinemotivart":[],"product_meinepersonalisierung":[],"product_mydesign":[],"product_mymodelle_hunde":[],"product_mymodelle_schuhe":[],"product_myslogan":[],"product_mytodo":[693,698,704],"product_brand":[],"product_cat":[349],"product_tag":[],"shop_modelle":[],"wf_product_folders":[476,763,359],"class_list":{"0":"post-30837","1":"product","2":"type-product","3":"status-publish","4":"has-post-thumbnail","6":"product_meine-kategorie-kuhlung","7":"product_meine-kategorie-kuhlwesten-shirts","8":"product_meine-kategorie-sommer","9":"product_meine-kategorie-vierbeiner","10":"product_mypod-eprolo","11":"product_mytodo-_feddisch","12":"product_mytodo-kategorien_done","13":"product_mytodo-translation_done","14":"product_cat-vierbeiner","16":"first","17":"instock","18":"taxable","19":"shipping-taxable","20":"purchasable","21":"product-type-variable"},"jetpack_sharing_enabled":true,"jetpack_likes_enabled":true,"_links":{"self":[{"href":"https:\/\/derrudelshop.de\/en\/wp-json\/wp\/v2\/product\/30837","targetHints":{"allow":["GET"]}}],"collection":[{"href":"https:\/\/derrudelshop.de\/en\/wp-json\/wp\/v2\/product"}],"about":[{"href":"https:\/\/derrudelshop.de\/en\/wp-json\/wp\/v2\/types\/product"}],"replies":[{"embeddable":true,"href":"https:\/\/derrudelshop.de\/en\/wp-json\/wp\/v2\/comments?post=30837"}],"version-history":[{"count":2,"href":"https:\/\/derrudelshop.de\/en\/wp-json\/wp\/v2\/product\/30837\/revisions"}],"predecessor-version":[{"id":31206,"href":"https:\/\/derrudelshop.de\/en\/wp-json\/wp\/v2\/product\/30837\/revisions\/31206"}],"wp:featuredmedia":[{"embeddable":true,"href":"https:\/\/derrudelshop.de\/en\/wp-json\/wp\/v2\/media\/30829"}],"wp:attachment":[{"href":"https:\/\/derrudelshop.de\/en\/wp-json\/wp\/v2\/media?parent=30837"}],"wp:term":[{"taxonomy":"product_meine-kategorie","embeddable":true,"href":"https:\/\/derrudelshop.de\/en\/wp-json\/wp\/v2\/product_meine-kategorie?post=30837"},{"taxonomy":"product_mypod","embeddable":true,"href":"https:\/\/derrudelshop.de\/en\/wp-json\/wp\/v2\/product_mypod?post=30837"},{"taxonomy":"product_meinemotivart","embeddable":true,"href":"https:\/\/derrudelshop.de\/en\/wp-json\/wp\/v2\/product_meinemotivart?post=30837"},{"taxonomy":"product_meinepersonalisierung","embeddable":true,"href":"https:\/\/derrudelshop.de\/en\/wp-json\/wp\/v2\/product_meinepersonalisierung?post=30837"},{"taxonomy":"product_mydesign","embeddable":true,"href":"https:\/\/derrudelshop.de\/en\/wp-json\/wp\/v2\/product_mydesign?post=30837"},{"taxonomy":"product_mymodelle_hunde","embeddable":true,"href":"https:\/\/derrudelshop.de\/en\/wp-json\/wp\/v2\/product_mymodelle_hunde?post=30837"},{"taxonomy":"product_mymodelle_schuhe","embeddable":true,"href":"https:\/\/derrudelshop.de\/en\/wp-json\/wp\/v2\/product_mymodelle_schuhe?post=30837"},{"taxonomy":"product_myslogan","embeddable":true,"href":"https:\/\/derrudelshop.de\/en\/wp-json\/wp\/v2\/product_myslogan?post=30837"},{"taxonomy":"product_mytodo","embeddable":true,"href":"https:\/\/derrudelshop.de\/en\/wp-json\/wp\/v2\/product_mytodo?post=30837"},{"taxonomy":"product_brand","embeddable":true,"href":"https:\/\/derrudelshop.de\/en\/wp-json\/wp\/v2\/product_brand?post=30837"},{"taxonomy":"product_cat","embeddable":true,"href":"https:\/\/derrudelshop.de\/en\/wp-json\/wp\/v2\/product_cat?post=30837"},{"taxonomy":"product_tag","embeddable":true,"href":"https:\/\/derrudelshop.de\/en\/wp-json\/wp\/v2\/product_tag?post=30837"},{"taxonomy":"shop_modelle","embeddable":true,"href":"https:\/\/derrudelshop.de\/en\/wp-json\/wp\/v2\/shop_modelle?post=30837"},{"taxonomy":"wf_product_folders","embeddable":true,"href":"https:\/\/derrudelshop.de\/en\/wp-json\/wp\/v2\/wf_product_folders?post=30837"}],"curies":[{"name":"wp","href":"https:\/\/api.w.org\/{rel}","templated":true}]}}