{"id":30874,"date":"2025-05-12T13:51:00","date_gmt":"2025-05-12T13:51:00","guid":{"rendered":"https:\/\/derrudelshop.de\/product\/erfrischend-verspielt-die-wasser-kuehlmatte-fuer-haustiere\/"},"modified":"2025-05-12T15:34:42","modified_gmt":"2025-05-12T15:34:42","slug":"erfrischend-verspielt-die-wasser-kuehlmatte-fuer-haustiere","status":"publish","type":"product","link":"https:\/\/derrudelshop.de\/en\/product\/erfrischend-verspielt-die-wasser-kuehlmatte-fuer-haustiere\/","title":{"rendered":"Erfrischend verspielt: Die Wasser-K\u00fchlmatte f\u00fcr Haustiere"},"content":{"rendered":"<p data-end=\"927\" data-start=\"533\" class=\"\"><strong data-end=\"577\" data-start=\"533\">Sommer, Spa\u00df &amp; spritzige Abk\u00fchlung! \ud83d\udc20\ud83d\udca6<\/strong><br data-end=\"580\" data-start=\"577\">Diese runde K\u00fchlmatte ist der Hit f\u00fcr hei\u00dfe Tage \u2013 nicht nur erfrischend, sondern auch richtig unterhaltsam! Einfach mit kaltem Wasser bef\u00fcllen, aufblasen und los geht das Planschvergn\u00fcgen. Die comicartige Unterwasserlandschaft auf der Matte wird durch schwimmende Plastikfische zum Leben erweckt \u2013 ideal f\u00fcr neugierige Pfoten und hei\u00dfe Schnauzen.<\/p>\n<p data-end=\"1061\" data-start=\"929\" class=\"\">Die Oberfl\u00e4che ist angenehm k\u00fchl, das Material robust und umweltfreundlich \u2013 perfekt f\u00fcr den Garten, den Balkon oder das Wohnzimmer.<\/p>\n<hr data-end=\"1066\" data-start=\"1063\" class=\"\">\n<h3 data-end=\"1108\" data-start=\"1068\" class=\"\"><strong data-end=\"1106\" data-start=\"1072\">\ud83d\udc3e Highlights auf einen Blick:<\/strong><\/h3>\n<p data-end=\"1402\" data-start=\"1109\" class=\"\">\u2714\ufe0f Mit beweglichen Fischen \u2013 sorgt f\u00fcr extra Spielspa\u00df<br data-end=\"1166\" data-start=\"1163\">\u2714\ufe0f K\u00fchlt durch bef\u00fcllbares Wasser-Innenleben<br data-end=\"1213\" data-start=\"1210\">\u2714\ufe0f Luftkammer f\u00fcr weichen Komfort beim Liegen &amp; Pfotenklatschen<br data-end=\"1279\" data-start=\"1276\">\u2714\ufe0f Umweltfreundliches, ungiftiges PVC<br data-end=\"1319\" data-start=\"1316\">\u2714\ufe0f Inkl. Pumpe \u2013 sofort startklar<br data-end=\"1355\" data-start=\"1352\">\u2714\ufe0f Zwei Gr\u00f6\u00dfen \u2013 f\u00fcr kleine &amp; gro\u00dfe Fellfreunde<\/p>\n<hr data-end=\"1407\" data-start=\"1404\" class=\"\">\n<h3 data-end=\"1438\" data-start=\"1409\" class=\"\"><strong data-end=\"1436\" data-start=\"1413\">\ud83d\udccf Gr\u00f6\u00dfen\u00fcbersicht:<\/strong><\/h3>\n<div class=\"_tableContainer_16hzy_1\">\n<div tabindex=\"-1\" class=\"_tableWrapper_16hzy_14 group flex w-fit flex-col-reverse\">\n<table data-end=\"1635\" data-start=\"1440\" class=\"w-fit min-w-(--thread-content-width)\">\n<thead data-end=\"1478\" data-start=\"1440\">\n<tr data-end=\"1478\" data-start=\"1440\">\n<th data-col-size=\"sm\" data-end=\"1448\" data-start=\"1440\">Gr\u00f6\u00dfe<\/th>\n<th data-col-size=\"sm\" data-end=\"1462\" data-start=\"1448\">Durchmesser<\/th>\n<th data-col-size=\"sm\" data-end=\"1478\" data-start=\"1462\">Lieferumfang<\/th>\n<\/tr>\n<\/thead>\n<tbody data-end=\"1635\" data-start=\"1522\">\n<tr data-end=\"1578\" data-start=\"1522\">\n<td data-col-size=\"sm\" data-end=\"1531\" data-start=\"1522\">Klein<\/td>\n<td data-col-size=\"sm\" data-end=\"1546\" data-start=\"1531\">65\u202fcm<\/td>\n<td data-col-size=\"sm\" data-end=\"1578\" data-start=\"1546\">inkl. Pumpe &amp; Fischspielzeug<\/td>\n<\/tr>\n<tr data-end=\"1635\" data-start=\"1579\">\n<td data-col-size=\"sm\" data-end=\"1588\" data-start=\"1579\">Gro\u00df<\/td>\n<td data-col-size=\"sm\" data-end=\"1603\" data-start=\"1588\">100\u202fcm<\/td>\n<td data-col-size=\"sm\" data-end=\"1635\" data-start=\"1603\">inkl. Pumpe &amp; Fischspielzeug<\/td>\n<\/tr>\n<\/tbody>\n<\/table>\n<div class=\"sticky end-(--thread-content-margin) h-0 self-end select-none\">\n<div class=\"absolute end-0 flex items-end\"><\/div>\n<\/div>\n<\/div>\n<\/div>\n<hr data-end=\"1640\" data-start=\"1637\" class=\"\">\n<h3 data-end=\"1673\" data-start=\"1642\" class=\"\"><strong data-end=\"1671\" data-start=\"1646\">\ud83d\udd27 Anwendungshinweis:<\/strong><\/h3>\n<ol data-end=\"1884\" data-start=\"1674\">\n<li data-end=\"1734\" data-start=\"1674\" class=\"\">\n<p data-end=\"1734\" data-start=\"1677\" class=\"\">Matte mit beiliegender Pumpe aufblasen (nicht zu fest!)<\/p>\n<\/li>\n<li data-end=\"1794\" data-start=\"1735\" class=\"\">\n<p data-end=\"1794\" data-start=\"1738\" class=\"\">Wasser (kalt oder max. 40\u202f\u00b0C warm im Winter) einf\u00fcllen<\/p>\n<\/li>\n<li data-end=\"1846\" data-start=\"1795\" class=\"\">\n<p data-end=\"1846\" data-start=\"1798\" class=\"\">Wasser nicht randvoll \u2013 sonst kann es spritzen<\/p>\n<\/li>\n<li data-end=\"1884\" data-start=\"1847\" class=\"\">\n<p data-end=\"1884\" data-start=\"1850\" class=\"\">Deckel fest verschlie\u00dfen \u2013 fertig!<\/p>\n<\/li>\n<\/ol>\n<p data-end=\"1979\" data-start=\"1886\" class=\"\">\ud83d\udca1 <strong data-end=\"1979\" data-start=\"1889\">Vor dem Einsatz bitte die Krallen deines Tiers k\u00fcrzen, um Besch\u00e4digungen zu vermeiden.<\/strong><\/p>\n<p><img decoding=\"async\" src=\"https:\/\/shopifyfile.oss-accelerate.aliyuncs.com\/attached\/image\/202408\/F7CB4A4A53CDFB2B716E715BAE7DD13F.png\" title=\"F7CB4A4A53CDFB2B716E715BAE7DD13F.png\"><\/p>\n<p><img decoding=\"async\" src=\"https:\/\/shopifyfile.oss-accelerate.aliyuncs.com\/attached\/image\/202408\/B0AF550B53DF1E632F081103CF1C4610.png\" title=\"B0AF550B53DF1E632F081103CF1C4610.png\"><\/p>\n<p><img decoding=\"async\" src=\"https:\/\/shopifyfile.oss-accelerate.aliyuncs.com\/attached\/image\/202408\/43415C018E925834E17EB03FBB3BE47F.png\" title=\"43415C018E925834E17EB03FBB3BE47F.png\"><\/p>\n<p>&nbsp;<\/p>\n<p>&nbsp;<\/p>\n<p><img decoding=\"async\" src=\"https:\/\/shopifyfile.oss-accelerate.aliyuncs.com\/attached\/image\/202408\/61C5548252B1DD93A3E8070A5D91298D.png\" title=\"61C5548252B1DD93A3E8070A5D91298D.png\"><\/p>\n<p>&nbsp;<\/p>","protected":false},"excerpt":{"rendered":"<p>Sommer, Spa\u00df &amp; spritzige Abk\u00fchlung! \ud83d\udc20\ud83d\udca6Diese runde K\u00fchlmatte ist der Hit f\u00fcr hei\u00dfe Tage \u2013 nicht nur erfrischend, sondern auch richtig unterhaltsam! Einfach mit kaltem Wasser bef\u00fcllen, aufblasen und los geht das Planschvergn\u00fcgen. Die comicartige Unterwasserlandschaft auf der Matte wird durch schwimmende Plastikfische zum Leben erweckt \u2013 ideal f\u00fcr neugierige Pfoten und hei\u00dfe Schnauzen. Die [&hellip;]<\/p>","protected":false},"featured_media":30871,"comment_status":"open","ping_status":"closed","template":"","meta":{"give_campaign_id":0,"product_produkt-link-pod-manuell":"","product_produktname-pod-manuell":""},"product_meine-kategorie":[764,816,575],"product_mypod":[623],"product_meinemotivart":[],"product_meinepersonalisierung":[],"product_mydesign":[],"product_mymodelle_hunde":[],"product_mymodelle_schuhe":[],"product_myslogan":[],"product_mytodo":[693,698,704],"product_brand":[],"product_cat":[349],"product_tag":[],"shop_modelle":[],"wf_product_folders":[476,763,359],"class_list":{"0":"post-30874","1":"product","2":"type-product","3":"status-publish","4":"has-post-thumbnail","6":"product_meine-kategorie-kuhlung","7":"product_meine-kategorie-sommer","8":"product_meine-kategorie-vierbeiner","9":"product_mypod-eprolo","10":"product_mytodo-_feddisch","11":"product_mytodo-kategorien_done","12":"product_mytodo-translation_done","13":"product_cat-vierbeiner","15":"first","16":"instock","17":"taxable","18":"shipping-taxable","19":"purchasable","20":"product-type-variable"},"jetpack_sharing_enabled":true,"jetpack_likes_enabled":true,"_links":{"self":[{"href":"https:\/\/derrudelshop.de\/en\/wp-json\/wp\/v2\/product\/30874","targetHints":{"allow":["GET"]}}],"collection":[{"href":"https:\/\/derrudelshop.de\/en\/wp-json\/wp\/v2\/product"}],"about":[{"href":"https:\/\/derrudelshop.de\/en\/wp-json\/wp\/v2\/types\/product"}],"replies":[{"embeddable":true,"href":"https:\/\/derrudelshop.de\/en\/wp-json\/wp\/v2\/comments?post=30874"}],"version-history":[{"count":2,"href":"https:\/\/derrudelshop.de\/en\/wp-json\/wp\/v2\/product\/30874\/revisions"}],"predecessor-version":[{"id":31204,"href":"https:\/\/derrudelshop.de\/en\/wp-json\/wp\/v2\/product\/30874\/revisions\/31204"}],"wp:featuredmedia":[{"embeddable":true,"href":"https:\/\/derrudelshop.de\/en\/wp-json\/wp\/v2\/media\/30871"}],"wp:attachment":[{"href":"https:\/\/derrudelshop.de\/en\/wp-json\/wp\/v2\/media?parent=30874"}],"wp:term":[{"taxonomy":"product_meine-kategorie","embeddable":true,"href":"https:\/\/derrudelshop.de\/en\/wp-json\/wp\/v2\/product_meine-kategorie?post=30874"},{"taxonomy":"product_mypod","embeddable":true,"href":"https:\/\/derrudelshop.de\/en\/wp-json\/wp\/v2\/product_mypod?post=30874"},{"taxonomy":"product_meinemotivart","embeddable":true,"href":"https:\/\/derrudelshop.de\/en\/wp-json\/wp\/v2\/product_meinemotivart?post=30874"},{"taxonomy":"product_meinepersonalisierung","embeddable":true,"href":"https:\/\/derrudelshop.de\/en\/wp-json\/wp\/v2\/product_meinepersonalisierung?post=30874"},{"taxonomy":"product_mydesign","embeddable":true,"href":"https:\/\/derrudelshop.de\/en\/wp-json\/wp\/v2\/product_mydesign?post=30874"},{"taxonomy":"product_mymodelle_hunde","embeddable":true,"href":"https:\/\/derrudelshop.de\/en\/wp-json\/wp\/v2\/product_mymodelle_hunde?post=30874"},{"taxonomy":"product_mymodelle_schuhe","embeddable":true,"href":"https:\/\/derrudelshop.de\/en\/wp-json\/wp\/v2\/product_mymodelle_schuhe?post=30874"},{"taxonomy":"product_myslogan","embeddable":true,"href":"https:\/\/derrudelshop.de\/en\/wp-json\/wp\/v2\/product_myslogan?post=30874"},{"taxonomy":"product_mytodo","embeddable":true,"href":"https:\/\/derrudelshop.de\/en\/wp-json\/wp\/v2\/product_mytodo?post=30874"},{"taxonomy":"product_brand","embeddable":true,"href":"https:\/\/derrudelshop.de\/en\/wp-json\/wp\/v2\/product_brand?post=30874"},{"taxonomy":"product_cat","embeddable":true,"href":"https:\/\/derrudelshop.de\/en\/wp-json\/wp\/v2\/product_cat?post=30874"},{"taxonomy":"product_tag","embeddable":true,"href":"https:\/\/derrudelshop.de\/en\/wp-json\/wp\/v2\/product_tag?post=30874"},{"taxonomy":"shop_modelle","embeddable":true,"href":"https:\/\/derrudelshop.de\/en\/wp-json\/wp\/v2\/shop_modelle?post=30874"},{"taxonomy":"wf_product_folders","embeddable":true,"href":"https:\/\/derrudelshop.de\/en\/wp-json\/wp\/v2\/wf_product_folders?post=30874"}],"curies":[{"name":"wp","href":"https:\/\/api.w.org\/{rel}","templated":true}]}}