{"id":30930,"date":"2025-05-12T14:10:00","date_gmt":"2025-05-12T14:10:00","guid":{"rendered":"https:\/\/derrudelshop.de\/product\/kuehlender-hundeschal-fuer-den-sommer-erfrischung-fuer-deinen-vierbeiner\/"},"modified":"2025-05-12T15:34:39","modified_gmt":"2025-05-12T15:34:39","slug":"kuehlender-hundeschal-fuer-den-sommer-erfrischung-fuer-deinen-vierbeiner","status":"publish","type":"product","link":"https:\/\/derrudelshop.de\/en\/product\/kuehlender-hundeschal-fuer-den-sommer-erfrischung-fuer-deinen-vierbeiner\/","title":{"rendered":"K\u00fchlender Hundeschal f\u00fcr den Sommer \u2013 Erfrischung f\u00fcr deinen Vierbeiner"},"content":{"rendered":"<p>Sag der Sommerhitze den Kampf an \u2013 mit unserem coolen, stylischen K\u00fchl-Schal f\u00fcr Hunde! Ob f\u00fcr Spazierg\u00e4nge im Park oder Abenteuer bei Sonnenschein, dieser K\u00fchl-Schal sorgt daf\u00fcr, dass deine Fellnase stets angenehm erfrischt bleibt. Aus robustem Oxford-Stoff gefertigt, bietet der Schal nicht nur Schutz vor der Sonne, sondern hilft auch dabei, die Gefahr eines Hitzeschlags zu minimieren.<\/p>\n<p>Das Set wird mit wiederverwendbaren Eisbeuteln geliefert, die f\u00fcr eine besonders effektive K\u00fchlung sorgen. Einfach die Eisbeutel einlegen, den Schal um den Hals deines Hundes legen und schon ist er bereit f\u00fcr eine erfrischende Zeit im Freien.<\/p>\n<p><strong>Eigenschaften:<\/strong><\/p>\n<ul>\n<li>\n<p><strong>Stylisches Design:<\/strong> Helle, fr\u00f6hliche Farben und ein kreatives Muster, das deinem Hund garantiert gut steht.<\/p>\n<\/li>\n<li>\n<p><strong>Eisbeutel inklusive:<\/strong> F\u00fcr eine zus\u00e4tzliche K\u00fchlung sorgen die beiliegenden, wiederverwendbaren Eisbeutel.<\/p>\n<\/li>\n<li>\n<p><strong>Komfortable Passform:<\/strong> Verf\u00fcgbar in den Gr\u00f6\u00dfen S (25,<del>35 cm), M (35,<\/del>50 cm) und L (50~70 cm) \u2013 f\u00fcr Hunde jeder Gr\u00f6\u00dfe.<\/p>\n<\/li>\n<li>\n<p><strong>Sicher und k\u00fchl:<\/strong> Der Oxford-Stoff sorgt f\u00fcr eine schnelle K\u00fchlung und sch\u00fctzt gleichzeitig vor der Sonne, ohne dass dein Hund \u00fcberhitzt.<\/p>\n<\/li>\n<\/ul>\n<p>Mach deinen Hund bereit f\u00fcr den Sommer \u2013 mit diesem praktischen und h\u00fcbschen K\u00fchl-Schal!<\/p>\n<p><img decoding=\"async\" alt=\"undefined\" src=\"https:\/\/ae01.alicdn.com\/kf\/Sbfcf64cce4f847c58c75b8dccf38c8146.jpg?width=750&amp;height=1033&amp;hash=1783\"><\/p>\n<p><span style=\"margin: 0px;padding: 0px;border: 0px;vertical-align: baseline;font-family:\"><img decoding=\"async\" class=\"desc-img-loaded\" src=\"https:\/\/cbu01.alicdn.com\/img\/ibank\/O1CN01OS5fT91vNmplnX1TC_!!2211041066161-0-cib.jpg\" alt=\"undefined\"><\/span><\/p>\n<p><span style=\"margin: 0px;padding: 0px;border: 0px;vertical-align: baseline;font-family:\"><img decoding=\"async\" class=\"desc-img-loaded\" src=\"https:\/\/cbu01.alicdn.com\/img\/ibank\/O1CN01Xz3Nly1vNmpl1TnYr_!!2211041066161-0-cib.jpg\" alt=\"undefined\"><\/span><\/p>\n<p><span style=\"margin: 0px;padding: 0px;border: 0px;vertical-align: baseline;font-family:\"><img decoding=\"async\" class=\"desc-img-loaded\" src=\"https:\/\/cbu01.alicdn.com\/img\/ibank\/O1CN01uro9UM1vNmpisQJYK_!!2211041066161-0-cib.jpg\" alt=\"undefined\"><\/span><\/p>\n<p><span style=\"margin: 0px;padding: 0px;border: 0px;vertical-align: baseline;font-family:\"><img decoding=\"async\" class=\"desc-img-loaded\" src=\"https:\/\/cbu01.alicdn.com\/img\/ibank\/O1CN01pf1W0r1vNmpjcw0el_!!2211041066161-0-cib.jpg\" alt=\"undefined\"><\/span><\/p>\n<p><span style=\"margin: 0px;padding: 0px;border: 0px;vertical-align: baseline;font-family:\"><img decoding=\"async\" class=\"desc-img-loaded\" src=\"https:\/\/cbu01.alicdn.com\/img\/ibank\/O1CN01cEhWiE1vNmppLQ5bM_!!2211041066161-0-cib.jpg\" alt=\"undefined\"><\/span><\/p>\n<p><span style=\"color:#333333;font-family:Hiragino Sans GB, Tahoma, Arial, \u5b8b\u4f53, sans-serif\"><span style=\"font-size: 29.3333px\"><\/span><\/span><\/p>\n<p style=\"margin-top: 0px;margin-bottom: 0px;padding: 0px;line-height: inherit\"><span style=\"margin: 0px;padding: 0px;max-width: 100%;font-size: 22pt\"><img decoding=\"async\" alt=\"undefined\" src=\"https:\/\/ae01.alicdn.com\/kf\/S5a04cb68560f4cb889be66d6289621a8D.jpg?width=750&amp;height=1241&amp;hash=1991\"><\/span><\/p>\n<p><span style=\"margin: 0px;padding: 0px;max-width: 100%;font-size: 22pt\"><img decoding=\"async\" alt=\"undefined\" src=\"https:\/\/ae01.alicdn.com\/kf\/S188d6ca4f27341bfbf19f48b7dac9ecbp.jpg?width=750&amp;height=827&amp;hash=1577\"><\/span><\/p>\n<p><span style=\"margin: 0px;padding: 0px;max-width: 100%;font-size: 22pt\"><img decoding=\"async\" alt=\"undefined\" src=\"https:\/\/ae01.alicdn.com\/kf\/Sd9b54d7aed0649938dc62f9a4a0ac615k.jpg?width=750&amp;height=779&amp;hash=1529\"><\/span><\/p>\n<p><img decoding=\"async\" alt=\"undefined\" src=\"https:\/\/ae01.alicdn.com\/kf\/Sfc17ee0b164b40bfafb0aeedfd5739afq.jpg?width=750&amp;height=1091&amp;hash=1841\"><\/p>\n<p><img decoding=\"async\" alt=\"undefined\" src=\"https:\/\/ae01.alicdn.com\/kf\/S92db1e74c4574f58ad25e5973c05e32bW.jpg?width=750&amp;height=1058&amp;hash=1808\"><\/p>\n<p><img decoding=\"async\" alt=\"undefined\" src=\"https:\/\/ae01.alicdn.com\/kf\/S77f4bd7e2391424a878fa7227fd4b2b3K.jpg?width=750&amp;height=1111&amp;hash=1861\"><\/p>\n<p><img decoding=\"async\" alt=\"undefined\" src=\"https:\/\/ae01.alicdn.com\/kf\/Scf6c4649f7764b95a57fb5393a95ad655.jpg?width=750&amp;height=1287&amp;hash=2037\"><\/p>\n<p><img decoding=\"async\" alt=\"undefined\" src=\"https:\/\/ae01.alicdn.com\/kf\/S4be63cfa799749c88d4d9c57061200f1D.jpg?width=750&amp;height=1091&amp;hash=1841\"><\/p>\n<p><span style=\"color:#333333;font-family:Hiragino Sans GB, Tahoma, Arial, \u5b8b\u4f53, sans-serif\"><span style=\"font-size: 29.3333px\"><\/span><\/span><\/p>","protected":false},"excerpt":{"rendered":"<p>Sag der Sommerhitze den Kampf an \u2013 mit unserem coolen, stylischen K\u00fchl-Schal f\u00fcr Hunde! Ob f\u00fcr Spazierg\u00e4nge im Park oder Abenteuer bei Sonnenschein, dieser K\u00fchl-Schal sorgt daf\u00fcr, dass deine Fellnase stets angenehm erfrischt bleibt. Aus robustem Oxford-Stoff gefertigt, bietet der Schal nicht nur Schutz vor der Sonne, sondern hilft auch dabei, die Gefahr eines Hitzeschlags [&hellip;]<\/p>","protected":false},"featured_media":30911,"comment_status":"open","ping_status":"closed","template":"","meta":{"give_campaign_id":0,"product_produkt-link-pod-manuell":"","product_produktname-pod-manuell":""},"product_meine-kategorie":[764,816,575],"product_mypod":[623],"product_meinemotivart":[],"product_meinepersonalisierung":[],"product_mydesign":[],"product_mymodelle_hunde":[],"product_mymodelle_schuhe":[],"product_myslogan":[],"product_mytodo":[693,698,704],"product_brand":[],"product_cat":[349],"product_tag":[],"shop_modelle":[],"wf_product_folders":[476,763,359],"class_list":{"0":"post-30930","1":"product","2":"type-product","3":"status-publish","4":"has-post-thumbnail","6":"product_meine-kategorie-kuhlung","7":"product_meine-kategorie-sommer","8":"product_meine-kategorie-vierbeiner","9":"product_mypod-eprolo","10":"product_mytodo-_feddisch","11":"product_mytodo-kategorien_done","12":"product_mytodo-translation_done","13":"product_cat-vierbeiner","15":"first","16":"instock","17":"taxable","18":"shipping-taxable","19":"purchasable","20":"product-type-variable"},"jetpack_sharing_enabled":true,"jetpack_likes_enabled":true,"_links":{"self":[{"href":"https:\/\/derrudelshop.de\/en\/wp-json\/wp\/v2\/product\/30930","targetHints":{"allow":["GET"]}}],"collection":[{"href":"https:\/\/derrudelshop.de\/en\/wp-json\/wp\/v2\/product"}],"about":[{"href":"https:\/\/derrudelshop.de\/en\/wp-json\/wp\/v2\/types\/product"}],"replies":[{"embeddable":true,"href":"https:\/\/derrudelshop.de\/en\/wp-json\/wp\/v2\/comments?post=30930"}],"version-history":[{"count":1,"href":"https:\/\/derrudelshop.de\/en\/wp-json\/wp\/v2\/product\/30930\/revisions"}],"predecessor-version":[{"id":30931,"href":"https:\/\/derrudelshop.de\/en\/wp-json\/wp\/v2\/product\/30930\/revisions\/30931"}],"wp:featuredmedia":[{"embeddable":true,"href":"https:\/\/derrudelshop.de\/en\/wp-json\/wp\/v2\/media\/30911"}],"wp:attachment":[{"href":"https:\/\/derrudelshop.de\/en\/wp-json\/wp\/v2\/media?parent=30930"}],"wp:term":[{"taxonomy":"product_meine-kategorie","embeddable":true,"href":"https:\/\/derrudelshop.de\/en\/wp-json\/wp\/v2\/product_meine-kategorie?post=30930"},{"taxonomy":"product_mypod","embeddable":true,"href":"https:\/\/derrudelshop.de\/en\/wp-json\/wp\/v2\/product_mypod?post=30930"},{"taxonomy":"product_meinemotivart","embeddable":true,"href":"https:\/\/derrudelshop.de\/en\/wp-json\/wp\/v2\/product_meinemotivart?post=30930"},{"taxonomy":"product_meinepersonalisierung","embeddable":true,"href":"https:\/\/derrudelshop.de\/en\/wp-json\/wp\/v2\/product_meinepersonalisierung?post=30930"},{"taxonomy":"product_mydesign","embeddable":true,"href":"https:\/\/derrudelshop.de\/en\/wp-json\/wp\/v2\/product_mydesign?post=30930"},{"taxonomy":"product_mymodelle_hunde","embeddable":true,"href":"https:\/\/derrudelshop.de\/en\/wp-json\/wp\/v2\/product_mymodelle_hunde?post=30930"},{"taxonomy":"product_mymodelle_schuhe","embeddable":true,"href":"https:\/\/derrudelshop.de\/en\/wp-json\/wp\/v2\/product_mymodelle_schuhe?post=30930"},{"taxonomy":"product_myslogan","embeddable":true,"href":"https:\/\/derrudelshop.de\/en\/wp-json\/wp\/v2\/product_myslogan?post=30930"},{"taxonomy":"product_mytodo","embeddable":true,"href":"https:\/\/derrudelshop.de\/en\/wp-json\/wp\/v2\/product_mytodo?post=30930"},{"taxonomy":"product_brand","embeddable":true,"href":"https:\/\/derrudelshop.de\/en\/wp-json\/wp\/v2\/product_brand?post=30930"},{"taxonomy":"product_cat","embeddable":true,"href":"https:\/\/derrudelshop.de\/en\/wp-json\/wp\/v2\/product_cat?post=30930"},{"taxonomy":"product_tag","embeddable":true,"href":"https:\/\/derrudelshop.de\/en\/wp-json\/wp\/v2\/product_tag?post=30930"},{"taxonomy":"shop_modelle","embeddable":true,"href":"https:\/\/derrudelshop.de\/en\/wp-json\/wp\/v2\/shop_modelle?post=30930"},{"taxonomy":"wf_product_folders","embeddable":true,"href":"https:\/\/derrudelshop.de\/en\/wp-json\/wp\/v2\/wf_product_folders?post=30930"}],"curies":[{"name":"wp","href":"https:\/\/api.w.org\/{rel}","templated":true}]}}