{"id":31065,"date":"2025-05-12T14:30:00","date_gmt":"2025-05-12T14:30:00","guid":{"rendered":"https:\/\/derrudelshop.de\/product\/kuehlmatte-ice-silk-fuer-hunde-katzen-erfrischung-fuer-deinen-vierbeiner-im-sommer\/"},"modified":"2025-05-12T15:34:36","modified_gmt":"2025-05-12T15:34:36","slug":"kuehlmatte-ice-silk-fuer-hunde-katzen-erfrischung-fuer-deinen-vierbeiner-im-sommer","status":"publish","type":"product","link":"https:\/\/derrudelshop.de\/en\/product\/kuehlmatte-ice-silk-fuer-hunde-katzen-erfrischung-fuer-deinen-vierbeiner-im-sommer\/","title":{"rendered":"K\u00fchlmatte Ice Silk f\u00fcr Hunde &amp; Katzen \u2013 Erfrischung f\u00fcr deinen Vierbeiner im Sommer"},"content":{"rendered":"<p><span class=\"offer-attr-item-name\" style=\"margin: 0px;padding: 0px 20px 0px 0px;width: 150px\"><\/span><\/p>\n<p>Halte deinen Hund oder deine Katze an hei\u00dfen Sommertagen k\u00fchl und bequem mit unserer vielseitigen K\u00fchlmatte! Diese Matte aus hochwertigem Nylon und Polyester bietet eine erfrischende Abk\u00fchlung, ohne dass dein Haustier friert. Ideal f\u00fcr den Einsatz auf dem Hundebett, Sofa, Boden oder sogar im Auto, um deinem Tier eine angenehme K\u00fchlung zu bieten, wo immer ihr euch aufhaltet.<\/p>\n<p>Dank des atmungsaktiven Mesh-Gewebes auf der R\u00fcckseite bleibt die Matte stets angenehm und sorgt daf\u00fcr, dass dein Tier in jeder Position komfortabel ruht. Die Matte ist in sechs tollen Farben erh\u00e4ltlich und l\u00e4sst sich leicht reinigen.<\/p>\n<p><strong>Eigenschaften:<\/strong><\/p>\n<ul>\n<li>\n<p><strong>K\u00fchlendes Material:<\/strong> Die spezielle Struktur des Gewebes sorgt f\u00fcr eine angenehme K\u00fchlung ohne den Effekt von K\u00e4lte.<\/p>\n<\/li>\n<li>\n<p><strong>Vielseitig einsetzbar:<\/strong> Perfekt f\u00fcr das Hundebett, Sofa, auf dem Boden oder im Auto.<\/p>\n<\/li>\n<li>\n<p><strong>Atmungsaktiv:<\/strong> Mesh-R\u00fcckseite f\u00fcr bessere Bel\u00fcftung und eine komfortable Liegefl\u00e4che.<\/p>\n<\/li>\n<li>\n<p><strong>Einfache Reinigung:<\/strong> Die Matte l\u00e4sst sich problemlos reinigen und pflegen.<\/p>\n<\/li>\n<li>\n<p><strong>Verf\u00fcgbare Farben:<\/strong> Pink, Dunkelblau, Kaffee, Hellblau, Dunkelgrau und Hellgrau \u2013 f\u00fcr jeden Geschmack etwas dabei.<\/p>\n<\/li>\n<li>\n<p><strong>Gr\u00f6\u00dfentabelle f\u00fcr K\u00fchlmatten:<\/strong><\/p>\n<\/p>\n<div>\n<div>\n<table>\n<thead>\n<tr>\n<th><strong>Gr\u00f6\u00dfe<\/strong><\/th>\n<th><strong>Ma\u00dfe<\/strong><\/th>\n<th><strong>Empfohlenes Gewicht<\/strong><\/th>\n<\/tr>\n<\/thead>\n<tbody>\n<tr>\n<td><strong>XS<\/strong><\/td>\n<td>40&#215;30 cm<\/td>\n<td>Bis 2 kg<\/td>\n<\/tr>\n<tr>\n<td><strong>S<\/strong><\/td>\n<td>50&#215;40 cm<\/td>\n<td>Bis 6 kg<\/td>\n<\/tr>\n<tr>\n<td><strong>M<\/strong><\/td>\n<td>62&#215;50 cm<\/td>\n<td>Bis 12 kg<\/td>\n<\/tr>\n<tr>\n<td><strong>L<\/strong><\/td>\n<td>70&#215;55 cm<\/td>\n<td>Bis 25 kg<\/td>\n<\/tr>\n<tr>\n<td><strong>XL<\/strong><\/td>\n<td>100&#215;70 cm<\/td>\n<td>Bis 40 kg<\/td>\n<\/tr>\n<tr>\n<td><strong>XXL<\/strong><\/td>\n<td>150&#215;100 cm<\/td>\n<td>Bis 130 kg<\/td>\n<\/tr>\n<\/tbody>\n<\/table>\n<\/div>\n<\/div>\n<\/li>\n<\/ul>\n<p>Sorge daf\u00fcr, dass dein Haustier auch an hei\u00dfen Tagen entspannt bleiben kann \u2013 mit dieser praktischen K\u00fchlmatte f\u00fcr Hunde und Katzen!<\/p>\n<p><\/p>\n<p><span class=\"offer-attr-item-value\" style=\"margin: 0px;padding: 0px 20px 0px 0px;flex: 1 1 0%;overflow: hidden\"><img decoding=\"async\" src=\"https:\/\/shopifyfile.oss-accelerate.aliyuncs.com\/attached\/image\/202206\/46B583ADCBA5F9A8E1B4BC726BFC5954.png\" title=\"46B583ADCBA5F9A8E1B4BC726BFC5954.png\" alt=\"image.png\"><\/span><\/p>\n<p><span class=\"offer-attr-item-value\" style=\"margin: 0px;padding: 0px 20px 0px 0px;flex: 1 1 0%;overflow: hidden\"><\/span><\/p>\n<p><\/p>\n<p><span class=\"offer-attr-item-value\" style=\"margin: 0px;padding: 0px 20px 0px 0px;flex: 1 1 0%;overflow: hidden\"><img decoding=\"async\" src=\"https:\/\/shopifyfile.oss-accelerate.aliyuncs.com\/attached\/image\/202206\/0A2465D5D14CAE7264B693193F0CD251.png\" title=\"0A2465D5D14CAE7264B693193F0CD251.png\" alt=\"image.png\"><\/span><\/p>\n<p><span class=\"offer-attr-item-value\" style=\"margin: 0px;padding: 0px 20px 0px 0px;flex: 1 1 0%;overflow: hidden\"><br \/><\/span><\/p>\n<p><\/p>\n<p><img decoding=\"async\" src=\"https:\/\/shopifyfile.oss-accelerate.aliyuncs.com\/attached\/image\/202206\/2E42B9105AD024535EFE2366DCF14C00.png\" title=\"2E42B9105AD024535EFE2366DCF14C00.png\" alt=\"image.png\"><\/p>\n<p><img decoding=\"async\" src=\"https:\/\/shopifyfile.oss-accelerate.aliyuncs.com\/attached\/image\/202206\/7732D548CEA65F2CF418743BB9F9C60A.png\" title=\"7732D548CEA65F2CF418743BB9F9C60A.png\" alt=\"image.png\"><\/p>\n<p><\/p>\n<p>&nbsp;<\/p>\n<p><\/p>","protected":false},"excerpt":{"rendered":"<p>Halte deinen Hund oder deine Katze an hei\u00dfen Sommertagen k\u00fchl und bequem mit unserer vielseitigen K\u00fchlmatte! Diese Matte aus hochwertigem Nylon und Polyester bietet eine erfrischende Abk\u00fchlung, ohne dass dein Haustier friert. Ideal f\u00fcr den Einsatz auf dem Hundebett, Sofa, Boden oder sogar im Auto, um deinem Tier eine angenehme K\u00fchlung zu bieten, wo immer [&hellip;]<\/p>","protected":false},"featured_media":31055,"comment_status":"open","ping_status":"closed","template":"","meta":{"give_campaign_id":0,"product_produkt-link-pod-manuell":"","product_produktname-pod-manuell":""},"product_meine-kategorie":[764,816,575],"product_mypod":[623],"product_meinemotivart":[],"product_meinepersonalisierung":[],"product_mydesign":[],"product_mymodelle_hunde":[],"product_mymodelle_schuhe":[],"product_myslogan":[],"product_mytodo":[693,698,704],"product_brand":[],"product_cat":[349],"product_tag":[],"shop_modelle":[],"wf_product_folders":[476,763,359],"class_list":{"0":"post-31065","1":"product","2":"type-product","3":"status-publish","4":"has-post-thumbnail","6":"product_meine-kategorie-kuhlung","7":"product_meine-kategorie-sommer","8":"product_meine-kategorie-vierbeiner","9":"product_mypod-eprolo","10":"product_mytodo-_feddisch","11":"product_mytodo-kategorien_done","12":"product_mytodo-translation_done","13":"product_cat-vierbeiner","15":"first","16":"instock","17":"taxable","18":"shipping-taxable","19":"purchasable","20":"product-type-variable"},"jetpack_sharing_enabled":true,"jetpack_likes_enabled":true,"_links":{"self":[{"href":"https:\/\/derrudelshop.de\/en\/wp-json\/wp\/v2\/product\/31065","targetHints":{"allow":["GET"]}}],"collection":[{"href":"https:\/\/derrudelshop.de\/en\/wp-json\/wp\/v2\/product"}],"about":[{"href":"https:\/\/derrudelshop.de\/en\/wp-json\/wp\/v2\/types\/product"}],"replies":[{"embeddable":true,"href":"https:\/\/derrudelshop.de\/en\/wp-json\/wp\/v2\/comments?post=31065"}],"version-history":[{"count":1,"href":"https:\/\/derrudelshop.de\/en\/wp-json\/wp\/v2\/product\/31065\/revisions"}],"predecessor-version":[{"id":31066,"href":"https:\/\/derrudelshop.de\/en\/wp-json\/wp\/v2\/product\/31065\/revisions\/31066"}],"wp:featuredmedia":[{"embeddable":true,"href":"https:\/\/derrudelshop.de\/en\/wp-json\/wp\/v2\/media\/31055"}],"wp:attachment":[{"href":"https:\/\/derrudelshop.de\/en\/wp-json\/wp\/v2\/media?parent=31065"}],"wp:term":[{"taxonomy":"product_meine-kategorie","embeddable":true,"href":"https:\/\/derrudelshop.de\/en\/wp-json\/wp\/v2\/product_meine-kategorie?post=31065"},{"taxonomy":"product_mypod","embeddable":true,"href":"https:\/\/derrudelshop.de\/en\/wp-json\/wp\/v2\/product_mypod?post=31065"},{"taxonomy":"product_meinemotivart","embeddable":true,"href":"https:\/\/derrudelshop.de\/en\/wp-json\/wp\/v2\/product_meinemotivart?post=31065"},{"taxonomy":"product_meinepersonalisierung","embeddable":true,"href":"https:\/\/derrudelshop.de\/en\/wp-json\/wp\/v2\/product_meinepersonalisierung?post=31065"},{"taxonomy":"product_mydesign","embeddable":true,"href":"https:\/\/derrudelshop.de\/en\/wp-json\/wp\/v2\/product_mydesign?post=31065"},{"taxonomy":"product_mymodelle_hunde","embeddable":true,"href":"https:\/\/derrudelshop.de\/en\/wp-json\/wp\/v2\/product_mymodelle_hunde?post=31065"},{"taxonomy":"product_mymodelle_schuhe","embeddable":true,"href":"https:\/\/derrudelshop.de\/en\/wp-json\/wp\/v2\/product_mymodelle_schuhe?post=31065"},{"taxonomy":"product_myslogan","embeddable":true,"href":"https:\/\/derrudelshop.de\/en\/wp-json\/wp\/v2\/product_myslogan?post=31065"},{"taxonomy":"product_mytodo","embeddable":true,"href":"https:\/\/derrudelshop.de\/en\/wp-json\/wp\/v2\/product_mytodo?post=31065"},{"taxonomy":"product_brand","embeddable":true,"href":"https:\/\/derrudelshop.de\/en\/wp-json\/wp\/v2\/product_brand?post=31065"},{"taxonomy":"product_cat","embeddable":true,"href":"https:\/\/derrudelshop.de\/en\/wp-json\/wp\/v2\/product_cat?post=31065"},{"taxonomy":"product_tag","embeddable":true,"href":"https:\/\/derrudelshop.de\/en\/wp-json\/wp\/v2\/product_tag?post=31065"},{"taxonomy":"shop_modelle","embeddable":true,"href":"https:\/\/derrudelshop.de\/en\/wp-json\/wp\/v2\/shop_modelle?post=31065"},{"taxonomy":"wf_product_folders","embeddable":true,"href":"https:\/\/derrudelshop.de\/en\/wp-json\/wp\/v2\/wf_product_folders?post=31065"}],"curies":[{"name":"wp","href":"https:\/\/api.w.org\/{rel}","templated":true}]}}