{"id":31352,"date":"2025-05-12T16:20:00","date_gmt":"2025-05-12T16:20:00","guid":{"rendered":"https:\/\/derrudelshop.de\/product\/waschbare-hundepipiunterlage-mit-suessem-knochenmuster-3-lagig-saugstark-umweltfreundlich\/"},"modified":"2025-05-13T11:56:47","modified_gmt":"2025-05-13T11:56:47","slug":"waschbare-hundepipiunterlage-mit-suessem-knochenmuster-3-lagig-saugstark-umweltfreundlich","status":"publish","type":"product","link":"https:\/\/derrudelshop.de\/en\/product\/waschbare-hundepipiunterlage-mit-suessem-knochenmuster-3-lagig-saugstark-umweltfreundlich\/","title":{"rendered":"Waschbare Hundepipiunterlage mit s\u00fc\u00dfem Knochenmuster \u2013 3-lagig, saugstark &amp; umweltfreundlich"},"content":{"rendered":"<p data-end=\"428\" data-start=\"229\" class=\"\">Diese wiederverwendbare Unterlage f\u00fcr Hunde, Katzen oder Kleintiere vereint Funktionalit\u00e4t mit einem niedlichen Design \u2013 ideal f\u00fcr Stubenreinheitstraining, Inkontinenz oder als gem\u00fctliche Liegematte.<\/p>\n<p data-end=\"445\" data-start=\"430\" class=\"\"><strong data-end=\"445\" data-start=\"430\">Highlights:<\/strong><\/p>\n<ul data-end=\"1059\" data-start=\"447\">\n<li data-end=\"582\" data-start=\"447\" class=\"\">\n<p data-end=\"582\" data-start=\"449\" class=\"\">\ud83c\udf3f <strong data-end=\"485\" data-start=\"452\">Nachhaltig &amp; wiederverwendbar<\/strong>: Die Oberfl\u00e4che besteht aus hochwertigem Microfleece \u2013 waschbar, langlebig und umweltfreundlich.<\/p>\n<\/li>\n<li data-end=\"762\" data-start=\"583\" class=\"\">\n<p data-end=\"658\" data-start=\"585\" class=\"\">\ud83d\udca6 <strong data-end=\"609\" data-start=\"588\">Saugstark &amp; dicht<\/strong>: Die 3-Lagen-Struktur sch\u00fctzt B\u00f6den zuverl\u00e4ssig:<\/p>\n<ol data-end=\"762\" data-start=\"661\">\n<li data-end=\"694\" data-start=\"661\" class=\"\">\n<p data-end=\"694\" data-start=\"664\" class=\"\">Weiche Mikrofaser-Oberfl\u00e4che<\/p>\n<\/li>\n<li data-end=\"727\" data-start=\"697\" class=\"\">\n<p data-end=\"727\" data-start=\"700\" class=\"\">Saugf\u00e4hige Polyesterfaser<\/p>\n<\/li>\n<li data-end=\"762\" data-start=\"730\" class=\"\">\n<p data-end=\"762\" data-start=\"733\" class=\"\">Wasserdichte PVC-Beschichtung<\/p>\n<\/li>\n<\/ol>\n<\/li>\n<li data-end=\"850\" data-start=\"763\" class=\"\">\n<p data-end=\"850\" data-start=\"765\" class=\"\">\ud83e\uddfc <strong data-end=\"784\" data-start=\"768\">Pflegeleicht<\/strong>: Maschinenwaschbar und trocknergeeignet bei niedriger Temperatur.<\/p>\n<\/li>\n<li data-end=\"959\" data-start=\"851\" class=\"\">\n<p data-end=\"959\" data-start=\"853\" class=\"\">\ud83d\udc3e <strong data-end=\"877\" data-start=\"856\">Niedliches Design<\/strong>: Mit bunten Knochen- und Hundemotiven \u2013 sorgt f\u00fcr gute Laune bei Mensch und Tier.<\/p>\n<\/li>\n<li data-end=\"1059\" data-start=\"960\" class=\"\">\n<p data-end=\"1059\" data-start=\"962\" class=\"\">\ud83d\udccf <strong data-end=\"1005\" data-start=\"965\">Vielseitige Gr\u00f6\u00dfen f\u00fcr jede Fellnase<\/strong>: Ob f\u00fcr Welpen, Senioren oder als Schutz im K\u00f6rbchen.<\/p>\n<\/li>\n<\/ul>\n<hr data-end=\"1064\" data-start=\"1061\" class=\"\">\n<p data-end=\"1099\" data-start=\"1066\" class=\"\">\ud83d\udccf <strong data-end=\"1097\" data-start=\"1069\">Gr\u00f6\u00dfen\u00fcbersicht (in cm):<\/strong><\/p>\n<ul data-end=\"1156\" data-start=\"1100\">\n<li data-end=\"1118\" data-start=\"1100\" class=\"\">\n<p data-end=\"1118\" data-start=\"1102\" class=\"\"><strong data-end=\"1107\" data-start=\"1102\">S<\/strong>: 45 \u00d7 55<\/p>\n<\/li>\n<li data-end=\"1137\" data-start=\"1119\" class=\"\">\n<p data-end=\"1137\" data-start=\"1121\" class=\"\"><strong data-end=\"1126\" data-start=\"1121\">M<\/strong>: 60 \u00d7 75<\/p>\n<\/li>\n<li data-end=\"1156\" data-start=\"1138\" class=\"\">\n<p data-end=\"1156\" data-start=\"1140\" class=\"\"><strong data-end=\"1145\" data-start=\"1140\">L<\/strong>: 80 \u00d7 95<\/p>\n<\/li>\n<\/ul>\n<p data-end=\"1183\" data-start=\"1158\" class=\"\">\ud83c\udfa8 Farben: Blau oder Gr\u00fcn<\/p>\n<hr data-end=\"1188\" data-start=\"1185\" class=\"\">\n<p data-end=\"1292\" data-start=\"1190\" class=\"\">\ud83d\udca1 <em data-end=\"1292\" data-start=\"1193\">Perfekt f\u00fcr Welpen, kleine Unf\u00e4lle, Transportboxen oder auch als hygienische Unterlage im Alltag.<\/em><\/p>\n<p>&nbsp;<\/p>\n<p><span style=\"font-family: Arial; font-size: 18px;\"><img decoding=\"async\" src=\"http:\/\/ae01.alicdn.com\/kf\/He8513014e0284349ab1f56cd7ce980091.jpg\"><img decoding=\"async\" src=\"http:\/\/ae01.alicdn.com\/kf\/H66786342f0434f69bc9699117520fd206.jpg\"><img decoding=\"async\" src=\"http:\/\/ae01.alicdn.com\/kf\/H1c0ef702179d4365bf53bc29e51f9c0df.jpg\"><img decoding=\"async\" src=\"http:\/\/ae01.alicdn.com\/kf\/Hb1f975f2fca44912bfb1d758e6d01509k.jpg\"><img decoding=\"async\" src=\"http:\/\/ae01.alicdn.com\/kf\/H17af5e10476d4a0c908ffeb6ab2067fdB.jpg\"><img decoding=\"async\" src=\"http:\/\/ae01.alicdn.com\/kf\/H7e94d5bfb2a546c3a0f4ff758ddfea37x.jpg\"><img decoding=\"async\" src=\"http:\/\/ae01.alicdn.com\/kf\/H57c02b3bd3f84e869a1b2ab8843a8719z.jpg\"><br \/>\n<\/span><\/p>\n<p>&nbsp;<\/p>\n<p style=\"margin-top: 0px; margin-bottom: 0px; padding: 0px; line-height: 1.5; clear: both;\"><img decoding=\"async\" height=\"526.3375\" width=\"790\" alt=\"undefined\" src=\"https:\/\/cbu01.alicdn.com\/img\/ibank\/2020\/681\/647\/13426746186_695175948.jpg\"><img decoding=\"async\" height=\"526.3375\" width=\"790\" alt=\"undefined\" src=\"https:\/\/cbu01.alicdn.com\/img\/ibank\/2020\/660\/857\/13426758066_695175948.jpg\"><img decoding=\"async\" height=\"526.3375\" width=\"790\" alt=\"undefined\" src=\"https:\/\/cbu01.alicdn.com\/img\/ibank\/2020\/200\/373\/13510373002_695175948.jpg\"><\/p>\n<p><img decoding=\"async\" height=\"526.3375\" width=\"790\" alt=\"undefined\" src=\"https:\/\/cbu01.alicdn.com\/img\/ibank\/2020\/201\/463\/13510364102_695175948.jpg\"><\/p>\n<p><img decoding=\"async\" height=\"526.3375\" width=\"790\" alt=\"undefined\" src=\"https:\/\/cbu01.alicdn.com\/img\/ibank\/2020\/633\/853\/13510358336_695175948.jpg\"><\/p>\n<p><img decoding=\"async\" height=\"526.3375\" width=\"790\" alt=\"undefined\" src=\"https:\/\/cbu01.alicdn.com\/img\/ibank\/2020\/632\/169\/13464961236_695175948.jpg\"><\/p>\n<p><img decoding=\"async\" height=\"526.3375\" width=\"790\" alt=\"undefined\" src=\"https:\/\/cbu01.alicdn.com\/img\/ibank\/2020\/430\/467\/13426764034_695175948.jpg\"><\/p>\n<p><img decoding=\"async\" height=\"526.3375\" width=\"790\" alt=\"undefined\" src=\"https:\/\/cbu01.alicdn.com\/img\/ibank\/2020\/277\/827\/13426728772_695175948.jpg\"><\/p>\n<p><img decoding=\"async\" height=\"526.3375\" width=\"790\" alt=\"undefined\" src=\"https:\/\/cbu01.alicdn.com\/img\/ibank\/2020\/663\/947\/13426749366_695175948.jpg\"><\/p>\n<p><span style=\"font-family: Arial; font-size: 18px;\"><br \/>\n<\/span><\/p>\n<p>&nbsp;<\/p>","protected":false},"excerpt":{"rendered":"<p>Diese wiederverwendbare Unterlage f\u00fcr Hunde, Katzen oder Kleintiere vereint Funktionalit\u00e4t mit einem niedlichen Design \u2013 ideal f\u00fcr Stubenreinheitstraining, Inkontinenz oder als gem\u00fctliche Liegematte. Highlights: \ud83c\udf3f Nachhaltig &amp; wiederverwendbar: Die Oberfl\u00e4che besteht aus hochwertigem Microfleece \u2013 waschbar, langlebig und umweltfreundlich. \ud83d\udca6 Saugstark &amp; dicht: Die 3-Lagen-Struktur sch\u00fctzt B\u00f6den zuverl\u00e4ssig: Weiche Mikrofaser-Oberfl\u00e4che Saugf\u00e4hige Polyesterfaser Wasserdichte PVC-Beschichtung \ud83e\uddfc [&hellip;]<\/p>","protected":false},"featured_media":31340,"comment_status":"open","ping_status":"closed","template":"","meta":{"give_campaign_id":0,"product_produkt-link-pod-manuell":"","product_produktname-pod-manuell":""},"product_meine-kategorie":[579,581,575],"product_mypod":[623],"product_meinemotivart":[],"product_meinepersonalisierung":[],"product_mydesign":[],"product_mymodelle_hunde":[],"product_mymodelle_schuhe":[],"product_myslogan":[],"product_mytodo":[693,698,704],"product_brand":[],"product_cat":[349],"product_tag":[],"shop_modelle":[],"wf_product_folders":[476,477,359],"class_list":{"0":"post-31352","1":"product","2":"type-product","3":"status-publish","4":"has-post-thumbnail","6":"product_meine-kategorie-hilfsmittel","7":"product_meine-kategorie-pipi-pads","8":"product_meine-kategorie-vierbeiner","9":"product_mypod-eprolo","10":"product_mytodo-_feddisch","11":"product_mytodo-kategorien_done","12":"product_mytodo-translation_done","13":"product_cat-vierbeiner","15":"first","16":"instock","17":"taxable","18":"shipping-taxable","19":"purchasable","20":"product-type-variable"},"jetpack_sharing_enabled":true,"jetpack_likes_enabled":true,"_links":{"self":[{"href":"https:\/\/derrudelshop.de\/en\/wp-json\/wp\/v2\/product\/31352","targetHints":{"allow":["GET"]}}],"collection":[{"href":"https:\/\/derrudelshop.de\/en\/wp-json\/wp\/v2\/product"}],"about":[{"href":"https:\/\/derrudelshop.de\/en\/wp-json\/wp\/v2\/types\/product"}],"replies":[{"embeddable":true,"href":"https:\/\/derrudelshop.de\/en\/wp-json\/wp\/v2\/comments?post=31352"}],"version-history":[{"count":2,"href":"https:\/\/derrudelshop.de\/en\/wp-json\/wp\/v2\/product\/31352\/revisions"}],"predecessor-version":[{"id":31386,"href":"https:\/\/derrudelshop.de\/en\/wp-json\/wp\/v2\/product\/31352\/revisions\/31386"}],"wp:featuredmedia":[{"embeddable":true,"href":"https:\/\/derrudelshop.de\/en\/wp-json\/wp\/v2\/media\/31340"}],"wp:attachment":[{"href":"https:\/\/derrudelshop.de\/en\/wp-json\/wp\/v2\/media?parent=31352"}],"wp:term":[{"taxonomy":"product_meine-kategorie","embeddable":true,"href":"https:\/\/derrudelshop.de\/en\/wp-json\/wp\/v2\/product_meine-kategorie?post=31352"},{"taxonomy":"product_mypod","embeddable":true,"href":"https:\/\/derrudelshop.de\/en\/wp-json\/wp\/v2\/product_mypod?post=31352"},{"taxonomy":"product_meinemotivart","embeddable":true,"href":"https:\/\/derrudelshop.de\/en\/wp-json\/wp\/v2\/product_meinemotivart?post=31352"},{"taxonomy":"product_meinepersonalisierung","embeddable":true,"href":"https:\/\/derrudelshop.de\/en\/wp-json\/wp\/v2\/product_meinepersonalisierung?post=31352"},{"taxonomy":"product_mydesign","embeddable":true,"href":"https:\/\/derrudelshop.de\/en\/wp-json\/wp\/v2\/product_mydesign?post=31352"},{"taxonomy":"product_mymodelle_hunde","embeddable":true,"href":"https:\/\/derrudelshop.de\/en\/wp-json\/wp\/v2\/product_mymodelle_hunde?post=31352"},{"taxonomy":"product_mymodelle_schuhe","embeddable":true,"href":"https:\/\/derrudelshop.de\/en\/wp-json\/wp\/v2\/product_mymodelle_schuhe?post=31352"},{"taxonomy":"product_myslogan","embeddable":true,"href":"https:\/\/derrudelshop.de\/en\/wp-json\/wp\/v2\/product_myslogan?post=31352"},{"taxonomy":"product_mytodo","embeddable":true,"href":"https:\/\/derrudelshop.de\/en\/wp-json\/wp\/v2\/product_mytodo?post=31352"},{"taxonomy":"product_brand","embeddable":true,"href":"https:\/\/derrudelshop.de\/en\/wp-json\/wp\/v2\/product_brand?post=31352"},{"taxonomy":"product_cat","embeddable":true,"href":"https:\/\/derrudelshop.de\/en\/wp-json\/wp\/v2\/product_cat?post=31352"},{"taxonomy":"product_tag","embeddable":true,"href":"https:\/\/derrudelshop.de\/en\/wp-json\/wp\/v2\/product_tag?post=31352"},{"taxonomy":"shop_modelle","embeddable":true,"href":"https:\/\/derrudelshop.de\/en\/wp-json\/wp\/v2\/shop_modelle?post=31352"},{"taxonomy":"wf_product_folders","embeddable":true,"href":"https:\/\/derrudelshop.de\/en\/wp-json\/wp\/v2\/wf_product_folders?post=31352"}],"curies":[{"name":"wp","href":"https:\/\/api.w.org\/{rel}","templated":true}]}}