{"id":31411,"date":"2025-05-12T16:39:00","date_gmt":"2025-05-12T16:39:00","guid":{"rendered":"https:\/\/derrudelshop.de\/product\/transparenter-leckschutz-kragen-fuer-hunde-katzen-schutz-vor-lecken-kratzen-schoene-praktische-halskrause-fuer-haustiere\/"},"modified":"2025-05-13T11:56:46","modified_gmt":"2025-05-13T11:56:46","slug":"transparenter-leckschutz-kragen-fuer-hunde-katzen-schutz-vor-lecken-kratzen-schoene-praktische-halskrause-fuer-haustiere","status":"publish","type":"product","link":"https:\/\/derrudelshop.de\/en\/product\/transparenter-leckschutz-kragen-fuer-hunde-katzen-schutz-vor-lecken-kratzen-schoene-praktische-halskrause-fuer-haustiere\/","title":{"rendered":"Transparenter Leckschutz-Kragen f\u00fcr Hunde &amp; Katzen \u2013 Schutz vor Lecken &amp; Kratzen | Sch\u00f6ne, praktische Halskrause f\u00fcr Haustiere"},"content":{"rendered":"<p>Sch\u00fctze deinen pelzigen Freund vor schmerzhaften Hautirritationen mit diesem entz\u00fcckenden, transparenten Leckschutz-Kragen! Ideal f\u00fcr Hunde und Katzen, die nach einer Behandlung oder Operation dazu neigen, sich zu lecken oder zu kratzen. Der Kragen ist aus leichtem, stabilem Kunststoff gefertigt und sorgt f\u00fcr maximalen Komfort, ohne die Bewegungsfreiheit deines Haustiers einzuschr\u00e4nken.<\/p>\n<ul>\n<li>\n<p><strong>Transparente, sch\u00fctzende Barriere<\/strong> f\u00fcr ungest\u00f6rtes Heilen<\/p>\n<\/li>\n<li>\n<p><strong>Bequeme Form<\/strong> \u2013 speziell entworfen, um das Wohlbefinden deines Haustiers zu maximieren<\/p>\n<\/li>\n<li>\n<p><strong>Verstellbarer Verschluss<\/strong> f\u00fcr eine individuelle Passform<\/p>\n<\/li>\n<li>\n<p><strong>Hochwertiger, langlebiger Kunststoff<\/strong>, der sanft und gleichzeitig effektiv sch\u00fctzt<\/p>\n<\/li>\n<li>\n<p><strong>Einfache Pflege<\/strong> \u2013 einfach mit einem feuchten Tuch abwischen<\/p>\n<\/li>\n<li>\n<p><strong>Perfekt f\u00fcr Hunde und Katzen<\/strong>, die sich nach einem Eingriff oder bei Hautproblemen nicht kratzen oder lecken d\u00fcrfen<\/p>\n<\/li>\n<\/ul>\n<p>Mach deinem Liebling das Leben nach der Behandlung so angenehm wie m\u00f6glich \u2013 dieser Kragen sieht nicht nur h\u00fcbsch aus, sondern sorgt auch f\u00fcr schnelle Heilung!<\/p>\n<p><strong>Verf\u00fcgbare Gr\u00f6\u00dfen:<\/strong><\/p>\n<\/p>\n<ul>\n<li>\n<p><strong>Kleine Gr\u00f6\u00dfe:<\/strong> Durchmesser 14\u201316 cm (Innenumfang)<\/p>\n<\/li>\n<li>\n<p><strong>Mittlere Gr\u00f6\u00dfe:<\/strong> Durchmesser 18\u201320 cm (Innenumfang)<\/p>\n<\/li>\n<li>\n<p><strong>Gro\u00dfe Gr\u00f6\u00dfe:<\/strong> Durchmesser 22\u201324 cm (Innenumfang)<\/p>\n<\/li>\n<\/ul>\n<p><\/p>\n<p><a href=\"https:\/\/www.aliexpress.com\/item\/Professional-High-speed-Rotating-Sharpening-Stone-Electric-Knife-Sharpener-Kitchen-Knives-Scissor-Motorized-Blades-Screw-Drivers\/32800935588.html?spm=2114.12010608.0.0.3cCyVh\"><\/a><img fetchpriority=\"high\" decoding=\"async\" alt=\"4496627454_1041227635\" src=\"https:\/\/ae01.alicdn.com\/kf\/HTB1AZ3CiWagSKJjy0Fhq6ArbFXaj.jpg?size=100881&amp;height=800&amp;width=800&amp;hash=ae1fe489e3627c2d4b55add4cf917dd5\" width=\"800\" height=\"745\"><img decoding=\"async\" alt=\"$_3 (1)\" src=\"https:\/\/ae01.alicdn.com\/kf\/HTB1TNKtngoQMeJjy0Fpq6ATxpXat.jpg?size=69837&amp;height=800&amp;width=800&amp;hash=9c76b1f2b122b8c54a5dcca7635037e3\"><img decoding=\"async\" alt=\"2712171491_1385283841\" src=\"https:\/\/ae01.alicdn.com\/kf\/HTB1Eb4_ivJNTKJjSspoq6A6mpXaM.jpg?size=66297&amp;height=800&amp;width=800&amp;hash=62103aa37e812d1fbd38141e7a0c4ff6\"><img decoding=\"async\" alt=\"4420547949_1041227635\" src=\"https:\/\/ae01.alicdn.com\/kf\/HTB1KIROXlb85uJjSZJiq6yotFXaq.jpg?size=44488&amp;height=800&amp;width=800&amp;hash=041d8126b43a928790b9a4fe62d9ef5b\"><img decoding=\"async\" alt=\"4420550967_1041227635\" src=\"https:\/\/ae01.alicdn.com\/kf\/HTB1Lrsti6uhSKJjSspdq6A11XXaQ.jpg?size=60426&amp;height=800&amp;width=800&amp;hash=e7310a21a8dd90be8ca348180eb9aad0\"><img decoding=\"async\" alt=\"4422970567_1041227635\" src=\"https:\/\/ae01.alicdn.com\/kf\/HTB1IWl8nbsTMeJjy1zcq6xAgXXaZ.jpg?size=53729&amp;height=800&amp;width=800&amp;hash=48ef0443d3541296d98bf5939dcd0af1\"><img decoding=\"async\" alt=\"4422973477_1041227635\" src=\"https:\/\/ae01.alicdn.com\/kf\/HTB1LiNQivxNTKJjy0Fjq6x6yVXa8.jpg?size=52551&amp;height=800&amp;width=800&amp;hash=04ee726972b0f285ab29fc44ece2dcfe\"><\/p>\n<p><img decoding=\"async\" alt=\"aeProduct.getSubject()\" src=\"https:\/\/ae01.alicdn.com\/kf\/HTB13exUQVXXXXXdXVXXq6xXFXXXy\/225381011\/HTB13exUQVXXXXXdXVXXq6xXFXXXy.jpg\"><img decoding=\"async\" alt=\"aeProduct.getSubject()\" src=\"https:\/\/ae01.alicdn.com\/kf\/HTB10MKoQVXXXXXdXpXXq6xXFXXXf\/225381011\/HTB10MKoQVXXXXXdXpXXq6xXFXXXf.jpg\"><img decoding=\"async\" alt=\"aeProduct.getSubject()\" src=\"https:\/\/ae01.alicdn.com\/kf\/HTB1bsFVQVXXXXaqXVXXq6xXFXXX3\/225381011\/HTB1bsFVQVXXXXaqXVXXq6xXFXXX3.jpg\"><img decoding=\"async\" alt=\"aeProduct.getSubject()\" src=\"https:\/\/ae01.alicdn.com\/kf\/HTB1MRN_QVXXXXXJXFXXq6xXFXXXa\/225381011\/HTB1MRN_QVXXXXXJXFXXq6xXFXXXa.jpg\"><\/p>\n<p style=\"margin: 0px;padding: 0px;border: 0px;font-size: 13px;line-height: inherit;font-family: Arial, Helvetica, sans-serif;vertical-align: baseline\">&nbsp;<\/p>\n<p style=\"margin: 0px;padding: 0px;border: 0px;font-size: 13px;line-height: inherit;font-family: Arial, Helvetica, sans-serif;vertical-align: baseline\"><\/p>\n<p>&nbsp;<\/p>\n<p>&nbsp;<\/p>","protected":false},"excerpt":{"rendered":"<p>Sch\u00fctze deinen pelzigen Freund vor schmerzhaften Hautirritationen mit diesem entz\u00fcckenden, transparenten Leckschutz-Kragen! Ideal f\u00fcr Hunde und Katzen, die nach einer Behandlung oder Operation dazu neigen, sich zu lecken oder zu kratzen. Der Kragen ist aus leichtem, stabilem Kunststoff gefertigt und sorgt f\u00fcr maximalen Komfort, ohne die Bewegungsfreiheit deines Haustiers einzuschr\u00e4nken. Transparente, sch\u00fctzende Barriere f\u00fcr ungest\u00f6rtes [&hellip;]<\/p>","protected":false},"featured_media":31404,"comment_status":"open","ping_status":"closed","template":"","meta":{"give_campaign_id":0,"product_produkt-link-pod-manuell":"","product_produktname-pod-manuell":""},"product_meine-kategorie":[579,767,575],"product_mypod":[623],"product_meinemotivart":[],"product_meinepersonalisierung":[],"product_mydesign":[],"product_mymodelle_hunde":[],"product_mymodelle_schuhe":[],"product_myslogan":[],"product_mytodo":[693,698,704],"product_brand":[],"product_cat":[349],"product_tag":[],"shop_modelle":[],"wf_product_folders":[762,476,761,359],"class_list":{"0":"post-31411","1":"product","2":"type-product","3":"status-publish","4":"has-post-thumbnail","6":"product_meine-kategorie-hilfsmittel","7":"product_meine-kategorie-schutzkragen","8":"product_meine-kategorie-vierbeiner","9":"product_mypod-eprolo","10":"product_mytodo-_feddisch","11":"product_mytodo-kategorien_done","12":"product_mytodo-translation_done","13":"product_cat-vierbeiner","15":"first","16":"instock","17":"taxable","18":"shipping-taxable","19":"purchasable","20":"product-type-variable"},"jetpack_sharing_enabled":true,"jetpack_likes_enabled":true,"_links":{"self":[{"href":"https:\/\/derrudelshop.de\/en\/wp-json\/wp\/v2\/product\/31411","targetHints":{"allow":["GET"]}}],"collection":[{"href":"https:\/\/derrudelshop.de\/en\/wp-json\/wp\/v2\/product"}],"about":[{"href":"https:\/\/derrudelshop.de\/en\/wp-json\/wp\/v2\/types\/product"}],"replies":[{"embeddable":true,"href":"https:\/\/derrudelshop.de\/en\/wp-json\/wp\/v2\/comments?post=31411"}],"version-history":[{"count":1,"href":"https:\/\/derrudelshop.de\/en\/wp-json\/wp\/v2\/product\/31411\/revisions"}],"predecessor-version":[{"id":31412,"href":"https:\/\/derrudelshop.de\/en\/wp-json\/wp\/v2\/product\/31411\/revisions\/31412"}],"wp:featuredmedia":[{"embeddable":true,"href":"https:\/\/derrudelshop.de\/en\/wp-json\/wp\/v2\/media\/31404"}],"wp:attachment":[{"href":"https:\/\/derrudelshop.de\/en\/wp-json\/wp\/v2\/media?parent=31411"}],"wp:term":[{"taxonomy":"product_meine-kategorie","embeddable":true,"href":"https:\/\/derrudelshop.de\/en\/wp-json\/wp\/v2\/product_meine-kategorie?post=31411"},{"taxonomy":"product_mypod","embeddable":true,"href":"https:\/\/derrudelshop.de\/en\/wp-json\/wp\/v2\/product_mypod?post=31411"},{"taxonomy":"product_meinemotivart","embeddable":true,"href":"https:\/\/derrudelshop.de\/en\/wp-json\/wp\/v2\/product_meinemotivart?post=31411"},{"taxonomy":"product_meinepersonalisierung","embeddable":true,"href":"https:\/\/derrudelshop.de\/en\/wp-json\/wp\/v2\/product_meinepersonalisierung?post=31411"},{"taxonomy":"product_mydesign","embeddable":true,"href":"https:\/\/derrudelshop.de\/en\/wp-json\/wp\/v2\/product_mydesign?post=31411"},{"taxonomy":"product_mymodelle_hunde","embeddable":true,"href":"https:\/\/derrudelshop.de\/en\/wp-json\/wp\/v2\/product_mymodelle_hunde?post=31411"},{"taxonomy":"product_mymodelle_schuhe","embeddable":true,"href":"https:\/\/derrudelshop.de\/en\/wp-json\/wp\/v2\/product_mymodelle_schuhe?post=31411"},{"taxonomy":"product_myslogan","embeddable":true,"href":"https:\/\/derrudelshop.de\/en\/wp-json\/wp\/v2\/product_myslogan?post=31411"},{"taxonomy":"product_mytodo","embeddable":true,"href":"https:\/\/derrudelshop.de\/en\/wp-json\/wp\/v2\/product_mytodo?post=31411"},{"taxonomy":"product_brand","embeddable":true,"href":"https:\/\/derrudelshop.de\/en\/wp-json\/wp\/v2\/product_brand?post=31411"},{"taxonomy":"product_cat","embeddable":true,"href":"https:\/\/derrudelshop.de\/en\/wp-json\/wp\/v2\/product_cat?post=31411"},{"taxonomy":"product_tag","embeddable":true,"href":"https:\/\/derrudelshop.de\/en\/wp-json\/wp\/v2\/product_tag?post=31411"},{"taxonomy":"shop_modelle","embeddable":true,"href":"https:\/\/derrudelshop.de\/en\/wp-json\/wp\/v2\/shop_modelle?post=31411"},{"taxonomy":"wf_product_folders","embeddable":true,"href":"https:\/\/derrudelshop.de\/en\/wp-json\/wp\/v2\/wf_product_folders?post=31411"}],"curies":[{"name":"wp","href":"https:\/\/api.w.org\/{rel}","templated":true}]}}