{"id":31425,"date":"2025-05-12T16:42:00","date_gmt":"2025-05-12T16:42:00","guid":{"rendered":"https:\/\/derrudelshop.de\/product\/weicher-blumen-schutzkragen-fuer-hunde-katzen\/"},"modified":"2025-05-13T11:56:46","modified_gmt":"2025-05-13T11:56:46","slug":"weicher-blumen-schutzkragen-fuer-hunde-katzen","status":"publish","type":"product","link":"https:\/\/derrudelshop.de\/en\/product\/weicher-blumen-schutzkragen-fuer-hunde-katzen\/","title":{"rendered":"Weicher Blumen-Schutzkragen f\u00fcr Hunde &amp; Katzen"},"content":{"rendered":"<p><span class=\"offer-attr-item-name\" style=\"margin: 0px;padding: 0px 20px 0px 0px;width: 150px\"><\/span><\/p>\n<p>Mach die Heilungsphase deines pelzigen Freundes ein bisschen bunter und angenehmer mit diesem wundersch\u00f6nen, weichen Blumen-Schutzkragen! Der Kragen in Sonnenblumenform ist nicht nur praktisch, sondern auch ein echter Hingucker. Er sch\u00fctzt vor dem Lecken und Kratzen, w\u00e4hrend er deinem Haustier gleichzeitig maximalen Komfort bietet.<\/p>\n<ul>\n<li>\n<p><strong>H\u00fcbsches Blumen-Design<\/strong> in Form einer Sonnenblume \u2013 sorgt f\u00fcr gute Laune und sieht einfach toll aus!<\/p>\n<\/li>\n<li>\n<p><strong>Weiche, angenehme PP-Cotton-F\u00fcllung<\/strong> f\u00fcr den ultimativen Komfort<\/p>\n<\/li>\n<li>\n<p><strong>Verstellbarer Verschluss<\/strong> mit einem elastischen Design, das einfach anzupassen ist<\/p>\n<\/li>\n<li>\n<p><strong>F\u00fcr alle Jahreszeiten geeignet<\/strong> \u2013 h\u00e4lt das ganze Jahr \u00fcber, auch bei wechselnden Wetterbedingungen<\/p>\n<\/li>\n<li>\n<p><strong>Leicht und atmungsaktiv<\/strong>, ideal f\u00fcr die Heilung nach Operationen oder bei Hautproblemen<\/p>\n<\/li>\n<li>\n<p><strong>Babyfreundliches Material<\/strong> \u2013 sanft zur Haut deines Haustiers<\/p>\n<\/li>\n<\/ul>\n<p><strong>Gr\u00f6\u00dfeninformationen:<\/strong><\/p>\n<ul>\n<li>\n<p><strong>XS:<\/strong> 10\u201318 cm (Verstellbereich) | F\u00fcr Haustiere bis 1 kg<\/p>\n<\/li>\n<li>\n<p><strong>S:<\/strong> 13\u201322 cm (Verstellbereich) | F\u00fcr Haustiere bis 2 kg<\/p>\n<\/li>\n<li>\n<p><strong>M:<\/strong> 17\u201327 cm (Verstellbereich) | F\u00fcr Haustiere bis 4,5 kg<\/p>\n<\/li>\n<li>\n<p><strong>L:<\/strong> 20\u201332 cm (Verstellbereich) | F\u00fcr Haustiere bis 7 kg<\/p>\n<\/li>\n<\/ul>\n<p><strong>Hinweis:<\/strong><br \/>\nDie Ma\u00dfangaben k\u00f6nnen um 2\u20133 cm variieren, da die Messmethoden unterschiedlich sind. Es wird empfohlen, eine gr\u00f6\u00dfere Gr\u00f6\u00dfe zu w\u00e4hlen, besonders wenn das Fell deines Haustiers flauschig ist.<\/p>\n<p><img decoding=\"async\" src=\"https:\/\/shopifyfile.oss-accelerate.aliyuncs.com\/attached\/image\/202204\/F5AA850F3CFB701D211F41215D99375C.jpg\" title=\"F5AA850F3CFB701D211F41215D99375C.jpg\" alt=\"\u8be6\u60c5-09.jpg\"><\/p>\n<p><\/p>\n<p><img decoding=\"async\" src=\"https:\/\/shopifyfile.oss-accelerate.aliyuncs.com\/attached\/image\/202204\/41C98BC1FB7102E01006D729D3F29365.jpg\" title=\"41C98BC1FB7102E01006D729D3F29365.jpg\" alt=\"\u8be6\u60c5-08.jpg\"><\/p>\n<p><\/p>\n<p><img decoding=\"async\" src=\"https:\/\/shopifyfile.oss-accelerate.aliyuncs.com\/attached\/image\/202204\/4F1BC6A791E450F421A5EFD7C894B180.jpg\" title=\"4F1BC6A791E450F421A5EFD7C894B180.jpg\" alt=\"\u8be6\u60c5-07.jpg\"><img decoding=\"async\" src=\"https:\/\/shopifyfile.oss-accelerate.aliyuncs.com\/attached\/image\/202204\/33A1886352DF4ECF7FD66B2A4E0F5EA2.jpg\" title=\"33A1886352DF4ECF7FD66B2A4E0F5EA2.jpg\" alt=\"\u8be6\u60c5-06.jpg\"><\/p>\n<p><img decoding=\"async\" src=\"https:\/\/cbu01.alicdn.com\/img\/ibank\/2020\/451\/204\/16799402154_1264281196.jpg\" alt=\"\u56f4\u8116_11.jpg\"><br \/><img decoding=\"async\" src=\"https:\/\/cbu01.alicdn.com\/img\/ibank\/2020\/071\/180\/16732081170_1264281196.jpg\" alt=\"\u56f4\u8116_12.jpg\"><\/p>\n<p><\/p>","protected":false},"excerpt":{"rendered":"<p>Mach die Heilungsphase deines pelzigen Freundes ein bisschen bunter und angenehmer mit diesem wundersch\u00f6nen, weichen Blumen-Schutzkragen! Der Kragen in Sonnenblumenform ist nicht nur praktisch, sondern auch ein echter Hingucker. Er sch\u00fctzt vor dem Lecken und Kratzen, w\u00e4hrend er deinem Haustier gleichzeitig maximalen Komfort bietet. H\u00fcbsches Blumen-Design in Form einer Sonnenblume \u2013 sorgt f\u00fcr gute Laune [&hellip;]<\/p>","protected":false},"featured_media":31420,"comment_status":"open","ping_status":"closed","template":"","meta":{"give_campaign_id":0,"product_produkt-link-pod-manuell":"","product_produktname-pod-manuell":""},"product_meine-kategorie":[579,767,575],"product_mypod":[623],"product_meinemotivart":[],"product_meinepersonalisierung":[],"product_mydesign":[],"product_mymodelle_hunde":[],"product_mymodelle_schuhe":[],"product_myslogan":[],"product_mytodo":[693,698,704],"product_brand":[],"product_cat":[349],"product_tag":[],"shop_modelle":[],"wf_product_folders":[762,476,761,359],"class_list":{"0":"post-31425","1":"product","2":"type-product","3":"status-publish","4":"has-post-thumbnail","6":"product_meine-kategorie-hilfsmittel","7":"product_meine-kategorie-schutzkragen","8":"product_meine-kategorie-vierbeiner","9":"product_mypod-eprolo","10":"product_mytodo-_feddisch","11":"product_mytodo-kategorien_done","12":"product_mytodo-translation_done","13":"product_cat-vierbeiner","15":"first","16":"instock","17":"taxable","18":"shipping-taxable","19":"purchasable","20":"product-type-variable"},"jetpack_sharing_enabled":true,"jetpack_likes_enabled":true,"_links":{"self":[{"href":"https:\/\/derrudelshop.de\/en\/wp-json\/wp\/v2\/product\/31425","targetHints":{"allow":["GET"]}}],"collection":[{"href":"https:\/\/derrudelshop.de\/en\/wp-json\/wp\/v2\/product"}],"about":[{"href":"https:\/\/derrudelshop.de\/en\/wp-json\/wp\/v2\/types\/product"}],"replies":[{"embeddable":true,"href":"https:\/\/derrudelshop.de\/en\/wp-json\/wp\/v2\/comments?post=31425"}],"version-history":[{"count":1,"href":"https:\/\/derrudelshop.de\/en\/wp-json\/wp\/v2\/product\/31425\/revisions"}],"predecessor-version":[{"id":31426,"href":"https:\/\/derrudelshop.de\/en\/wp-json\/wp\/v2\/product\/31425\/revisions\/31426"}],"wp:featuredmedia":[{"embeddable":true,"href":"https:\/\/derrudelshop.de\/en\/wp-json\/wp\/v2\/media\/31420"}],"wp:attachment":[{"href":"https:\/\/derrudelshop.de\/en\/wp-json\/wp\/v2\/media?parent=31425"}],"wp:term":[{"taxonomy":"product_meine-kategorie","embeddable":true,"href":"https:\/\/derrudelshop.de\/en\/wp-json\/wp\/v2\/product_meine-kategorie?post=31425"},{"taxonomy":"product_mypod","embeddable":true,"href":"https:\/\/derrudelshop.de\/en\/wp-json\/wp\/v2\/product_mypod?post=31425"},{"taxonomy":"product_meinemotivart","embeddable":true,"href":"https:\/\/derrudelshop.de\/en\/wp-json\/wp\/v2\/product_meinemotivart?post=31425"},{"taxonomy":"product_meinepersonalisierung","embeddable":true,"href":"https:\/\/derrudelshop.de\/en\/wp-json\/wp\/v2\/product_meinepersonalisierung?post=31425"},{"taxonomy":"product_mydesign","embeddable":true,"href":"https:\/\/derrudelshop.de\/en\/wp-json\/wp\/v2\/product_mydesign?post=31425"},{"taxonomy":"product_mymodelle_hunde","embeddable":true,"href":"https:\/\/derrudelshop.de\/en\/wp-json\/wp\/v2\/product_mymodelle_hunde?post=31425"},{"taxonomy":"product_mymodelle_schuhe","embeddable":true,"href":"https:\/\/derrudelshop.de\/en\/wp-json\/wp\/v2\/product_mymodelle_schuhe?post=31425"},{"taxonomy":"product_myslogan","embeddable":true,"href":"https:\/\/derrudelshop.de\/en\/wp-json\/wp\/v2\/product_myslogan?post=31425"},{"taxonomy":"product_mytodo","embeddable":true,"href":"https:\/\/derrudelshop.de\/en\/wp-json\/wp\/v2\/product_mytodo?post=31425"},{"taxonomy":"product_brand","embeddable":true,"href":"https:\/\/derrudelshop.de\/en\/wp-json\/wp\/v2\/product_brand?post=31425"},{"taxonomy":"product_cat","embeddable":true,"href":"https:\/\/derrudelshop.de\/en\/wp-json\/wp\/v2\/product_cat?post=31425"},{"taxonomy":"product_tag","embeddable":true,"href":"https:\/\/derrudelshop.de\/en\/wp-json\/wp\/v2\/product_tag?post=31425"},{"taxonomy":"shop_modelle","embeddable":true,"href":"https:\/\/derrudelshop.de\/en\/wp-json\/wp\/v2\/shop_modelle?post=31425"},{"taxonomy":"wf_product_folders","embeddable":true,"href":"https:\/\/derrudelshop.de\/en\/wp-json\/wp\/v2\/wf_product_folders?post=31425"}],"curies":[{"name":"wp","href":"https:\/\/api.w.org\/{rel}","templated":true}]}}