{"id":31617,"date":"2025-05-13T12:02:00","date_gmt":"2025-05-13T12:02:00","guid":{"rendered":"https:\/\/derrudelshop.de\/product\/charm-anhaenger-rosa-hundepfote-aus-925er-silber-fuer-armband-oder-kette\/"},"modified":"2025-05-17T13:21:23","modified_gmt":"2025-05-17T13:21:23","slug":"charm-anhaenger-rosa-hundepfote-aus-925er-silber-fuer-armband-oder-kette","status":"publish","type":"product","link":"https:\/\/derrudelshop.de\/en\/product\/charm-anhaenger-rosa-hundepfote-aus-925er-silber-fuer-armband-oder-kette\/","title":{"rendered":"Charm-Anh\u00e4nger \u201eRosa Hundepfote\u201c aus 925er Silber \u2013 f\u00fcr Armband oder Kette"},"content":{"rendered":"<p data-end=\"265\" data-start=\"143\" class=\"\">Ein kleines Zeichen gro\u00dfer Tierliebe<\/p>\n<p data-end=\"581\" data-start=\"267\" class=\"\">Dieser liebevoll gestaltete Charm in Form einer <strong data-end=\"340\" data-start=\"315\">niedlichen rosa Pfote<\/strong> bringt nicht nur Herzen zum Schmelzen, sondern ist auch ein wundersch\u00f6nes Accessoire f\u00fcr Tierfreund*innen. Ob am Armband, einer Halskette oder als liebevolles Geschenk \u2013 dieser Anh\u00e4nger erinnert dich immer an dein pelziges Familienmitglied.<\/p>\n<p data-end=\"604\" data-start=\"583\" class=\"\"><strong data-end=\"604\" data-start=\"583\">\u2728 Produktdetails:<\/strong><\/p>\n<ul data-end=\"928\" data-start=\"605\">\n<li data-end=\"674\" data-start=\"605\" class=\"\">\n<p data-end=\"674\" data-start=\"607\" class=\"\">\ud83d\udc3e <strong data-end=\"657\" data-start=\"610\">Pfotenform mit rosafarbener Emaille-F\u00fcllung<\/strong> (Oil Dripping)<\/p>\n<\/li>\n<li data-end=\"774\" data-start=\"675\" class=\"\">\n<p data-end=\"774\" data-start=\"677\" class=\"\">\ud83c\udf1f <strong data-end=\"704\" data-start=\"680\">Echte Handwerkskunst<\/strong> aus 925er Sterlingsilber (S925 \u2013 \u00fcber 92,5 % Silberanteil, gepr\u00fcft)<\/p>\n<\/li>\n<li data-end=\"838\" data-start=\"775\" class=\"\">\n<p data-end=\"838\" data-start=\"777\" class=\"\">\ud83c\udf80 <strong data-end=\"812\" data-start=\"780\">Klein, fein &amp; detailverliebt<\/strong> \u2013 ca. 1,0 x 1,1 cm gro\u00df<\/p>\n<\/li>\n<li data-end=\"902\" data-start=\"839\" class=\"\">\n<p data-end=\"902\" data-start=\"841\" class=\"\">\ud83d\udd29 <strong data-end=\"855\" data-start=\"844\">\u00d6ffnung<\/strong> f\u00fcr Standard-Armb\u00e4nder &amp; -Ketten: ca. 4,5 mm<\/p>\n<\/li>\n<li data-end=\"928\" data-start=\"903\" class=\"\">\n<p data-end=\"928\" data-start=\"905\" class=\"\">\u2696\ufe0f Gewicht: ca. 2,1 g<\/p>\n<\/li>\n<\/ul>\n<p data-end=\"1126\" data-start=\"930\" class=\"\"><strong data-end=\"949\" data-start=\"930\">\ud83d\udc9d Perfekt f\u00fcr:<\/strong><br data-end=\"952\" data-start=\"949\">\u2013 alle, die ihre Liebe zu Hund oder Katze stilvoll zeigen m\u00f6chten<br data-end=\"1020\" data-start=\"1017\">\u2013 Charm-Armb\u00e4nder oder Ketten mit emotionalem Wert<br data-end=\"1073\" data-start=\"1070\">\u2013 ein herzerw\u00e4rmendes Geschenk f\u00fcr Tierbesitzer*innen<\/p>\n<p data-end=\"1260\" data-start=\"1128\" class=\"\"><strong data-end=\"1140\" data-start=\"1128\">\ud83d\udc36 Tipp:<\/strong> Kombiniere diesen Charm mit weiteren Tiermotiven oder einem gravierten Anh\u00e4nger f\u00fcr ein ganz pers\u00f6nliches Schmuckst\u00fcck!<\/p>\n<p><img decoding=\"async\" src=\"https:\/\/shopifyfile.oss-accelerate.aliyuncs.com\/attached\/image\/202205\/259A2BF2A58D366902547FA911813813.png\" title=\"259A2BF2A58D366902547FA911813813.png\"><\/p>\n<p><img decoding=\"async\" src=\"https:\/\/shopifyfile.oss-accelerate.aliyuncs.com\/attached\/image\/202205\/192A6E4273158C58C2C962DD7EE49A73.png\" title=\"192A6E4273158C58C2C962DD7EE49A73.png\"><\/p>\n<p><img decoding=\"async\" src=\"https:\/\/shopifyfile.oss-accelerate.aliyuncs.com\/attached\/image\/202205\/556FC5C6B3297D4AE6A7A0B46DC0B1FB.png\" title=\"556FC5C6B3297D4AE6A7A0B46DC0B1FB.png\"><\/p>\n<p><img decoding=\"async\" src=\"https:\/\/shopifyfile.oss-accelerate.aliyuncs.com\/attached\/image\/202205\/9E8CD374E2717425F3BE3886FBA9D2F1.png\" title=\"9E8CD374E2717425F3BE3886FBA9D2F1.png\"><\/p>\n<p><img decoding=\"async\" src=\"https:\/\/shopifyfile.oss-accelerate.aliyuncs.com\/attached\/image\/202205\/B883E222B5BC9E758490C2684BF76A6A.png\" title=\"B883E222B5BC9E758490C2684BF76A6A.png\"><\/p>\n<p><img decoding=\"async\" src=\"https:\/\/shopifyfile.oss-accelerate.aliyuncs.com\/attached\/image\/202205\/9B864A14581DB9E9C86A7C59641650D8.png\" title=\"9B864A14581DB9E9C86A7C59641650D8.png\"><\/p>\n<p>&nbsp;<\/p>","protected":false},"excerpt":{"rendered":"<p>Ein kleines Zeichen gro\u00dfer Tierliebe Dieser liebevoll gestaltete Charm in Form einer niedlichen rosa Pfote bringt nicht nur Herzen zum Schmelzen, sondern ist auch ein wundersch\u00f6nes Accessoire f\u00fcr Tierfreund*innen. Ob am Armband, einer Halskette oder als liebevolles Geschenk \u2013 dieser Anh\u00e4nger erinnert dich immer an dein pelziges Familienmitglied. \u2728 Produktdetails: \ud83d\udc3e Pfotenform mit rosafarbener Emaille-F\u00fcllung [&hellip;]<\/p>","protected":false},"featured_media":31615,"comment_status":"open","ping_status":"closed","template":"","meta":{"give_campaign_id":0,"product_produkt-link-pod-manuell":"","product_produktname-pod-manuell":""},"product_meine-kategorie":[812,552,560,551],"product_mypod":[623],"product_meinemotivart":[],"product_meinepersonalisierung":[],"product_mydesign":[],"product_mymodelle_hunde":[],"product_mymodelle_schuhe":[],"product_myslogan":[],"product_mytodo":[693,698,704],"product_brand":[],"product_cat":[39],"product_tag":[],"shop_modelle":[],"wf_product_folders":[351,380,37],"class_list":{"0":"post-31617","1":"product","2":"type-product","3":"status-publish","4":"has-post-thumbnail","6":"product_meine-kategorie-925-silber","7":"product_meine-kategorie-anhanger-charms","8":"product_meine-kategorie-geschenkideen","9":"product_meine-kategorie-schmuck","10":"product_mypod-eprolo","11":"product_mytodo-_feddisch","12":"product_mytodo-kategorien_done","13":"product_mytodo-translation_done","14":"product_cat-schmuck","16":"first","17":"instock","18":"purchasable","19":"product-type-simple"},"jetpack_sharing_enabled":true,"jetpack_likes_enabled":true,"_links":{"self":[{"href":"https:\/\/derrudelshop.de\/en\/wp-json\/wp\/v2\/product\/31617","targetHints":{"allow":["GET"]}}],"collection":[{"href":"https:\/\/derrudelshop.de\/en\/wp-json\/wp\/v2\/product"}],"about":[{"href":"https:\/\/derrudelshop.de\/en\/wp-json\/wp\/v2\/types\/product"}],"replies":[{"embeddable":true,"href":"https:\/\/derrudelshop.de\/en\/wp-json\/wp\/v2\/comments?post=31617"}],"version-history":[{"count":2,"href":"https:\/\/derrudelshop.de\/en\/wp-json\/wp\/v2\/product\/31617\/revisions"}],"predecessor-version":[{"id":31693,"href":"https:\/\/derrudelshop.de\/en\/wp-json\/wp\/v2\/product\/31617\/revisions\/31693"}],"wp:featuredmedia":[{"embeddable":true,"href":"https:\/\/derrudelshop.de\/en\/wp-json\/wp\/v2\/media\/31615"}],"wp:attachment":[{"href":"https:\/\/derrudelshop.de\/en\/wp-json\/wp\/v2\/media?parent=31617"}],"wp:term":[{"taxonomy":"product_meine-kategorie","embeddable":true,"href":"https:\/\/derrudelshop.de\/en\/wp-json\/wp\/v2\/product_meine-kategorie?post=31617"},{"taxonomy":"product_mypod","embeddable":true,"href":"https:\/\/derrudelshop.de\/en\/wp-json\/wp\/v2\/product_mypod?post=31617"},{"taxonomy":"product_meinemotivart","embeddable":true,"href":"https:\/\/derrudelshop.de\/en\/wp-json\/wp\/v2\/product_meinemotivart?post=31617"},{"taxonomy":"product_meinepersonalisierung","embeddable":true,"href":"https:\/\/derrudelshop.de\/en\/wp-json\/wp\/v2\/product_meinepersonalisierung?post=31617"},{"taxonomy":"product_mydesign","embeddable":true,"href":"https:\/\/derrudelshop.de\/en\/wp-json\/wp\/v2\/product_mydesign?post=31617"},{"taxonomy":"product_mymodelle_hunde","embeddable":true,"href":"https:\/\/derrudelshop.de\/en\/wp-json\/wp\/v2\/product_mymodelle_hunde?post=31617"},{"taxonomy":"product_mymodelle_schuhe","embeddable":true,"href":"https:\/\/derrudelshop.de\/en\/wp-json\/wp\/v2\/product_mymodelle_schuhe?post=31617"},{"taxonomy":"product_myslogan","embeddable":true,"href":"https:\/\/derrudelshop.de\/en\/wp-json\/wp\/v2\/product_myslogan?post=31617"},{"taxonomy":"product_mytodo","embeddable":true,"href":"https:\/\/derrudelshop.de\/en\/wp-json\/wp\/v2\/product_mytodo?post=31617"},{"taxonomy":"product_brand","embeddable":true,"href":"https:\/\/derrudelshop.de\/en\/wp-json\/wp\/v2\/product_brand?post=31617"},{"taxonomy":"product_cat","embeddable":true,"href":"https:\/\/derrudelshop.de\/en\/wp-json\/wp\/v2\/product_cat?post=31617"},{"taxonomy":"product_tag","embeddable":true,"href":"https:\/\/derrudelshop.de\/en\/wp-json\/wp\/v2\/product_tag?post=31617"},{"taxonomy":"shop_modelle","embeddable":true,"href":"https:\/\/derrudelshop.de\/en\/wp-json\/wp\/v2\/shop_modelle?post=31617"},{"taxonomy":"wf_product_folders","embeddable":true,"href":"https:\/\/derrudelshop.de\/en\/wp-json\/wp\/v2\/wf_product_folders?post=31617"}],"curies":[{"name":"wp","href":"https:\/\/api.w.org\/{rel}","templated":true}]}}