{"id":31631,"date":"2025-05-13T12:06:00","date_gmt":"2025-05-13T12:06:00","guid":{"rendered":"https:\/\/derrudelshop.de\/product\/hundestuetzmanschette-fuer-das-hinterbein-schutz-bei-verletzungen-unterstuetzung-der-gelenke-2\/"},"modified":"2025-05-13T12:33:22","modified_gmt":"2025-05-13T12:33:22","slug":"hundestuetzmanschette-fuer-das-hinterbein-schutz-bei-verletzungen-unterstuetzung-der-gelenke-2","status":"publish","type":"product","link":"https:\/\/derrudelshop.de\/en\/product\/hundestuetzmanschette-fuer-das-hinterbein-schutz-bei-verletzungen-unterstuetzung-der-gelenke-2\/","title":{"rendered":"Hundest\u00fctzmanschette f\u00fcr das Hinterbein \u2013 Schutz bei Verletzungen &amp; Unterst\u00fctzung der Gelenke"},"content":{"rendered":"<p>&nbsp;<\/p>\n<p data-end=\"597\" data-start=\"209\" class=\"\">Diese praktische <strong data-end=\"250\" data-start=\"226\">Hundest\u00fctzmanschette<\/strong> ist die ideale Hilfe f\u00fcr Hunde mit Gelenkproblemen, Verletzungen oder zur Unterst\u00fctzung der Heilung. Sie sch\u00fctzt das Hinterbein deines treuen Begleiters und sorgt f\u00fcr eine komfortable Unterst\u00fctzung w\u00e4hrend der Genesung. Mit einer stabilen, elastischen Passform sch\u00fctzt sie nicht nur Wunden, sondern f\u00f6rdert auch die Heilung des betroffenen Beins.<\/p>\n<p data-end=\"620\" data-start=\"599\" class=\"\"><strong data-end=\"620\" data-start=\"599\">\u2728 Produktdetails:<\/strong><\/p>\n<ul data-end=\"983\" data-start=\"621\">\n<li data-end=\"695\" data-start=\"621\" class=\"\">\n<p data-end=\"695\" data-start=\"623\" class=\"\">\ud83d\udc15 <strong data-end=\"639\" data-start=\"626\">Material:<\/strong> Neopren \u2013 flexibel, atmungsaktiv und angenehm zu tragen<\/p>\n<\/li>\n<li data-end=\"782\" data-start=\"696\" class=\"\">\n<p data-end=\"782\" data-start=\"698\" class=\"\">\ud83e\uddb5 <strong data-end=\"714\" data-start=\"701\">Funktion:<\/strong> Bietet <strong data-end=\"739\" data-start=\"722\">Unterst\u00fctzung<\/strong> bei Wunden und Verletzungen des Hundebeins<\/p>\n<\/li>\n<li data-end=\"860\" data-start=\"783\" class=\"\">\n<p data-end=\"860\" data-start=\"785\" class=\"\">\ud83d\udd12 <strong data-end=\"803\" data-start=\"788\">Verschluss:<\/strong> Einfach anzulegen und bequem, ohne das Bein zu behindern<\/p>\n<\/li>\n<li data-end=\"932\" data-start=\"861\" class=\"\">\n<p data-end=\"932\" data-start=\"863\" class=\"\">\ud83d\udc3e <strong data-end=\"878\" data-start=\"866\">Sch\u00fctzt:<\/strong> Gelenke und Muskeln bei der Genesung von Verletzungen<\/p>\n<\/li>\n<li data-end=\"983\" data-start=\"933\" class=\"\">\n<p data-end=\"983\" data-start=\"935\" class=\"\">\ud83c\udf08 <strong data-end=\"948\" data-start=\"938\">Farbe:<\/strong> Schwarz (neutral und pflegeleicht)<\/p>\n<\/li>\n<\/ul>\n<p data-end=\"1004\" data-start=\"985\" class=\"\"><strong data-end=\"1004\" data-start=\"985\">\ud83d\udc96 Perfekt f\u00fcr:<\/strong><\/p>\n<ul data-end=\"1192\" data-start=\"1005\">\n<li data-end=\"1070\" data-start=\"1005\" class=\"\">\n<p data-end=\"1070\" data-start=\"1007\" class=\"\">Hunde mit Verletzungen an den Hinterbeinen oder Gelenkproblemen<\/p>\n<\/li>\n<li data-end=\"1126\" data-start=\"1071\" class=\"\">\n<p data-end=\"1126\" data-start=\"1073\" class=\"\">Unterst\u00fctzung bei der Rehabilitation nach Operationen<\/p>\n<\/li>\n<li data-end=\"1192\" data-start=\"1127\" class=\"\">\n<p data-end=\"1192\" data-start=\"1129\" class=\"\">Hunde, die zus\u00e4tzliche Stabilit\u00e4t im Bewegungsapparat ben\u00f6tigen<\/p>\n<\/li>\n<\/ul>\n<p data-end=\"1276\" data-start=\"1194\" class=\"\"><strong data-end=\"1215\" data-start=\"1194\">\ud83d\udd0e Gr\u00f6\u00dfenangaben:<\/strong> (Bitte Gr\u00f6\u00dfe entsprechend des Beinumfangs des Hundes w\u00e4hlen)<\/p>\n<p>&nbsp;<\/p>\n<p style=\"margin-top: 0px; margin-bottom: 0px; padding: 0px; line-height: 1.5; clear: both; font-family: Tahoma, Arial, \u5b8b\u4f53, sans-serif; font-size: 13.3333px;\"><span style=\"font-size: 15pt;\">&nbsp;<\/span><\/p>\n<p><img decoding=\"async\" alt=\"undefined\" src=\"https:\/\/cbu01.alicdn.com\/img\/ibank\/2018\/968\/385\/8850583869_2033635084.jpg\"><br \/>\n<img decoding=\"async\" alt=\"undefined\" src=\"https:\/\/cbu01.alicdn.com\/img\/ibank\/2018\/419\/707\/8830707914_2033635084.jpg\"><img decoding=\"async\" alt=\"undefined\" src=\"https:\/\/cbu01.alicdn.com\/img\/ibank\/2018\/802\/316\/8850613208_2033635084.jpg\"><br \/>\n<img decoding=\"async\" alt=\"undefined\" src=\"https:\/\/cbu01.alicdn.com\/img\/ibank\/2018\/625\/298\/8866892526_2033635084.jpg\"><br \/>\n<img decoding=\"async\" alt=\"undefined\" src=\"https:\/\/cbu01.alicdn.com\/img\/ibank\/2018\/446\/595\/8850595644_2033635084.jpg\"><\/p>","protected":false},"excerpt":{"rendered":"<p>&nbsp; Diese praktische Hundest\u00fctzmanschette ist die ideale Hilfe f\u00fcr Hunde mit Gelenkproblemen, Verletzungen oder zur Unterst\u00fctzung der Heilung. Sie sch\u00fctzt das Hinterbein deines treuen Begleiters und sorgt f\u00fcr eine komfortable Unterst\u00fctzung w\u00e4hrend der Genesung. Mit einer stabilen, elastischen Passform sch\u00fctzt sie nicht nur Wunden, sondern f\u00f6rdert auch die Heilung des betroffenen Beins. \u2728 Produktdetails: \ud83d\udc15 [&hellip;]<\/p>","protected":false},"featured_media":31626,"comment_status":"open","ping_status":"closed","template":"","meta":{"give_campaign_id":0,"product_produkt-link-pod-manuell":"","product_produktname-pod-manuell":""},"product_meine-kategorie":[579,982,575],"product_mypod":[623],"product_meinemotivart":[],"product_meinepersonalisierung":[],"product_mydesign":[],"product_mymodelle_hunde":[],"product_mymodelle_schuhe":[],"product_myslogan":[],"product_mytodo":[693,698,704],"product_brand":[],"product_cat":[349],"product_tag":[],"shop_modelle":[],"wf_product_folders":[476,983,359],"class_list":{"0":"post-31631","1":"product","2":"type-product","3":"status-publish","4":"has-post-thumbnail","6":"product_meine-kategorie-hilfsmittel","7":"product_meine-kategorie-mobilitaet","8":"product_meine-kategorie-vierbeiner","9":"product_mypod-eprolo","10":"product_mytodo-_feddisch","11":"product_mytodo-kategorien_done","12":"product_mytodo-translation_done","13":"product_cat-vierbeiner","15":"first","16":"instock","17":"taxable","18":"shipping-taxable","19":"purchasable","20":"product-type-variable"},"jetpack_sharing_enabled":true,"jetpack_likes_enabled":true,"_links":{"self":[{"href":"https:\/\/derrudelshop.de\/en\/wp-json\/wp\/v2\/product\/31631","targetHints":{"allow":["GET"]}}],"collection":[{"href":"https:\/\/derrudelshop.de\/en\/wp-json\/wp\/v2\/product"}],"about":[{"href":"https:\/\/derrudelshop.de\/en\/wp-json\/wp\/v2\/types\/product"}],"replies":[{"embeddable":true,"href":"https:\/\/derrudelshop.de\/en\/wp-json\/wp\/v2\/comments?post=31631"}],"version-history":[{"count":2,"href":"https:\/\/derrudelshop.de\/en\/wp-json\/wp\/v2\/product\/31631\/revisions"}],"predecessor-version":[{"id":31690,"href":"https:\/\/derrudelshop.de\/en\/wp-json\/wp\/v2\/product\/31631\/revisions\/31690"}],"wp:featuredmedia":[{"embeddable":true,"href":"https:\/\/derrudelshop.de\/en\/wp-json\/wp\/v2\/media\/31626"}],"wp:attachment":[{"href":"https:\/\/derrudelshop.de\/en\/wp-json\/wp\/v2\/media?parent=31631"}],"wp:term":[{"taxonomy":"product_meine-kategorie","embeddable":true,"href":"https:\/\/derrudelshop.de\/en\/wp-json\/wp\/v2\/product_meine-kategorie?post=31631"},{"taxonomy":"product_mypod","embeddable":true,"href":"https:\/\/derrudelshop.de\/en\/wp-json\/wp\/v2\/product_mypod?post=31631"},{"taxonomy":"product_meinemotivart","embeddable":true,"href":"https:\/\/derrudelshop.de\/en\/wp-json\/wp\/v2\/product_meinemotivart?post=31631"},{"taxonomy":"product_meinepersonalisierung","embeddable":true,"href":"https:\/\/derrudelshop.de\/en\/wp-json\/wp\/v2\/product_meinepersonalisierung?post=31631"},{"taxonomy":"product_mydesign","embeddable":true,"href":"https:\/\/derrudelshop.de\/en\/wp-json\/wp\/v2\/product_mydesign?post=31631"},{"taxonomy":"product_mymodelle_hunde","embeddable":true,"href":"https:\/\/derrudelshop.de\/en\/wp-json\/wp\/v2\/product_mymodelle_hunde?post=31631"},{"taxonomy":"product_mymodelle_schuhe","embeddable":true,"href":"https:\/\/derrudelshop.de\/en\/wp-json\/wp\/v2\/product_mymodelle_schuhe?post=31631"},{"taxonomy":"product_myslogan","embeddable":true,"href":"https:\/\/derrudelshop.de\/en\/wp-json\/wp\/v2\/product_myslogan?post=31631"},{"taxonomy":"product_mytodo","embeddable":true,"href":"https:\/\/derrudelshop.de\/en\/wp-json\/wp\/v2\/product_mytodo?post=31631"},{"taxonomy":"product_brand","embeddable":true,"href":"https:\/\/derrudelshop.de\/en\/wp-json\/wp\/v2\/product_brand?post=31631"},{"taxonomy":"product_cat","embeddable":true,"href":"https:\/\/derrudelshop.de\/en\/wp-json\/wp\/v2\/product_cat?post=31631"},{"taxonomy":"product_tag","embeddable":true,"href":"https:\/\/derrudelshop.de\/en\/wp-json\/wp\/v2\/product_tag?post=31631"},{"taxonomy":"shop_modelle","embeddable":true,"href":"https:\/\/derrudelshop.de\/en\/wp-json\/wp\/v2\/shop_modelle?post=31631"},{"taxonomy":"wf_product_folders","embeddable":true,"href":"https:\/\/derrudelshop.de\/en\/wp-json\/wp\/v2\/wf_product_folders?post=31631"}],"curies":[{"name":"wp","href":"https:\/\/api.w.org\/{rel}","templated":true}]}}