{"id":31745,"date":"2025-05-13T15:08:00","date_gmt":"2025-05-13T15:08:00","guid":{"rendered":"https:\/\/derrudelshop.de\/product\/laeufigkeitshose-fuer-huendinnen-mit-traegern-banane-print-hygiene-unterhose-fuer-kleine-hunde-rutschfest-bequem\/"},"modified":"2025-05-13T15:49:20","modified_gmt":"2025-05-13T15:49:20","slug":"laeufigkeitshose-fuer-huendinnen-mit-traegern-banane-print-hygiene-unterhose-fuer-kleine-hunde-rutschfest-bequem","status":"publish","type":"product","link":"https:\/\/derrudelshop.de\/en\/product\/laeufigkeitshose-fuer-huendinnen-mit-traegern-banane-print-hygiene-unterhose-fuer-kleine-hunde-rutschfest-bequem\/","title":{"rendered":"L\u00e4ufigkeitshose f\u00fcr H\u00fcndinnen mit Tr\u00e4gern \u2013 Banane-Print | Hygiene-Unterhose f\u00fcr kleine Hunde | Rutschfest &amp; bequem"},"content":{"rendered":"<p data-end=\"531\" data-start=\"241\" class=\"\">Unsere <strong data-end=\"291\" data-start=\"248\">L\u00e4ufigkeitshose mit s\u00fc\u00dfem Bananen-Print<\/strong> ist die perfekte Kombination aus Funktionalit\u00e4t und niedlichem Design. Ideal f\u00fcr l\u00e4ufige H\u00fcndinnen oder bei Inkontinenz \u2013 diese <strong data-end=\"461\" data-start=\"420\">Hygienehose mit verstellbaren Tr\u00e4gern<\/strong> bleibt sicher an Ort und Stelle und sch\u00fctzt dein Zuhause zuverl\u00e4ssig.<\/p>\n<p data-end=\"554\" data-start=\"533\" class=\"\">\u2728 <strong data-end=\"554\" data-start=\"535\">Produktdetails:<\/strong><\/p>\n<ul data-end=\"1005\" data-start=\"555\">\n<li data-end=\"622\" data-start=\"555\" class=\"\">\n<p data-end=\"622\" data-start=\"557\" class=\"\">\ud83c\udf38 <strong data-end=\"571\" data-start=\"560\">Design:<\/strong> Prinzessinnen-Stil mit niedlichem Bananen-Muster<\/p>\n<\/li>\n<li data-end=\"712\" data-start=\"623\" class=\"\">\n<p data-end=\"712\" data-start=\"625\" class=\"\">\ud83d\udc36 <strong data-end=\"645\" data-start=\"628\">Geeignet f\u00fcr:<\/strong> Kleine H\u00fcndinnen, besonders bei L\u00e4ufigkeit oder nach Operationen<\/p>\n<\/li>\n<li data-end=\"805\" data-start=\"713\" class=\"\">\n<p data-end=\"805\" data-start=\"715\" class=\"\">\ud83d\udccf <strong data-end=\"736\" data-start=\"718\">Sicherer Halt:<\/strong> Dank der <strong data-end=\"770\" data-start=\"746\">verstellbaren Tr\u00e4ger<\/strong> kein Verrutschen oder Abstreifen<\/p>\n<\/li>\n<li data-end=\"885\" data-start=\"806\" class=\"\">\n<p data-end=\"885\" data-start=\"808\" class=\"\">\ud83e\uddf5 <strong data-end=\"824\" data-start=\"811\">Material:<\/strong> Weicher, atmungsaktiver Baumwollstoff \u2013 angenehm zu tragen<\/p>\n<\/li>\n<li data-end=\"940\" data-start=\"886\" class=\"\">\n<p data-end=\"940\" data-start=\"888\" class=\"\">\ud83d\udebf <strong data-end=\"908\" data-start=\"891\">Pflegeleicht:<\/strong> Waschbar und wiederverwendbar<\/p>\n<\/li>\n<li data-end=\"1005\" data-start=\"941\" class=\"\">\n<p data-end=\"1005\" data-start=\"943\" class=\"\">\ud83d\udca1 <strong data-end=\"955\" data-start=\"946\">Tipp:<\/strong> Mit Einweg- oder waschbaren Einlagen kombinierbar<\/p>\n<\/li>\n<\/ul>\n<p data-end=\"1172\" data-start=\"1007\" class=\"\">\ud83d\udc3e F\u00fcr einen entspannten Alltag \u2013 ob zu Hause, auf Reisen oder beim Tierarztbesuch. Die L\u00e4ufigkeitshose sorgt f\u00fcr Schutz und Komfort und sieht dabei einfach s\u00fc\u00df aus.<\/p>\n<p data-end=\"531\" data-start=\"241\" class=\"\">Unsere <strong data-end=\"291\" data-start=\"248\">L\u00e4ufigkeitshose mit s\u00fc\u00dfem Bananen-Print<\/strong> ist die perfekte Kombination aus Funktionalit\u00e4t und niedlichem Design. Ideal f\u00fcr l\u00e4ufige H\u00fcndinnen oder bei Inkontinenz \u2013 diese <strong data-end=\"461\" data-start=\"420\">Hygienehose mit verstellbaren Tr\u00e4gern<\/strong> bleibt sicher an Ort und Stelle und sch\u00fctzt dein Zuhause zuverl\u00e4ssig.<\/p>\n<p data-end=\"554\" data-start=\"533\" class=\"\">\u2728 <strong data-end=\"554\" data-start=\"535\">Produktdetails:<\/strong><\/p>\n<ul data-end=\"1005\" data-start=\"555\">\n<li data-end=\"622\" data-start=\"555\" class=\"\">\n<p data-end=\"622\" data-start=\"557\" class=\"\">\ud83c\udf38 <strong data-end=\"571\" data-start=\"560\">Design:<\/strong> Prinzessinnen-Stil mit niedlichem Bananen-Muster<\/p>\n<\/li>\n<li data-end=\"712\" data-start=\"623\" class=\"\">\n<p data-end=\"712\" data-start=\"625\" class=\"\">\ud83d\udc36 <strong data-end=\"645\" data-start=\"628\">Geeignet f\u00fcr:<\/strong> Kleine H\u00fcndinnen, besonders bei L\u00e4ufigkeit oder nach Operationen<\/p>\n<\/li>\n<li data-end=\"805\" data-start=\"713\" class=\"\">\n<p data-end=\"805\" data-start=\"715\" class=\"\">\ud83d\udccf <strong data-end=\"736\" data-start=\"718\">Sicherer Halt:<\/strong> Dank der <strong data-end=\"770\" data-start=\"746\">verstellbaren Tr\u00e4ger<\/strong> kein Verrutschen oder Abstreifen<\/p>\n<\/li>\n<li data-end=\"885\" data-start=\"806\" class=\"\">\n<p data-end=\"885\" data-start=\"808\" class=\"\">\ud83e\uddf5 <strong data-end=\"824\" data-start=\"811\">Material:<\/strong> Weicher, atmungsaktiver Baumwollstoff \u2013 angenehm zu tragen<\/p>\n<\/li>\n<li data-end=\"940\" data-start=\"886\" class=\"\">\n<p data-end=\"940\" data-start=\"888\" class=\"\">\ud83d\udebf <strong data-end=\"908\" data-start=\"891\">Pflegeleicht:<\/strong> Waschbar und wiederverwendbar<\/p>\n<\/li>\n<li data-end=\"1005\" data-start=\"941\" class=\"\">\n<p data-end=\"1005\" data-start=\"943\" class=\"\">\ud83d\udca1 <strong data-end=\"955\" data-start=\"946\">Tipp:<\/strong> Mit Einweg- oder waschbaren Einlagen kombinierbar<\/p>\n<h3 data-end=\"180\" data-start=\"156\" class=\"\">\ud83d\udccf <strong data-end=\"180\" data-start=\"163\">Gr\u00f6\u00dfentabelle<\/strong><\/h3>\n<div class=\"_tableContainer_16hzy_1\">\n<div tabindex=\"-1\" class=\"_tableWrapper_16hzy_14 group flex w-fit flex-col-reverse\">\n<table data-end=\"504\" data-start=\"182\" class=\"w-fit min-w-(--thread-content-width)\">\n<thead data-end=\"234\" data-start=\"182\">\n<tr data-end=\"234\" data-start=\"182\">\n<th data-col-size=\"sm\" data-end=\"190\" data-start=\"182\">Gr\u00f6\u00dfe<\/th>\n<th data-col-size=\"sm\" data-end=\"211\" data-start=\"190\">Taillenumfang (cm)<\/th>\n<th data-col-size=\"sm\" data-end=\"234\" data-start=\"211\">Empfohlenes Gewicht<\/th>\n<\/tr>\n<\/thead>\n<tbody data-end=\"504\" data-start=\"289\">\n<tr data-end=\"342\" data-start=\"289\">\n<td data-col-size=\"sm\" data-end=\"297\" data-start=\"289\">S<\/td>\n<td data-col-size=\"sm\" data-end=\"319\" data-start=\"297\">22\u201332 cm<\/td>\n<td data-col-size=\"sm\" data-end=\"342\" data-start=\"319\">1,5\u20132 kg<\/td>\n<\/tr>\n<tr data-end=\"396\" data-start=\"343\">\n<td data-col-size=\"sm\" data-end=\"351\" data-start=\"343\">M<\/td>\n<td data-col-size=\"sm\" data-end=\"373\" data-start=\"351\">24\u201334 cm<\/td>\n<td data-col-size=\"sm\" data-end=\"396\" data-start=\"373\">2,5\u20133,5 kg<\/td>\n<\/tr>\n<tr data-end=\"450\" data-start=\"397\">\n<td data-col-size=\"sm\" data-end=\"405\" data-start=\"397\">L<\/td>\n<td data-col-size=\"sm\" data-end=\"427\" data-start=\"405\">28\u201338 cm<\/td>\n<td data-col-size=\"sm\" data-end=\"450\" data-start=\"427\">4\u20135 kg<\/td>\n<\/tr>\n<tr data-end=\"504\" data-start=\"451\">\n<td data-col-size=\"sm\" data-end=\"459\" data-start=\"451\">XL<\/td>\n<td data-col-size=\"sm\" data-end=\"481\" data-start=\"459\">30\u201344 cm<\/td>\n<td data-col-size=\"sm\" data-end=\"504\" data-start=\"481\">5,6\u20136,6 kg<\/td>\n<\/tr>\n<\/tbody>\n<\/table>\n<div class=\"sticky end-(--thread-content-margin) h-0 self-end select-none\">\n<div class=\"absolute end-0 flex items-end\"><\/div>\n<\/div>\n<\/div>\n<\/div>\n<p data-end=\"615\" data-start=\"506\" class=\"\">\ud83d\udca1 <strong data-end=\"518\" data-start=\"509\">Tipp:<\/strong> Miss den Taillenumfang deines Hundes vor der Bestellung, um die beste Passform zu gew\u00e4hrleisten.<\/p>\n<p data-end=\"1005\" data-start=\"943\" class=\"\">\n<\/li>\n<\/ul>\n<p data-end=\"1172\" data-start=\"1007\" class=\"\">\ud83d\udc3e F\u00fcr einen entspannten Alltag \u2013 ob zu Hause, auf Reisen oder beim Tierarztbesuch. Die L\u00e4ufigkeitshose sorgt f\u00fcr Schutz und Komfort und sieht dabei einfach s\u00fc\u00df aus.<\/p>\n<p><img fetchpriority=\"high\" decoding=\"async\" height=\"790\" width=\"790\" alt=\"447A0677_\u526f\u672c.jpg\" src=\"https:\/\/cbu01.alicdn.com\/img\/ibank\/2020\/351\/867\/18312768153_202743545.jpg\"><\/p>\n<p><img decoding=\"async\" height=\"790\" width=\"790\" alt=\"447A0676_\u526f\u672c.jpg\" src=\"https:\/\/cbu01.alicdn.com\/img\/ibank\/2020\/143\/267\/18312762341_202743545.jpg\"><\/p>\n<p><img decoding=\"async\" height=\"790\" width=\"790\" alt=\"447A0661_\u526f\u672c.jpg\" src=\"https:\/\/cbu01.alicdn.com\/img\/ibank\/2020\/480\/177\/18312771084_202743545.jpg\"><\/p>\n<p><img loading=\"lazy\" decoding=\"async\" height=\"790\" width=\"790\" alt=\"447A0664_\u526f\u672c.jpg\" src=\"https:\/\/cbu01.alicdn.com\/img\/ibank\/2020\/486\/648\/18373846684_202743545.jpg\"><\/p>\n<p><img loading=\"lazy\" decoding=\"async\" height=\"790\" width=\"790\" alt=\"447A0658_\u526f\u672c.jpg\" src=\"https:\/\/cbu01.alicdn.com\/img\/ibank\/2020\/275\/057\/18312750572_202743545.jpg\"><\/p>\n<p><img loading=\"lazy\" decoding=\"async\" height=\"790\" width=\"790\" alt=\"447A0671_\u526f\u672c.jpg\" src=\"https:\/\/cbu01.alicdn.com\/img\/ibank\/2020\/052\/567\/18449765250_202743545.jpg\"><\/p>\n<p><img loading=\"lazy\" decoding=\"async\" height=\"790\" width=\"790\" alt=\"447A0670_\u526f\u672c.jpg\" src=\"https:\/\/cbu01.alicdn.com\/img\/ibank\/2020\/222\/567\/18312765222_202743545.jpg\"><\/p>\n<p><img loading=\"lazy\" decoding=\"async\" height=\"790\" width=\"790\" alt=\"447A0669_\u526f\u672c.jpg\" src=\"https:\/\/cbu01.alicdn.com\/img\/ibank\/2020\/742\/198\/18373891247_202743545.jpg\"><\/p>\n<p><img loading=\"lazy\" decoding=\"async\" height=\"790\" width=\"790\" alt=\"DSC_1159_\u526f\u672c.jpg\" src=\"https:\/\/cbu01.alicdn.com\/img\/ibank\/O1CN016votSA1tVufj7Did9_!!1002895908-0-cib.jpg\"><\/p>\n<p><img loading=\"lazy\" decoding=\"async\" height=\"790\" width=\"790\" alt=\"DSC_4818_\u526f\u672c.jpg\" src=\"https:\/\/cbu01.alicdn.com\/img\/ibank\/O1CN01B8jJ001tVufb0E0sI_!!1002895908-0-cib.jpg\"><img decoding=\"async\" alt=\"\u8be6\u60c5-16.jpg\" src=\"https:\/\/shopifyfile.oss-accelerate.aliyuncs.com\/attached\/image\/202204\/42F59685FAE37DD6945855E55AD3DF43.jpg\" title=\"42F59685FAE37DD6945855E55AD3DF43.jpg\"><img decoding=\"async\" alt=\"\u8be6\u60c5-15.jpg\" src=\"https:\/\/shopifyfile.oss-accelerate.aliyuncs.com\/attached\/image\/202204\/460524EDE05C6B32453F44B7FA417036.jpg\" title=\"460524EDE05C6B32453F44B7FA417036.jpg\"><\/p>\n<p><span style=\"font-size: 20px;\">Size&nbsp; &nbsp; &nbsp; &nbsp; &nbsp; &nbsp; &nbsp; &nbsp; &nbsp; &nbsp; &nbsp; &nbsp; &nbsp; &nbsp; &nbsp; &nbsp; &nbsp; &nbsp; &nbsp; &nbsp; &nbsp;Waist(cm)&nbsp; &nbsp; &nbsp; &nbsp; &nbsp; &nbsp; &nbsp; &nbsp; &nbsp; &nbsp; &nbsp; &nbsp; &nbsp; &nbsp; &nbsp; &nbsp; &nbsp; &nbsp; &nbsp; &nbsp;weight<\/span><\/p>\n<p><span style=\"font-size: 20px;\">S&nbsp; &nbsp; &nbsp; &nbsp; &nbsp; &nbsp; &nbsp; &nbsp; &nbsp; &nbsp; &nbsp; &nbsp; &nbsp; &nbsp; &nbsp; &nbsp; &nbsp; &nbsp; &nbsp; &nbsp; &nbsp; &nbsp; &nbsp; 22-32&nbsp; &nbsp; &nbsp; &nbsp; &nbsp; &nbsp; &nbsp; &nbsp; &nbsp; &nbsp; &nbsp; &nbsp; &nbsp; &nbsp; &nbsp; &nbsp; &nbsp; &nbsp; &nbsp; &nbsp; &nbsp; &nbsp; &nbsp; 1.5-2kg&nbsp; &nbsp; &nbsp; &nbsp; &nbsp; &nbsp; &nbsp; &nbsp; &nbsp; &nbsp; &nbsp; &nbsp; &nbsp; &nbsp; &nbsp; &nbsp; &nbsp; &nbsp; &nbsp; &nbsp; &nbsp; &nbsp; &nbsp;&nbsp;<\/span><\/p>\n<p><span style=\"font-size: 20px;\">M&nbsp; &nbsp; &nbsp; &nbsp; &nbsp; &nbsp; &nbsp; &nbsp; &nbsp; &nbsp; &nbsp; &nbsp; &nbsp; &nbsp; &nbsp; &nbsp; &nbsp; &nbsp; &nbsp; &nbsp; &nbsp; &nbsp; &nbsp;24-34&nbsp; &nbsp; &nbsp; &nbsp; &nbsp; &nbsp; &nbsp; &nbsp; &nbsp; &nbsp; &nbsp; &nbsp; &nbsp; &nbsp; &nbsp; &nbsp; &nbsp; &nbsp; &nbsp; &nbsp; &nbsp; &nbsp; &nbsp; 2.5-3.5kg&nbsp; &nbsp; &nbsp; &nbsp; &nbsp; &nbsp; &nbsp; &nbsp; &nbsp; &nbsp; &nbsp; &nbsp; &nbsp; &nbsp; &nbsp; &nbsp; &nbsp; &nbsp; &nbsp; &nbsp; &nbsp; &nbsp; &nbsp;&nbsp;<\/span><\/p>\n<p><span style=\"font-size: 20px;\">L&nbsp; &nbsp; &nbsp; &nbsp; &nbsp; &nbsp; &nbsp; &nbsp; &nbsp; &nbsp; &nbsp; &nbsp; &nbsp; &nbsp; &nbsp; &nbsp; &nbsp; &nbsp; &nbsp; &nbsp; &nbsp; &nbsp; &nbsp; 28-38&nbsp; &nbsp; &nbsp; &nbsp; &nbsp; &nbsp; &nbsp; &nbsp; &nbsp; &nbsp; &nbsp; &nbsp; &nbsp; &nbsp; &nbsp; &nbsp; &nbsp; &nbsp; &nbsp; &nbsp; &nbsp; &nbsp; &nbsp; 4-5kg&nbsp; &nbsp; &nbsp; &nbsp; &nbsp; &nbsp; &nbsp; &nbsp; &nbsp; &nbsp; &nbsp; &nbsp; &nbsp; &nbsp; &nbsp; &nbsp; &nbsp; &nbsp; &nbsp; &nbsp; &nbsp; &nbsp; &nbsp;<\/span><\/p>\n<p><span style=\"font-size: 20px;\">XL&nbsp; &nbsp; &nbsp; &nbsp; &nbsp; &nbsp; &nbsp; &nbsp; &nbsp; &nbsp; &nbsp; &nbsp; &nbsp; &nbsp; &nbsp; &nbsp; &nbsp; &nbsp; &nbsp; &nbsp; &nbsp; &nbsp; 30-44&nbsp; &nbsp; &nbsp; &nbsp; &nbsp; &nbsp; &nbsp; &nbsp; &nbsp; &nbsp; &nbsp; &nbsp; &nbsp; &nbsp; &nbsp; &nbsp; &nbsp; &nbsp; &nbsp; &nbsp; &nbsp; &nbsp; &nbsp; 5.6-6.6kg&nbsp; &nbsp; &nbsp; &nbsp; &nbsp; &nbsp; &nbsp; &nbsp; &nbsp; &nbsp; &nbsp; &nbsp; &nbsp; &nbsp; &nbsp; &nbsp; &nbsp; &nbsp; &nbsp; &nbsp; &nbsp; &nbsp; &nbsp;&nbsp;<\/span><\/p>\n<p>&nbsp;<\/p>\n<p>&nbsp;<\/p>","protected":false},"excerpt":{"rendered":"<p>Unsere L\u00e4ufigkeitshose mit s\u00fc\u00dfem Bananen-Print ist die perfekte Kombination aus Funktionalit\u00e4t und niedlichem Design. Ideal f\u00fcr l\u00e4ufige H\u00fcndinnen oder bei Inkontinenz \u2013 diese Hygienehose mit verstellbaren Tr\u00e4gern bleibt sicher an Ort und Stelle und sch\u00fctzt dein Zuhause zuverl\u00e4ssig. \u2728 Produktdetails: \ud83c\udf38 Design: Prinzessinnen-Stil mit niedlichem Bananen-Muster \ud83d\udc36 Geeignet f\u00fcr: Kleine H\u00fcndinnen, besonders bei L\u00e4ufigkeit oder [&hellip;]<\/p>","protected":false},"featured_media":31740,"comment_status":"open","ping_status":"closed","template":"","meta":{"give_campaign_id":0,"product_produkt-link-pod-manuell":"","product_produktname-pod-manuell":""},"product_meine-kategorie":[579,766,575],"product_mypod":[623],"product_meinemotivart":[],"product_meinepersonalisierung":[],"product_mydesign":[],"product_mymodelle_hunde":[],"product_mymodelle_schuhe":[],"product_myslogan":[],"product_mytodo":[],"product_brand":[],"product_cat":[349],"product_tag":[],"shop_modelle":[],"wf_product_folders":[476,760,359],"class_list":{"0":"post-31745","1":"product","2":"type-product","3":"status-publish","4":"has-post-thumbnail","6":"product_meine-kategorie-hilfsmittel","7":"product_meine-kategorie-laufigkeit","8":"product_meine-kategorie-vierbeiner","9":"product_mypod-eprolo","10":"product_cat-vierbeiner","12":"first","13":"instock","14":"taxable","15":"shipping-taxable","16":"purchasable","17":"product-type-variable"},"jetpack_sharing_enabled":true,"jetpack_likes_enabled":true,"_links":{"self":[{"href":"https:\/\/derrudelshop.de\/en\/wp-json\/wp\/v2\/product\/31745","targetHints":{"allow":["GET"]}}],"collection":[{"href":"https:\/\/derrudelshop.de\/en\/wp-json\/wp\/v2\/product"}],"about":[{"href":"https:\/\/derrudelshop.de\/en\/wp-json\/wp\/v2\/types\/product"}],"replies":[{"embeddable":true,"href":"https:\/\/derrudelshop.de\/en\/wp-json\/wp\/v2\/comments?post=31745"}],"version-history":[{"count":2,"href":"https:\/\/derrudelshop.de\/en\/wp-json\/wp\/v2\/product\/31745\/revisions"}],"predecessor-version":[{"id":32047,"href":"https:\/\/derrudelshop.de\/en\/wp-json\/wp\/v2\/product\/31745\/revisions\/32047"}],"wp:featuredmedia":[{"embeddable":true,"href":"https:\/\/derrudelshop.de\/en\/wp-json\/wp\/v2\/media\/31740"}],"wp:attachment":[{"href":"https:\/\/derrudelshop.de\/en\/wp-json\/wp\/v2\/media?parent=31745"}],"wp:term":[{"taxonomy":"product_meine-kategorie","embeddable":true,"href":"https:\/\/derrudelshop.de\/en\/wp-json\/wp\/v2\/product_meine-kategorie?post=31745"},{"taxonomy":"product_mypod","embeddable":true,"href":"https:\/\/derrudelshop.de\/en\/wp-json\/wp\/v2\/product_mypod?post=31745"},{"taxonomy":"product_meinemotivart","embeddable":true,"href":"https:\/\/derrudelshop.de\/en\/wp-json\/wp\/v2\/product_meinemotivart?post=31745"},{"taxonomy":"product_meinepersonalisierung","embeddable":true,"href":"https:\/\/derrudelshop.de\/en\/wp-json\/wp\/v2\/product_meinepersonalisierung?post=31745"},{"taxonomy":"product_mydesign","embeddable":true,"href":"https:\/\/derrudelshop.de\/en\/wp-json\/wp\/v2\/product_mydesign?post=31745"},{"taxonomy":"product_mymodelle_hunde","embeddable":true,"href":"https:\/\/derrudelshop.de\/en\/wp-json\/wp\/v2\/product_mymodelle_hunde?post=31745"},{"taxonomy":"product_mymodelle_schuhe","embeddable":true,"href":"https:\/\/derrudelshop.de\/en\/wp-json\/wp\/v2\/product_mymodelle_schuhe?post=31745"},{"taxonomy":"product_myslogan","embeddable":true,"href":"https:\/\/derrudelshop.de\/en\/wp-json\/wp\/v2\/product_myslogan?post=31745"},{"taxonomy":"product_mytodo","embeddable":true,"href":"https:\/\/derrudelshop.de\/en\/wp-json\/wp\/v2\/product_mytodo?post=31745"},{"taxonomy":"product_brand","embeddable":true,"href":"https:\/\/derrudelshop.de\/en\/wp-json\/wp\/v2\/product_brand?post=31745"},{"taxonomy":"product_cat","embeddable":true,"href":"https:\/\/derrudelshop.de\/en\/wp-json\/wp\/v2\/product_cat?post=31745"},{"taxonomy":"product_tag","embeddable":true,"href":"https:\/\/derrudelshop.de\/en\/wp-json\/wp\/v2\/product_tag?post=31745"},{"taxonomy":"shop_modelle","embeddable":true,"href":"https:\/\/derrudelshop.de\/en\/wp-json\/wp\/v2\/shop_modelle?post=31745"},{"taxonomy":"wf_product_folders","embeddable":true,"href":"https:\/\/derrudelshop.de\/en\/wp-json\/wp\/v2\/wf_product_folders?post=31745"}],"curies":[{"name":"wp","href":"https:\/\/api.w.org\/{rel}","templated":true}]}}