{"id":31787,"date":"2025-05-13T15:29:00","date_gmt":"2025-05-13T15:29:00","guid":{"rendered":"https:\/\/derrudelshop.de\/product\/laeufigkeitshose-fuer-kleine-huendinnen-princess-style-bequem-sicher\/"},"modified":"2025-05-13T15:49:20","modified_gmt":"2025-05-13T15:49:20","slug":"laeufigkeitshose-fuer-kleine-huendinnen-princess-style-bequem-sicher","status":"publish","type":"product","link":"https:\/\/derrudelshop.de\/en\/product\/laeufigkeitshose-fuer-kleine-huendinnen-princess-style-bequem-sicher\/","title":{"rendered":"L\u00e4ufigkeitshose f\u00fcr kleine H\u00fcndinnen \u2013 Princess-Style, bequem &amp; sicher"},"content":{"rendered":"<p data-end=\"443\" data-start=\"241\" class=\"\">Diese h\u00fcbsche L\u00e4ufigkeitshose ist die perfekte L\u00f6sung f\u00fcr kleine H\u00fcndinnen w\u00e4hrend ihrer \u201eTage\u201c. Sie bietet Schutz und Komfort in einem \u2013 mit einem femininen Princess-Design f\u00fcr stilbewusste Vierbeiner.<\/p>\n<h4 data-end=\"468\" data-start=\"445\" class=\"\">\ud83c\udf38 Produktdetails:<\/h4>\n<ul data-end=\"775\" data-start=\"469\">\n<li data-end=\"529\" data-start=\"469\" class=\"\">\n<p data-end=\"529\" data-start=\"471\" class=\"\"><strong data-end=\"482\" data-start=\"471\">Design:<\/strong> Ohne Tr\u00e4ger \u2013 schlicht, elegant und funktional<\/p>\n<\/li>\n<li data-end=\"577\" data-start=\"530\" class=\"\">\n<p data-end=\"577\" data-start=\"532\" class=\"\"><strong data-end=\"545\" data-start=\"532\">Material:<\/strong> Weiche, atmungsaktive Baumwolle<\/p>\n<\/li>\n<li data-end=\"630\" data-start=\"578\" class=\"\">\n<p data-end=\"630\" data-start=\"580\" class=\"\"><strong data-end=\"589\" data-start=\"580\">Stil:<\/strong> Princess \u2013 perfekt f\u00fcr kleine Hundedamen<\/p>\n<\/li>\n<li data-end=\"698\" data-start=\"631\" class=\"\">\n<p data-end=\"698\" data-start=\"633\" class=\"\"><strong data-end=\"646\" data-start=\"633\">Passform:<\/strong> Elastischer Bund f\u00fcr sicheren Sitz ohne Verrutschen<\/p>\n<\/li>\n<li data-end=\"775\" data-start=\"699\" class=\"\">\n<p data-end=\"775\" data-start=\"701\" class=\"\"><strong data-end=\"716\" data-start=\"701\">Verwendung:<\/strong> Ideal w\u00e4hrend der L\u00e4ufigkeit oder bei leichter Inkontinenz<\/p>\n<\/li>\n<\/ul>\n<h4 data-end=\"801\" data-start=\"777\" class=\"\">\ud83d\udccf Gr\u00f6\u00dfen\u00fcbersicht:<\/h4>\n<div class=\"_tableContainer_16hzy_1\">\n<div tabindex=\"-1\" class=\"_tableWrapper_16hzy_14 group flex w-fit flex-col-reverse\">\n<table data-end=\"1391\" data-start=\"803\" class=\"w-fit min-w-(--thread-content-width)\">\n<thead data-end=\"896\" data-start=\"803\">\n<tr data-end=\"896\" data-start=\"803\">\n<th data-col-size=\"sm\" data-end=\"811\" data-start=\"803\">Gr\u00f6\u00dfe<\/th>\n<th data-col-size=\"sm\" data-end=\"824\" data-start=\"811\">L\u00e4nge (cm)<\/th>\n<th data-col-size=\"sm\" data-end=\"845\" data-start=\"824\">Taillenumfang (cm)<\/th>\n<th data-col-size=\"sm\" data-end=\"868\" data-start=\"845\">Gewicht des Produkts<\/th>\n<th data-col-size=\"sm\" data-end=\"896\" data-start=\"868\">Empf. Gewicht des Hundes<\/th>\n<\/tr>\n<\/thead>\n<tbody data-end=\"1391\" data-start=\"996\">\n<tr data-end=\"1094\" data-start=\"996\">\n<td data-col-size=\"sm\" data-end=\"1004\" data-start=\"996\">S<\/td>\n<td data-col-size=\"sm\" data-end=\"1018\" data-start=\"1004\">14 cm<\/td>\n<td data-col-size=\"sm\" data-end=\"1040\" data-start=\"1018\">20 cm<\/td>\n<td data-col-size=\"sm\" data-end=\"1065\" data-start=\"1040\">26,5 g<\/td>\n<td data-col-size=\"sm\" data-end=\"1094\" data-start=\"1065\">1,5\u20132 kg<\/td>\n<\/tr>\n<tr data-end=\"1193\" data-start=\"1095\">\n<td data-col-size=\"sm\" data-end=\"1103\" data-start=\"1095\">M<\/td>\n<td data-col-size=\"sm\" data-end=\"1117\" data-start=\"1103\">17 cm<\/td>\n<td data-col-size=\"sm\" data-end=\"1139\" data-start=\"1117\">24 cm<\/td>\n<td data-col-size=\"sm\" data-end=\"1164\" data-start=\"1139\">27,5 g<\/td>\n<td data-col-size=\"sm\" data-end=\"1193\" data-start=\"1164\">2,5\u20133,5 kg<\/td>\n<\/tr>\n<tr data-end=\"1292\" data-start=\"1194\">\n<td data-col-size=\"sm\" data-end=\"1202\" data-start=\"1194\">L<\/td>\n<td data-col-size=\"sm\" data-end=\"1216\" data-start=\"1202\">20 cm<\/td>\n<td data-col-size=\"sm\" data-end=\"1238\" data-start=\"1216\">28 cm<\/td>\n<td data-col-size=\"sm\" data-end=\"1263\" data-start=\"1238\">32,5 g<\/td>\n<td data-col-size=\"sm\" data-end=\"1292\" data-start=\"1263\">4\u20135 kg<\/td>\n<\/tr>\n<tr data-end=\"1391\" data-start=\"1293\">\n<td data-col-size=\"sm\" data-end=\"1301\" data-start=\"1293\">XL<\/td>\n<td data-col-size=\"sm\" data-end=\"1315\" data-start=\"1301\">23 cm<\/td>\n<td data-col-size=\"sm\" data-end=\"1337\" data-start=\"1315\">32 cm<\/td>\n<td data-col-size=\"sm\" data-end=\"1362\" data-start=\"1337\">37,8 g<\/td>\n<td data-col-size=\"sm\" data-end=\"1391\" data-start=\"1362\">5,5\u20136,5 kg<\/td>\n<\/tr>\n<\/tbody>\n<\/table>\n<div class=\"sticky end-(--thread-content-margin) h-0 self-end select-none\">\n<div class=\"absolute end-0 flex items-end\"><\/div>\n<\/div>\n<\/div>\n<\/div>\n<h4 data-end=\"1406\" data-start=\"1393\" class=\"\">\ud83d\udca1 Tipp:<\/h4>\n<p data-end=\"1506\" data-start=\"1407\" class=\"\">Du kannst bei Bedarf eine saugf\u00e4hige Einlage (nicht enthalten) einlegen, um die Hygiene zu erh\u00f6hen.<\/p>\n<hr data-end=\"1511\" data-start=\"1508\" class=\"\">\n<p data-end=\"1652\" data-start=\"1513\" class=\"\">Diese L\u00e4ufigkeitshose vereint Funktionalit\u00e4t und niedliches Design \u2013 damit deine H\u00fcndin sich wohlf\u00fchlt und trotzdem bezaubernd aussieht. \ud83d\udc3e<\/p>\n<p style=\"margin-top: 0px; margin-bottom: 0px; padding: 0px; font-size: 12px; line-height: 1.4;\"><img fetchpriority=\"high\" decoding=\"async\" height=\"790\" width=\"790\" alt=\"DSC_1632_\u526f\u672c.jpg\" src=\"https:\/\/cbu01.alicdn.com\/img\/ibank\/2018\/055\/775\/9332577550_202743545.jpg\"><\/p>\n<p><img decoding=\"async\" height=\"790\" width=\"790\" alt=\"DSC_1647_\u526f\u672c.jpg\" src=\"https:\/\/cbu01.alicdn.com\/img\/ibank\/2018\/713\/608\/9356806317_202743545.jpg\"><\/p>\n<p><img decoding=\"async\" height=\"790\" width=\"790\" alt=\"DSC_1652_\u526f\u672c.jpg\" src=\"https:\/\/cbu01.alicdn.com\/img\/ibank\/2018\/238\/151\/9376151832_202743545.jpg\"><\/p>\n<p style=\"margin-top: 0px; margin-bottom: 0px; padding: 0px; font-size: 12px; line-height: 1.4;\">\n<img loading=\"lazy\" decoding=\"async\" height=\"790\" width=\"790\" alt=\"DSC_9509_\u526f\u672c\" src=\"https:\/\/cbu01.alicdn.com\/img\/ibank\/2018\/355\/394\/8909493553_202743545.jpg\"><\/p>\n<p><img loading=\"lazy\" decoding=\"async\" height=\"790\" width=\"790\" alt=\"DSC_9498_\u526f\u672c\" src=\"https:\/\/cbu01.alicdn.com\/img\/ibank\/2018\/400\/003\/8929300004_202743545.jpg\"><\/p>\n<p><img loading=\"lazy\" decoding=\"async\" height=\"790\" width=\"790\" alt=\"DSC_9487_\u526f\u672c\" src=\"https:\/\/cbu01.alicdn.com\/img\/ibank\/2018\/239\/964\/8909469932_202743545.jpg\"><\/p>\n<p style=\"margin-top: 0px; margin-bottom: 0px; padding: 0px; font-size: 12px; line-height: 1.4;\">&nbsp;<img loading=\"lazy\" decoding=\"async\" height=\"790\" width=\"790\" alt=\"DSC_9492_\u526f\u672c\" src=\"https:\/\/cbu01.alicdn.com\/img\/ibank\/2018\/704\/672\/8929276407_202743545.jpg\"><\/p>\n<p>&nbsp;<\/p>","protected":false},"excerpt":{"rendered":"<p>Diese h\u00fcbsche L\u00e4ufigkeitshose ist die perfekte L\u00f6sung f\u00fcr kleine H\u00fcndinnen w\u00e4hrend ihrer \u201eTage\u201c. Sie bietet Schutz und Komfort in einem \u2013 mit einem femininen Princess-Design f\u00fcr stilbewusste Vierbeiner. \ud83c\udf38 Produktdetails: Design: Ohne Tr\u00e4ger \u2013 schlicht, elegant und funktional Material: Weiche, atmungsaktive Baumwolle Stil: Princess \u2013 perfekt f\u00fcr kleine Hundedamen Passform: Elastischer Bund f\u00fcr sicheren Sitz [&hellip;]<\/p>","protected":false},"featured_media":31782,"comment_status":"open","ping_status":"closed","template":"","meta":{"give_campaign_id":0,"product_produkt-link-pod-manuell":"","product_produktname-pod-manuell":""},"product_meine-kategorie":[579,766,575],"product_mypod":[623],"product_meinemotivart":[],"product_meinepersonalisierung":[],"product_mydesign":[],"product_mymodelle_hunde":[],"product_mymodelle_schuhe":[],"product_myslogan":[],"product_mytodo":[],"product_brand":[],"product_cat":[349],"product_tag":[],"shop_modelle":[],"wf_product_folders":[476,760,359],"class_list":{"0":"post-31787","1":"product","2":"type-product","3":"status-publish","4":"has-post-thumbnail","6":"product_meine-kategorie-hilfsmittel","7":"product_meine-kategorie-laufigkeit","8":"product_meine-kategorie-vierbeiner","9":"product_mypod-eprolo","10":"product_cat-vierbeiner","12":"first","13":"instock","14":"taxable","15":"shipping-taxable","16":"purchasable","17":"product-type-variable"},"jetpack_sharing_enabled":true,"jetpack_likes_enabled":true,"_links":{"self":[{"href":"https:\/\/derrudelshop.de\/en\/wp-json\/wp\/v2\/product\/31787","targetHints":{"allow":["GET"]}}],"collection":[{"href":"https:\/\/derrudelshop.de\/en\/wp-json\/wp\/v2\/product"}],"about":[{"href":"https:\/\/derrudelshop.de\/en\/wp-json\/wp\/v2\/types\/product"}],"replies":[{"embeddable":true,"href":"https:\/\/derrudelshop.de\/en\/wp-json\/wp\/v2\/comments?post=31787"}],"version-history":[{"count":2,"href":"https:\/\/derrudelshop.de\/en\/wp-json\/wp\/v2\/product\/31787\/revisions"}],"predecessor-version":[{"id":32045,"href":"https:\/\/derrudelshop.de\/en\/wp-json\/wp\/v2\/product\/31787\/revisions\/32045"}],"wp:featuredmedia":[{"embeddable":true,"href":"https:\/\/derrudelshop.de\/en\/wp-json\/wp\/v2\/media\/31782"}],"wp:attachment":[{"href":"https:\/\/derrudelshop.de\/en\/wp-json\/wp\/v2\/media?parent=31787"}],"wp:term":[{"taxonomy":"product_meine-kategorie","embeddable":true,"href":"https:\/\/derrudelshop.de\/en\/wp-json\/wp\/v2\/product_meine-kategorie?post=31787"},{"taxonomy":"product_mypod","embeddable":true,"href":"https:\/\/derrudelshop.de\/en\/wp-json\/wp\/v2\/product_mypod?post=31787"},{"taxonomy":"product_meinemotivart","embeddable":true,"href":"https:\/\/derrudelshop.de\/en\/wp-json\/wp\/v2\/product_meinemotivart?post=31787"},{"taxonomy":"product_meinepersonalisierung","embeddable":true,"href":"https:\/\/derrudelshop.de\/en\/wp-json\/wp\/v2\/product_meinepersonalisierung?post=31787"},{"taxonomy":"product_mydesign","embeddable":true,"href":"https:\/\/derrudelshop.de\/en\/wp-json\/wp\/v2\/product_mydesign?post=31787"},{"taxonomy":"product_mymodelle_hunde","embeddable":true,"href":"https:\/\/derrudelshop.de\/en\/wp-json\/wp\/v2\/product_mymodelle_hunde?post=31787"},{"taxonomy":"product_mymodelle_schuhe","embeddable":true,"href":"https:\/\/derrudelshop.de\/en\/wp-json\/wp\/v2\/product_mymodelle_schuhe?post=31787"},{"taxonomy":"product_myslogan","embeddable":true,"href":"https:\/\/derrudelshop.de\/en\/wp-json\/wp\/v2\/product_myslogan?post=31787"},{"taxonomy":"product_mytodo","embeddable":true,"href":"https:\/\/derrudelshop.de\/en\/wp-json\/wp\/v2\/product_mytodo?post=31787"},{"taxonomy":"product_brand","embeddable":true,"href":"https:\/\/derrudelshop.de\/en\/wp-json\/wp\/v2\/product_brand?post=31787"},{"taxonomy":"product_cat","embeddable":true,"href":"https:\/\/derrudelshop.de\/en\/wp-json\/wp\/v2\/product_cat?post=31787"},{"taxonomy":"product_tag","embeddable":true,"href":"https:\/\/derrudelshop.de\/en\/wp-json\/wp\/v2\/product_tag?post=31787"},{"taxonomy":"shop_modelle","embeddable":true,"href":"https:\/\/derrudelshop.de\/en\/wp-json\/wp\/v2\/shop_modelle?post=31787"},{"taxonomy":"wf_product_folders","embeddable":true,"href":"https:\/\/derrudelshop.de\/en\/wp-json\/wp\/v2\/wf_product_folders?post=31787"}],"curies":[{"name":"wp","href":"https:\/\/api.w.org\/{rel}","templated":true}]}}