{"id":31818,"date":"2025-05-13T15:32:00","date_gmt":"2025-05-13T15:32:00","guid":{"rendered":"https:\/\/derrudelshop.de\/product\/wasserdichte-laeufigkeitshose-mit-cartoon-motiv-fuer-hunde-aller-groessen\/"},"modified":"2025-05-13T15:49:19","modified_gmt":"2025-05-13T15:49:19","slug":"wasserdichte-laeufigkeitshose-mit-cartoon-motiv-fuer-hunde-aller-groessen","status":"publish","type":"product","link":"https:\/\/derrudelshop.de\/en\/product\/wasserdichte-laeufigkeitshose-mit-cartoon-motiv-fuer-hunde-aller-groessen\/","title":{"rendered":"Wasserdichte L\u00e4ufigkeitshose mit Cartoon-Motiv \u2013 F\u00fcr Hunde aller Gr\u00f6\u00dfen"},"content":{"rendered":"<p data-end=\"484\" data-start=\"198\" class=\"\">Bunt, praktisch und sch\u00fctzend \u2013 diese L\u00e4ufigkeitshose mit niedlichem Tiermotiv ist perfekt f\u00fcr l\u00e4ufige H\u00fcndinnen oder bei leichter Inkontinenz. Dank des wasserabweisenden Nylonmaterials bleibt dein Vierbeiner trocken und hygienisch gesch\u00fctzt \u2013 und sieht dabei auch noch richtig s\u00fc\u00df aus!<\/p>\n<h4 data-end=\"509\" data-start=\"486\" class=\"\">\ud83d\udc36 Produktdetails:<\/h4>\n<ul data-end=\"862\" data-start=\"510\">\n<li data-end=\"564\" data-start=\"510\" class=\"\">\n<p data-end=\"564\" data-start=\"512\" class=\"\"><strong data-end=\"523\" data-start=\"512\">Design:<\/strong> Cartoon-Tiermotiv \u2013 verspielt &amp; charmant<\/p>\n<\/li>\n<li data-end=\"605\" data-start=\"565\" class=\"\">\n<p data-end=\"605\" data-start=\"567\" class=\"\"><strong data-end=\"586\" data-start=\"567\">Material au\u00dfen:<\/strong> Wasserfestes Nylon<\/p>\n<\/li>\n<li data-end=\"674\" data-start=\"606\" class=\"\">\n<p data-end=\"674\" data-start=\"608\" class=\"\"><strong data-end=\"627\" data-start=\"608\">Material innen:<\/strong> Polyestergewebe \u2013 weich und angenehm zu tragen<\/p>\n<\/li>\n<li data-end=\"726\" data-start=\"675\" class=\"\">\n<p data-end=\"726\" data-start=\"677\" class=\"\"><strong data-end=\"686\" data-start=\"677\">Stil:<\/strong> Unisex \u2013 f\u00fcr R\u00fcden &amp; H\u00fcndinnen geeignet<\/p>\n<\/li>\n<li data-end=\"790\" data-start=\"727\" class=\"\">\n<p data-end=\"790\" data-start=\"729\" class=\"\"><strong data-end=\"744\" data-start=\"729\">Verschluss:<\/strong> Sicherer Klettverschluss f\u00fcr bequeme Passform<\/p>\n<\/li>\n<li data-end=\"862\" data-start=\"791\" class=\"\">\n<p data-end=\"862\" data-start=\"793\" class=\"\"><strong data-end=\"806\" data-start=\"793\">Funktion:<\/strong> Anti-Harassment, Schutz bei L\u00e4ufigkeit oder Inkontinenz<\/p>\n<\/li>\n<\/ul>\n<h4 data-end=\"888\" data-start=\"864\" class=\"\">\ud83d\udccf Gr\u00f6\u00dfen\u00fcbersicht:<\/h4>\n<div class=\"_tableContainer_16hzy_1\">\n<div tabindex=\"-1\" class=\"_tableWrapper_16hzy_14 group flex w-fit flex-col-reverse\">\n<table data-end=\"1343\" data-start=\"890\" class=\"w-fit min-w-(--thread-content-width)\">\n<thead data-end=\"953\" data-start=\"890\">\n<tr data-end=\"953\" data-start=\"890\">\n<th data-col-size=\"sm\" data-end=\"898\" data-start=\"890\">Gr\u00f6\u00dfe<\/th>\n<th data-col-size=\"sm\" data-end=\"920\" data-start=\"898\">Taillenumfang<\/th>\n<th data-col-size=\"sm\" data-end=\"953\" data-start=\"920\">Geeignet f\u00fcr Hundegewicht<\/th>\n<\/tr>\n<\/thead>\n<tbody data-end=\"1343\" data-start=\"1019\">\n<tr data-end=\"1083\" data-start=\"1019\">\n<td data-col-size=\"sm\" data-end=\"1027\" data-start=\"1019\">XS<\/td>\n<td data-col-size=\"sm\" data-end=\"1049\" data-start=\"1027\">25\u201335 cm<\/td>\n<td data-col-size=\"sm\" data-end=\"1083\" data-start=\"1049\">ca. 1,5\u20133 kg (kleine Hunde)<\/td>\n<\/tr>\n<tr data-end=\"1148\" data-start=\"1084\">\n<td data-col-size=\"sm\" data-end=\"1092\" data-start=\"1084\">S<\/td>\n<td data-col-size=\"sm\" data-end=\"1114\" data-start=\"1092\">30\u201340 cm<\/td>\n<td data-col-size=\"sm\" data-end=\"1148\" data-start=\"1114\">ca. 4\u20137 kg (mittelgro\u00dfe Hunde)<\/td>\n<\/tr>\n<tr data-end=\"1213\" data-start=\"1149\">\n<td data-col-size=\"sm\" data-end=\"1157\" data-start=\"1149\">M<\/td>\n<td data-col-size=\"sm\" data-end=\"1179\" data-start=\"1157\">40\u201350 cm<\/td>\n<td data-col-size=\"sm\" data-end=\"1213\" data-start=\"1179\">ca. 13\u201320 kg<\/td>\n<\/tr>\n<tr data-end=\"1278\" data-start=\"1214\">\n<td data-col-size=\"sm\" data-end=\"1222\" data-start=\"1214\">L<\/td>\n<td data-col-size=\"sm\" data-end=\"1244\" data-start=\"1222\">50\u201360 cm<\/td>\n<td data-col-size=\"sm\" data-end=\"1278\" data-start=\"1244\">ca. 20\u201334 kg<\/td>\n<\/tr>\n<tr data-end=\"1343\" data-start=\"1279\">\n<td data-col-size=\"sm\" data-end=\"1287\" data-start=\"1279\">XL<\/td>\n<td data-col-size=\"sm\" data-end=\"1309\" data-start=\"1287\">60\u201370 cm<\/td>\n<td data-col-size=\"sm\" data-end=\"1343\" data-start=\"1309\">ca. 34\u201344 kg<\/td>\n<\/tr>\n<\/tbody>\n<\/table>\n<div class=\"sticky end-(--thread-content-margin) h-0 self-end select-none\">\n<div class=\"absolute end-0 flex items-end\"><\/div>\n<\/div>\n<\/div>\n<\/div>\n<h4 data-end=\"1361\" data-start=\"1345\" class=\"\">\ud83d\udca1 Hinweis:<\/h4>\n<p data-end=\"1450\" data-start=\"1362\" class=\"\">Eine zus\u00e4tzliche saugf\u00e4hige Einlage (nicht enthalten) kann bei Bedarf eingesetzt werden.<\/p>\n<hr data-end=\"1455\" data-start=\"1452\" class=\"\">\n<p data-end=\"1573\" data-start=\"1457\" class=\"\">Diese bunte L\u00e4ufigkeitshose kombiniert Schutz mit Spa\u00df \u2013 ideal f\u00fcr aktive Hunde und stilbewusste Besitzer*innen! \ud83d\udc15\u2728<\/p>\n<p><img decoding=\"async\" alt=\"image.png\" src=\"https:\/\/shopifyfile.oss-accelerate.aliyuncs.com\/attached\/image\/202212\/5A77D5E274017AB0741C0BF529F68EDE.png\" title=\"5A77D5E274017AB0741C0BF529F68EDE.png\"><\/p>\n<p><img decoding=\"async\" alt=\"\u8be6\u60c5-11.jpg\" src=\"https:\/\/shopifyfile.oss-accelerate.aliyuncs.com\/attached\/image\/202212\/671D0A58CF10A33F05D6552FABAC1562.jpg\" title=\"671D0A58CF10A33F05D6552FABAC1562.jpg\"><img decoding=\"async\" alt=\"undefined\" src=\"https:\/\/cbu01.alicdn.com\/img\/ibank\/O1CN013aSpHe1QD1YzgwtOM_!!2214765121941-0-cib.jpg?__r__=1670483106662\" class=\"desc-img-loaded\"><\/p>\n<p><img decoding=\"async\" alt=\"undefined\" src=\"https:\/\/cbu01.alicdn.com\/img\/ibank\/O1CN01V3GQOR1QD1YzYJlM5_!!2214765121941-0-cib.jpg?__r__=1670483106662\" class=\"desc-img-loaded\"><\/p>\n<p><img decoding=\"async\" alt=\"undefined\" src=\"https:\/\/cbu01.alicdn.com\/img\/ibank\/O1CN01YotZKA1QD1Z6EdlAn_!!2214765121941-0-cib.jpg?__r__=1670483106662\" class=\"desc-img-loaded\"><\/p>\n<p><img decoding=\"async\" alt=\"undefined\" src=\"https:\/\/cbu01.alicdn.com\/img\/ibank\/O1CN01sSVtE31QD1Z8GgCxk_!!2214765121941-0-cib.jpg?__r__=1670483106662\" class=\"desc-img-loaded\"><\/p>\n<p><img decoding=\"async\" alt=\"undefined\" src=\"https:\/\/cbu01.alicdn.com\/img\/ibank\/O1CN01ht0YsU1QD1YxPWnpE_!!2214765121941-0-cib.jpg?__r__=1670483106662\" class=\"desc-img-loaded\"><\/p>\n<p><img decoding=\"async\" alt=\"undefined\" src=\"https:\/\/cbu01.alicdn.com\/img\/ibank\/O1CN01CgYFqt1QD1Z7OLs4o_!!2214765121941-0-cib.jpg?__r__=1670483106663\" class=\"desc-img-loaded\"><\/p>\n<p><img decoding=\"async\" alt=\"undefined\" src=\"https:\/\/cbu01.alicdn.com\/img\/ibank\/O1CN018UE65f1QD1YxPYoap_!!2214765121941-0-cib.jpg?__r__=1670483106663\" class=\"desc-img-loaded\"><\/p>\n<p><img decoding=\"async\" alt=\"undefined\" src=\"https:\/\/cbu01.alicdn.com\/img\/ibank\/O1CN0189JaRk1QD1Z0Emueh_!!2214765121941-0-cib.jpg?__r__=1670483106663\" class=\"desc-img-loaded\"><\/p>\n<p><img decoding=\"async\" alt=\"undefined\" src=\"https:\/\/cbu01.alicdn.com\/img\/ibank\/O1CN01Yt3J8O1QD1Z1FMXu2_!!2214765121941-0-cib.jpg?__r__=1670483106663\" class=\"desc-img-loaded\"><\/p>\n<p><img decoding=\"async\" alt=\"undefined\" src=\"https:\/\/cbu01.alicdn.com\/img\/ibank\/O1CN01NlIA5O1QD1Z8GhU5R_!!2214765121941-0-cib.jpg?__r__=1670483135766\" class=\"desc-img-loaded\"><\/p>\n<p><img decoding=\"async\" alt=\"undefined\" src=\"https:\/\/cbu01.alicdn.com\/img\/ibank\/O1CN01L6ncv81QD1YzgxMcS_!!2214765121941-0-cib.jpg?__r__=1670483135766\" class=\"desc-img-loaded\"><\/p>\n<p><img decoding=\"async\" alt=\"undefined\" src=\"https:\/\/cbu01.alicdn.com\/img\/ibank\/O1CN01rOJvKD1QD1Z5XLNwc_!!2214765121941-0-cib.jpg?__r__=1670483135766\" class=\"desc-img-loaded\"><\/p>\n<p><img decoding=\"async\" alt=\"undefined\" src=\"https:\/\/cbu01.alicdn.com\/img\/ibank\/O1CN016r4uIS1QD1YwdKz28_!!2214765121941-0-cib.jpg?__r__=1670483135766\" class=\"desc-img-loaded\"><\/p>\n<p><img decoding=\"async\" alt=\"undefined\" src=\"https:\/\/cbu01.alicdn.com\/img\/ibank\/O1CN01ZusUYf1QD1Z1gAnVt_!!2214765121941-0-cib.jpg?__r__=1670483135767\" class=\"desc-img-loaded\"><\/p>\n<p><img decoding=\"async\" alt=\"undefined\" src=\"https:\/\/cbu01.alicdn.com\/img\/ibank\/O1CN01jttZj31QD1Z2tspvH_!!2214765121941-0-cib.jpg?__r__=1670483135767\" class=\"desc-img-loaded\"><\/p>\n<p><img decoding=\"async\" alt=\"undefined\" src=\"https:\/\/cbu01.alicdn.com\/img\/ibank\/O1CN01B2VIU91QD1YvHdQIP_!!2214765121941-0-cib.jpg?__r__=1670483135767\" class=\"desc-img-loaded\"><\/p>\n<p><img decoding=\"async\" alt=\"undefined\" src=\"https:\/\/cbu01.alicdn.com\/img\/ibank\/O1CN01nFbLM81QD1Z1FOxjj_!!2214765121941-0-cib.jpg?__r__=1670483135768\" class=\"desc-img-loaded\"><img decoding=\"async\" src=\"https:\/\/ae01.alicdn.com\/kf\/Sc069b45e52f445e886016ef49572ca7eF.jpg\"><img decoding=\"async\" src=\"https:\/\/ae01.alicdn.com\/kf\/S002237169724441ab50cecad194ce5b0u.jpg\"><img decoding=\"async\" src=\"https:\/\/ae01.alicdn.com\/kf\/S77b3676df7834436a85b8d177c42f44ca.jpg\"><img decoding=\"async\" src=\"https:\/\/ae01.alicdn.com\/kf\/S52545b3a72504184b4d03e8cec76b0dc9.jpg\"><\/p>\n<p>&nbsp;<\/p>","protected":false},"excerpt":{"rendered":"<p>Bunt, praktisch und sch\u00fctzend \u2013 diese L\u00e4ufigkeitshose mit niedlichem Tiermotiv ist perfekt f\u00fcr l\u00e4ufige H\u00fcndinnen oder bei leichter Inkontinenz. Dank des wasserabweisenden Nylonmaterials bleibt dein Vierbeiner trocken und hygienisch gesch\u00fctzt \u2013 und sieht dabei auch noch richtig s\u00fc\u00df aus! \ud83d\udc36 Produktdetails: Design: Cartoon-Tiermotiv \u2013 verspielt &amp; charmant Material au\u00dfen: Wasserfestes Nylon Material innen: Polyestergewebe \u2013 [&hellip;]<\/p>","protected":false},"featured_media":31797,"comment_status":"open","ping_status":"closed","template":"","meta":{"give_campaign_id":0,"product_produkt-link-pod-manuell":"","product_produktname-pod-manuell":""},"product_meine-kategorie":[579,766,575],"product_mypod":[623],"product_meinemotivart":[],"product_meinepersonalisierung":[],"product_mydesign":[],"product_mymodelle_hunde":[],"product_mymodelle_schuhe":[],"product_myslogan":[],"product_mytodo":[],"product_brand":[],"product_cat":[349],"product_tag":[],"shop_modelle":[],"wf_product_folders":[476,760,359],"class_list":{"0":"post-31818","1":"product","2":"type-product","3":"status-publish","4":"has-post-thumbnail","6":"product_meine-kategorie-hilfsmittel","7":"product_meine-kategorie-laufigkeit","8":"product_meine-kategorie-vierbeiner","9":"product_mypod-eprolo","10":"product_cat-vierbeiner","12":"first","13":"instock","14":"taxable","15":"shipping-taxable","16":"purchasable","17":"product-type-variable"},"jetpack_sharing_enabled":true,"jetpack_likes_enabled":true,"_links":{"self":[{"href":"https:\/\/derrudelshop.de\/en\/wp-json\/wp\/v2\/product\/31818","targetHints":{"allow":["GET"]}}],"collection":[{"href":"https:\/\/derrudelshop.de\/en\/wp-json\/wp\/v2\/product"}],"about":[{"href":"https:\/\/derrudelshop.de\/en\/wp-json\/wp\/v2\/types\/product"}],"replies":[{"embeddable":true,"href":"https:\/\/derrudelshop.de\/en\/wp-json\/wp\/v2\/comments?post=31818"}],"version-history":[{"count":2,"href":"https:\/\/derrudelshop.de\/en\/wp-json\/wp\/v2\/product\/31818\/revisions"}],"predecessor-version":[{"id":32044,"href":"https:\/\/derrudelshop.de\/en\/wp-json\/wp\/v2\/product\/31818\/revisions\/32044"}],"wp:featuredmedia":[{"embeddable":true,"href":"https:\/\/derrudelshop.de\/en\/wp-json\/wp\/v2\/media\/31797"}],"wp:attachment":[{"href":"https:\/\/derrudelshop.de\/en\/wp-json\/wp\/v2\/media?parent=31818"}],"wp:term":[{"taxonomy":"product_meine-kategorie","embeddable":true,"href":"https:\/\/derrudelshop.de\/en\/wp-json\/wp\/v2\/product_meine-kategorie?post=31818"},{"taxonomy":"product_mypod","embeddable":true,"href":"https:\/\/derrudelshop.de\/en\/wp-json\/wp\/v2\/product_mypod?post=31818"},{"taxonomy":"product_meinemotivart","embeddable":true,"href":"https:\/\/derrudelshop.de\/en\/wp-json\/wp\/v2\/product_meinemotivart?post=31818"},{"taxonomy":"product_meinepersonalisierung","embeddable":true,"href":"https:\/\/derrudelshop.de\/en\/wp-json\/wp\/v2\/product_meinepersonalisierung?post=31818"},{"taxonomy":"product_mydesign","embeddable":true,"href":"https:\/\/derrudelshop.de\/en\/wp-json\/wp\/v2\/product_mydesign?post=31818"},{"taxonomy":"product_mymodelle_hunde","embeddable":true,"href":"https:\/\/derrudelshop.de\/en\/wp-json\/wp\/v2\/product_mymodelle_hunde?post=31818"},{"taxonomy":"product_mymodelle_schuhe","embeddable":true,"href":"https:\/\/derrudelshop.de\/en\/wp-json\/wp\/v2\/product_mymodelle_schuhe?post=31818"},{"taxonomy":"product_myslogan","embeddable":true,"href":"https:\/\/derrudelshop.de\/en\/wp-json\/wp\/v2\/product_myslogan?post=31818"},{"taxonomy":"product_mytodo","embeddable":true,"href":"https:\/\/derrudelshop.de\/en\/wp-json\/wp\/v2\/product_mytodo?post=31818"},{"taxonomy":"product_brand","embeddable":true,"href":"https:\/\/derrudelshop.de\/en\/wp-json\/wp\/v2\/product_brand?post=31818"},{"taxonomy":"product_cat","embeddable":true,"href":"https:\/\/derrudelshop.de\/en\/wp-json\/wp\/v2\/product_cat?post=31818"},{"taxonomy":"product_tag","embeddable":true,"href":"https:\/\/derrudelshop.de\/en\/wp-json\/wp\/v2\/product_tag?post=31818"},{"taxonomy":"shop_modelle","embeddable":true,"href":"https:\/\/derrudelshop.de\/en\/wp-json\/wp\/v2\/shop_modelle?post=31818"},{"taxonomy":"wf_product_folders","embeddable":true,"href":"https:\/\/derrudelshop.de\/en\/wp-json\/wp\/v2\/wf_product_folders?post=31818"}],"curies":[{"name":"wp","href":"https:\/\/api.w.org\/{rel}","templated":true}]}}