{"id":31979,"date":"2025-05-13T15:37:00","date_gmt":"2025-05-13T15:37:00","guid":{"rendered":"https:\/\/derrudelshop.de\/product\/pet-physiological-belt-inkontinenzband-fuer-rueden\/"},"modified":"2025-05-13T15:49:18","modified_gmt":"2025-05-13T15:49:18","slug":"pet-physiological-belt-inkontinenzband-fuer-rueden","status":"publish","type":"product","link":"https:\/\/derrudelshop.de\/en\/product\/pet-physiological-belt-inkontinenzband-fuer-rueden\/","title":{"rendered":"Pet Physiological Belt \u2013 Inkontinenzband f\u00fcr R\u00fcden"},"content":{"rendered":"<p>Das Pet Physiological Belt ist die perfekte L\u00f6sung f\u00fcr R\u00fcden mit Inkontinenz oder w\u00e4hrend der L\u00e4ufigkeit von H\u00fcndinnen. Es bietet zuverl\u00e4ssigen Schutz und hilft, Unannehmlichkeiten zu vermeiden. Hergestellt aus umweltfreundlichen Materialien, bietet es sowohl Komfort als auch Funktionalit\u00e4t, w\u00e4hrend es superabsorbierend ist und Feuchtigkeit sicher einschlie\u00dft.<\/p>\n<p>\ud83d\udc36 Produktdetails:<br \/>\nDesign: Aus doppelseitig wasserdichtem Stoff, ideal f\u00fcr den Inkontinenzschutz<\/p>\n<p>Material: Umweltfreundliches, recycelbares Material, doppelseitiger wasserdichter Stoff, absorbierendes Baumwollmittel<\/p>\n<p>Funktion: Effektiver Schutz gegen Feuchtigkeit und Urinverlust<\/p>\n<p>Geeignet f\u00fcr: R\u00fcden, die w\u00e4hrend der Inkontinenz oder L\u00e4ufigkeit Schutz ben\u00f6tigen<\/p>\n<p>\ud83d\udccf Gr\u00f6\u00dfen\u00fcbersicht:<br \/>\nGr\u00f6\u00dfe\tTaillenumfang (cm)<br \/>\nXS\t22\u201332 cm<br \/>\nS\t32\u201341 cm<br \/>\nM\t42\u201350 cm<br \/>\nL\t50\u201362 cm<br \/>\nXL\t62\u201375 cm<\/p>\n<p>\ud83c\udf3f Merkmale:<br \/>\nHochwertiges Material: Doppelseitiger wasserdichter Stoff mit absorbierendem Baumwollkern<\/p>\n<p>Superabsorbierend: Effektiv gegen Feuchtigkeit, sch\u00fctzt den Hund zuverl\u00e4ssig<\/p>\n<p>Komfort: Weiches und angenehmes Tragegef\u00fchl<\/p>\n<p>Nachhaltigkeit: Recycelbares und umweltfreundliches Material<\/p>\n<p>Mit dem Pet Physiological Belt bleibt dein R\u00fcde stets trocken und komfortabel, w\u00e4hrend er gleichzeitig optimal gesch\u00fctzt ist. Ideal f\u00fcr den t\u00e4glichen Gebrauch und unterwegs! \ud83d\udc3e\ud83d\udca7<\/p>","protected":false},"excerpt":{"rendered":"<p>Das Pet Physiological Belt ist die perfekte L\u00f6sung f\u00fcr R\u00fcden mit Inkontinenz oder w\u00e4hrend der L\u00e4ufigkeit von H\u00fcndinnen. Es bietet zuverl\u00e4ssigen Schutz und hilft, Unannehmlichkeiten zu vermeiden. Hergestellt aus umweltfreundlichen Materialien, bietet es sowohl Komfort als auch Funktionalit\u00e4t, w\u00e4hrend es superabsorbierend ist und Feuchtigkeit sicher einschlie\u00dft. \ud83d\udc36 Produktdetails: Design: Aus doppelseitig wasserdichtem Stoff, ideal f\u00fcr [&hellip;]<\/p>","protected":false},"featured_media":31965,"comment_status":"open","ping_status":"closed","template":"","meta":{"give_campaign_id":0,"product_produkt-link-pod-manuell":"","product_produktname-pod-manuell":""},"product_meine-kategorie":[579,766,575],"product_mypod":[623],"product_meinemotivart":[],"product_meinepersonalisierung":[],"product_mydesign":[],"product_mymodelle_hunde":[],"product_mymodelle_schuhe":[],"product_myslogan":[],"product_mytodo":[],"product_brand":[],"product_cat":[349],"product_tag":[],"shop_modelle":[],"wf_product_folders":[476,760,359],"class_list":{"0":"post-31979","1":"product","2":"type-product","3":"status-publish","4":"has-post-thumbnail","6":"product_meine-kategorie-hilfsmittel","7":"product_meine-kategorie-laufigkeit","8":"product_meine-kategorie-vierbeiner","9":"product_mypod-eprolo","10":"product_cat-vierbeiner","12":"first","13":"instock","14":"taxable","15":"shipping-taxable","16":"purchasable","17":"product-type-variable"},"jetpack_sharing_enabled":true,"jetpack_likes_enabled":true,"_links":{"self":[{"href":"https:\/\/derrudelshop.de\/en\/wp-json\/wp\/v2\/product\/31979","targetHints":{"allow":["GET"]}}],"collection":[{"href":"https:\/\/derrudelshop.de\/en\/wp-json\/wp\/v2\/product"}],"about":[{"href":"https:\/\/derrudelshop.de\/en\/wp-json\/wp\/v2\/types\/product"}],"replies":[{"embeddable":true,"href":"https:\/\/derrudelshop.de\/en\/wp-json\/wp\/v2\/comments?post=31979"}],"version-history":[{"count":2,"href":"https:\/\/derrudelshop.de\/en\/wp-json\/wp\/v2\/product\/31979\/revisions"}],"predecessor-version":[{"id":32041,"href":"https:\/\/derrudelshop.de\/en\/wp-json\/wp\/v2\/product\/31979\/revisions\/32041"}],"wp:featuredmedia":[{"embeddable":true,"href":"https:\/\/derrudelshop.de\/en\/wp-json\/wp\/v2\/media\/31965"}],"wp:attachment":[{"href":"https:\/\/derrudelshop.de\/en\/wp-json\/wp\/v2\/media?parent=31979"}],"wp:term":[{"taxonomy":"product_meine-kategorie","embeddable":true,"href":"https:\/\/derrudelshop.de\/en\/wp-json\/wp\/v2\/product_meine-kategorie?post=31979"},{"taxonomy":"product_mypod","embeddable":true,"href":"https:\/\/derrudelshop.de\/en\/wp-json\/wp\/v2\/product_mypod?post=31979"},{"taxonomy":"product_meinemotivart","embeddable":true,"href":"https:\/\/derrudelshop.de\/en\/wp-json\/wp\/v2\/product_meinemotivart?post=31979"},{"taxonomy":"product_meinepersonalisierung","embeddable":true,"href":"https:\/\/derrudelshop.de\/en\/wp-json\/wp\/v2\/product_meinepersonalisierung?post=31979"},{"taxonomy":"product_mydesign","embeddable":true,"href":"https:\/\/derrudelshop.de\/en\/wp-json\/wp\/v2\/product_mydesign?post=31979"},{"taxonomy":"product_mymodelle_hunde","embeddable":true,"href":"https:\/\/derrudelshop.de\/en\/wp-json\/wp\/v2\/product_mymodelle_hunde?post=31979"},{"taxonomy":"product_mymodelle_schuhe","embeddable":true,"href":"https:\/\/derrudelshop.de\/en\/wp-json\/wp\/v2\/product_mymodelle_schuhe?post=31979"},{"taxonomy":"product_myslogan","embeddable":true,"href":"https:\/\/derrudelshop.de\/en\/wp-json\/wp\/v2\/product_myslogan?post=31979"},{"taxonomy":"product_mytodo","embeddable":true,"href":"https:\/\/derrudelshop.de\/en\/wp-json\/wp\/v2\/product_mytodo?post=31979"},{"taxonomy":"product_brand","embeddable":true,"href":"https:\/\/derrudelshop.de\/en\/wp-json\/wp\/v2\/product_brand?post=31979"},{"taxonomy":"product_cat","embeddable":true,"href":"https:\/\/derrudelshop.de\/en\/wp-json\/wp\/v2\/product_cat?post=31979"},{"taxonomy":"product_tag","embeddable":true,"href":"https:\/\/derrudelshop.de\/en\/wp-json\/wp\/v2\/product_tag?post=31979"},{"taxonomy":"shop_modelle","embeddable":true,"href":"https:\/\/derrudelshop.de\/en\/wp-json\/wp\/v2\/shop_modelle?post=31979"},{"taxonomy":"wf_product_folders","embeddable":true,"href":"https:\/\/derrudelshop.de\/en\/wp-json\/wp\/v2\/wf_product_folders?post=31979"}],"curies":[{"name":"wp","href":"https:\/\/api.w.org\/{rel}","templated":true}]}}