{"id":32167,"date":"2025-05-27T20:22:39","date_gmt":"2025-05-27T20:22:39","guid":{"rendered":"https:\/\/derrudelshop.de\/?post_type=product&#038;p=32167"},"modified":"2025-05-27T21:58:26","modified_gmt":"2025-05-27T21:58:26","slug":"das-furiends-buch-ein-freundebuch-fuer-tierische-mitbewohner-digitaler-download","status":"publish","type":"product","link":"https:\/\/derrudelshop.de\/en\/product\/das-furiends-buch-ein-freundebuch-fuer-tierische-mitbewohner-digitaler-download\/","title":{"rendered":"Das F(u)riends-Buch: Ein Freundebuch f\u00fcr tierische Mitbewohner *Digitaler Download*"},"content":{"rendered":"<p>Das F(u)riends Buch gibt es sowohl gedruckt bei Amazon https:\/\/amzn.to\/3Fl95kP- oder hier als digitalen Download.<\/p>\n<p>&nbsp;<\/p>\n<p>Erlebe die besondere Freundschaft zwischen Mensch und Tier mit &#8222;Mein F(u)riends Buch&#8220; \u2013 dem einzigartigen Freundesbuch f\u00fcr deine tierischen Begleiter! Halte die sch\u00f6nsten Momente und die besonderen Eigenschaften deiner Hunde und Katzen in diesem liebevoll gestalteten Buch fest.<\/p>\n<p>&nbsp;<\/p>\n<p>Dieses Freundesbuch bietet speziell angepasste Vorlagen f\u00fcr beide: 12 Vorlagen f\u00fcr Hunde und 10 Vorlagen f\u00fcr Katzen. Jeder Abschnitt erm\u00f6glicht es dir, die Vorlieben, Abenteuer und einzigartigen Charakterz\u00fcge deiner Haustiere auf kreative und pers\u00f6nliche Weise festzuhalten. Von Lieblingsspielzeug und Lieblingsleckereien bis hin zu den besten Freunden und lustigsten Erlebnissen \u2013 dieses Buch bietet alles, was das Herz eines Tierliebhabers begehrt.<\/p>\n<p>&nbsp;<\/p>\n<p>Stell dir vor, wie sch\u00f6n es ist, durch die Seiten dieses Freundesbuchs zu bl\u00e4ttern und sich an die besonderen Momente mit deinen Fellfreunden zu erinnern. Die hochwertige Gestaltung, kombiniert mit liebevollen Illustrationen, macht &#8222;Mein F(u)riends Buch&#8220; zu einem wahren Schatz f\u00fcr jede Familie. Es bietet auch gen\u00fcgend Platz f\u00fcr Fotos und pers\u00f6nliche Geschichten, die es zu einem einzigartigen Erinnerungsst\u00fcck machen. Dar\u00fcber hinaus ist es eine wunderbare M\u00f6glichkeit, anderen Tierbesitzern Wertsch\u00e4tzung entgegenzubringen, indem du die besonderen Momente und Geschichten ihrer Haustiere teilst. Hol dir jetzt &#8222;Mein F(u)riends Buch&#8220; und schaffe ein bleibendes Andenken an deine geliebten Haustiere. Dieses Buch ist auch das perfekte Geschenk f\u00fcr Tierbesitzer, Familien und Kinder, die ihre tierischen Freunde lieben und die besonderen Momente f\u00fcr immer festhalten m\u00f6chten.<\/p>\n<p>44 seitige PDF Datei sowie 2 verschiedenen Cover-Formaten<\/p>","protected":false},"excerpt":{"rendered":"<p>Das F(u)riends Buch gibt es sowohl gedruckt bei Amazon https:\/\/amzn.to\/3Fl95kP- oder hier als digitalen Download. &nbsp; Erlebe die besondere Freundschaft zwischen Mensch und Tier mit &#8222;Mein F(u)riends Buch&#8220; \u2013 dem einzigartigen Freundesbuch f\u00fcr deine tierischen Begleiter! Halte die sch\u00f6nsten Momente und die besonderen Eigenschaften deiner Hunde und Katzen in diesem liebevoll gestalteten Buch fest. &nbsp; [&hellip;]<\/p>","protected":false},"featured_media":32169,"comment_status":"open","ping_status":"closed","template":"","meta":{"give_campaign_id":0,"product_produkt-link-pod-manuell":"","product_produktname-pod-manuell":""},"product_meine-kategorie":[830],"product_mypod":[],"product_meinemotivart":[],"product_meinepersonalisierung":[],"product_mydesign":[],"product_mymodelle_hunde":[],"product_mymodelle_schuhe":[],"product_myslogan":[],"product_mytodo":[],"product_brand":[],"product_cat":[829],"product_tag":[],"shop_modelle":[],"wf_product_folders":[],"class_list":{"0":"post-32167","1":"product","2":"type-product","3":"status-publish","4":"has-post-thumbnail","6":"product_meine-kategorie-downloadables","7":"product_cat-downloadables","9":"first","10":"instock","11":"featured","12":"downloadable","13":"virtual","14":"taxable","15":"purchasable","16":"product-type-simple"},"jetpack_sharing_enabled":true,"jetpack_likes_enabled":true,"_links":{"self":[{"href":"https:\/\/derrudelshop.de\/en\/wp-json\/wp\/v2\/product\/32167","targetHints":{"allow":["GET"]}}],"collection":[{"href":"https:\/\/derrudelshop.de\/en\/wp-json\/wp\/v2\/product"}],"about":[{"href":"https:\/\/derrudelshop.de\/en\/wp-json\/wp\/v2\/types\/product"}],"replies":[{"embeddable":true,"href":"https:\/\/derrudelshop.de\/en\/wp-json\/wp\/v2\/comments?post=32167"}],"version-history":[{"count":1,"href":"https:\/\/derrudelshop.de\/en\/wp-json\/wp\/v2\/product\/32167\/revisions"}],"predecessor-version":[{"id":32175,"href":"https:\/\/derrudelshop.de\/en\/wp-json\/wp\/v2\/product\/32167\/revisions\/32175"}],"wp:featuredmedia":[{"embeddable":true,"href":"https:\/\/derrudelshop.de\/en\/wp-json\/wp\/v2\/media\/32169"}],"wp:attachment":[{"href":"https:\/\/derrudelshop.de\/en\/wp-json\/wp\/v2\/media?parent=32167"}],"wp:term":[{"taxonomy":"product_meine-kategorie","embeddable":true,"href":"https:\/\/derrudelshop.de\/en\/wp-json\/wp\/v2\/product_meine-kategorie?post=32167"},{"taxonomy":"product_mypod","embeddable":true,"href":"https:\/\/derrudelshop.de\/en\/wp-json\/wp\/v2\/product_mypod?post=32167"},{"taxonomy":"product_meinemotivart","embeddable":true,"href":"https:\/\/derrudelshop.de\/en\/wp-json\/wp\/v2\/product_meinemotivart?post=32167"},{"taxonomy":"product_meinepersonalisierung","embeddable":true,"href":"https:\/\/derrudelshop.de\/en\/wp-json\/wp\/v2\/product_meinepersonalisierung?post=32167"},{"taxonomy":"product_mydesign","embeddable":true,"href":"https:\/\/derrudelshop.de\/en\/wp-json\/wp\/v2\/product_mydesign?post=32167"},{"taxonomy":"product_mymodelle_hunde","embeddable":true,"href":"https:\/\/derrudelshop.de\/en\/wp-json\/wp\/v2\/product_mymodelle_hunde?post=32167"},{"taxonomy":"product_mymodelle_schuhe","embeddable":true,"href":"https:\/\/derrudelshop.de\/en\/wp-json\/wp\/v2\/product_mymodelle_schuhe?post=32167"},{"taxonomy":"product_myslogan","embeddable":true,"href":"https:\/\/derrudelshop.de\/en\/wp-json\/wp\/v2\/product_myslogan?post=32167"},{"taxonomy":"product_mytodo","embeddable":true,"href":"https:\/\/derrudelshop.de\/en\/wp-json\/wp\/v2\/product_mytodo?post=32167"},{"taxonomy":"product_brand","embeddable":true,"href":"https:\/\/derrudelshop.de\/en\/wp-json\/wp\/v2\/product_brand?post=32167"},{"taxonomy":"product_cat","embeddable":true,"href":"https:\/\/derrudelshop.de\/en\/wp-json\/wp\/v2\/product_cat?post=32167"},{"taxonomy":"product_tag","embeddable":true,"href":"https:\/\/derrudelshop.de\/en\/wp-json\/wp\/v2\/product_tag?post=32167"},{"taxonomy":"shop_modelle","embeddable":true,"href":"https:\/\/derrudelshop.de\/en\/wp-json\/wp\/v2\/shop_modelle?post=32167"},{"taxonomy":"wf_product_folders","embeddable":true,"href":"https:\/\/derrudelshop.de\/en\/wp-json\/wp\/v2\/wf_product_folders?post=32167"}],"curies":[{"name":"wp","href":"https:\/\/api.w.org\/{rel}","templated":true}]}}