{"id":32180,"date":"2025-05-27T20:35:08","date_gmt":"2025-05-27T20:35:08","guid":{"rendered":"https:\/\/derrudelshop.de\/?post_type=product&#038;p=32180"},"modified":"2025-05-27T21:55:54","modified_gmt":"2025-05-27T21:55:54","slug":"twitterrudel-malbuch-erweiterte-version-alle-230-motive","status":"publish","type":"product","link":"https:\/\/derrudelshop.de\/en\/product\/twitterrudel-malbuch-erweiterte-version-alle-230-motive\/","title":{"rendered":"Twitterrudel Malbuch &#8211; Erweiterte Version: Alle 230 Motive"},"content":{"rendered":"<p>Das Twitterrudel Malbuch in der erweiterten Version. Die Basisversion enth\u00e4lt ein Bild von jedem eingesandten Rudelmitglied (87), aber das aussortieren fiel mir wirklich schwer. Deshalb gibt es hier die erweiterte Version mit allen Bildern, die in der Bearbeitung etwas geworden sind &#8211; insgesamt 230 Ausmalseiten.<\/p>\n<p>Die Seiten sind nur einseitig bedruckt, und es gibt zwei Farb-Test-Seiten im Buch, um eine m\u00f6glichst gute Malerfahrung zu gew\u00e4hrleistenDas Twitterrudel Malbuch in der erweiterten Version. Die Basisversion enth\u00e4lt ein Bild von jedem eingesandten Rudelmitglied (87), aber das aussortieren fiel mir wirklich schwer. Deshalb gibt es hier die erweiterte Version mit allen Bildern, die in der Bearbeitung etwas geworden sind &#8211; insgesamt 230 Ausmalseiten.<\/p>\n<p>Die Seiten sind nur einseitig bedruckt, und es gibt zwei Farb-Test-Seiten im Buch, um eine m\u00f6glichst gute Malerfahrung zu gew\u00e4hrleisten<\/p>","protected":false},"excerpt":{"rendered":"<p>Das Twitterrudel Malbuch in der erweiterten Version. Die Basisversion enth\u00e4lt ein Bild von jedem eingesandten Rudelmitglied (87), aber das aussortieren fiel mir wirklich schwer. Deshalb gibt es hier die erweiterte Version mit allen Bildern, die in der Bearbeitung etwas geworden sind &#8211; insgesamt 230 Ausmalseiten. Die Seiten sind nur einseitig bedruckt, und es gibt zwei [&hellip;]<\/p>","protected":false},"featured_media":32182,"comment_status":"open","ping_status":"closed","template":"","meta":{"give_campaign_id":0,"product_produkt-link-pod-manuell":"","product_produktname-pod-manuell":""},"product_meine-kategorie":[1041],"product_mypod":[],"product_meinemotivart":[],"product_meinepersonalisierung":[],"product_mydesign":[],"product_mymodelle_hunde":[],"product_mymodelle_schuhe":[],"product_myslogan":[],"product_mytodo":[],"product_brand":[],"product_cat":[1040],"product_tag":[],"shop_modelle":[],"wf_product_folders":[],"class_list":{"0":"post-32180","1":"product","2":"type-product","3":"status-publish","4":"has-post-thumbnail","6":"product_meine-kategorie-buecher","7":"product_cat-buecher","9":"first","10":"instock","11":"featured","12":"taxable","13":"shipping-taxable","14":"product-type-external"},"jetpack_sharing_enabled":true,"jetpack_likes_enabled":true,"_links":{"self":[{"href":"https:\/\/derrudelshop.de\/en\/wp-json\/wp\/v2\/product\/32180","targetHints":{"allow":["GET"]}}],"collection":[{"href":"https:\/\/derrudelshop.de\/en\/wp-json\/wp\/v2\/product"}],"about":[{"href":"https:\/\/derrudelshop.de\/en\/wp-json\/wp\/v2\/types\/product"}],"replies":[{"embeddable":true,"href":"https:\/\/derrudelshop.de\/en\/wp-json\/wp\/v2\/comments?post=32180"}],"version-history":[{"count":1,"href":"https:\/\/derrudelshop.de\/en\/wp-json\/wp\/v2\/product\/32180\/revisions"}],"predecessor-version":[{"id":32183,"href":"https:\/\/derrudelshop.de\/en\/wp-json\/wp\/v2\/product\/32180\/revisions\/32183"}],"wp:featuredmedia":[{"embeddable":true,"href":"https:\/\/derrudelshop.de\/en\/wp-json\/wp\/v2\/media\/32182"}],"wp:attachment":[{"href":"https:\/\/derrudelshop.de\/en\/wp-json\/wp\/v2\/media?parent=32180"}],"wp:term":[{"taxonomy":"product_meine-kategorie","embeddable":true,"href":"https:\/\/derrudelshop.de\/en\/wp-json\/wp\/v2\/product_meine-kategorie?post=32180"},{"taxonomy":"product_mypod","embeddable":true,"href":"https:\/\/derrudelshop.de\/en\/wp-json\/wp\/v2\/product_mypod?post=32180"},{"taxonomy":"product_meinemotivart","embeddable":true,"href":"https:\/\/derrudelshop.de\/en\/wp-json\/wp\/v2\/product_meinemotivart?post=32180"},{"taxonomy":"product_meinepersonalisierung","embeddable":true,"href":"https:\/\/derrudelshop.de\/en\/wp-json\/wp\/v2\/product_meinepersonalisierung?post=32180"},{"taxonomy":"product_mydesign","embeddable":true,"href":"https:\/\/derrudelshop.de\/en\/wp-json\/wp\/v2\/product_mydesign?post=32180"},{"taxonomy":"product_mymodelle_hunde","embeddable":true,"href":"https:\/\/derrudelshop.de\/en\/wp-json\/wp\/v2\/product_mymodelle_hunde?post=32180"},{"taxonomy":"product_mymodelle_schuhe","embeddable":true,"href":"https:\/\/derrudelshop.de\/en\/wp-json\/wp\/v2\/product_mymodelle_schuhe?post=32180"},{"taxonomy":"product_myslogan","embeddable":true,"href":"https:\/\/derrudelshop.de\/en\/wp-json\/wp\/v2\/product_myslogan?post=32180"},{"taxonomy":"product_mytodo","embeddable":true,"href":"https:\/\/derrudelshop.de\/en\/wp-json\/wp\/v2\/product_mytodo?post=32180"},{"taxonomy":"product_brand","embeddable":true,"href":"https:\/\/derrudelshop.de\/en\/wp-json\/wp\/v2\/product_brand?post=32180"},{"taxonomy":"product_cat","embeddable":true,"href":"https:\/\/derrudelshop.de\/en\/wp-json\/wp\/v2\/product_cat?post=32180"},{"taxonomy":"product_tag","embeddable":true,"href":"https:\/\/derrudelshop.de\/en\/wp-json\/wp\/v2\/product_tag?post=32180"},{"taxonomy":"shop_modelle","embeddable":true,"href":"https:\/\/derrudelshop.de\/en\/wp-json\/wp\/v2\/shop_modelle?post=32180"},{"taxonomy":"wf_product_folders","embeddable":true,"href":"https:\/\/derrudelshop.de\/en\/wp-json\/wp\/v2\/wf_product_folders?post=32180"}],"curies":[{"name":"wp","href":"https:\/\/api.w.org\/{rel}","templated":true}]}}