{"id":32192,"date":"2025-05-27T21:51:29","date_gmt":"2025-05-27T21:51:29","guid":{"rendered":"https:\/\/derrudelshop.de\/?post_type=product&#038;p=32192"},"modified":"2025-06-07T02:32:36","modified_gmt":"2025-06-07T02:32:36","slug":"bedienungsanleitung-fuer-die-tierischen-mitbewohner-cover-2-digitaler-download","status":"publish","type":"product","link":"https:\/\/derrudelshop.de\/en\/product\/bedienungsanleitung-fuer-die-tierischen-mitbewohner-cover-2-digitaler-download\/","title":{"rendered":"Bedienungsanleitung f\u00fcr die Tierischen Mitbewohner (Cover 2) *Digitaler Download*"},"content":{"rendered":"<div class=\"kfds-btm-mrgn-24 kfds-top-mrgn-16 kfds-c-product-detail-res-width\">\n<p class=\"line-breaks kfds-c-word-wrap\">Wisst Ihr wer Eure tierischen Familienmitglieder versorgt wenn Ihr notfallm\u00e4ssig ausfallt?<\/p>\n<p class=\"line-breaks kfds-c-word-wrap\">Sind die im Detail \u00fcber die Bed\u00fcrfnisse etc gebrieft? Oder lasst Ihr ab und an fremdbetreuen? Dies ist eine Blattsammlung zum Ausdrucken, die auf kanpp 90 Seiten in 10 Themenbereichen neben der (Notfall-) Betreuung auch noch einiges an anderen Themen abdeckt:<\/p>\n<ul>\n<li class=\"line-breaks kfds-c-word-wrap\">Stimmungslog<\/li>\n<li class=\"line-breaks kfds-c-word-wrap\">Betreuung<\/li>\n<li class=\"line-breaks kfds-c-word-wrap\">Reise<\/li>\n<li class=\"line-breaks kfds-c-word-wrap\">Planer<\/li>\n<li class=\"line-breaks kfds-c-word-wrap\">Training<\/li>\n<li class=\"line-breaks kfds-c-word-wrap\">Gesundheit<\/li>\n<li class=\"line-breaks kfds-c-word-wrap\">Ausgaben<\/li>\n<li class=\"line-breaks kfds-c-word-wrap\">Notizen, Todos, Ideen &amp; Projekte<\/li>\n<li class=\"line-breaks kfds-c-word-wrap\">Aushang f\u00fcr Rettungskr\u00e4fte<\/li>\n<\/ul>\n<p>&nbsp;<\/p>\n<p>Ausserdem gibt es auch noch R\u00fcckenschilder f\u00fcr Ordner in schmal und breit. Es empfiehlt sich das Deckblatt zudem vorne auf den Ordner mit den Infos zu kleben.<\/p>\n<p>Nutzt die Seiten, die am besten zu Euch passen. Oft sind verschiedene Vorlagen zum gleichen Thema enthalten um verschiedenen Herangehensweisen Rechnung zu tragen. Probiert aus was f\u00fcr Euch am besten ist.<\/p>\n<p>Einige Seiten werden f\u00fcr Euch aktuell keinen Sinn ergeben, sie k\u00f6nnen aber hilfreich werden wenn Ihr (unerwartete) Ver\u00e4nderungen bemerkt und den Dingen auf den Grund gehen wollt.<\/p>\n<p>Und, gerade bei den Seiten die f\u00fcr eine Notfallbetreuung relevant sein k\u00f6nnen: seid so ehrlich wie m\u00f6glich, aber das versteht sich ja von selbst. Lasst im Zweifel Freunde mal dr\u00fcberlesen.<\/p>\n<\/div>\n<div id=\"product-video\"><button class=\"lty-playbtn\" type=\"button\"><span class=\"lyt-visually-hidden\">Play<\/span><\/button><\/div>","protected":false},"excerpt":{"rendered":"<p>Wisst Ihr wer Eure tierischen Familienmitglieder versorgt wenn Ihr notfallm\u00e4ssig ausfallt? Sind die im Detail \u00fcber die Bed\u00fcrfnisse etc gebrieft? Oder lasst Ihr ab und an fremdbetreuen? Dies ist eine Blattsammlung zum Ausdrucken, die auf kanpp 90 Seiten in 10 Themenbereichen neben der (Notfall-) Betreuung auch noch einiges an anderen Themen abdeckt: Stimmungslog Betreuung Reise [&hellip;]<\/p>","protected":false},"featured_media":32199,"comment_status":"open","ping_status":"closed","template":"","meta":{"give_campaign_id":0,"product_produkt-link-pod-manuell":"","product_produktname-pod-manuell":""},"product_meine-kategorie":[830],"product_mypod":[],"product_meinemotivart":[],"product_meinepersonalisierung":[],"product_mydesign":[],"product_mymodelle_hunde":[],"product_mymodelle_schuhe":[],"product_myslogan":[],"product_mytodo":[],"product_brand":[],"product_cat":[829],"product_tag":[],"shop_modelle":[],"wf_product_folders":[],"class_list":{"0":"post-32192","1":"product","2":"type-product","3":"status-publish","4":"has-post-thumbnail","6":"product_meine-kategorie-downloadables","7":"product_cat-downloadables","9":"first","10":"instock","11":"featured","12":"downloadable","13":"virtual","14":"taxable","15":"purchasable","16":"product-type-simple"},"jetpack_sharing_enabled":true,"jetpack_likes_enabled":true,"_links":{"self":[{"href":"https:\/\/derrudelshop.de\/en\/wp-json\/wp\/v2\/product\/32192","targetHints":{"allow":["GET"]}}],"collection":[{"href":"https:\/\/derrudelshop.de\/en\/wp-json\/wp\/v2\/product"}],"about":[{"href":"https:\/\/derrudelshop.de\/en\/wp-json\/wp\/v2\/types\/product"}],"replies":[{"embeddable":true,"href":"https:\/\/derrudelshop.de\/en\/wp-json\/wp\/v2\/comments?post=32192"}],"version-history":[{"count":1,"href":"https:\/\/derrudelshop.de\/en\/wp-json\/wp\/v2\/product\/32192\/revisions"}],"predecessor-version":[{"id":32218,"href":"https:\/\/derrudelshop.de\/en\/wp-json\/wp\/v2\/product\/32192\/revisions\/32218"}],"wp:featuredmedia":[{"embeddable":true,"href":"https:\/\/derrudelshop.de\/en\/wp-json\/wp\/v2\/media\/32199"}],"wp:attachment":[{"href":"https:\/\/derrudelshop.de\/en\/wp-json\/wp\/v2\/media?parent=32192"}],"wp:term":[{"taxonomy":"product_meine-kategorie","embeddable":true,"href":"https:\/\/derrudelshop.de\/en\/wp-json\/wp\/v2\/product_meine-kategorie?post=32192"},{"taxonomy":"product_mypod","embeddable":true,"href":"https:\/\/derrudelshop.de\/en\/wp-json\/wp\/v2\/product_mypod?post=32192"},{"taxonomy":"product_meinemotivart","embeddable":true,"href":"https:\/\/derrudelshop.de\/en\/wp-json\/wp\/v2\/product_meinemotivart?post=32192"},{"taxonomy":"product_meinepersonalisierung","embeddable":true,"href":"https:\/\/derrudelshop.de\/en\/wp-json\/wp\/v2\/product_meinepersonalisierung?post=32192"},{"taxonomy":"product_mydesign","embeddable":true,"href":"https:\/\/derrudelshop.de\/en\/wp-json\/wp\/v2\/product_mydesign?post=32192"},{"taxonomy":"product_mymodelle_hunde","embeddable":true,"href":"https:\/\/derrudelshop.de\/en\/wp-json\/wp\/v2\/product_mymodelle_hunde?post=32192"},{"taxonomy":"product_mymodelle_schuhe","embeddable":true,"href":"https:\/\/derrudelshop.de\/en\/wp-json\/wp\/v2\/product_mymodelle_schuhe?post=32192"},{"taxonomy":"product_myslogan","embeddable":true,"href":"https:\/\/derrudelshop.de\/en\/wp-json\/wp\/v2\/product_myslogan?post=32192"},{"taxonomy":"product_mytodo","embeddable":true,"href":"https:\/\/derrudelshop.de\/en\/wp-json\/wp\/v2\/product_mytodo?post=32192"},{"taxonomy":"product_brand","embeddable":true,"href":"https:\/\/derrudelshop.de\/en\/wp-json\/wp\/v2\/product_brand?post=32192"},{"taxonomy":"product_cat","embeddable":true,"href":"https:\/\/derrudelshop.de\/en\/wp-json\/wp\/v2\/product_cat?post=32192"},{"taxonomy":"product_tag","embeddable":true,"href":"https:\/\/derrudelshop.de\/en\/wp-json\/wp\/v2\/product_tag?post=32192"},{"taxonomy":"shop_modelle","embeddable":true,"href":"https:\/\/derrudelshop.de\/en\/wp-json\/wp\/v2\/shop_modelle?post=32192"},{"taxonomy":"wf_product_folders","embeddable":true,"href":"https:\/\/derrudelshop.de\/en\/wp-json\/wp\/v2\/wf_product_folders?post=32192"}],"curies":[{"name":"wp","href":"https:\/\/api.w.org\/{rel}","templated":true}]}}