{"id":32194,"date":"2025-05-27T20:46:21","date_gmt":"2025-05-27T20:46:21","guid":{"rendered":"https:\/\/derrudelshop.de\/?post_type=product&#038;p=32194"},"modified":"2025-05-27T21:55:37","modified_gmt":"2025-05-27T21:55:37","slug":"bedienungsanleitung-fuer-die-tierischen-mitbewohner-informationen-nicht-nur-fuer-notfaelle","status":"publish","type":"product","link":"https:\/\/derrudelshop.de\/en\/product\/bedienungsanleitung-fuer-die-tierischen-mitbewohner-informationen-nicht-nur-fuer-notfaelle\/","title":{"rendered":"Bedienungsanleitung f\u00fcr die tierischen Mitbewohner: Informationen nicht nur f\u00fcr Notf\u00e4lle"},"content":{"rendered":"<p>Wisst Ihr wer Eure tierischen Familienmitglieder versorgt wenn Ihr notfallm\u00e4ssig ausfallt? Sind die im Detail \u00fcber die Bed\u00fcrfnisse etc gebrieft?<\/p>\n<p>Oder lasst Ihr ab und an fremdbetreuen?<\/p>\n<p>Dies ist Arbeitsbuch, eine Vorlagensammlung, die in 10 Themenbereichen neben der (Notfall-) Betreuung auch noch einiges an anderen Themen abdeckt:<br \/>\n&#8211; Stimmungslog<br \/>\n&#8211; Betreuung<br \/>\n&#8211; Reise<br \/>\n&#8211; Planer<br \/>\n&#8211; Training<br \/>\n&#8211; Gesundheit<br \/>\n&#8211; Ausgaben<br \/>\n&#8211; Notizen, Todos, Ideen &amp; Projekte<br \/>\n&#8211; Aushang f\u00fcr Rettungskr\u00e4fte<\/p>\n<p>Nutzt die Seiten, die am besten zu Euch passen.<\/p>\n<p>Oft sind verschiedene Vorlagen zum gleichen Thema enthalten um verschiedenen Herangehensweisen Rechnung zu tragen.<\/p>\n<p>Probiert aus was f\u00fcr Euch am besten ist.<\/p>\n<p>Einige Seiten werden f\u00fcr Euch aktuell keinen Sinn ergeben, sie k\u00f6nnen aber hilfreich werden wenn Ihr (unerwartete) Ver\u00e4nderungen bemerkt und den Dingen auf den Grund gehen wollt.<\/p>\n<p>Und, gerade bei den Seiten die f\u00fcr eine Notfallbetreuung relevant sein k\u00f6nnen: seid so ehrlich wie m\u00f6glich, aber das versteht sich ja von selbst. Lasst im Zweifel Freunde mal dr\u00fcberlesen.<\/p>","protected":false},"excerpt":{"rendered":"<p>Wisst Ihr wer Eure tierischen Familienmitglieder versorgt wenn Ihr notfallm\u00e4ssig ausfallt? Sind die im Detail \u00fcber die Bed\u00fcrfnisse etc gebrieft? Oder lasst Ihr ab und an fremdbetreuen? Dies ist Arbeitsbuch, eine Vorlagensammlung, die in 10 Themenbereichen neben der (Notfall-) Betreuung auch noch einiges an anderen Themen abdeckt: &#8211; Stimmungslog &#8211; Betreuung &#8211; Reise &#8211; Planer [&hellip;]<\/p>","protected":false},"featured_media":32207,"comment_status":"open","ping_status":"closed","template":"","meta":{"give_campaign_id":0,"product_produkt-link-pod-manuell":"","product_produktname-pod-manuell":""},"product_meine-kategorie":[1041],"product_mypod":[],"product_meinemotivart":[],"product_meinepersonalisierung":[],"product_mydesign":[],"product_mymodelle_hunde":[],"product_mymodelle_schuhe":[],"product_myslogan":[],"product_mytodo":[],"product_brand":[],"product_cat":[1040],"product_tag":[],"shop_modelle":[],"wf_product_folders":[],"class_list":{"0":"post-32194","1":"product","2":"type-product","3":"status-publish","4":"has-post-thumbnail","6":"product_meine-kategorie-buecher","7":"product_cat-buecher","9":"first","10":"instock","11":"featured","12":"taxable","13":"shipping-taxable","14":"product-type-external"},"jetpack_sharing_enabled":true,"jetpack_likes_enabled":true,"_links":{"self":[{"href":"https:\/\/derrudelshop.de\/en\/wp-json\/wp\/v2\/product\/32194","targetHints":{"allow":["GET"]}}],"collection":[{"href":"https:\/\/derrudelshop.de\/en\/wp-json\/wp\/v2\/product"}],"about":[{"href":"https:\/\/derrudelshop.de\/en\/wp-json\/wp\/v2\/types\/product"}],"replies":[{"embeddable":true,"href":"https:\/\/derrudelshop.de\/en\/wp-json\/wp\/v2\/comments?post=32194"}],"version-history":[{"count":1,"href":"https:\/\/derrudelshop.de\/en\/wp-json\/wp\/v2\/product\/32194\/revisions"}],"predecessor-version":[{"id":32211,"href":"https:\/\/derrudelshop.de\/en\/wp-json\/wp\/v2\/product\/32194\/revisions\/32211"}],"wp:featuredmedia":[{"embeddable":true,"href":"https:\/\/derrudelshop.de\/en\/wp-json\/wp\/v2\/media\/32207"}],"wp:attachment":[{"href":"https:\/\/derrudelshop.de\/en\/wp-json\/wp\/v2\/media?parent=32194"}],"wp:term":[{"taxonomy":"product_meine-kategorie","embeddable":true,"href":"https:\/\/derrudelshop.de\/en\/wp-json\/wp\/v2\/product_meine-kategorie?post=32194"},{"taxonomy":"product_mypod","embeddable":true,"href":"https:\/\/derrudelshop.de\/en\/wp-json\/wp\/v2\/product_mypod?post=32194"},{"taxonomy":"product_meinemotivart","embeddable":true,"href":"https:\/\/derrudelshop.de\/en\/wp-json\/wp\/v2\/product_meinemotivart?post=32194"},{"taxonomy":"product_meinepersonalisierung","embeddable":true,"href":"https:\/\/derrudelshop.de\/en\/wp-json\/wp\/v2\/product_meinepersonalisierung?post=32194"},{"taxonomy":"product_mydesign","embeddable":true,"href":"https:\/\/derrudelshop.de\/en\/wp-json\/wp\/v2\/product_mydesign?post=32194"},{"taxonomy":"product_mymodelle_hunde","embeddable":true,"href":"https:\/\/derrudelshop.de\/en\/wp-json\/wp\/v2\/product_mymodelle_hunde?post=32194"},{"taxonomy":"product_mymodelle_schuhe","embeddable":true,"href":"https:\/\/derrudelshop.de\/en\/wp-json\/wp\/v2\/product_mymodelle_schuhe?post=32194"},{"taxonomy":"product_myslogan","embeddable":true,"href":"https:\/\/derrudelshop.de\/en\/wp-json\/wp\/v2\/product_myslogan?post=32194"},{"taxonomy":"product_mytodo","embeddable":true,"href":"https:\/\/derrudelshop.de\/en\/wp-json\/wp\/v2\/product_mytodo?post=32194"},{"taxonomy":"product_brand","embeddable":true,"href":"https:\/\/derrudelshop.de\/en\/wp-json\/wp\/v2\/product_brand?post=32194"},{"taxonomy":"product_cat","embeddable":true,"href":"https:\/\/derrudelshop.de\/en\/wp-json\/wp\/v2\/product_cat?post=32194"},{"taxonomy":"product_tag","embeddable":true,"href":"https:\/\/derrudelshop.de\/en\/wp-json\/wp\/v2\/product_tag?post=32194"},{"taxonomy":"shop_modelle","embeddable":true,"href":"https:\/\/derrudelshop.de\/en\/wp-json\/wp\/v2\/shop_modelle?post=32194"},{"taxonomy":"wf_product_folders","embeddable":true,"href":"https:\/\/derrudelshop.de\/en\/wp-json\/wp\/v2\/wf_product_folders?post=32194"}],"curies":[{"name":"wp","href":"https:\/\/api.w.org\/{rel}","templated":true}]}}