{"id":32813,"date":"2025-08-05T02:50:00","date_gmt":"2025-08-05T02:50:00","guid":{"rendered":"https:\/\/derrudelshop.de\/?post_type=product&#038;p=32813"},"modified":"2025-08-05T03:43:55","modified_gmt":"2025-08-05T03:43:55","slug":"one-shoulder-bikini-mit-hohem-bund-woof-woof","status":"publish","type":"product","link":"https:\/\/derrudelshop.de\/en\/product\/one-shoulder-bikini-mit-hohem-bund-woof-woof\/","title":{"rendered":"One-Shoulder Bikini mit Hohem Bund woof woof"},"content":{"rendered":"<p><span style=\"font-size: 13px\">Bringen Sie Farbe und Stil an Ihren Sommertagen mit unserem einzigartigen One-Shoulder Tie High-Waisted Bikini! Speziell entworfen f\u00fcr modebewusste Frauen, vereint dieser Bikini Komfort, Eleganz und trendige Akzente. <\/span><span style=\"font-size: 13px\"><strong>Materialbeschreibung:<\/strong><\/span><span style=\"font-size: 13px\"> Hergestellt aus 86% Polyester und 14% Spandex, bietet dieser Bikini eine perfekte Kombination aus Elastizit\u00e4t und Haltbarkeit. <\/span><span style=\"font-size: 13px\"><strong>Design:<\/strong><\/span><span style=\"font-size: 13px\"> <\/span><\/p>\n<ul>\n<li style=\"text-align: start;line-height: 1.5\"><span style=\"font-size: 13px\"><strong>Einseitiger Druck:<\/strong><\/span> Setzen Sie modische Akzente mit unserer hochwertigen Sublimationsdrucktechnik, die brillante Farben und Muster gew\u00e4hrleistet. <\/li>\n<li style=\"text-align: start;line-height: 1.5\"><span style=\"font-size: 13px\"><strong>Verspielt &amp; St\u00fctzend:<\/strong><\/span> Der einseitige, geknotete Oberteil verleiht einen dynamischen Look, w\u00e4hrend die breiten Schultergurte zus\u00e4tzlichen Halt bieten. <\/li>\n<li style=\"text-align: start;line-height: 1.5\"><span style=\"font-size: 13px\"><strong>Figurbetont:<\/strong><\/span> Das geraffte Design betont Ihre sch\u00f6ne Oberweite und die hochtaillierten Bikinihosen mit verstellbaren B\u00e4ndern schmeicheln Ihrer H\u00fcftkurve.<span style=\"font-size: 13px\"> <\/span><span style=\"font-size: 13px\"><strong>Perfekt F\u00fcr:<\/strong><\/span><span style=\"font-size: 13px\"> Ideal f\u00fcr jede Gelegenheit im Sommer! Ob Schwimmen, am Strand, im Urlaub, beim Sonnenbaden, im Wasserpark oder bei Poolpartys \u2013 dieser Bikini ist die perfekte Wahl. Auch ein wunderbares Geschenk f\u00fcr Ihre Frau oder beste Freundinnen! <\/span><span style=\"font-size: 13px\"><strong>Pflegehinweise:<\/strong><\/span><span style=\"font-size: 13px\"> <\/span><\/li>\n<li style=\"text-align: start;line-height: 1.5\">Hand- oder Maschinenw\u00e4sche m\u00f6glich. <\/li>\n<li style=\"text-align: start;line-height: 1.5\">Nicht lange einweichen und nicht bleichen. <\/li>\n<li style=\"text-align: start;line-height: 1.5\">Die Wassertemperatur beim Waschen sollte 45\u00baC nicht \u00fcberschreiten.<span style=\"font-size: 13px\"> <\/span><span style=\"font-size: 13px\"><strong>Hinweis:<\/strong><\/span><span style=\"font-size: 13px\"> Bitte beachten Sie, dass es durch Produktionsvariationen zu kleinen Farb-, Positions- und\/oder Gr\u00f6\u00dfenunterschieden kommen kann. Diese sind normal und stellen keinen Reklamationsgrund dar. Wir bedanken uns f\u00fcr Ihr Verst\u00e4ndnis bez\u00fcglich der Druckprozesse. <\/span><span style=\"font-size: 13px\"><strong>Lieferumfang:<\/strong><\/span><span style=\"font-size: 13px\"> Erhalten Sie ein stylisches One-Shoulder Bikini-Oberteil und die passenden hochtaillierten Bikini-Hosen. Der Bikini kommt mit herausnehmbaren Brustpolstern f\u00fcr zus\u00e4tzlichen Komfort. Machen Sie diesen Sommer unvergesslich mit unserem einzigartigen One-Shoulder Tie High-Waisted Bikini! W\u00e4hlen Sie Ihr ideales Design und setzen Sie ein modisches Statement!<\/span><\/li>\n<\/ul>\n<p style=\"text-align: start;line-height: 1.5\"><\/p>\n<p style=\"text-align: start;line-height: 1.5\"><\/p>\n<table style=\"width: 100%\">\n<tbody>\n<tr>\n<td colspan=\"1\" rowspan=\"1\" width=\"auto\" style=\"text-align: center\"><strong>Size<\/strong><\/td>\n<td colspan=\"1\" rowspan=\"1\" width=\"auto\" style=\"text-align: center\"><span><strong>Length(cm)<\/strong><\/span><\/td>\n<td colspan=\"1\" rowspan=\"1\" width=\"auto\" style=\"text-align: center\"><span><strong>1\/2 Bust(cm)<\/strong><\/span><\/td>\n<td colspan=\"1\" rowspan=\"1\" width=\"auto\" style=\"text-align: center\"><span><strong>1\/2 Waist(cm)<\/strong><\/span><\/td>\n<td colspan=\"1\" rowspan=\"1\" width=\"auto\" style=\"text-align: center\"><span><strong>1\/2 Foot Mouth(cm)<\/strong><\/span><\/td>\n<td colspan=\"1\" rowspan=\"1\" width=\"auto\" style=\"text-align: center\"><span><strong>Cup<\/strong><\/span><\/td>\n<\/tr>\n<tr>\n<td colspan=\"1\" rowspan=\"1\" width=\"auto\" style=\"text-align: center\">S<\/td>\n<td colspan=\"1\" rowspan=\"1\" width=\"auto\" style=\"text-align: center\">32.0<\/td>\n<td colspan=\"1\" rowspan=\"1\" width=\"auto\" style=\"text-align: center\">36.0<\/td>\n<td colspan=\"1\" rowspan=\"1\" width=\"auto\" style=\"text-align: center\">32.0<\/td>\n<td colspan=\"1\" rowspan=\"1\" width=\"auto\" style=\"text-align: center\">28.5<\/td>\n<td colspan=\"1\" rowspan=\"1\" width=\"auto\" style=\"text-align: center\">34B 36B 34C<\/td>\n<\/tr>\n<tr>\n<td colspan=\"1\" rowspan=\"1\" width=\"auto\" style=\"text-align: center\">M<\/td>\n<td colspan=\"1\" rowspan=\"1\" width=\"auto\" style=\"text-align: center\">33.0<\/td>\n<td colspan=\"1\" rowspan=\"1\" width=\"auto\" style=\"text-align: center\">38.5<\/td>\n<td colspan=\"1\" rowspan=\"1\" width=\"auto\" style=\"text-align: center\">34.5<\/td>\n<td colspan=\"1\" rowspan=\"1\" width=\"auto\" style=\"text-align: center\">29.7<\/td>\n<td colspan=\"1\" rowspan=\"1\" width=\"auto\" style=\"text-align: center\">38B 36C 34D<\/td>\n<\/tr>\n<tr>\n<td colspan=\"1\" rowspan=\"1\" width=\"auto\" style=\"text-align: center\">L<\/td>\n<td colspan=\"1\" rowspan=\"1\" width=\"auto\" style=\"text-align: center\">34.0<\/td>\n<td colspan=\"1\" rowspan=\"1\" width=\"auto\" style=\"text-align: center\">41.0<\/td>\n<td colspan=\"1\" rowspan=\"1\" width=\"auto\" style=\"text-align: center\">37.0<\/td>\n<td colspan=\"1\" rowspan=\"1\" width=\"auto\" style=\"text-align: center\">30.9<\/td>\n<td colspan=\"1\" rowspan=\"1\" width=\"auto\" style=\"text-align: center\">40B 38C 36D<\/td>\n<\/tr>\n<tr>\n<td colspan=\"1\" rowspan=\"1\" width=\"auto\" style=\"text-align: center\">XL<\/td>\n<td colspan=\"1\" rowspan=\"1\" width=\"auto\" style=\"text-align: center\">35.0<\/td>\n<td colspan=\"1\" rowspan=\"1\" width=\"auto\" style=\"text-align: center\">43.5<\/td>\n<td colspan=\"1\" rowspan=\"1\" width=\"auto\" style=\"text-align: center\">39.5<\/td>\n<td colspan=\"1\" rowspan=\"1\" width=\"auto\" style=\"text-align: center\">32.1<\/td>\n<td colspan=\"1\" rowspan=\"1\" width=\"auto\" style=\"text-align: center\">40C 38D 40D<\/td>\n<\/tr>\n<tr>\n<td colspan=\"1\" rowspan=\"1\" width=\"auto\" style=\"text-align: center\">2XL<\/td>\n<td colspan=\"1\" rowspan=\"1\" width=\"auto\" style=\"text-align: center\">36.0<\/td>\n<td colspan=\"1\" rowspan=\"1\" width=\"auto\" style=\"text-align: center\">46.0<\/td>\n<td colspan=\"1\" rowspan=\"1\" width=\"auto\" style=\"text-align: center\">42.0<\/td>\n<td colspan=\"1\" rowspan=\"1\" width=\"auto\" style=\"text-align: center\">33.3<\/td>\n<td colspan=\"1\" rowspan=\"1\" width=\"auto\" style=\"text-align: center\">42C 42D 38E 40E<\/td>\n<\/tr>\n<\/tbody>\n<\/table>","protected":false},"excerpt":{"rendered":"<p><span style=\"font-size: 13px\">Bringen Sie Farbe und Stil an Ihren Sommertagen mit unserem einzigartigen One-Shoulder Tie High-Waisted Bikini! Speziell entworfen f\u00fcr modebewusste Frauen, vereint dieser Bikini Komfort, Eleganz und trendige Akzente. <\/span><span style=\"font-size: 13px\"><strong>Materialbeschreibung:<\/strong><\/span><span style=\"font-size: 13px\"> Hergestellt aus 86% Polyester und 14% Spandex, bietet dieser Bikini eine perfekte Kombination aus Elastizit\u00e4t und Haltbarkeit. <\/span><span style=\"font-size: 13px\"><strong>Design:<\/strong><\/span><span style=\"font-size: 13px\"> <\/span><\/p>\n<ul>\n<li style=\"text-align: start;line-height: 1.5\"><span style=\"font-size: 13px\"><strong>Einseitiger Druck:<\/strong><\/span> Setzen Sie modische Akzente mit unserer hochwertigen Sublimationsdrucktechnik, die brillante Farben und Muster gew\u00e4hrleistet. <\/li>\n<li style=\"text-align: start;line-height: 1.5\"><span style=\"font-size: 13px\"><strong>Verspielt &amp; St\u00fctzend:<\/strong><\/span> Der einseitige, geknotete Oberteil verleiht einen dynamischen Look, w\u00e4hrend die breiten Schultergurte zus\u00e4tzlichen Halt bieten. <\/li>\n<li style=\"text-align: start;line-height: 1.5\"><span style=\"font-size: 13px\"><strong>Figurbetont:<\/strong><\/span> Das geraffte Design betont Ihre sch\u00f6ne Oberweite und die hochtaillierten Bikinihosen mit verstellbaren B\u00e4ndern schmeicheln Ihrer H\u00fcftkurve.<span style=\"font-size: 13px\"> <\/span><span style=\"font-size: 13px\"><strong>Perfekt F\u00fcr:<\/strong><\/span><span style=\"font-size: 13px\"> Ideal f\u00fcr jede Gelegenheit im Sommer! Ob Schwimmen, am Strand, im Urlaub, beim Sonnenbaden, im Wasserpark oder bei Poolpartys \u2013 dieser Bikini ist die perfekte Wahl. Auch ein wunderbares Geschenk f\u00fcr Ihre Frau oder beste Freundinnen! <\/span><span style=\"font-size: 13px\"><strong>Pflegehinweise:<\/strong><\/span><span style=\"font-size: 13px\"> <\/span><\/li>\n<li style=\"text-align: start;line-height: 1.5\">Hand- oder Maschinenw\u00e4sche m\u00f6glich. <\/li>\n<li style=\"text-align: start;line-height: 1.5\">Nicht lange einweichen und nicht bleichen. <\/li>\n<li style=\"text-align: start;line-height: 1.5\">Die Wassertemperatur beim Waschen sollte 45\u00baC nicht \u00fcberschreiten.<span style=\"font-size: 13px\"> <\/span><span style=\"font-size: 13px\"><strong>Hinweis:<\/strong><\/span><span style=\"font-size: 13px\"> Bitte beachten Sie, dass es durch Produktionsvariationen zu kleinen Farb-, Positions- und\/oder Gr\u00f6\u00dfenunterschieden kommen kann. Diese sind normal und stellen keinen Reklamationsgrund dar. Wir bedanken uns f\u00fcr Ihr Verst\u00e4ndnis bez\u00fcglich der Druckprozesse. <\/span><span style=\"font-size: 13px\"><strong>Lieferumfang:<\/strong><\/span><span style=\"font-size: 13px\"> Erhalten Sie ein stylisches One-Shoulder Bikini-Oberteil und die passenden hochtaillierten Bikini-Hosen. Der Bikini kommt mit herausnehmbaren Brustpolstern f\u00fcr zus\u00e4tzlichen Komfort. Machen Sie diesen Sommer unvergesslich mit unserem einzigartigen One-Shoulder Tie High-Waisted Bikini! W\u00e4hlen Sie Ihr ideales Design und setzen Sie ein modisches Statement!<\/span><\/li>\n<\/ul>\n<p style=\"text-align: start;line-height: 1.5\"><\/p>\n<p style=\"text-align: start;line-height: 1.5\"><\/p>\n<table style=\"width: 100%\">\n<tbody>\n<tr>\n<td colspan=\"1\" rowspan=\"1\" width=\"auto\" style=\"text-align: center\"><strong>Size<\/strong><\/td>\n<td colspan=\"1\" rowspan=\"1\" width=\"auto\" style=\"text-align: center\"><span><strong>Length(cm)<\/strong><\/span><\/td>\n<td colspan=\"1\" rowspan=\"1\" width=\"auto\" style=\"text-align: center\"><span><strong>1\/2 Bust(cm)<\/strong><\/span><\/td>\n<td colspan=\"1\" rowspan=\"1\" width=\"auto\" style=\"text-align: center\"><span><strong>1\/2 Waist(cm)<\/strong><\/span><\/td>\n<td colspan=\"1\" rowspan=\"1\" width=\"auto\" style=\"text-align: center\"><span><strong>1\/2 Foot Mouth(cm)<\/strong><\/span><\/td>\n<td colspan=\"1\" rowspan=\"1\" width=\"auto\" style=\"text-align: center\"><span><strong>Cup<\/strong><\/span><\/td>\n<\/tr>\n<tr>\n<td colspan=\"1\" rowspan=\"1\" width=\"auto\" style=\"text-align: center\">S<\/td>\n<td colspan=\"1\" rowspan=\"1\" width=\"auto\" style=\"text-align: center\">32.0<\/td>\n<td colspan=\"1\" rowspan=\"1\" width=\"auto\" style=\"text-align: center\">36.0<\/td>\n<td colspan=\"1\" rowspan=\"1\" width=\"auto\" style=\"text-align: center\">32.0<\/td>\n<td colspan=\"1\" rowspan=\"1\" width=\"auto\" style=\"text-align: center\">28.5<\/td>\n<td colspan=\"1\" rowspan=\"1\" width=\"auto\" style=\"text-align: center\">34B 36B 34C<\/td>\n<\/tr>\n<tr>\n<td colspan=\"1\" rowspan=\"1\" width=\"auto\" style=\"text-align: center\">M<\/td>\n<td colspan=\"1\" rowspan=\"1\" width=\"auto\" style=\"text-align: center\">33.0<\/td>\n<td colspan=\"1\" rowspan=\"1\" width=\"auto\" style=\"text-align: center\">38.5<\/td>\n<td colspan=\"1\" rowspan=\"1\" width=\"auto\" style=\"text-align: center\">34.5<\/td>\n<td colspan=\"1\" rowspan=\"1\" width=\"auto\" style=\"text-align: center\">29.7<\/td>\n<td colspan=\"1\" rowspan=\"1\" width=\"auto\" style=\"text-align: center\">38B 36C 34D<\/td>\n<\/tr>\n<tr>\n<td colspan=\"1\" rowspan=\"1\" width=\"auto\" style=\"text-align: center\">L<\/td>\n<td colspan=\"1\" rowspan=\"1\" width=\"auto\" style=\"text-align: center\">34.0<\/td>\n<td colspan=\"1\" rowspan=\"1\" width=\"auto\" style=\"text-align: center\">41.0<\/td>\n<td colspan=\"1\" rowspan=\"1\" width=\"auto\" style=\"text-align: center\">37.0<\/td>\n<td colspan=\"1\" rowspan=\"1\" width=\"auto\" style=\"text-align: center\">30.9<\/td>\n<td colspan=\"1\" rowspan=\"1\" width=\"auto\" style=\"text-align: center\">40B 38C 36D<\/td>\n<\/tr>\n<tr>\n<td colspan=\"1\" rowspan=\"1\" width=\"auto\" style=\"text-align: center\">XL<\/td>\n<td colspan=\"1\" rowspan=\"1\" width=\"auto\" style=\"text-align: center\">35.0<\/td>\n<td colspan=\"1\" rowspan=\"1\" width=\"auto\" style=\"text-align: center\">43.5<\/td>\n<td colspan=\"1\" rowspan=\"1\" width=\"auto\" style=\"text-align: center\">39.5<\/td>\n<td colspan=\"1\" rowspan=\"1\" width=\"auto\" style=\"text-align: center\">32.1<\/td>\n<td colspan=\"1\" rowspan=\"1\" width=\"auto\" style=\"text-align: center\">40C 38D 40D<\/td>\n<\/tr>\n<tr>\n<td colspan=\"1\" rowspan=\"1\" width=\"auto\" style=\"text-align: center\">2XL<\/td>\n<td colspan=\"1\" rowspan=\"1\" width=\"auto\" style=\"text-align: center\">36.0<\/td>\n<td colspan=\"1\" rowspan=\"1\" width=\"auto\" style=\"text-align: center\">46.0<\/td>\n<td colspan=\"1\" rowspan=\"1\" width=\"auto\" style=\"text-align: center\">42.0<\/td>\n<td colspan=\"1\" rowspan=\"1\" width=\"auto\" style=\"text-align: center\">33.3<\/td>\n<td colspan=\"1\" rowspan=\"1\" width=\"auto\" style=\"text-align: center\">42C 42D 38E 40E<\/td>\n<\/tr>\n<\/tbody>\n<\/table>","protected":false},"featured_media":32808,"comment_status":"open","ping_status":"closed","template":"","meta":{"give_campaign_id":0,"product_produkt-link-pod-manuell":"","product_produktname-pod-manuell":""},"product_meine-kategorie":[1050,1052,561,816],"product_mypod":[626],"product_meinemotivart":[714],"product_meinepersonalisierung":[],"product_mydesign":[],"product_mymodelle_hunde":[],"product_mymodelle_schuhe":[],"product_myslogan":[],"product_mytodo":[698,704],"product_brand":[],"product_cat":[334],"product_tag":[],"shop_modelle":[],"wf_product_folders":[431],"class_list":{"0":"post-32813","1":"product","2":"type-product","3":"status-publish","4":"has-post-thumbnail","6":"product_meine-kategorie-bademode","7":"product_meine-kategorie-bikini","8":"product_meine-kategorie-kleidung","9":"product_meine-kategorie-sommer","10":"product_mypod-printkk","11":"product_meinemotivart-druck","12":"product_mytodo-kategorien_done","13":"product_mytodo-translation_done","14":"product_cat-kleidung","16":"first","17":"instock","18":"taxable","19":"shipping-taxable","20":"purchasable","21":"product-type-variable"},"jetpack_sharing_enabled":true,"jetpack_likes_enabled":true,"_links":{"self":[{"href":"https:\/\/derrudelshop.de\/en\/wp-json\/wp\/v2\/product\/32813","targetHints":{"allow":["GET"]}}],"collection":[{"href":"https:\/\/derrudelshop.de\/en\/wp-json\/wp\/v2\/product"}],"about":[{"href":"https:\/\/derrudelshop.de\/en\/wp-json\/wp\/v2\/types\/product"}],"replies":[{"embeddable":true,"href":"https:\/\/derrudelshop.de\/en\/wp-json\/wp\/v2\/comments?post=32813"}],"version-history":[{"count":1,"href":"https:\/\/derrudelshop.de\/en\/wp-json\/wp\/v2\/product\/32813\/revisions"}],"predecessor-version":[{"id":32814,"href":"https:\/\/derrudelshop.de\/en\/wp-json\/wp\/v2\/product\/32813\/revisions\/32814"}],"wp:featuredmedia":[{"embeddable":true,"href":"https:\/\/derrudelshop.de\/en\/wp-json\/wp\/v2\/media\/32808"}],"wp:attachment":[{"href":"https:\/\/derrudelshop.de\/en\/wp-json\/wp\/v2\/media?parent=32813"}],"wp:term":[{"taxonomy":"product_meine-kategorie","embeddable":true,"href":"https:\/\/derrudelshop.de\/en\/wp-json\/wp\/v2\/product_meine-kategorie?post=32813"},{"taxonomy":"product_mypod","embeddable":true,"href":"https:\/\/derrudelshop.de\/en\/wp-json\/wp\/v2\/product_mypod?post=32813"},{"taxonomy":"product_meinemotivart","embeddable":true,"href":"https:\/\/derrudelshop.de\/en\/wp-json\/wp\/v2\/product_meinemotivart?post=32813"},{"taxonomy":"product_meinepersonalisierung","embeddable":true,"href":"https:\/\/derrudelshop.de\/en\/wp-json\/wp\/v2\/product_meinepersonalisierung?post=32813"},{"taxonomy":"product_mydesign","embeddable":true,"href":"https:\/\/derrudelshop.de\/en\/wp-json\/wp\/v2\/product_mydesign?post=32813"},{"taxonomy":"product_mymodelle_hunde","embeddable":true,"href":"https:\/\/derrudelshop.de\/en\/wp-json\/wp\/v2\/product_mymodelle_hunde?post=32813"},{"taxonomy":"product_mymodelle_schuhe","embeddable":true,"href":"https:\/\/derrudelshop.de\/en\/wp-json\/wp\/v2\/product_mymodelle_schuhe?post=32813"},{"taxonomy":"product_myslogan","embeddable":true,"href":"https:\/\/derrudelshop.de\/en\/wp-json\/wp\/v2\/product_myslogan?post=32813"},{"taxonomy":"product_mytodo","embeddable":true,"href":"https:\/\/derrudelshop.de\/en\/wp-json\/wp\/v2\/product_mytodo?post=32813"},{"taxonomy":"product_brand","embeddable":true,"href":"https:\/\/derrudelshop.de\/en\/wp-json\/wp\/v2\/product_brand?post=32813"},{"taxonomy":"product_cat","embeddable":true,"href":"https:\/\/derrudelshop.de\/en\/wp-json\/wp\/v2\/product_cat?post=32813"},{"taxonomy":"product_tag","embeddable":true,"href":"https:\/\/derrudelshop.de\/en\/wp-json\/wp\/v2\/product_tag?post=32813"},{"taxonomy":"shop_modelle","embeddable":true,"href":"https:\/\/derrudelshop.de\/en\/wp-json\/wp\/v2\/shop_modelle?post=32813"},{"taxonomy":"wf_product_folders","embeddable":true,"href":"https:\/\/derrudelshop.de\/en\/wp-json\/wp\/v2\/wf_product_folders?post=32813"}],"curies":[{"name":"wp","href":"https:\/\/api.w.org\/{rel}","templated":true}]}}