{"id":32847,"date":"2025-08-05T03:38:00","date_gmt":"2025-08-05T03:38:00","guid":{"rendered":"https:\/\/derrudelshop.de\/?post_type=product&#038;p=32847"},"modified":"2025-08-05T03:43:54","modified_gmt":"2025-08-05T03:43:54","slug":"eleganter-cross-back-einteiler-fuer-damen-stilvoller-badanzug-fuer-den-perfekten-auftritt-am-wasser-woof-woof","status":"publish","type":"product","link":"https:\/\/derrudelshop.de\/en\/product\/eleganter-cross-back-einteiler-fuer-damen-stilvoller-badanzug-fuer-den-perfekten-auftritt-am-wasser-woof-woof\/","title":{"rendered":"Eleganter Cross-Back Einteiler f\u00fcr Damen \u2013 Stilvoller Badanzug f\u00fcr den perfekten Auftritt am Wasser woof woof"},"content":{"rendered":"<p><span style=\"font-size: 13px\">Tauche ein in den Sommer mit unserem Cross-Back One Piece Swimsuit! Dieser wundersch\u00f6ne Einteiler vereint modisches Design mit h\u00f6chstem Tragekomfort und ist der ideale Begleiter f\u00fcr all deine Wasserabenteuer. <\/span><span style=\"font-size: 13px\"><strong>Material:<br \/><\/strong><\/span><span style=\"font-size: 13px\">Hergestellt aus 86% Polyester und 14% Spandex, bietet dieser Badanzug einen sanften, mittleren Stretch und eine ausgezeichnete Passform. Der Stoff ist weich und angenehm auf der Haut und sorgt f\u00fcr ein wundersch\u00f6nes K\u00f6rper-Highlighting. <\/span><span style=\"font-size: 13px\"><strong>Design:<br \/><\/strong><\/span><span style=\"font-size: 13px\">Der innovative Cross-Back-Stil hebt deine Figur hervor und umschmeichelt deine Kurven. Die verstellbaren Beinschn\u00fcre\ufe0f garantieren eine individuelle Anpassung f\u00fcr jede K\u00f6rperform und sind so konzipiert, dass sie das Eindringen von Wasser minimieren. Du wirst die Leichtigkeit dieses Designs lieben, das dir nicht nur Bewegungsfreiheit, sondern auch einen sexy Look verleiht! <\/span><span style=\"font-size: 13px\"><strong>Vielseitige Anwendbarkeit:<br \/><\/strong><\/span><span style=\"font-size: 13px\">Ideal f\u00fcr alle outdoor Aktivit\u00e4ten, wie Strandtage oder Sandabenteuer, sowie f\u00fcr entspannendes Schwimmen im Hallenbad \u2013 dieser einteilige Badeanzug ist f\u00fcr Frauen jeden Alters geeignet! <\/span><span style=\"font-size: 13px\"><strong>Pflegehinweise:<br \/><\/strong><\/span><span style=\"font-size: 13px\">Der Einteiler ist sowohl hand- als auch maschinenwaschbar (nicht lange einweichen). Bitte bleich das Material nicht und halte die Waschtemperatur unter 45\u00baC, um die Langlebigkeit zu gew\u00e4hrleisten. <\/span><span style=\"font-size: 13px\"><strong>Zus\u00e4tzlich:<br \/><\/strong><\/span><span style=\"font-size: 13px\">Der Badeanzug wird mit abnehmbaren Brustpolstern geliefert, die dir die Freiheit geben, deine gew\u00fcnschte Silhouette zu kreieren. Erlebe Komfort und Stil in einem mit unserem Cross-Back One Piece Swimsuit \u2013 dein perfekter Partner f\u00fcr sonnige Tage im Wasser!<\/span><\/p>\n<p><\/p>\n<p><\/p>\n<table style=\"width: 100%\">\n<tbody>\n<tr>\n<td colspan=\"1\" rowspan=\"1\" width=\"auto\" style=\"text-align: center\"><strong>Size<\/strong><\/td>\n<td colspan=\"1\" rowspan=\"1\" width=\"auto\" style=\"text-align: center\"><span><strong>Length(cm)<\/strong><\/span><\/td>\n<td colspan=\"1\" rowspan=\"1\" width=\"auto\" style=\"text-align: center\"><span><strong>1\/2 Bust(cm)<\/strong><\/span><\/td>\n<td colspan=\"1\" rowspan=\"1\" width=\"auto\" style=\"text-align: center\"><span><strong>1\/2 Hip(cm)<\/strong><\/span><\/td>\n<td colspan=\"1\" rowspan=\"1\" width=\"auto\" style=\"text-align: center\"><span><strong>1\/2 Foot Mouth(cm)<\/strong><\/span><\/td>\n<td colspan=\"1\" rowspan=\"1\" width=\"auto\" style=\"text-align: center\"><span><strong>Cup<\/strong><\/span><\/td>\n<\/tr>\n<tr>\n<td colspan=\"1\" rowspan=\"1\" width=\"auto\" style=\"text-align: center\">S<\/td>\n<td colspan=\"1\" rowspan=\"1\" width=\"auto\" style=\"text-align: center\">71.0<\/td>\n<td colspan=\"1\" rowspan=\"1\" width=\"auto\" style=\"text-align: center\">36.0<\/td>\n<td colspan=\"1\" rowspan=\"1\" width=\"auto\" style=\"text-align: center\">40.0<\/td>\n<td colspan=\"1\" rowspan=\"1\" width=\"auto\" style=\"text-align: center\">28.0<\/td>\n<td colspan=\"1\" rowspan=\"1\" width=\"auto\" style=\"text-align: center\">34B 36B 34C<\/td>\n<\/tr>\n<tr>\n<td colspan=\"1\" rowspan=\"1\" width=\"auto\" style=\"text-align: center\">M<\/td>\n<td colspan=\"1\" rowspan=\"1\" width=\"auto\" style=\"text-align: center\">73.0<\/td>\n<td colspan=\"1\" rowspan=\"1\" width=\"auto\" style=\"text-align: center\">38.5<\/td>\n<td colspan=\"1\" rowspan=\"1\" width=\"auto\" style=\"text-align: center\">42.5<\/td>\n<td colspan=\"1\" rowspan=\"1\" width=\"auto\" style=\"text-align: center\">29.2<\/td>\n<td colspan=\"1\" rowspan=\"1\" width=\"auto\" style=\"text-align: center\">38B 36C 34D<\/td>\n<\/tr>\n<tr>\n<td colspan=\"1\" rowspan=\"1\" width=\"auto\" style=\"text-align: center\">L<\/td>\n<td colspan=\"1\" rowspan=\"1\" width=\"auto\" style=\"text-align: center\">75.0<\/td>\n<td colspan=\"1\" rowspan=\"1\" width=\"auto\" style=\"text-align: center\">41.0<\/td>\n<td colspan=\"1\" rowspan=\"1\" width=\"auto\" style=\"text-align: center\">45.0<\/td>\n<td colspan=\"1\" rowspan=\"1\" width=\"auto\" style=\"text-align: center\">30.4<\/td>\n<td colspan=\"1\" rowspan=\"1\" width=\"auto\" style=\"text-align: center\">40B 38C 36D<\/td>\n<\/tr>\n<tr>\n<td colspan=\"1\" rowspan=\"1\" width=\"auto\" style=\"text-align: center\">XL<\/td>\n<td colspan=\"1\" rowspan=\"1\" width=\"auto\" style=\"text-align: center\">77.0<\/td>\n<td colspan=\"1\" rowspan=\"1\" width=\"auto\" style=\"text-align: center\">43.5<\/td>\n<td colspan=\"1\" rowspan=\"1\" width=\"auto\" style=\"text-align: center\">47.5<\/td>\n<td colspan=\"1\" rowspan=\"1\" width=\"auto\" style=\"text-align: center\">31.6<\/td>\n<td colspan=\"1\" rowspan=\"1\" width=\"auto\" style=\"text-align: center\">40C 38D 40D<\/td>\n<\/tr>\n<tr>\n<td colspan=\"1\" rowspan=\"1\" width=\"auto\" style=\"text-align: center\">2XL<\/td>\n<td colspan=\"1\" rowspan=\"1\" width=\"auto\" style=\"text-align: center\">79.0<\/td>\n<td colspan=\"1\" rowspan=\"1\" width=\"auto\" style=\"text-align: center\">46.0<\/td>\n<td colspan=\"1\" rowspan=\"1\" width=\"auto\" style=\"text-align: center\">50.0<\/td>\n<td colspan=\"1\" rowspan=\"1\" width=\"auto\" style=\"text-align: center\">32.8<\/td>\n<td colspan=\"1\" rowspan=\"1\" width=\"auto\" style=\"text-align: center\">42C 42D 38E 40E<\/td>\n<\/tr>\n<\/tbody>\n<\/table>\n<p><\/p>","protected":false},"excerpt":{"rendered":"<p><span style=\"font-size: 13px\">Tauche ein in den Sommer mit unserem Cross-Back One Piece Swimsuit! Dieser wundersch\u00f6ne Einteiler vereint modisches Design mit h\u00f6chstem Tragekomfort und ist der ideale Begleiter f\u00fcr all deine Wasserabenteuer. <\/span><span style=\"font-size: 13px\"><strong>Material:<br \/><\/strong><\/span><span style=\"font-size: 13px\">Hergestellt aus 86% Polyester und 14% Spandex, bietet dieser Badanzug einen sanften, mittleren Stretch und eine ausgezeichnete Passform. Der Stoff ist weich und angenehm auf der Haut und sorgt f\u00fcr ein wundersch\u00f6nes K\u00f6rper-Highlighting. <\/span><span style=\"font-size: 13px\"><strong>Design:<br \/><\/strong><\/span><span style=\"font-size: 13px\">Der innovative Cross-Back-Stil hebt deine Figur hervor und umschmeichelt deine Kurven. Die verstellbaren Beinschn\u00fcre\ufe0f garantieren eine individuelle Anpassung f\u00fcr jede K\u00f6rperform und sind so konzipiert, dass sie das Eindringen von Wasser minimieren. Du wirst die Leichtigkeit dieses Designs lieben, das dir nicht nur Bewegungsfreiheit, sondern auch einen sexy Look verleiht! <\/span><span style=\"font-size: 13px\"><strong>Vielseitige Anwendbarkeit:<br \/><\/strong><\/span><span style=\"font-size: 13px\">Ideal f\u00fcr alle outdoor Aktivit\u00e4ten, wie Strandtage oder Sandabenteuer, sowie f\u00fcr entspannendes Schwimmen im Hallenbad \u2013 dieser einteilige Badeanzug ist f\u00fcr Frauen jeden Alters geeignet! <\/span><span style=\"font-size: 13px\"><strong>Pflegehinweise:<br \/><\/strong><\/span><span style=\"font-size: 13px\">Der Einteiler ist sowohl hand- als auch maschinenwaschbar (nicht lange einweichen). Bitte bleich das Material nicht und halte die Waschtemperatur unter 45\u00baC, um die Langlebigkeit zu gew\u00e4hrleisten. <\/span><span style=\"font-size: 13px\"><strong>Zus\u00e4tzlich:<br \/><\/strong><\/span><span style=\"font-size: 13px\">Der Badeanzug wird mit abnehmbaren Brustpolstern geliefert, die dir die Freiheit geben, deine gew\u00fcnschte Silhouette zu kreieren. Erlebe Komfort und Stil in einem mit unserem Cross-Back One Piece Swimsuit \u2013 dein perfekter Partner f\u00fcr sonnige Tage im Wasser!<\/span><\/p>\n<p><\/p>\n<p><\/p>\n<table style=\"width: 100%\">\n<tbody>\n<tr>\n<td colspan=\"1\" rowspan=\"1\" width=\"auto\" style=\"text-align: center\"><strong>Size<\/strong><\/td>\n<td colspan=\"1\" rowspan=\"1\" width=\"auto\" style=\"text-align: center\"><span><strong>Length(cm)<\/strong><\/span><\/td>\n<td colspan=\"1\" rowspan=\"1\" width=\"auto\" style=\"text-align: center\"><span><strong>1\/2 Bust(cm)<\/strong><\/span><\/td>\n<td colspan=\"1\" rowspan=\"1\" width=\"auto\" style=\"text-align: center\"><span><strong>1\/2 Hip(cm)<\/strong><\/span><\/td>\n<td colspan=\"1\" rowspan=\"1\" width=\"auto\" style=\"text-align: center\"><span><strong>1\/2 Foot Mouth(cm)<\/strong><\/span><\/td>\n<td colspan=\"1\" rowspan=\"1\" width=\"auto\" style=\"text-align: center\"><span><strong>Cup<\/strong><\/span><\/td>\n<\/tr>\n<tr>\n<td colspan=\"1\" rowspan=\"1\" width=\"auto\" style=\"text-align: center\">S<\/td>\n<td colspan=\"1\" rowspan=\"1\" width=\"auto\" style=\"text-align: center\">71.0<\/td>\n<td colspan=\"1\" rowspan=\"1\" width=\"auto\" style=\"text-align: center\">36.0<\/td>\n<td colspan=\"1\" rowspan=\"1\" width=\"auto\" style=\"text-align: center\">40.0<\/td>\n<td colspan=\"1\" rowspan=\"1\" width=\"auto\" style=\"text-align: center\">28.0<\/td>\n<td colspan=\"1\" rowspan=\"1\" width=\"auto\" style=\"text-align: center\">34B 36B 34C<\/td>\n<\/tr>\n<tr>\n<td colspan=\"1\" rowspan=\"1\" width=\"auto\" style=\"text-align: center\">M<\/td>\n<td colspan=\"1\" rowspan=\"1\" width=\"auto\" style=\"text-align: center\">73.0<\/td>\n<td colspan=\"1\" rowspan=\"1\" width=\"auto\" style=\"text-align: center\">38.5<\/td>\n<td colspan=\"1\" rowspan=\"1\" width=\"auto\" style=\"text-align: center\">42.5<\/td>\n<td colspan=\"1\" rowspan=\"1\" width=\"auto\" style=\"text-align: center\">29.2<\/td>\n<td colspan=\"1\" rowspan=\"1\" width=\"auto\" style=\"text-align: center\">38B 36C 34D<\/td>\n<\/tr>\n<tr>\n<td colspan=\"1\" rowspan=\"1\" width=\"auto\" style=\"text-align: center\">L<\/td>\n<td colspan=\"1\" rowspan=\"1\" width=\"auto\" style=\"text-align: center\">75.0<\/td>\n<td colspan=\"1\" rowspan=\"1\" width=\"auto\" style=\"text-align: center\">41.0<\/td>\n<td colspan=\"1\" rowspan=\"1\" width=\"auto\" style=\"text-align: center\">45.0<\/td>\n<td colspan=\"1\" rowspan=\"1\" width=\"auto\" style=\"text-align: center\">30.4<\/td>\n<td colspan=\"1\" rowspan=\"1\" width=\"auto\" style=\"text-align: center\">40B 38C 36D<\/td>\n<\/tr>\n<tr>\n<td colspan=\"1\" rowspan=\"1\" width=\"auto\" style=\"text-align: center\">XL<\/td>\n<td colspan=\"1\" rowspan=\"1\" width=\"auto\" style=\"text-align: center\">77.0<\/td>\n<td colspan=\"1\" rowspan=\"1\" width=\"auto\" style=\"text-align: center\">43.5<\/td>\n<td colspan=\"1\" rowspan=\"1\" width=\"auto\" style=\"text-align: center\">47.5<\/td>\n<td colspan=\"1\" rowspan=\"1\" width=\"auto\" style=\"text-align: center\">31.6<\/td>\n<td colspan=\"1\" rowspan=\"1\" width=\"auto\" style=\"text-align: center\">40C 38D 40D<\/td>\n<\/tr>\n<tr>\n<td colspan=\"1\" rowspan=\"1\" width=\"auto\" style=\"text-align: center\">2XL<\/td>\n<td colspan=\"1\" rowspan=\"1\" width=\"auto\" style=\"text-align: center\">79.0<\/td>\n<td colspan=\"1\" rowspan=\"1\" width=\"auto\" style=\"text-align: center\">46.0<\/td>\n<td colspan=\"1\" rowspan=\"1\" width=\"auto\" style=\"text-align: center\">50.0<\/td>\n<td colspan=\"1\" rowspan=\"1\" width=\"auto\" style=\"text-align: center\">32.8<\/td>\n<td colspan=\"1\" rowspan=\"1\" width=\"auto\" style=\"text-align: center\">42C 42D 38E 40E<\/td>\n<\/tr>\n<\/tbody>\n<\/table>\n<p><\/p>","protected":false},"featured_media":32842,"comment_status":"open","ping_status":"closed","template":"","meta":{"give_campaign_id":0,"product_produkt-link-pod-manuell":"","product_produktname-pod-manuell":""},"product_meine-kategorie":[1051,1050,816],"product_mypod":[626],"product_meinemotivart":[714],"product_meinepersonalisierung":[],"product_mydesign":[],"product_mymodelle_hunde":[],"product_mymodelle_schuhe":[],"product_myslogan":[],"product_mytodo":[698,704],"product_brand":[],"product_cat":[334],"product_tag":[],"shop_modelle":[],"wf_product_folders":[431],"class_list":{"0":"post-32847","1":"product","2":"type-product","3":"status-publish","4":"has-post-thumbnail","6":"product_meine-kategorie-badeanzug","7":"product_meine-kategorie-bademode","8":"product_meine-kategorie-sommer","9":"product_mypod-printkk","10":"product_meinemotivart-druck","11":"product_mytodo-kategorien_done","12":"product_mytodo-translation_done","13":"product_cat-kleidung","15":"first","16":"instock","17":"taxable","18":"shipping-taxable","19":"purchasable","20":"product-type-variable"},"jetpack_sharing_enabled":true,"jetpack_likes_enabled":true,"_links":{"self":[{"href":"https:\/\/derrudelshop.de\/en\/wp-json\/wp\/v2\/product\/32847","targetHints":{"allow":["GET"]}}],"collection":[{"href":"https:\/\/derrudelshop.de\/en\/wp-json\/wp\/v2\/product"}],"about":[{"href":"https:\/\/derrudelshop.de\/en\/wp-json\/wp\/v2\/types\/product"}],"replies":[{"embeddable":true,"href":"https:\/\/derrudelshop.de\/en\/wp-json\/wp\/v2\/comments?post=32847"}],"version-history":[{"count":1,"href":"https:\/\/derrudelshop.de\/en\/wp-json\/wp\/v2\/product\/32847\/revisions"}],"predecessor-version":[{"id":32848,"href":"https:\/\/derrudelshop.de\/en\/wp-json\/wp\/v2\/product\/32847\/revisions\/32848"}],"wp:featuredmedia":[{"embeddable":true,"href":"https:\/\/derrudelshop.de\/en\/wp-json\/wp\/v2\/media\/32842"}],"wp:attachment":[{"href":"https:\/\/derrudelshop.de\/en\/wp-json\/wp\/v2\/media?parent=32847"}],"wp:term":[{"taxonomy":"product_meine-kategorie","embeddable":true,"href":"https:\/\/derrudelshop.de\/en\/wp-json\/wp\/v2\/product_meine-kategorie?post=32847"},{"taxonomy":"product_mypod","embeddable":true,"href":"https:\/\/derrudelshop.de\/en\/wp-json\/wp\/v2\/product_mypod?post=32847"},{"taxonomy":"product_meinemotivart","embeddable":true,"href":"https:\/\/derrudelshop.de\/en\/wp-json\/wp\/v2\/product_meinemotivart?post=32847"},{"taxonomy":"product_meinepersonalisierung","embeddable":true,"href":"https:\/\/derrudelshop.de\/en\/wp-json\/wp\/v2\/product_meinepersonalisierung?post=32847"},{"taxonomy":"product_mydesign","embeddable":true,"href":"https:\/\/derrudelshop.de\/en\/wp-json\/wp\/v2\/product_mydesign?post=32847"},{"taxonomy":"product_mymodelle_hunde","embeddable":true,"href":"https:\/\/derrudelshop.de\/en\/wp-json\/wp\/v2\/product_mymodelle_hunde?post=32847"},{"taxonomy":"product_mymodelle_schuhe","embeddable":true,"href":"https:\/\/derrudelshop.de\/en\/wp-json\/wp\/v2\/product_mymodelle_schuhe?post=32847"},{"taxonomy":"product_myslogan","embeddable":true,"href":"https:\/\/derrudelshop.de\/en\/wp-json\/wp\/v2\/product_myslogan?post=32847"},{"taxonomy":"product_mytodo","embeddable":true,"href":"https:\/\/derrudelshop.de\/en\/wp-json\/wp\/v2\/product_mytodo?post=32847"},{"taxonomy":"product_brand","embeddable":true,"href":"https:\/\/derrudelshop.de\/en\/wp-json\/wp\/v2\/product_brand?post=32847"},{"taxonomy":"product_cat","embeddable":true,"href":"https:\/\/derrudelshop.de\/en\/wp-json\/wp\/v2\/product_cat?post=32847"},{"taxonomy":"product_tag","embeddable":true,"href":"https:\/\/derrudelshop.de\/en\/wp-json\/wp\/v2\/product_tag?post=32847"},{"taxonomy":"shop_modelle","embeddable":true,"href":"https:\/\/derrudelshop.de\/en\/wp-json\/wp\/v2\/shop_modelle?post=32847"},{"taxonomy":"wf_product_folders","embeddable":true,"href":"https:\/\/derrudelshop.de\/en\/wp-json\/wp\/v2\/wf_product_folders?post=32847"}],"curies":[{"name":"wp","href":"https:\/\/api.w.org\/{rel}","templated":true}]}}