{"id":32950,"date":"2025-08-09T23:05:00","date_gmt":"2025-08-09T23:05:00","guid":{"rendered":"https:\/\/derrudelshop.de\/?post_type=product&#038;p=32950"},"modified":"2025-08-10T00:49:29","modified_gmt":"2025-08-10T00:49:29","slug":"stylischer-cross-back-einteiler-fuer-damen-der-perfekte-badeanzug-fuer-jede-gelegenheit","status":"publish","type":"product","link":"https:\/\/derrudelshop.de\/en\/product\/stylischer-cross-back-einteiler-fuer-damen-der-perfekte-badeanzug-fuer-jede-gelegenheit\/","title":{"rendered":"Stylischer Cross-Back Einteiler f\u00fcr Damen \u2013 Der perfekte Badeanzug f\u00fcr jede Gelegenheit"},"content":{"rendered":"<p><span style=\"font-size: 13px\">Genie\u00dfe den Sommer in vollem Stil mit unserem Cross-Back One Piece Swimsuit! Dieser attraktive Badeanzug vereint Komfort und elegantes Design und ist der ideale Begleiter f\u00fcr alle deine Wasserabenteuer. <\/span><span style=\"font-size: 13px\"><strong>Material:<br \/><\/strong><\/span><span style=\"font-size: 13px\">Hergestellt aus 86% Polyester und 14% Spandex, bietet dieser Einteiler eine weiche, mittlere Dehnbarkeit. Der sorgf\u00e4ltig verarbeitete Stoff ist angenehm zu tragen und schmiegt sich perfekt an deinen K\u00f6rper, um deine Silhouette stilvoll zu betonen. <\/span><span style=\"font-size: 13px\"><strong>Design:<br \/><\/strong><\/span><span style=\"font-size: 13px\">Das einzigartige Cross-Back-Design sorgt nicht nur f\u00fcr einen modischen Look, sondern bietet auch verstellbare Beinschn\u00fcre, die eine individuelle Anpassung f\u00fcr jede K\u00f6rperform erm\u00f6glichen. Der Badeanzug minimiert das Eindringen von Wasser und sorgt daf\u00fcr, dass du dich im Wasser vollkommen wohlf\u00fchlst. Er hebt deine Kurven hervor und gew\u00e4hrleistet ein herausragendes Schwimmerlebnis. <\/span><span style=\"font-size: 13px\"><strong>Vielseitige Anwendbarkeit:<br \/><\/strong><\/span><span style=\"font-size: 13px\">Ob am Strand, beim Sonnenbaden im Sand oder beim entspannten Schwimmen im Hallenbad \u2013 dieser vielseitige Einteiler ist f\u00fcr jede Frau geeignet und macht \u00fcberall eine gute Figur. <\/span><span style=\"font-size: 13px\"><strong>Pflegehinweise:<br \/><\/strong><\/span><span style=\"font-size: 13px\">Der Badanzug kann sowohl von Hand als auch in der Maschine gewaschen werden (nicht lange einweichen). Bitte nicht bleichen und die Waschtemperatur unter 45\u00baC halten, um die Langlebigkeit des Stoffes zu gew\u00e4hrleisten. <\/span><span style=\"font-size: 13px\"><strong>Zus\u00e4tzliche Informationen:<br \/><\/strong><\/span><span style=\"font-size: 13px\">Bitte beachte, dass aufgrund von Variationen in der Produktion, Maschinen und Ausr\u00fcstungen kleine Unterschiede in Farbe, Position und\/oder Gr\u00f6\u00dfe auftreten k\u00f6nnen. Dies sind normale Erscheinungen und stellen keinen Grund f\u00fcr Reklamationen dar. Vielen Dank f\u00fcr dein Verst\u00e4ndnis f\u00fcr die Feinheiten des Druckprozesses. <\/span><span style=\"font-size: 13px\"><strong>Lieferumfang:<br \/><\/strong><\/span><span style=\"font-size: 13px\">Der Badeanzug wird mit abnehmbaren Brustpolstern geliefert, die dir die M\u00f6glichkeit geben, die gew\u00fcnschte Silhouette zu gestalten. Erlebe den perfekten Mix aus Komfort und Stil mit unserem Cross-Back One Piece Swimsuit \u2013 der ideale Begleiter f\u00fcr sonnige Tage voller Spa\u00df im Wasser!<\/span><\/p>\n<p><\/p>\n<table style=\"width: 100%\">\n<tbody>\n<tr>\n<td colspan=\"1\" rowspan=\"1\" width=\"auto\" style=\"text-align: center\"><strong>Size<\/strong><\/td>\n<td colspan=\"1\" rowspan=\"1\" width=\"auto\" style=\"text-align: center\"><span><strong>Length(cm)<\/strong><\/span><\/td>\n<td colspan=\"1\" rowspan=\"1\" width=\"auto\" style=\"text-align: center\"><span><strong>1\/2 Bust(cm)<\/strong><\/span><\/td>\n<td colspan=\"1\" rowspan=\"1\" width=\"auto\" style=\"text-align: center\"><span><strong>1\/2 Hip(cm)<\/strong><\/span><\/td>\n<td colspan=\"1\" rowspan=\"1\" width=\"auto\" style=\"text-align: center\"><span><strong>1\/2 Foot Mouth(cm)<\/strong><\/span><\/td>\n<td colspan=\"1\" rowspan=\"1\" width=\"auto\" style=\"text-align: center\"><span><strong>Cup<\/strong><\/span><\/td>\n<\/tr>\n<tr>\n<td colspan=\"1\" rowspan=\"1\" width=\"auto\" style=\"text-align: center\">S<\/td>\n<td colspan=\"1\" rowspan=\"1\" width=\"auto\" style=\"text-align: center\">71.0<\/td>\n<td colspan=\"1\" rowspan=\"1\" width=\"auto\" style=\"text-align: center\">36.0<\/td>\n<td colspan=\"1\" rowspan=\"1\" width=\"auto\" style=\"text-align: center\">40.0<\/td>\n<td colspan=\"1\" rowspan=\"1\" width=\"auto\" style=\"text-align: center\">28.0<\/td>\n<td colspan=\"1\" rowspan=\"1\" width=\"auto\" style=\"text-align: center\">34B 36B 34C<\/td>\n<\/tr>\n<tr>\n<td colspan=\"1\" rowspan=\"1\" width=\"auto\" style=\"text-align: center\">M<\/td>\n<td colspan=\"1\" rowspan=\"1\" width=\"auto\" style=\"text-align: center\">73.0<\/td>\n<td colspan=\"1\" rowspan=\"1\" width=\"auto\" style=\"text-align: center\">38.5<\/td>\n<td colspan=\"1\" rowspan=\"1\" width=\"auto\" style=\"text-align: center\">42.5<\/td>\n<td colspan=\"1\" rowspan=\"1\" width=\"auto\" style=\"text-align: center\">29.2<\/td>\n<td colspan=\"1\" rowspan=\"1\" width=\"auto\" style=\"text-align: center\">38B 36C 34D<\/td>\n<\/tr>\n<tr>\n<td colspan=\"1\" rowspan=\"1\" width=\"auto\" style=\"text-align: center\">L<\/td>\n<td colspan=\"1\" rowspan=\"1\" width=\"auto\" style=\"text-align: center\">75.0<\/td>\n<td colspan=\"1\" rowspan=\"1\" width=\"auto\" style=\"text-align: center\">41.0<\/td>\n<td colspan=\"1\" rowspan=\"1\" width=\"auto\" style=\"text-align: center\">45.0<\/td>\n<td colspan=\"1\" rowspan=\"1\" width=\"auto\" style=\"text-align: center\">30.4<\/td>\n<td colspan=\"1\" rowspan=\"1\" width=\"auto\" style=\"text-align: center\">40B 38C 36D<\/td>\n<\/tr>\n<tr>\n<td colspan=\"1\" rowspan=\"1\" width=\"auto\" style=\"text-align: center\">XL<\/td>\n<td colspan=\"1\" rowspan=\"1\" width=\"auto\" style=\"text-align: center\">77.0<\/td>\n<td colspan=\"1\" rowspan=\"1\" width=\"auto\" style=\"text-align: center\">43.5<\/td>\n<td colspan=\"1\" rowspan=\"1\" width=\"auto\" style=\"text-align: center\">47.5<\/td>\n<td colspan=\"1\" rowspan=\"1\" width=\"auto\" style=\"text-align: center\">31.6<\/td>\n<td colspan=\"1\" rowspan=\"1\" width=\"auto\" style=\"text-align: center\">40C 38D 40D<\/td>\n<\/tr>\n<tr>\n<td colspan=\"1\" rowspan=\"1\" width=\"auto\" style=\"text-align: center\">2XL<\/td>\n<td colspan=\"1\" rowspan=\"1\" width=\"auto\" style=\"text-align: center\">79.0<\/td>\n<td colspan=\"1\" rowspan=\"1\" width=\"auto\" style=\"text-align: center\">46.0<\/td>\n<td colspan=\"1\" rowspan=\"1\" width=\"auto\" style=\"text-align: center\">50.0<\/td>\n<td colspan=\"1\" rowspan=\"1\" width=\"auto\" style=\"text-align: center\">32.8<\/td>\n<td colspan=\"1\" rowspan=\"1\" width=\"auto\" style=\"text-align: center\">42C 42D 38E 40E<\/td>\n<\/tr>\n<\/tbody>\n<\/table>\n<p><\/p>\n<table style=\"width: 100%\">\n<tbody>\n<tr>\n<td colspan=\"1\" rowspan=\"1\" width=\"auto\" style=\"text-align: center\"><strong>Size<\/strong><\/td>\n<td colspan=\"1\" rowspan=\"1\" width=\"auto\" style=\"text-align: center\"><span><strong>Length(cm)<\/strong><\/span><\/td>\n<td colspan=\"1\" rowspan=\"1\" width=\"auto\" style=\"text-align: center\"><span><strong>1\/2 Bust(cm)<\/strong><\/span><\/td>\n<td colspan=\"1\" rowspan=\"1\" width=\"auto\" style=\"text-align: center\"><span><strong>1\/2 Hip(cm)<\/strong><\/span><\/td>\n<td colspan=\"1\" rowspan=\"1\" width=\"auto\" style=\"text-align: center\"><span><strong>1\/2 Foot Mouth(cm)<\/strong><\/span><\/td>\n<td colspan=\"1\" rowspan=\"1\" width=\"auto\" style=\"text-align: center\"><span><strong>Cup<\/strong><\/span><\/td>\n<\/tr>\n<tr>\n<td colspan=\"1\" rowspan=\"1\" width=\"auto\" style=\"text-align: center\">S<\/td>\n<td colspan=\"1\" rowspan=\"1\" width=\"auto\" style=\"text-align: center\">71.0<\/td>\n<td colspan=\"1\" rowspan=\"1\" width=\"auto\" style=\"text-align: center\">36.0<\/td>\n<td colspan=\"1\" rowspan=\"1\" width=\"auto\" style=\"text-align: center\">40.0<\/td>\n<td colspan=\"1\" rowspan=\"1\" width=\"auto\" style=\"text-align: center\">28.0<\/td>\n<td colspan=\"1\" rowspan=\"1\" width=\"auto\" style=\"text-align: center\">34B 36B 34C<\/td>\n<\/tr>\n<tr>\n<td colspan=\"1\" rowspan=\"1\" width=\"auto\" style=\"text-align: center\">M<\/td>\n<td colspan=\"1\" rowspan=\"1\" width=\"auto\" style=\"text-align: center\">73.0<\/td>\n<td colspan=\"1\" rowspan=\"1\" width=\"auto\" style=\"text-align: center\">38.5<\/td>\n<td colspan=\"1\" rowspan=\"1\" width=\"auto\" style=\"text-align: center\">42.5<\/td>\n<td colspan=\"1\" rowspan=\"1\" width=\"auto\" style=\"text-align: center\">29.2<\/td>\n<td colspan=\"1\" rowspan=\"1\" width=\"auto\" style=\"text-align: center\">38B 36C 34D<\/td>\n<\/tr>\n<tr>\n<td colspan=\"1\" rowspan=\"1\" width=\"auto\" style=\"text-align: center\">L<\/td>\n<td colspan=\"1\" rowspan=\"1\" width=\"auto\" style=\"text-align: center\">75.0<\/td>\n<td colspan=\"1\" rowspan=\"1\" width=\"auto\" style=\"text-align: center\">41.0<\/td>\n<td colspan=\"1\" rowspan=\"1\" width=\"auto\" style=\"text-align: center\">45.0<\/td>\n<td colspan=\"1\" rowspan=\"1\" width=\"auto\" style=\"text-align: center\">30.4<\/td>\n<td colspan=\"1\" rowspan=\"1\" width=\"auto\" style=\"text-align: center\">40B 38C 36D<\/td>\n<\/tr>\n<tr>\n<td colspan=\"1\" rowspan=\"1\" width=\"auto\" style=\"text-align: center\">XL<\/td>\n<td colspan=\"1\" rowspan=\"1\" width=\"auto\" style=\"text-align: center\">77.0<\/td>\n<td colspan=\"1\" rowspan=\"1\" width=\"auto\" style=\"text-align: center\">43.5<\/td>\n<td colspan=\"1\" rowspan=\"1\" width=\"auto\" style=\"text-align: center\">47.5<\/td>\n<td colspan=\"1\" rowspan=\"1\" width=\"auto\" style=\"text-align: center\">31.6<\/td>\n<td colspan=\"1\" rowspan=\"1\" width=\"auto\" style=\"text-align: center\">40C 38D 40D<\/td>\n<\/tr>\n<tr>\n<td colspan=\"1\" rowspan=\"1\" width=\"auto\" style=\"text-align: center\">2XL<\/td>\n<td colspan=\"1\" rowspan=\"1\" width=\"auto\" style=\"text-align: center\">79.0<\/td>\n<td colspan=\"1\" rowspan=\"1\" width=\"auto\" style=\"text-align: center\">46.0<\/td>\n<td colspan=\"1\" rowspan=\"1\" width=\"auto\" style=\"text-align: center\">50.0<\/td>\n<td colspan=\"1\" rowspan=\"1\" width=\"auto\" style=\"text-align: center\">32.8<\/td>\n<td colspan=\"1\" rowspan=\"1\" width=\"auto\" style=\"text-align: center\">42C 42D 38E 40E<\/td>\n<\/tr>\n<\/tbody>\n<\/table>\n<p><\/p>","protected":false},"excerpt":{"rendered":"<p><span style=\"font-size: 13px\">Genie\u00dfe den Sommer in vollem Stil mit unserem Cross-Back One Piece Swimsuit! Dieser attraktive Badeanzug vereint Komfort und elegantes Design und ist der ideale Begleiter f\u00fcr alle deine Wasserabenteuer. <\/span><span style=\"font-size: 13px\"><strong>Material:<br \/><\/strong><\/span><span style=\"font-size: 13px\">Hergestellt aus 86% Polyester und 14% Spandex, bietet dieser Einteiler eine weiche, mittlere Dehnbarkeit. Der sorgf\u00e4ltig verarbeitete Stoff ist angenehm zu tragen und schmiegt sich perfekt an deinen K\u00f6rper, um deine Silhouette stilvoll zu betonen. <\/span><span style=\"font-size: 13px\"><strong>Design:<br \/><\/strong><\/span><span style=\"font-size: 13px\">Das einzigartige Cross-Back-Design sorgt nicht nur f\u00fcr einen modischen Look, sondern bietet auch verstellbare Beinschn\u00fcre, die eine individuelle Anpassung f\u00fcr jede K\u00f6rperform erm\u00f6glichen. Der Badeanzug minimiert das Eindringen von Wasser und sorgt daf\u00fcr, dass du dich im Wasser vollkommen wohlf\u00fchlst. Er hebt deine Kurven hervor und gew\u00e4hrleistet ein herausragendes Schwimmerlebnis. <\/span><span style=\"font-size: 13px\"><strong>Vielseitige Anwendbarkeit:<br \/><\/strong><\/span><span style=\"font-size: 13px\">Ob am Strand, beim Sonnenbaden im Sand oder beim entspannten Schwimmen im Hallenbad \u2013 dieser vielseitige Einteiler ist f\u00fcr jede Frau geeignet und macht \u00fcberall eine gute Figur. <\/span><span style=\"font-size: 13px\"><strong>Pflegehinweise:<br \/><\/strong><\/span><span style=\"font-size: 13px\">Der Badanzug kann sowohl von Hand als auch in der Maschine gewaschen werden (nicht lange einweichen). Bitte nicht bleichen und die Waschtemperatur unter 45\u00baC halten, um die Langlebigkeit des Stoffes zu gew\u00e4hrleisten. <\/span><span style=\"font-size: 13px\"><strong>Zus\u00e4tzliche Informationen:<br \/><\/strong><\/span><span style=\"font-size: 13px\">Bitte beachte, dass aufgrund von Variationen in der Produktion, Maschinen und Ausr\u00fcstungen kleine Unterschiede in Farbe, Position und\/oder Gr\u00f6\u00dfe auftreten k\u00f6nnen. Dies sind normale Erscheinungen und stellen keinen Grund f\u00fcr Reklamationen dar. Vielen Dank f\u00fcr dein Verst\u00e4ndnis f\u00fcr die Feinheiten des Druckprozesses. <\/span><span style=\"font-size: 13px\"><strong>Lieferumfang:<br \/><\/strong><\/span><span style=\"font-size: 13px\">Der Badeanzug wird mit abnehmbaren Brustpolstern geliefert, die dir die M\u00f6glichkeit geben, die gew\u00fcnschte Silhouette zu gestalten. Erlebe den perfekten Mix aus Komfort und Stil mit unserem Cross-Back One Piece Swimsuit \u2013 der ideale Begleiter f\u00fcr sonnige Tage voller Spa\u00df im Wasser!<\/span><\/p>\n<p><\/p>\n<table style=\"width: 100%\">\n<tbody>\n<tr>\n<td colspan=\"1\" rowspan=\"1\" width=\"auto\" style=\"text-align: center\"><strong>Size<\/strong><\/td>\n<td colspan=\"1\" rowspan=\"1\" width=\"auto\" style=\"text-align: center\"><span><strong>Length(cm)<\/strong><\/span><\/td>\n<td colspan=\"1\" rowspan=\"1\" width=\"auto\" style=\"text-align: center\"><span><strong>1\/2 Bust(cm)<\/strong><\/span><\/td>\n<td colspan=\"1\" rowspan=\"1\" width=\"auto\" style=\"text-align: center\"><span><strong>1\/2 Hip(cm)<\/strong><\/span><\/td>\n<td colspan=\"1\" rowspan=\"1\" width=\"auto\" style=\"text-align: center\"><span><strong>1\/2 Foot Mouth(cm)<\/strong><\/span><\/td>\n<td colspan=\"1\" rowspan=\"1\" width=\"auto\" style=\"text-align: center\"><span><strong>Cup<\/strong><\/span><\/td>\n<\/tr>\n<tr>\n<td colspan=\"1\" rowspan=\"1\" width=\"auto\" style=\"text-align: center\">S<\/td>\n<td colspan=\"1\" rowspan=\"1\" width=\"auto\" style=\"text-align: center\">71.0<\/td>\n<td colspan=\"1\" rowspan=\"1\" width=\"auto\" style=\"text-align: center\">36.0<\/td>\n<td colspan=\"1\" rowspan=\"1\" width=\"auto\" style=\"text-align: center\">40.0<\/td>\n<td colspan=\"1\" rowspan=\"1\" width=\"auto\" style=\"text-align: center\">28.0<\/td>\n<td colspan=\"1\" rowspan=\"1\" width=\"auto\" style=\"text-align: center\">34B 36B 34C<\/td>\n<\/tr>\n<tr>\n<td colspan=\"1\" rowspan=\"1\" width=\"auto\" style=\"text-align: center\">M<\/td>\n<td colspan=\"1\" rowspan=\"1\" width=\"auto\" style=\"text-align: center\">73.0<\/td>\n<td colspan=\"1\" rowspan=\"1\" width=\"auto\" style=\"text-align: center\">38.5<\/td>\n<td colspan=\"1\" rowspan=\"1\" width=\"auto\" style=\"text-align: center\">42.5<\/td>\n<td colspan=\"1\" rowspan=\"1\" width=\"auto\" style=\"text-align: center\">29.2<\/td>\n<td colspan=\"1\" rowspan=\"1\" width=\"auto\" style=\"text-align: center\">38B 36C 34D<\/td>\n<\/tr>\n<tr>\n<td colspan=\"1\" rowspan=\"1\" width=\"auto\" style=\"text-align: center\">L<\/td>\n<td colspan=\"1\" rowspan=\"1\" width=\"auto\" style=\"text-align: center\">75.0<\/td>\n<td colspan=\"1\" rowspan=\"1\" width=\"auto\" style=\"text-align: center\">41.0<\/td>\n<td colspan=\"1\" rowspan=\"1\" width=\"auto\" style=\"text-align: center\">45.0<\/td>\n<td colspan=\"1\" rowspan=\"1\" width=\"auto\" style=\"text-align: center\">30.4<\/td>\n<td colspan=\"1\" rowspan=\"1\" width=\"auto\" style=\"text-align: center\">40B 38C 36D<\/td>\n<\/tr>\n<tr>\n<td colspan=\"1\" rowspan=\"1\" width=\"auto\" style=\"text-align: center\">XL<\/td>\n<td colspan=\"1\" rowspan=\"1\" width=\"auto\" style=\"text-align: center\">77.0<\/td>\n<td colspan=\"1\" rowspan=\"1\" width=\"auto\" style=\"text-align: center\">43.5<\/td>\n<td colspan=\"1\" rowspan=\"1\" width=\"auto\" style=\"text-align: center\">47.5<\/td>\n<td colspan=\"1\" rowspan=\"1\" width=\"auto\" style=\"text-align: center\">31.6<\/td>\n<td colspan=\"1\" rowspan=\"1\" width=\"auto\" style=\"text-align: center\">40C 38D 40D<\/td>\n<\/tr>\n<tr>\n<td colspan=\"1\" rowspan=\"1\" width=\"auto\" style=\"text-align: center\">2XL<\/td>\n<td colspan=\"1\" rowspan=\"1\" width=\"auto\" style=\"text-align: center\">79.0<\/td>\n<td colspan=\"1\" rowspan=\"1\" width=\"auto\" style=\"text-align: center\">46.0<\/td>\n<td colspan=\"1\" rowspan=\"1\" width=\"auto\" style=\"text-align: center\">50.0<\/td>\n<td colspan=\"1\" rowspan=\"1\" width=\"auto\" style=\"text-align: center\">32.8<\/td>\n<td colspan=\"1\" rowspan=\"1\" width=\"auto\" style=\"text-align: center\">42C 42D 38E 40E<\/td>\n<\/tr>\n<\/tbody>\n<\/table>\n<p><\/p>\n<table style=\"width: 100%\">\n<tbody>\n<tr>\n<td colspan=\"1\" rowspan=\"1\" width=\"auto\" style=\"text-align: center\"><strong>Size<\/strong><\/td>\n<td colspan=\"1\" rowspan=\"1\" width=\"auto\" style=\"text-align: center\"><span><strong>Length(cm)<\/strong><\/span><\/td>\n<td colspan=\"1\" rowspan=\"1\" width=\"auto\" style=\"text-align: center\"><span><strong>1\/2 Bust(cm)<\/strong><\/span><\/td>\n<td colspan=\"1\" rowspan=\"1\" width=\"auto\" style=\"text-align: center\"><span><strong>1\/2 Hip(cm)<\/strong><\/span><\/td>\n<td colspan=\"1\" rowspan=\"1\" width=\"auto\" style=\"text-align: center\"><span><strong>1\/2 Foot Mouth(cm)<\/strong><\/span><\/td>\n<td colspan=\"1\" rowspan=\"1\" width=\"auto\" style=\"text-align: center\"><span><strong>Cup<\/strong><\/span><\/td>\n<\/tr>\n<tr>\n<td colspan=\"1\" rowspan=\"1\" width=\"auto\" style=\"text-align: center\">S<\/td>\n<td colspan=\"1\" rowspan=\"1\" width=\"auto\" style=\"text-align: center\">71.0<\/td>\n<td colspan=\"1\" rowspan=\"1\" width=\"auto\" style=\"text-align: center\">36.0<\/td>\n<td colspan=\"1\" rowspan=\"1\" width=\"auto\" style=\"text-align: center\">40.0<\/td>\n<td colspan=\"1\" rowspan=\"1\" width=\"auto\" style=\"text-align: center\">28.0<\/td>\n<td colspan=\"1\" rowspan=\"1\" width=\"auto\" style=\"text-align: center\">34B 36B 34C<\/td>\n<\/tr>\n<tr>\n<td colspan=\"1\" rowspan=\"1\" width=\"auto\" style=\"text-align: center\">M<\/td>\n<td colspan=\"1\" rowspan=\"1\" width=\"auto\" style=\"text-align: center\">73.0<\/td>\n<td colspan=\"1\" rowspan=\"1\" width=\"auto\" style=\"text-align: center\">38.5<\/td>\n<td colspan=\"1\" rowspan=\"1\" width=\"auto\" style=\"text-align: center\">42.5<\/td>\n<td colspan=\"1\" rowspan=\"1\" width=\"auto\" style=\"text-align: center\">29.2<\/td>\n<td colspan=\"1\" rowspan=\"1\" width=\"auto\" style=\"text-align: center\">38B 36C 34D<\/td>\n<\/tr>\n<tr>\n<td colspan=\"1\" rowspan=\"1\" width=\"auto\" style=\"text-align: center\">L<\/td>\n<td colspan=\"1\" rowspan=\"1\" width=\"auto\" style=\"text-align: center\">75.0<\/td>\n<td colspan=\"1\" rowspan=\"1\" width=\"auto\" style=\"text-align: center\">41.0<\/td>\n<td colspan=\"1\" rowspan=\"1\" width=\"auto\" style=\"text-align: center\">45.0<\/td>\n<td colspan=\"1\" rowspan=\"1\" width=\"auto\" style=\"text-align: center\">30.4<\/td>\n<td colspan=\"1\" rowspan=\"1\" width=\"auto\" style=\"text-align: center\">40B 38C 36D<\/td>\n<\/tr>\n<tr>\n<td colspan=\"1\" rowspan=\"1\" width=\"auto\" style=\"text-align: center\">XL<\/td>\n<td colspan=\"1\" rowspan=\"1\" width=\"auto\" style=\"text-align: center\">77.0<\/td>\n<td colspan=\"1\" rowspan=\"1\" width=\"auto\" style=\"text-align: center\">43.5<\/td>\n<td colspan=\"1\" rowspan=\"1\" width=\"auto\" style=\"text-align: center\">47.5<\/td>\n<td colspan=\"1\" rowspan=\"1\" width=\"auto\" style=\"text-align: center\">31.6<\/td>\n<td colspan=\"1\" rowspan=\"1\" width=\"auto\" style=\"text-align: center\">40C 38D 40D<\/td>\n<\/tr>\n<tr>\n<td colspan=\"1\" rowspan=\"1\" width=\"auto\" style=\"text-align: center\">2XL<\/td>\n<td colspan=\"1\" rowspan=\"1\" width=\"auto\" style=\"text-align: center\">79.0<\/td>\n<td colspan=\"1\" rowspan=\"1\" width=\"auto\" style=\"text-align: center\">46.0<\/td>\n<td colspan=\"1\" rowspan=\"1\" width=\"auto\" style=\"text-align: center\">50.0<\/td>\n<td colspan=\"1\" rowspan=\"1\" width=\"auto\" style=\"text-align: center\">32.8<\/td>\n<td colspan=\"1\" rowspan=\"1\" width=\"auto\" style=\"text-align: center\">42C 42D 38E 40E<\/td>\n<\/tr>\n<\/tbody>\n<\/table>\n<p><\/p>","protected":false},"featured_media":32945,"comment_status":"open","ping_status":"closed","template":"","meta":{"give_campaign_id":0,"product_produkt-link-pod-manuell":"","product_produktname-pod-manuell":""},"product_meine-kategorie":[1051,1050,816],"product_mypod":[626],"product_meinemotivart":[714],"product_meinepersonalisierung":[],"product_mydesign":[],"product_mymodelle_hunde":[],"product_mymodelle_schuhe":[],"product_myslogan":[],"product_mytodo":[698,702,704],"product_brand":[],"product_cat":[334],"product_tag":[],"shop_modelle":[],"wf_product_folders":[1055],"class_list":{"0":"post-32950","1":"product","2":"type-product","3":"status-publish","4":"has-post-thumbnail","6":"product_meine-kategorie-badeanzug","7":"product_meine-kategorie-bademode","8":"product_meine-kategorie-sommer","9":"product_mypod-printkk","10":"product_meinemotivart-druck","11":"product_mytodo-kategorien_done","12":"product_mytodo-personalisierung_done","13":"product_mytodo-translation_done","14":"product_cat-kleidung","16":"first","17":"instock","18":"taxable","19":"shipping-taxable","20":"purchasable","21":"product-type-variable"},"jetpack_sharing_enabled":true,"jetpack_likes_enabled":true,"_links":{"self":[{"href":"https:\/\/derrudelshop.de\/en\/wp-json\/wp\/v2\/product\/32950","targetHints":{"allow":["GET"]}}],"collection":[{"href":"https:\/\/derrudelshop.de\/en\/wp-json\/wp\/v2\/product"}],"about":[{"href":"https:\/\/derrudelshop.de\/en\/wp-json\/wp\/v2\/types\/product"}],"replies":[{"embeddable":true,"href":"https:\/\/derrudelshop.de\/en\/wp-json\/wp\/v2\/comments?post=32950"}],"version-history":[{"count":1,"href":"https:\/\/derrudelshop.de\/en\/wp-json\/wp\/v2\/product\/32950\/revisions"}],"predecessor-version":[{"id":32951,"href":"https:\/\/derrudelshop.de\/en\/wp-json\/wp\/v2\/product\/32950\/revisions\/32951"}],"wp:featuredmedia":[{"embeddable":true,"href":"https:\/\/derrudelshop.de\/en\/wp-json\/wp\/v2\/media\/32945"}],"wp:attachment":[{"href":"https:\/\/derrudelshop.de\/en\/wp-json\/wp\/v2\/media?parent=32950"}],"wp:term":[{"taxonomy":"product_meine-kategorie","embeddable":true,"href":"https:\/\/derrudelshop.de\/en\/wp-json\/wp\/v2\/product_meine-kategorie?post=32950"},{"taxonomy":"product_mypod","embeddable":true,"href":"https:\/\/derrudelshop.de\/en\/wp-json\/wp\/v2\/product_mypod?post=32950"},{"taxonomy":"product_meinemotivart","embeddable":true,"href":"https:\/\/derrudelshop.de\/en\/wp-json\/wp\/v2\/product_meinemotivart?post=32950"},{"taxonomy":"product_meinepersonalisierung","embeddable":true,"href":"https:\/\/derrudelshop.de\/en\/wp-json\/wp\/v2\/product_meinepersonalisierung?post=32950"},{"taxonomy":"product_mydesign","embeddable":true,"href":"https:\/\/derrudelshop.de\/en\/wp-json\/wp\/v2\/product_mydesign?post=32950"},{"taxonomy":"product_mymodelle_hunde","embeddable":true,"href":"https:\/\/derrudelshop.de\/en\/wp-json\/wp\/v2\/product_mymodelle_hunde?post=32950"},{"taxonomy":"product_mymodelle_schuhe","embeddable":true,"href":"https:\/\/derrudelshop.de\/en\/wp-json\/wp\/v2\/product_mymodelle_schuhe?post=32950"},{"taxonomy":"product_myslogan","embeddable":true,"href":"https:\/\/derrudelshop.de\/en\/wp-json\/wp\/v2\/product_myslogan?post=32950"},{"taxonomy":"product_mytodo","embeddable":true,"href":"https:\/\/derrudelshop.de\/en\/wp-json\/wp\/v2\/product_mytodo?post=32950"},{"taxonomy":"product_brand","embeddable":true,"href":"https:\/\/derrudelshop.de\/en\/wp-json\/wp\/v2\/product_brand?post=32950"},{"taxonomy":"product_cat","embeddable":true,"href":"https:\/\/derrudelshop.de\/en\/wp-json\/wp\/v2\/product_cat?post=32950"},{"taxonomy":"product_tag","embeddable":true,"href":"https:\/\/derrudelshop.de\/en\/wp-json\/wp\/v2\/product_tag?post=32950"},{"taxonomy":"shop_modelle","embeddable":true,"href":"https:\/\/derrudelshop.de\/en\/wp-json\/wp\/v2\/shop_modelle?post=32950"},{"taxonomy":"wf_product_folders","embeddable":true,"href":"https:\/\/derrudelshop.de\/en\/wp-json\/wp\/v2\/wf_product_folders?post=32950"}],"curies":[{"name":"wp","href":"https:\/\/api.w.org\/{rel}","templated":true}]}}