{"id":33146,"date":"2025-08-07T21:51:00","date_gmt":"2025-08-07T21:51:00","guid":{"rendered":"https:\/\/derrudelshop.de\/product\/traegerkleid-woodsdog\/"},"modified":"2025-08-08T16:38:45","modified_gmt":"2025-08-08T16:38:45","slug":"traegerkleid-woodsdog","status":"publish","type":"product","link":"https:\/\/derrudelshop.de\/en\/product\/traegerkleid-woodsdog\/","title":{"rendered":"Tr\u00e4gerkleid WoodsDog"},"content":{"rendered":"<p><span style=\"font-family: 'Open Sans', sans-serif; font-size: 13px; background-color: #f5f5f5;\">Entdecken Sie die zeitlose Eleganz unseres <\/span><span style=\"line-height: 1.5; font-weight: bolder; font-family: 'Open Sans', sans-serif; font-size: 13px; background-color: #f5f5f5; border: 0px solid #e5e7eb;\">Tr\u00e4gerkleides<\/span><span style=\"font-family: 'Open Sans', sans-serif; font-size: 13px; background-color: #f5f5f5;\">, das Komfort und Stil in einem vereint. Mit einem Materialmix aus <\/span><span style=\"line-height: 1.5; font-weight: bolder; font-family: 'Open Sans', sans-serif; font-size: 13px; background-color: #f5f5f5; border: 0px solid #e5e7eb;\">95% Polyester und 5% Spandex<\/span><span style=\"font-family: 'Open Sans', sans-serif; font-size: 13px; background-color: #f5f5f5;\"> ist dieses Kleid die perfekte Wahl f\u00fcr jede Gelegenheit. <\/span><span style=\"line-height: 1.5; font-weight: bolder; font-family: 'Open Sans', sans-serif; font-size: 13px; background-color: #f5f5f5; border: 0px solid #e5e7eb;\">Materialbeschreibung:<\/span><\/p>\n<ul style=\"line-height: 1.5; font-family: 'Open Sans', sans-serif; margin: 0px; padding: 0px; font-size: 13px; background-color: #f5f5f5; border: 0px solid #e5e7eb;\">\n<li style=\"line-height: 1.5; border: 0px solid #e5e7eb;\"><span style=\"line-height: 1.5; font-weight: bolder; border: 0px solid #e5e7eb;\">Komfortstoff:<\/span> Das weiche und dehnbare Polyester-Material sorgt f\u00fcr h\u00f6chsten Tragekomfort. Das Kleid absorbiert Feuchtigkeit und l\u00e4sst die Luft zirkulieren, sodass Sie sich cool und trocken f\u00fchlen. Dank des mittleren Gewichts und der Mikrostretch-Qualit\u00e4t bleibt das Kleid angenehm auf der Haut.<\/li>\n<\/ul>\n<p><span style=\"line-height: 1.5; font-weight: bolder; font-family: 'Open Sans', sans-serif; font-size: 13px; background-color: #f5f5f5; border: 0px solid #e5e7eb;\">Produktmerkmale:<\/span><\/p>\n<ul style=\"line-height: 1.5; font-family: 'Open Sans', sans-serif; margin: 0px; padding: 0px; font-size: 13px; background-color: #f5f5f5; border: 0px solid #e5e7eb;\">\n<li style=\"line-height: 1.5; border: 0px solid #e5e7eb;\"><span style=\"line-height: 1.5; font-weight: bolder; border: 0px solid #e5e7eb;\">Einzigartiger Stil:<\/span> Slim Fit Design mit Tr\u00e4gern, das Ihre Taille optisch schmaler wirken l\u00e4sst und Ihre Beine verl\u00e4ngert. Der klassische \u00e4rmellose Schnitt sorgt f\u00fcr eine schicke Silhouette.<\/li>\n<li style=\"line-height: 1.5; border: 0px solid #e5e7eb;\"><span style=\"line-height: 1.5; font-weight: bolder; border: 0px solid #e5e7eb;\">Vielseitig tragbar:<\/span> Ob zu Hause, im B\u00fcro oder auf einer Feier \u2013 dieses Tr\u00e4gerkleid ist die perfekte Wahl. Kombinieren Sie es nach Belieben mit verschiedenen Accessoires und Schuhen f\u00fcr einen individuellen Look.<\/li>\n<\/ul>\n<p><span style=\"line-height: 1.5; font-weight: bolder; font-family: 'Open Sans', sans-serif; font-size: 13px; background-color: #f5f5f5; border: 0px solid #e5e7eb;\">Anwendbare Szenarien:<\/span><span style=\"font-family: 'Open Sans', sans-serif; font-size: 13px; background-color: #f5f5f5;\"> Dieses stilvolle Tr\u00e4gerkleid eignet sich wunderbar f\u00fcr: <\/span><\/p>\n<ul style=\"line-height: 1.5; font-family: 'Open Sans', sans-serif; margin: 0px; padding: 0px; font-size: 13px; background-color: #f5f5f5; border: 0px solid #e5e7eb;\">\n<li style=\"line-height: 1.5; border: 0px solid #e5e7eb;\">Partys<\/li>\n<li style=\"line-height: 1.5; border: 0px solid #e5e7eb;\">Alltagsgebrauch<\/li>\n<li style=\"line-height: 1.5; border: 0px solid #e5e7eb;\">Urlaubsreisen<\/li>\n<li style=\"line-height: 1.5; border: 0px solid #e5e7eb;\">B\u00fcroarbeit<\/li>\n<li style=\"line-height: 1.5; border: 0px solid #e5e7eb;\">Outdoor-Aktivit\u00e4ten<\/li>\n<li style=\"line-height: 1.5; border: 0px solid #e5e7eb;\">Reisen<\/li>\n<li style=\"line-height: 1.5; border: 0px solid #e5e7eb;\">Perfekt f\u00fcr alle Jahreszeiten!<\/li>\n<\/ul>\n<p><span style=\"line-height: 1.5; font-weight: bolder; font-family: 'Open Sans', sans-serif; font-size: 13px; background-color: #f5f5f5; border: 0px solid #e5e7eb;\">Pflegehinweise:<\/span><\/p>\n<ul style=\"line-height: 1.5; font-family: 'Open Sans', sans-serif; margin: 0px; padding: 0px; font-size: 13px; background-color: #f5f5f5; border: 0px solid #e5e7eb;\">\n<li style=\"line-height: 1.5; border: 0px solid #e5e7eb;\">Handw\u00e4sche und Maschinenw\u00e4sche m\u00f6glich. Nicht l\u00e4nger einweichen, kein Bleichmittel verwenden. Die Wassertemperatur sollte 45\u00baC nicht \u00fcberschreiten.<\/li>\n<\/ul>\n<p><span style=\"line-height: 1.5; font-weight: bolder; font-family: 'Open Sans', sans-serif; font-size: 13px; background-color: #f5f5f5; border: 0px solid #e5e7eb;\">Besonderer Hinweis:<\/span><\/p>\n<ul style=\"line-height: 1.5; font-family: 'Open Sans', sans-serif; margin: 0px; padding: 0px; font-size: 13px; background-color: #f5f5f5; border: 0px solid #e5e7eb;\">\n<li style=\"line-height: 1.5; border: 0px solid #e5e7eb;\">Bitte beachten Sie, dass dieses Produkt in Euro-Gr\u00f6\u00dfen erh\u00e4ltlich ist. Bei Fragen wenden Sie sich bitte an unseren Kundenservice.<\/li>\n<li style=\"line-height: 1.5; border: 0px solid #e5e7eb;\">Die Gr\u00f6\u00dfendaten werden flach gemessen; Abweichungen von 1-2 cm sind normal.<\/li>\n<\/ul>\n<p><span style=\"line-height: 1.5; font-weight: bolder; font-family: 'Open Sans', sans-serif; font-size: 13px; background-color: #f5f5f5; border: 0px solid #e5e7eb;\">Gr\u00f6\u00dfentabelle:<\/span><\/p>\n<div class=\"ait-responsive-table\" style=\"line-height: 1.5; font-family: 'Open Sans', sans-serif; font-size: 13px; max-width: 100%; background-color: #f5f5f5; max-height: initial !important; border: 0px solid #e5e7eb;\">\n<table style=\"line-height: 1.5; text-indent: 0px; min-width: 200px; overflow: hidden; width: 269.523px; border: 0px solid inherit;\">\n<thead style=\"line-height: 1.5; border: 0px solid #e5e7eb;\">\n<tr style=\"line-height: 1.5; border: 0px solid #e5e7eb;\">\n<th class=\"ait-min-w-[55px] ait-p-2\" style=\"border-color: #e5e7eb; line-height: 1.5; font-weight: 400; border-width: 0px; padding: 15px; background-color: #f0f2f5; text-align: left; vertical-align: top; min-width: 55px !important;\">Gr\u00f6\u00dfe<\/th>\n<th class=\"ait-min-w-[55px] ait-p-2\" style=\"border-color: #e5e7eb; line-height: 1.5; font-weight: 400; border-width: 0px; padding: 15px; background-color: #f0f2f5; text-align: left; vertical-align: top; min-width: 55px !important;\">1\/2 Brust (cm\/in)<\/th>\n<th class=\"ait-min-w-[55px] ait-p-2\" style=\"border-color: #e5e7eb; line-height: 1.5; font-weight: 400; border-width: 0px; padding: 15px; background-color: #f0f2f5; text-align: left; vertical-align: top; min-width: 55px !important;\">L\u00e4nge (cm\/in)<\/th>\n<\/tr>\n<\/thead>\n<tbody style=\"line-height: 1.5; border: 0px solid #e5e7eb;\">\n<tr style=\"line-height: 1.5; border: 0px solid #e5e7eb;\">\n<td class=\"ait-min-w-[55px] ait-p-2\" style=\"border-color: #e5e7eb; line-height: 1.5; border-width: 0px; padding: 15px; position: relative; vertical-align: top; min-width: 55px !important;\">S<\/td>\n<td class=\"ait-min-w-[55px] ait-p-2\" style=\"border-color: #e5e7eb; line-height: 1.5; border-width: 0px; padding: 15px; position: relative; vertical-align: top; min-width: 55px !important;\">105 \/ 41.3<\/td>\n<td class=\"ait-min-w-[55px] ait-p-2\" style=\"border-color: #e5e7eb; line-height: 1.5; border-width: 0px; padding: 15px; position: relative; vertical-align: top; min-width: 55px !important;\">82 \/ 32.3<\/td>\n<\/tr>\n<tr style=\"line-height: 1.5; border: 0px solid #e5e7eb;\">\n<td class=\"ait-min-w-[55px] ait-p-2\" style=\"border-color: #e5e7eb; line-height: 1.5; border-width: 0px; padding: 15px; position: relative; vertical-align: top; min-width: 55px !important;\">M<\/td>\n<td class=\"ait-min-w-[55px] ait-p-2\" style=\"border-color: #e5e7eb; line-height: 1.5; border-width: 0px; padding: 15px; position: relative; vertical-align: top; min-width: 55px !important;\">110 \/ 43.3<\/td>\n<td class=\"ait-min-w-[55px] ait-p-2\" style=\"border-color: #e5e7eb; line-height: 1.5; border-width: 0px; padding: 15px; position: relative; vertical-align: top; min-width: 55px !important;\">83 \/ 32.7<\/td>\n<\/tr>\n<tr style=\"line-height: 1.5; border: 0px solid #e5e7eb;\">\n<td class=\"ait-min-w-[55px] ait-p-2\" style=\"border-color: #e5e7eb; line-height: 1.5; border-width: 0px; padding: 15px; position: relative; vertical-align: top; min-width: 55px !important;\">L<\/td>\n<td class=\"ait-min-w-[55px] ait-p-2\" style=\"border-color: #e5e7eb; line-height: 1.5; border-width: 0px; padding: 15px; position: relative; vertical-align: top; min-width: 55px !important;\">115 \/ 45.3<\/td>\n<td class=\"ait-min-w-[55px] ait-p-2\" style=\"border-color: #e5e7eb; line-height: 1.5; border-width: 0px; padding: 15px; position: relative; vertical-align: top; min-width: 55px !important;\">84 \/ 33.1<\/td>\n<\/tr>\n<tr style=\"line-height: 1.5; border: 0px solid #e5e7eb;\">\n<td class=\"ait-min-w-[55px] ait-p-2\" style=\"border-color: #e5e7eb; line-height: 1.5; border-width: 0px; padding: 15px; position: relative; vertical-align: top; min-width: 55px !important;\">XL<\/td>\n<td class=\"ait-min-w-[55px] ait-p-2\" style=\"border-color: #e5e7eb; line-height: 1.5; border-width: 0px; padding: 15px; position: relative; vertical-align: top; min-width: 55px !important;\">120 \/ 47.2<\/td>\n<td class=\"ait-min-w-[55px] ait-p-2\" style=\"border-color: #e5e7eb; line-height: 1.5; border-width: 0px; padding: 15px; position: relative; vertical-align: top; min-width: 55px !important;\">85 \/ 33.5<\/td>\n<\/tr>\n<tr style=\"line-height: 1.5; border: 0px solid #e5e7eb;\">\n<td class=\"ait-min-w-[55px] ait-p-2\" style=\"border-color: #e5e7eb; line-height: 1.5; border-width: 0px; padding: 15px; position: relative; vertical-align: top; min-width: 55px !important;\">2XL<\/td>\n<td class=\"ait-min-w-[55px] ait-p-2\" style=\"border-color: #e5e7eb; line-height: 1.5; border-width: 0px; padding: 15px; position: relative; vertical-align: top; min-width: 55px !important;\">125 \/ 49.2<\/td>\n<td class=\"ait-min-w-[55px] ait-p-2\" style=\"border-color: #e5e7eb; line-height: 1.5; border-width: 0px; padding: 15px; position: relative; vertical-align: top; min-width: 55px !important;\">86 \/ 33.9<\/td>\n<\/tr>\n<tr style=\"line-height: 1.5; border: 0px solid #e5e7eb;\">\n<td class=\"ait-min-w-[55px] ait-p-2\" style=\"border-color: #e5e7eb; line-height: 1.5; border-width: 0px; padding: 15px; position: relative; vertical-align: top; min-width: 55px !important;\">3XL<\/td>\n<td class=\"ait-min-w-[55px] ait-p-2\" style=\"border-color: #e5e7eb; line-height: 1.5; border-width: 0px; padding: 15px; position: relative; vertical-align: top; min-width: 55px !important;\">130 \/ 51.2<\/td>\n<td class=\"ait-min-w-[55px] ait-p-2\" style=\"border-color: #e5e7eb; line-height: 1.5; border-width: 0px; padding: 15px; position: relative; vertical-align: top; min-width: 55px !important;\">87 \/ 34.3<\/td>\n<\/tr>\n<tr style=\"line-height: 1.5; border: 0px solid #e5e7eb;\">\n<td class=\"ait-min-w-[55px] ait-p-2\" style=\"border-color: #e5e7eb; line-height: 1.5; border-width: 0px; padding: 15px; position: relative; vertical-align: top; min-width: 55px !important;\">4XL<\/td>\n<td class=\"ait-min-w-[55px] ait-p-2\" style=\"border-color: #e5e7eb; line-height: 1.5; border-width: 0px; padding: 15px; position: relative; vertical-align: top; min-width: 55px !important;\">135 \/ 53.2<\/td>\n<td class=\"ait-min-w-[55px] ait-p-2\" style=\"border-color: #e5e7eb; line-height: 1.5; border-width: 0px; padding: 15px; position: relative; vertical-align: top; min-width: 55px !important;\">88 \/ 34.7<\/td>\n<\/tr>\n<tr style=\"line-height: 1.5; border: 0px solid #e5e7eb;\">\n<td class=\"ait-min-w-[55px] ait-p-2\" style=\"border-color: #e5e7eb; line-height: 1.5; border-width: 0px; padding: 15px; position: relative; vertical-align: top; min-width: 55px !important;\">5XL<\/td>\n<td class=\"ait-min-w-[55px] ait-p-2\" style=\"border-color: #e5e7eb; line-height: 1.5; border-width: 0px; padding: 15px; position: relative; vertical-align: top; min-width: 55px !important;\">140 \/ 55.1<\/td>\n<td class=\"ait-min-w-[55px] ait-p-2\" style=\"border-color: #e5e7eb; line-height: 1.5; border-width: 0px; padding: 15px; position: relative; vertical-align: top; min-width: 55px !important;\">89 \/ 35<\/td>\n<\/tr>\n<\/tbody>\n<\/table>\n<\/div>\n<p><span style=\"font-family: 'Open Sans', sans-serif; font-size: 13px; background-color: #f5f5f5;\"> Erleben Sie die Eleganz und den Komfort unseres <\/span><span style=\"line-height: 1.5; font-weight: bolder; font-family: 'Open Sans', sans-serif; font-size: 13px; background-color: #f5f5f5; border: 0px solid #e5e7eb;\">Tr\u00e4gerkleides<\/span><span style=\"font-family: 'Open Sans', sans-serif; font-size: 13px; background-color: #f5f5f5;\"> \u2013 \ud83d\udc49 bestellen Sie jetzt und setzen Sie ein modisches Statement!<\/span><\/p>\n<p>&nbsp;<\/p>\n<p>&nbsp;<\/p>","protected":false},"excerpt":{"rendered":"<p>Entdecken Sie die zeitlose Eleganz unseres Tr\u00e4gerkleides, das Komfort und Stil in einem vereint. Mit einem Materialmix aus 95% Polyester und 5% Spandex ist dieses Kleid die perfekte Wahl f\u00fcr jede Gelegenheit. Materialbeschreibung: Komfortstoff: Das weiche und dehnbare Polyester-Material sorgt f\u00fcr h\u00f6chsten Tragekomfort. Das Kleid absorbiert Feuchtigkeit und l\u00e4sst die Luft zirkulieren, sodass Sie sich [&hellip;]<\/p>","protected":false},"featured_media":33090,"comment_status":"open","ping_status":"closed","template":"","meta":{"give_campaign_id":0,"product_produkt-link-pod-manuell":"","product_produktname-pod-manuell":""},"product_meine-kategorie":[566,561],"product_mypod":[624],"product_meinemotivart":[714],"product_meinepersonalisierung":[678],"product_mydesign":[1038],"product_mymodelle_hunde":[],"product_mymodelle_schuhe":[],"product_myslogan":[],"product_mytodo":[696,1105,698,708,702,704],"product_brand":[],"product_cat":[317],"product_tag":[],"shop_modelle":[],"wf_product_folders":[1100,431],"class_list":{"0":"post-33146","1":"product","2":"type-product","3":"status-publish","4":"has-post-thumbnail","6":"product_meine-kategorie-kleider","7":"product_meine-kategorie-kleidung","8":"product_mypod-inkedjoy","9":"product_meinemotivart-druck","10":"product_meinepersonalisierung-wunschfarbe","11":"product_mydesign-woodsdog","12":"product_mytodo-designs_done","13":"product_mytodo-farben-","14":"product_mytodo-kategorien_done","15":"product_mytodo-motivart_done","16":"product_mytodo-personalisierung_done","17":"product_mytodo-translation_done","18":"product_cat-wunschfarbe-hintergrund","19":"pa_color-black","20":"pa_color-darkgray","21":"pa_color-darkolivegreen","22":"pa_color-darkslateblue","23":"pa_color-firebrick","24":"pa_color-olivedrab","25":"pa_color-pink","26":"pa_color-white","27":"pa_groesse-07_3xl","28":"pa_groesse-08_4xl","29":"pa_groesse-09_5xl","30":"pa_groesse-04l","31":"pa_groesse-03m","32":"pa_groesse-02s","33":"pa_groesse-05xl","34":"pa_groesse-06xxl","35":"pa_size-2xl","36":"pa_size-3xl","37":"pa_size-4xl","38":"pa_size-5xl","39":"pa_size-l","40":"pa_size-m","41":"pa_size-s","42":"pa_size-xl","44":"first","45":"instock","46":"taxable","47":"shipping-taxable","48":"purchasable","49":"product-type-variable"},"jetpack_sharing_enabled":true,"jetpack_likes_enabled":true,"_links":{"self":[{"href":"https:\/\/derrudelshop.de\/en\/wp-json\/wp\/v2\/product\/33146","targetHints":{"allow":["GET"]}}],"collection":[{"href":"https:\/\/derrudelshop.de\/en\/wp-json\/wp\/v2\/product"}],"about":[{"href":"https:\/\/derrudelshop.de\/en\/wp-json\/wp\/v2\/types\/product"}],"replies":[{"embeddable":true,"href":"https:\/\/derrudelshop.de\/en\/wp-json\/wp\/v2\/comments?post=33146"}],"version-history":[{"count":2,"href":"https:\/\/derrudelshop.de\/en\/wp-json\/wp\/v2\/product\/33146\/revisions"}],"predecessor-version":[{"id":34458,"href":"https:\/\/derrudelshop.de\/en\/wp-json\/wp\/v2\/product\/33146\/revisions\/34458"}],"wp:featuredmedia":[{"embeddable":true,"href":"https:\/\/derrudelshop.de\/en\/wp-json\/wp\/v2\/media\/33090"}],"wp:attachment":[{"href":"https:\/\/derrudelshop.de\/en\/wp-json\/wp\/v2\/media?parent=33146"}],"wp:term":[{"taxonomy":"product_meine-kategorie","embeddable":true,"href":"https:\/\/derrudelshop.de\/en\/wp-json\/wp\/v2\/product_meine-kategorie?post=33146"},{"taxonomy":"product_mypod","embeddable":true,"href":"https:\/\/derrudelshop.de\/en\/wp-json\/wp\/v2\/product_mypod?post=33146"},{"taxonomy":"product_meinemotivart","embeddable":true,"href":"https:\/\/derrudelshop.de\/en\/wp-json\/wp\/v2\/product_meinemotivart?post=33146"},{"taxonomy":"product_meinepersonalisierung","embeddable":true,"href":"https:\/\/derrudelshop.de\/en\/wp-json\/wp\/v2\/product_meinepersonalisierung?post=33146"},{"taxonomy":"product_mydesign","embeddable":true,"href":"https:\/\/derrudelshop.de\/en\/wp-json\/wp\/v2\/product_mydesign?post=33146"},{"taxonomy":"product_mymodelle_hunde","embeddable":true,"href":"https:\/\/derrudelshop.de\/en\/wp-json\/wp\/v2\/product_mymodelle_hunde?post=33146"},{"taxonomy":"product_mymodelle_schuhe","embeddable":true,"href":"https:\/\/derrudelshop.de\/en\/wp-json\/wp\/v2\/product_mymodelle_schuhe?post=33146"},{"taxonomy":"product_myslogan","embeddable":true,"href":"https:\/\/derrudelshop.de\/en\/wp-json\/wp\/v2\/product_myslogan?post=33146"},{"taxonomy":"product_mytodo","embeddable":true,"href":"https:\/\/derrudelshop.de\/en\/wp-json\/wp\/v2\/product_mytodo?post=33146"},{"taxonomy":"product_brand","embeddable":true,"href":"https:\/\/derrudelshop.de\/en\/wp-json\/wp\/v2\/product_brand?post=33146"},{"taxonomy":"product_cat","embeddable":true,"href":"https:\/\/derrudelshop.de\/en\/wp-json\/wp\/v2\/product_cat?post=33146"},{"taxonomy":"product_tag","embeddable":true,"href":"https:\/\/derrudelshop.de\/en\/wp-json\/wp\/v2\/product_tag?post=33146"},{"taxonomy":"shop_modelle","embeddable":true,"href":"https:\/\/derrudelshop.de\/en\/wp-json\/wp\/v2\/shop_modelle?post=33146"},{"taxonomy":"wf_product_folders","embeddable":true,"href":"https:\/\/derrudelshop.de\/en\/wp-json\/wp\/v2\/wf_product_folders?post=33146"}],"curies":[{"name":"wp","href":"https:\/\/api.w.org\/{rel}","templated":true}]}}